{"id":1648,"date":"2026-01-14T09:17:54","date_gmt":"2026-01-14T09:17:54","guid":{"rendered":"https:\/\/spin-ania.com\/app\/"},"modified":"2026-01-14T11:15:21","modified_gmt":"2026-01-14T11:15:21","slug":"app","status":"publish","type":"page","link":"https:\/\/spin-ania.com\/de\/app\/","title":{"rendered":"App"},"content":{"rendered":"<h1>SpinAnia Casino Anwendung<\/h1>\n<p>Die SpinAnia App ist eine unglaublich moderne Spielesoftware, die sich f\u00fcr Spieler eignet, die ihre Lieblings-Casinospiele \u00fcberall spielen m\u00f6chten. Durch unsere fortschrittliche mobile Plattform garantiert SpinAnia Casino den Nutzern Zugang zu einer Vielzahl von Funktionen und ist auf allen g\u00e4ngigen Mobilger\u00e4ten verf\u00fcgbar, wodurch es jederzeit Komfort und gute Leistung bietet.<\/p>\n<div class=\"banner-wrap\" aria-label=\"Banner\"><img src=\"https:\/\/spin-ania.com\/wp-content\/uploads\/2026\/01\/Spinania-Banner-Desktop.webp\" class=\"w-100 d-none d-lg-block img-pc main-banner-img\" alt=\"spinania bonus desktop\" fetchpriority=\"high\" decoding=\"async\"><img src=\"https:\/\/spin-ania.com\/wp-content\/uploads\/2026\/01\/Spinania-mobile-banner.webp\" class=\"w-100 d-none d-md-block d-lg-none main-banner-img\" alt=\"spinania bonus mobile\" fetchpriority=\"high\" decoding=\"async\"><img src=\"https:\/\/spin-ania.com\/wp-content\/uploads\/2026\/01\/Spinania-mobile-banner.webp\" class=\"w-100 d-md-none\" alt=\"spinania bonus mobile\" fetchpriority=\"high\" decoding=\"async\"><div class=\"banner-description\">\n<div class=\"banner-title\">Willkommensboni<\/div>\n<p class=\"banner-header-title\">\u20ac1,500<\/p>\n<div class=\"banner-header-AdditionalText\">+ 250 Freispiele<\/div>\n<button data-item=\"homepage_banner_link\" class=\"goto m-button m-gradient-border m-button--primary m-button--large banner-button btn-orange\">\n            <div class=\"m-button-content\">\n                <span>Jetzt anmelden<\/span>\n                <span><\/span>\n            <\/div>\n        <\/button>\n<\/div>\n<div class=\"WelcomePack\">\n<p><img loading=\"lazy\" decoding=\"async\" class=\"alignnone size-full wp-image-1589\" src=\"https:\/\/spin-ania.com\/wp-content\/uploads\/2026\/01\/welcome-crown.svg\" alt=\"welcome crown\" width=\"25\" height=\"26\" \/><\/p>\n<div class=\"WelcomePack-Info\">W\u00f6chentlicher Cashback von bis zu 25 %<\/div>\n<p><img loading=\"lazy\" decoding=\"async\" class=\"alignnone size-full wp-image-1589\" src=\"https:\/\/spin-ania.com\/wp-content\/uploads\/2026\/01\/welcome-crown.svg\" alt=\"welcome crown\" width=\"25\" height=\"26\" \/><\/p>\n<\/div>\n<\/div>\n<h2>SpinAnia App Funktionen<\/h2>\n<p>Die SpinAnia App ist einzigartig aufgrund ihrer leistungsstarken Funktionen und ihrer Benutzerfreundlichkeit. Sie bietet Nutzern ein besseres mobiles Erlebnis als herk\u00f6mmliche Desktop-Spiele. Sie k\u00f6nnen schnell und sicher auf unsere riesige Bibliothek mit webbasierten Slots, Tischspielen und Live Dealer-Titeln zugreifen. Dank der benutzerfreundlichen App mit ihrer intuitiven Oberfl\u00e4che k\u00f6nnen Spieler frei in der Bibliothek navigieren und so innerhalb k\u00fcrzester Zeit ihre Lieblingsspiele finden.<\/p>\n<p>Au\u00dferdem unterst\u00fctzt das SpinAnia Casino Support Team Kunden sofort \u00fcber ein Live Chat-System. Auf diese Weise k\u00f6nnen Sie h\u00f6chsten Komfort und Bequemlichkeit genie\u00dfen. Durch unsere Synchronisation bleiben die Benutzerdaten auch ger\u00e4te\u00fcbergreifend konsistent \u2013 Spieler k\u00f6nnen beim Wechsel zwischen Mobilger\u00e4t und Desktop dieselben Spiele erleben.<\/p>\n<p>Unsere fl\u00fcssige App ist au\u00dferdem f\u00fcr verschiedene Bildschirmgr\u00f6\u00dfen optimiert und l\u00e4uft einwandfrei, ohne die Qualit\u00e4t der Spiele oder die Sicherheit zu beeintr\u00e4chtigen.<\/p>\n<p><div style=\"clear: both\"><\/div><div class=\"d-flex justify-content-center\"><button data-item=\"seo-link\" data-group=\"website_links\" class=\"goto fw-bold rounded-pill btn btn-orange\" aria-label=\"Laden Sie die Spinania-App\" >Laden Sie die Spinania-App<\/button><\/div><div class=\"scrollable-content-wrap my-5\"><div class=\"scrollable-content-inner\"><h2>SpinAnia App f\u00fcr Android OS<\/h2>\n<p>Wir haben auch die SpinAnia App f\u00fcr Android-Nutzer entwickelt. Unsere App ist auf Einfachheit und Effizienz ausgelegt. Sie kann direkt von unserer Website als PWA heruntergeladen werden. Auf diese Weise umgehen wir die Einschr\u00e4nkungen f\u00fcr Gl\u00fccksspiel-Apps.<\/p>\n<ol>\n<li>Klicken Sie unten auf der Casino-Seite von Spin Ania auf die Schaltfl\u00e4che \u201eCasino-App\u201c.<\/li>\n<li>Sobald Sie zur PWA-Installationsseite weitergeleitet wurden, klicken Sie auf \u201eInstallieren\u201c und warten Sie, bis der Download beginnt.<\/li>\n<li>Schlie\u00dfen Sie den Download ab, und das Symbol wird auf Ihrem Bildschirm angezeigt.<\/li>\n<li>Klicken Sie darauf, und alle unsere SpinAnia Casino Spiele \u00f6ffnen sich!<\/li>\n<\/ol>\n<p>Sobald das mobile Casino installiert ist, haben Spieler sofortigen Zugriff auf die gesamte Spielbibliothek, einschlie\u00dflich der neuesten Online-Slots und traditionellen Tischspiele, die f\u00fcr den mobilen Bildschirm optimiert sind. Die Anwendung basiert auf Android 8.0 und h\u00f6her und funktioniert mit den meisten modernen Ger\u00e4ten. Wir m\u00fcssen kein komplexes Versionssystem pflegen. Unsere PWA-Technologie minimiert die Speicheranforderungen, um Daten schnell zu rendern.<\/p>\n<p>Wir haben die SpinAnia APK nicht und stellen fest, dass unsere Spieler sie nicht mehr verwenden, da sie nun eine sicherere und vertrauensw\u00fcrdigere M\u00f6glichkeit kennen, um Zugang zur mobilen Plattform des Casinos zu erhalten.<\/p>\n<p><img loading=\"lazy\" decoding=\"async\" class=\"alignnone size-full wp-image-1493\" src=\"https:\/\/spin-ania.com\/wp-content\/uploads\/2026\/01\/Spinania-Android-App.webp\" alt=\"Spinania Android\" width=\"1248\" height=\"536\" srcset=\"https:\/\/spin-ania.com\/wp-content\/uploads\/2026\/01\/Spinania-Android-App.webp 1248w, https:\/\/spin-ania.com\/wp-content\/uploads\/2026\/01\/Spinania-Android-App-300x129.webp 300w, https:\/\/spin-ania.com\/wp-content\/uploads\/2026\/01\/Spinania-Android-App-1024x440.webp 1024w, https:\/\/spin-ania.com\/wp-content\/uploads\/2026\/01\/Spinania-Android-App-768x330.webp 768w\" sizes=\"(max-width: 1248px) 100vw, 1248px\" \/><\/p>\n<\/div><\/div><div style=\"clear: both\"><\/div><div class=\"d-flex justify-content-center\"><button data-item=\"seo-link\" data-group=\"website_links\" class=\"goto fw-bold rounded-pill btn btn-orange\" aria-label=\"Laden Sie die Spinania-App\" >Laden Sie die Spinania-App<\/button><\/div><div class=\"scrollable-content-wrap my-5\"><div class=\"scrollable-content-inner\"><h2>SpinAnia App iOS<\/h2>\n<p>SpinAnia Casino verf\u00fcgt \u00fcber eine iOS-spezifische PWA, die iPhone- und iPad-Nutzern ein optimiertes Erlebnis bietet. Sie k\u00f6nnen die App direkt \u00fcber unseren Link auf der Casino-Seite herunterladen, auch wenn sie nicht im App Store verf\u00fcgbar ist.<\/p>\n<ol>\n<li>\u00d6ffnen Sie auf Ihrem Apple-Mobilger\u00e4t die Spin Ania-Seite und gehen Sie zum Bereich der App.<\/li>\n<li>Installieren Sie die PWA gem\u00e4\u00df den einfachen Anweisungen.<\/li>\n<\/ol>\n<p>Nach der Installation k\u00f6nnen Spieler eine fl\u00fcssige Benutzeroberfl\u00e4che, schnelle Ladezeiten und Zugriff auf die gesamte Bibliothek unserer 3D-Grafikspiele genie\u00dfen. Die Anwendung ist mit allen g\u00e4ngigen iOS-Ger\u00e4ten kompatibel und bietet Push-Benachrichtigungen sowie eine perfekte Integration mit den Sicherheitsprotokollen.<\/p>\n<p><img loading=\"lazy\" decoding=\"async\" class=\"alignnone size-full wp-image-1541\" src=\"https:\/\/spin-ania.com\/wp-content\/uploads\/2026\/01\/Spinania-iOS-App.webp\" alt=\"Spinania iOS\" width=\"1248\" height=\"536\" srcset=\"https:\/\/spin-ania.com\/wp-content\/uploads\/2026\/01\/Spinania-iOS-App.webp 1248w, https:\/\/spin-ania.com\/wp-content\/uploads\/2026\/01\/Spinania-iOS-App-300x129.webp 300w, https:\/\/spin-ania.com\/wp-content\/uploads\/2026\/01\/Spinania-iOS-App-1024x440.webp 1024w, https:\/\/spin-ania.com\/wp-content\/uploads\/2026\/01\/Spinania-iOS-App-768x330.webp 768w\" sizes=\"(max-width: 1248px) 100vw, 1248px\" \/><\/p>\n<\/div><\/div><div style=\"clear: both\"><\/div><div class=\"d-flex justify-content-center\"><button data-item=\"seo-link\" data-group=\"website_links\" class=\"goto fw-bold rounded-pill btn btn-orange\" aria-label=\"Laden Sie die Spinania-App\" >Laden Sie die Spinania-App<\/button><\/div><div class=\"scrollable-content-wrap my-5\"><div class=\"scrollable-content-inner\"><h2>Spin Ania Casino Desktop-Version<\/h2>\n<p>Obwohl die SpinAnia App die Vorteile mobiler Ger\u00e4te nutzt, spielt die Desktop-Version nach wie vor eine wichtige Rolle beim Spielen. Die Desktop-Plattform ist f\u00fcr die Betriebssysteme macOS und Windows verf\u00fcgbar. Sie verf\u00fcgt \u00fcber einen gr\u00f6\u00dferen Bildschirm und bietet mehr Navigationsm\u00f6glichkeiten. Sie m\u00fcssen keine zus\u00e4tzliche Software installieren, um das Casino zu betreten. Sie k\u00f6nnen unsere Bibliothek einfach mit Hilfe g\u00e4ngiger Browser wie Chrome, Firefox, Safari oder Edge \u00f6ffnen.<\/p>\n<p>Um schnell darauf zugreifen zu k\u00f6nnen, empfiehlt es sich, eine Verkn\u00fcpfung auf dem Desktop zu erstellen, \u00fcber die Sie mit einem einzigen Klick zum Casino gelangen. Unsere intelligente Desktop-App ist mit der mobilen Plattform synchronisiert, sodass alle Benutzerinformationen, Einstellungen und Erfolge plattform\u00fcbergreifend kompatibel bleiben.<\/p>\n<h3>Benutzeroberfl\u00e4che und Navigation<\/h3>\n<p>Die SpinAnia App zeichnet sich durch ein intelligentes Design aus, das Modernit\u00e4t und Funktionalit\u00e4t vereint. Die dunkelviolette Benutzeroberfl\u00e4che ist stilvoll und benutzerfreundlich, mit klar beschrifteten Men\u00fcs und einer optimierten Navigation zu allen Spielarten. Bei unseren besten Online-Slots, Tisch- und Live Dealer-Spielen profitieren Nutzer von schnellen \u00dcberg\u00e4ngen und kurzen Ladezeiten. Das Design passt sich perfekt an jede Bildschirmgr\u00f6\u00dfe an und bietet so das beste Spielerlebnis auf Smartphones, Tablets und Desktops!<\/p>\n<table>\n<tbody>\n<tr>\n<td>Aussehen<\/td>\n<td>Details<\/td>\n<\/tr>\n<tr>\n<td>Tablet-Optimierung<\/td>\n<td>Die Anwendung ist f\u00fcr Tablets und gr\u00f6\u00dfere Bildschirme optimal ausgelegt und bietet ein reichhaltiges grafisches Erlebnis und eine einfache Navigation.<\/td>\n<\/tr>\n<tr>\n<td>Kompatibilit\u00e4t mit Ger\u00e4ten<\/td>\n<td>Die App funktioniert mit Android- und iOS-Ger\u00e4ten und ist mit einer Vielzahl von Smartphones und Tablets kompatibel.<\/td>\n<\/tr>\n<tr>\n<td>Verf\u00fcgbarkeit des Spiels<\/td>\n<td>Alle Spiele von Spin Ania Casino, wie Online-Slots, Tischspiele und Live Dealer, sind in der App verf\u00fcgbar, die eine komplette Gaming-Plattform bietet.<\/td>\n<\/tr>\n<\/tbody>\n<\/table>\n<p>Sie k\u00f6nnen sich \u00fcber den integrierten Live Chat an unser Support Team wenden. Wir sind f\u00fcr Sie da, wenn Sie Probleme oder Fragen haben.<\/p>\n<p><img loading=\"lazy\" decoding=\"async\" class=\"alignnone size-full wp-image-1525\" src=\"https:\/\/spin-ania.com\/wp-content\/uploads\/2026\/01\/Spinania-Desktop.webp\" alt=\"Spinania Desktop\" width=\"1248\" height=\"536\" srcset=\"https:\/\/spin-ania.com\/wp-content\/uploads\/2026\/01\/Spinania-Desktop.webp 1248w, https:\/\/spin-ania.com\/wp-content\/uploads\/2026\/01\/Spinania-Desktop-300x129.webp 300w, https:\/\/spin-ania.com\/wp-content\/uploads\/2026\/01\/Spinania-Desktop-1024x440.webp 1024w, https:\/\/spin-ania.com\/wp-content\/uploads\/2026\/01\/Spinania-Desktop-768x330.webp 768w\" sizes=\"(max-width: 1248px) 100vw, 1248px\" \/><\/p>\n<\/div><\/div><div style=\"clear: both\"><\/div><div class=\"d-flex justify-content-center\"><button data-item=\"seo-link\" data-group=\"website_links\" class=\"goto fw-bold rounded-pill btn btn-orange\" aria-label=\"Laden Sie die Spinania-App\" >Laden Sie die Spinania-App<\/button><\/div><div class=\"scrollable-content-wrap my-5\"><div class=\"scrollable-content-inner\"><h2>H\u00e4ufig gestellte Fragen<\/h2>\n<h3>Ist die SpinAnia App f\u00fcr Tablets und gr\u00f6\u00dfere Bildschirme optimiert?<\/h3>\n<p>Wir sind vollst\u00e4ndig mobilfreundlich und funktionieren auch auf jeder Bildschirmgr\u00f6\u00dfe. Sie k\u00f6nnen alle Einstellungen anpassen, um auf jedem Ger\u00e4t ein optimales visuelles Erlebnis und eine optimale Navigation zu erzielen.<\/p>\n<h3>Ist die App f\u00fcr Android- und iOS-Ger\u00e4te verf\u00fcgbar?<\/h3>\n<p>SpinAnia Casino hat seine Anwendungen f\u00fcr Android und iOS, und sie k\u00f6nnen auf unserer Hauptseite als PWA-Version heruntergeladen werden. Sie k\u00f6nnen den Verifizierungsprozess durchlaufen und Spiele um echtes Geld genie\u00dfen oder unseren Demo-Modus nutzen, um Ihre F\u00e4higkeiten zu verbessern!<\/p>\n<h3>Sind alle Spin Ania-Spiele in der App verf\u00fcgbar?<\/h3>\n<p>Die gesamte Spielebibliothek von Spin Ania, darunter Neuerscheinungen, klassische Slots und Live Dealer-Spiele, wird in der App gehostet und bietet das gesamte Casino-Erlebnis auf Mobilger\u00e4ten und Desktop-Computern. Sie k\u00f6nnen w\u00e4hlen, wo und wie Sie spielen m\u00f6chten \u2013 wir bieten Ihnen alles.<\/p>\n<\/div><\/div><\/p>\n","protected":false},"excerpt":{"rendered":"<p>SpinAnia Casino Anwendung Die SpinAnia App ist eine unglaublich moderne Spielesoftware, die sich f\u00fcr Spieler eignet, die ihre Lieblings-Casinospiele \u00fcberall spielen m\u00f6chten. Durch unsere fortschrittliche mobile Plattform garantiert SpinAnia Casino den Nutzern Zugang zu einer Vielzahl von Funktionen und ist auf allen g\u00e4ngigen Mobilger\u00e4ten verf\u00fcgbar, wodurch es jederzeit Komfort und gute Leistung bietet. SpinAnia App [&hellip;]<\/p>\n","protected":false},"author":1,"featured_media":0,"parent":0,"menu_order":0,"comment_status":"closed","ping_status":"closed","template":"template-builder.php","meta":{"_acf_changed":false,"inline_featured_image":false,"footnotes":""},"class_list":["post-1648","page","type-page","status-publish","hentry"],"acf":[],"yoast_head":"<!-- This site is optimized with the Yoast SEO plugin v24.4 - https:\/\/yoast.com\/wordpress\/plugins\/seo\/ -->\n<title>SpinAnia App f\u00fcr Mobile | iOS, Android<\/title>\n<meta name=\"description\" content=\"SpinAnia App \u2013 spiele Casinospiele \u00fcberall auf iOS und Android. Genie\u00dfe fl\u00fcssiges Gameplay, sofortige Synchronisierung und Zugriff auf Slots, Tische und Live-Dealer bei Spin Ania.\" \/>\n<meta name=\"robots\" content=\"index, follow, max-snippet:-1, max-image-preview:large, max-video-preview:-1\" \/>\n<link rel=\"canonical\" href=\"https:\/\/spin-ania.com\/de\/app\/\" \/>\n<meta property=\"og:locale\" content=\"de_DE\" \/>\n<meta property=\"og:type\" content=\"article\" \/>\n<meta property=\"og:title\" content=\"SpinAnia App f\u00fcr Mobile | iOS, Android\" \/>\n<meta property=\"og:description\" content=\"SpinAnia App \u2013 spiele Casinospiele \u00fcberall auf iOS und Android. Genie\u00dfe fl\u00fcssiges Gameplay, sofortige Synchronisierung und Zugriff auf Slots, Tische und Live-Dealer bei Spin Ania.\" \/>\n<meta property=\"og:url\" content=\"https:\/\/spin-ania.com\/de\/app\/\" \/>\n<meta property=\"og:site_name\" content=\"spinania\" \/>\n<meta property=\"article:modified_time\" content=\"2026-01-14T11:15:21+00:00\" \/>\n<meta name=\"twitter:card\" content=\"summary_large_image\" \/>\n<meta name=\"twitter:label1\" content=\"Gesch\u00e4tzte Lesezeit\" \/>\n\t<meta name=\"twitter:data1\" content=\"1\u00a0Minute\" \/>\n<script type=\"application\/ld+json\" class=\"yoast-schema-graph\">{\"@context\":\"https:\/\/schema.org\",\"@graph\":[{\"@type\":\"WebPage\",\"@id\":\"https:\/\/spin-ania.com\/de\/app\/\",\"url\":\"https:\/\/spin-ania.com\/de\/app\/\",\"name\":\"SpinAnia App f\u00fcr Mobile | iOS, Android\",\"isPartOf\":{\"@id\":\"https:\/\/spin-ania.com\/de\/#website\"},\"datePublished\":\"2026-01-14T09:17:54+00:00\",\"dateModified\":\"2026-01-14T11:15:21+00:00\",\"description\":\"SpinAnia App \u2013 spiele Casinospiele \u00fcberall auf iOS und Android. Genie\u00dfe fl\u00fcssiges Gameplay, sofortige Synchronisierung und Zugriff auf Slots, Tische und Live-Dealer bei Spin Ania.\",\"breadcrumb\":{\"@id\":\"https:\/\/spin-ania.com\/de\/app\/#breadcrumb\"},\"inLanguage\":\"de\",\"potentialAction\":[{\"@type\":\"ReadAction\",\"target\":[\"https:\/\/spin-ania.com\/de\/app\/\"]}]},{\"@type\":\"BreadcrumbList\",\"@id\":\"https:\/\/spin-ania.com\/de\/app\/#breadcrumb\",\"itemListElement\":[{\"@type\":\"ListItem\",\"position\":1,\"name\":\"Spinania\",\"item\":\"https:\/\/spin-ania.com\/de\/\"},{\"@type\":\"ListItem\",\"position\":2,\"name\":\"App\"}]},{\"@type\":\"WebSite\",\"@id\":\"https:\/\/spin-ania.com\/de\/#website\",\"url\":\"https:\/\/spin-ania.com\/de\/\",\"name\":\"Spinania\",\"description\":\"\",\"publisher\":{\"@id\":\"https:\/\/spin-ania.com\/de\/#organization\"},\"potentialAction\":[{\"@type\":\"SearchAction\",\"target\":{\"@type\":\"EntryPoint\",\"urlTemplate\":\"https:\/\/spin-ania.com\/de\/?s={search_term_string}\"},\"query-input\":{\"@type\":\"PropertyValueSpecification\",\"valueRequired\":true,\"valueName\":\"search_term_string\"}}],\"inLanguage\":\"de\"},{\"@type\":\"Organization\",\"@id\":\"https:\/\/spin-ania.com\/de\/#organization\",\"name\":\"Spinania\",\"url\":\"https:\/\/spin-ania.com\/de\/\",\"logo\":{\"@type\":\"ImageObject\",\"inLanguage\":\"de\",\"@id\":\"https:\/\/spin-ania.com\/de\/#\/schema\/logo\/image\/\",\"url\":\"https:\/\/spin-ania.com\/wp-content\/uploads\/2025\/08\/KeIS1eTvcSVRrxjd4vQx.png\",\"contentUrl\":\"https:\/\/spin-ania.com\/wp-content\/uploads\/2025\/08\/KeIS1eTvcSVRrxjd4vQx.png\",\"width\":106,\"height\":31,\"caption\":\"Spinania\"},\"image\":{\"@id\":\"https:\/\/spin-ania.com\/de\/#\/schema\/logo\/image\/\"}}]}<\/script>\n<!-- \/ Yoast SEO plugin. -->","yoast_head_json":{"title":"SpinAnia App f\u00fcr Mobile | iOS, Android","description":"SpinAnia App \u2013 spiele Casinospiele \u00fcberall auf iOS und Android. Genie\u00dfe fl\u00fcssiges Gameplay, sofortige Synchronisierung und Zugriff auf Slots, Tische und Live-Dealer bei Spin Ania.","robots":{"index":"index","follow":"follow","max-snippet":"max-snippet:-1","max-image-preview":"max-image-preview:large","max-video-preview":"max-video-preview:-1"},"canonical":"https:\/\/spin-ania.com\/de\/app\/","og_locale":"de_DE","og_type":"article","og_title":"SpinAnia App f\u00fcr Mobile | iOS, Android","og_description":"SpinAnia App \u2013 spiele Casinospiele \u00fcberall auf iOS und Android. Genie\u00dfe fl\u00fcssiges Gameplay, sofortige Synchronisierung und Zugriff auf Slots, Tische und Live-Dealer bei Spin Ania.","og_url":"https:\/\/spin-ania.com\/de\/app\/","og_site_name":"spinania","article_modified_time":"2026-01-14T11:15:21+00:00","twitter_card":"summary_large_image","twitter_misc":{"Gesch\u00e4tzte Lesezeit":"1\u00a0Minute"},"schema":{"@context":"https:\/\/schema.org","@graph":[{"@type":"WebPage","@id":"https:\/\/spin-ania.com\/de\/app\/","url":"https:\/\/spin-ania.com\/de\/app\/","name":"SpinAnia App f\u00fcr Mobile | iOS, Android","isPartOf":{"@id":"https:\/\/spin-ania.com\/de\/#website"},"datePublished":"2026-01-14T09:17:54+00:00","dateModified":"2026-01-14T11:15:21+00:00","description":"SpinAnia App \u2013 spiele Casinospiele \u00fcberall auf iOS und Android. Genie\u00dfe fl\u00fcssiges Gameplay, sofortige Synchronisierung und Zugriff auf Slots, Tische und Live-Dealer bei Spin Ania.","breadcrumb":{"@id":"https:\/\/spin-ania.com\/de\/app\/#breadcrumb"},"inLanguage":"de","potentialAction":[{"@type":"ReadAction","target":["https:\/\/spin-ania.com\/de\/app\/"]}]},{"@type":"BreadcrumbList","@id":"https:\/\/spin-ania.com\/de\/app\/#breadcrumb","itemListElement":[{"@type":"ListItem","position":1,"name":"Spinania","item":"https:\/\/spin-ania.com\/de\/"},{"@type":"ListItem","position":2,"name":"App"}]},{"@type":"WebSite","@id":"https:\/\/spin-ania.com\/de\/#website","url":"https:\/\/spin-ania.com\/de\/","name":"Spinania","description":"","publisher":{"@id":"https:\/\/spin-ania.com\/de\/#organization"},"potentialAction":[{"@type":"SearchAction","target":{"@type":"EntryPoint","urlTemplate":"https:\/\/spin-ania.com\/de\/?s={search_term_string}"},"query-input":{"@type":"PropertyValueSpecification","valueRequired":true,"valueName":"search_term_string"}}],"inLanguage":"de"},{"@type":"Organization","@id":"https:\/\/spin-ania.com\/de\/#organization","name":"Spinania","url":"https:\/\/spin-ania.com\/de\/","logo":{"@type":"ImageObject","inLanguage":"de","@id":"https:\/\/spin-ania.com\/de\/#\/schema\/logo\/image\/","url":"https:\/\/spin-ania.com\/wp-content\/uploads\/2025\/08\/KeIS1eTvcSVRrxjd4vQx.png","contentUrl":"https:\/\/spin-ania.com\/wp-content\/uploads\/2025\/08\/KeIS1eTvcSVRrxjd4vQx.png","width":106,"height":31,"caption":"Spinania"},"image":{"@id":"https:\/\/spin-ania.com\/de\/#\/schema\/logo\/image\/"}}]}},"_links":{"self":[{"href":"https:\/\/spin-ania.com\/de\/wp-json\/wp\/v2\/pages\/1648"}],"collection":[{"href":"https:\/\/spin-ania.com\/de\/wp-json\/wp\/v2\/pages"}],"about":[{"href":"https:\/\/spin-ania.com\/de\/wp-json\/wp\/v2\/types\/page"}],"author":[{"embeddable":true,"href":"https:\/\/spin-ania.com\/de\/wp-json\/wp\/v2\/users\/1"}],"replies":[{"embeddable":true,"href":"https:\/\/spin-ania.com\/de\/wp-json\/wp\/v2\/comments?post=1648"}],"version-history":[{"count":2,"href":"https:\/\/spin-ania.com\/de\/wp-json\/wp\/v2\/pages\/1648\/revisions"}],"predecessor-version":[{"id":1779,"href":"https:\/\/spin-ania.com\/de\/wp-json\/wp\/v2\/pages\/1648\/revisions\/1779"}],"wp:attachment":[{"href":"https:\/\/spin-ania.com\/de\/wp-json\/wp\/v2\/media?parent=1648"}],"curies":[{"name":"wp","href":"https:\/\/api.w.org\/{rel}","templated":true}]}}