{"id":1657,"date":"2026-01-14T09:20:23","date_gmt":"2026-01-14T09:20:23","guid":{"rendered":"https:\/\/spin-ania.com\/login-and-registration\/"},"modified":"2026-01-14T11:23:36","modified_gmt":"2026-01-14T11:23:36","slug":"anmeldung-und-registrierung","status":"publish","type":"page","link":"https:\/\/spin-ania.com\/de\/anmeldung-und-registrierung\/","title":{"rendered":"Anmeldung und Registrierung"},"content":{"rendered":"<h1>SpinAnia Anmelden und Registrieren<\/h1>\n<p>Das SpinAnia Login ist eine einfache M\u00f6glichkeit, Zugang zu einer Vielzahl von unterhaltsamen Online-Casino-Funktionen zu erhalten. Benutzer k\u00f6nnen eine gro\u00dfe Auswahl an Spielen spielen, ihre pers\u00f6nlichen Daten verwalten und ganz einfach an mehreren Angeboten teilnehmen, indem sie sich in ihr Konto einloggen.<\/p>\n<p><div class=\"banner-wrap\" aria-label=\"Banner\"><img src=\"https:\/\/spin-ania.com\/wp-content\/uploads\/2026\/01\/Spinania-Banner-Desktop.webp\" class=\"w-100 d-none d-lg-block img-pc main-banner-img\" alt=\"spinania bonus desktop\" fetchpriority=\"high\" decoding=\"async\"><img src=\"https:\/\/spin-ania.com\/wp-content\/uploads\/2026\/01\/Spinania-mobile-banner.webp\" class=\"w-100 d-none d-md-block d-lg-none main-banner-img\" alt=\"spinania bonus mobile\" fetchpriority=\"high\" decoding=\"async\"><img src=\"https:\/\/spin-ania.com\/wp-content\/uploads\/2026\/01\/Spinania-mobile-banner.webp\" class=\"w-100 d-md-none\" alt=\"spinania bonus mobile\" fetchpriority=\"high\" decoding=\"async\"><div class=\"banner-description\">\n<div class=\"banner-title\">Willkommensboni<\/div>\n<p class=\"banner-header-title\">\u20ac1,500<\/p>\n<div class=\"banner-header-AdditionalText\">+ 250 Freispiele<\/div>\n<button data-item=\"homepage_banner_link\" class=\"goto m-button m-gradient-border m-button--primary m-button--large banner-button btn-orange\">\n            <div class=\"m-button-content\">\n                <span>Jetzt anmelden<\/span>\n                <span><\/span>\n            <\/div>\n        <\/button>\n<\/div>\n<div class=\"WelcomePack\">\n<p><img loading=\"lazy\" decoding=\"async\" class=\"alignnone size-full wp-image-1589\" src=\"https:\/\/spin-ania.com\/wp-content\/uploads\/2026\/01\/welcome-crown.svg\" alt=\"welcome crown\" width=\"25\" height=\"26\" \/><\/p>\n<div class=\"WelcomePack-Info\">W\u00f6chentlicher Cashback von bis zu 25 %<\/div>\n<p><img loading=\"lazy\" decoding=\"async\" class=\"alignnone size-full wp-image-1589\" src=\"https:\/\/spin-ania.com\/wp-content\/uploads\/2026\/01\/welcome-crown.svg\" alt=\"welcome crown\" width=\"25\" height=\"26\" \/><\/p>\n<\/div>\n<\/div><div class=\"scrollable-content-wrap my-5\"><div class=\"scrollable-content-inner\"><h2>Anmeldeverfahren f\u00fcr SpinAnia<\/h2>\n<p>Die Registrierung bei SpinAnia Casino bietet Ihnen alle wichtigen Funktionen der Plattform. Wir wissen, dass der Registrierungsprozess schnell und einfach sein sollte, und deshalb haben wir die SpinAnia Anmeldung und die Registrierung so gestaltet, dass Spieler sofort nach der Erstellung eines Kontos alle Funktionen des Casinos nutzen k\u00f6nnen.<\/p>\n<p>Die Registrierung eines Kontos er\u00f6ffnet Ihnen Zugang zu verschiedenen Bibliotheken mit mehr als 6.000 Titeln, die wir st\u00e4ndig aktualisieren. Jeden Tag f\u00fcgen wir neue Kartenspiele und Live CasinoTitel, Drops &amp; Wins, Buchsammlungen und Slots hinzu. Sie k\u00f6nnen an unseren coolen exklusiven Promo-Aktionen, Turnieren und dem Treueprogramm teilnehmen und au\u00dferdem Ihre Gewinne auf sichere Weise auszahlen lassen.<\/p>\n<p>F\u00fcr die Registrierung bei SpinAnia Casino ben\u00f6tigen wir grundlegende pers\u00f6nliche Daten, darunter Ihre E-Mail-Adresse und Ihr Passwort \u2013 sonst nichts!<\/p>\n<p>Beachten Sie jedoch, dass wir eine Regel haben, wonach sich Spieler ab 18 Jahren gem\u00e4\u00df den gesetzlichen Bestimmungen und den Standards f\u00fcr verantwortungsbewusstes Spielen registrieren d\u00fcrfen. Nach der Registrierung k\u00f6nnen Nutzer dann andere Dienste in Anspruch nehmen, wie z. B. die Festlegung von Spielgrenzen oder die Umsetzung von verantwortungsbewusstem Spielen.<\/p>\n<h3>\u00c4nderung personenbezogener Daten<\/h3>\n<p>Spieler von SpinAnia Casino k\u00f6nnen ihre pers\u00f6nlichen Daten jederzeit in ihrem Konto-Dashboard \u00e4ndern. Bei Bedarf k\u00f6nnen Sie beispielsweise Ihre pers\u00f6nlichen Daten, Kontaktinformationen, Zahlungsmethode oder Sicherheitsma\u00dfnahmen aktualisieren. Es ist wichtig, dass alle pers\u00f6nlichen Daten korrekt sind, insbesondere f\u00fcr die Verifizierung und die reibungslose Abwicklung von Transaktionen.<\/p>\n<p>Unser System bietet ein hohes Ma\u00df an Datensicherheit und Datenschutz. Strenge Ma\u00dfnahmen sch\u00fctzen alle Benutzerdaten w\u00e4hrend Updates.<\/p>\n<h2>SpinAnia Anmeldung Schritte<\/h2>\n<p>Unser SpinAnia Casino verwendet eine effiziente und sichere Methode f\u00fcr die SpinAnia Anmeldung. Das funktioniert wie folgt:<\/p>\n<ol>\n<li>Schauen Sie sich das Feld \u201eSpinAnia Anmeldung\u201c oben rechts auf dieser Startseite an.<\/li>\n<li>Geben Sie die registrierte E-Mail-Adresse und das Passwort ein. Achten Sie darauf, dass Sie keine Fehler machen.<\/li>\n<li>Klicken Sie auf die Schaltfl\u00e4che mit der Aufschrift \u201eAnmelden\u201c, um auf das Konto zuzugreifen.<\/li>\n<li>Wenn es nicht funktioniert hat oder Sie Ihre Zugangsdaten vergessen haben, klicken Sie einfach auf die Schaltfl\u00e4che \u201ePasswort vergessen?\u201c und folgen Sie den Anweisungen, um sie wiederherzustellen.<\/li>\n<\/ol>\n<p>Nachdem Sie sich erfolgreich bei SpinAnia angemeldet haben, k\u00f6nnen Sie in Ihrem Konto eine Vielzahl von Aktionen durchf\u00fchren! Sie k\u00f6nnen viele Aktivit\u00e4ten wie Einzahlungen, Bonusanspr\u00fcche, Funktionen f\u00fcr verantwortungsbewusstes Spielen und Ihren Aktivit\u00e4tsverlauf ausf\u00fchren. Die einfache Navigation der Website erfolgt \u00fcber ein intuitives Dashboard, das eine einfache Kontoverwaltung und Navigation erm\u00f6glicht. Alles kann nachverfolgt werden! Ihre Ein- und Auszahlungen, Ihr Spielverlauf und vieles mehr.<\/p>\n<p>Und ja, Spin Ania bietet eine Option f\u00fcr die Zwei-Faktor-Authentifizierung, mit der Sie die Sicherheit erh\u00f6hen k\u00f6nnen. Probieren Sie es aus; es ist sehr empfehlenswert.<\/p>\n<h3>SpinAnia Casino Verifizierung<\/h3>\n<p>SpinAnia Casino verlangt einen Verifizierungsprozess, um das Sicherheitsniveau vor der Bearbeitung von Auszahlungen aufrechtzuerhalten. Die Verifizierung umfasst die \u00dcbermittlung Ihrer offiziellen Dokumente, die Ihre Identit\u00e4t, Ihr Alter und Ihre Adresse best\u00e4tigen. Zu den von uns angeforderten Dokumenten geh\u00f6ren ein amtlicher Ausweis, eine Stromrechnung und ein Kontoauszug. Welche Anforderungen gelten f\u00fcr die Dokumente?<\/p>\n<ul>\n<li>Sie m\u00fcssen wahr und unverf\u00e4lscht sein.<\/li>\n<li>Wenn Spieler sich um ihre Privatsph\u00e4re sorgen, k\u00f6nnen sie einige Transaktionen auf ihren Kontoausz\u00fcgen und ihrem Kontostand verbergen.<\/li>\n<\/ul>\n<p>Der Spin Ania-Verifizierungsprozess ist in der Regel innerhalb von 48 Stunden nach Einreichung der Dokumente abgeschlossen. Unser mehrsprachiges Support Team k\u00fcmmert sich gr\u00fcndlich darum. Wenn etwas l\u00e4nger dauert oder wir irgendwo nicht weiterkommen, schreiben Sie uns einfach \u00fcber den Live Chat oder per E-Mail und \u00fcberpr\u00fcfen Sie den Status Ihres Antrags. Aber keine Sorge, all diese \u00dcberpr\u00fcfungen dienen dazu, sicherzustellen, dass die gesetzlichen Vorschriften eingehalten werden, und die Kontosicherheit zu verbessern, um so das Risiko eines unbefugten Zugriffs zu verringern.<\/p>\n<h2>Zugriff auf das Konto<\/h2>\n<p>Ohne ordnungsgem\u00e4\u00dfen Zugriff auf Ihr SpinAnia Casino-Konto kann das Spielen nicht ununterbrochen und fl\u00fcssig erfolgen. Falls ein Spieler mit einer vor\u00fcbergehenden Sperrung seines Spin Ania Kontos konfrontiert ist, kann dies an Sicherheitsvorkehrungen liegen, wie z. B. ungew\u00f6hnlichen Versuchen, sich mehrmals anzumelden, oder der Durchf\u00fchrung von SpinAnia Anmeldungen in gro\u00dfer Zahl. In diesem Fall empfehlen wir Ihnen, sich an unser Support Team zu wenden, um das Problem so schnell wie m\u00f6glich zu beheben.<\/p>\n<p>Um unbefugten Zugriff zu vermeiden, sollten Benutzer jedoch Folgendes beachten:<\/p>\n<ul>\n<li>Aktivieren Sie die Zwei-Faktor-Authentifizierung.<\/li>\n<li>Verwenden Sie sichere, einzigartige Passw\u00f6rter.<\/li>\n<li>Geben Sie Ihre Anmeldedaten nicht an andere Personen weiter.<\/li>\n<li>\u00dcberpr\u00fcfen Sie regelm\u00e4\u00dfig die Kontoaktivit\u00e4ten auf Transaktionen, die Ihnen unbekannt sind. Informieren Sie uns, wenn Sie etwas Verd\u00e4chtiges bemerken.<\/li>\n<\/ul>\n<p>Mit diesen einfachen Vorsichtsma\u00dfnahmen k\u00f6nnen Sie also sicherstellen, dass Sie immer Zugriff haben. Die neuen Konten m\u00fcssen vor der SpinAnia Anmeldung ordnungsgem\u00e4\u00df \u00fcberpr\u00fcft werden. Auf diese Weise wird die Identit\u00e4t des Benutzers best\u00e4tigt und es werden keine personenbezogenen Daten offengelegt.<\/p>\n<h2>H\u00e4ufig gestellte Fragen<\/h2>\n<h3>Was soll ich tun, wenn mein Spin Ania Konto vor\u00fcbergehend gesperrt wurde?<\/h3>\n<p>Eine vor\u00fcbergehende Sperrung erfolgt aus Sicherheitsgr\u00fcnden oder zur \u00dcberpr\u00fcfung. Schreiben Sie uns schnell \u00fcber den Live Chat oder per E-Mail. Wir werden Ihre Identit\u00e4t \u00fcberpr\u00fcfen und Ihr Konto so schnell wie m\u00f6glich authentifizieren. Und dann sind Sie wieder entsperrt!<\/p>\n<h3>Wie kann ich mein Spin Ania Konto vor unbefugtem Zugriff sch\u00fctzen?<\/h3>\n<p>Aktivieren Sie die Zwei-Faktor-Authentifizierung, verwenden Sie ein sicheres Passwort und geben Sie die SpinAnia Anmeldedaten nicht an Dritte weiter! \u00dcberpr\u00fcfen Sie regelm\u00e4\u00dfig Ihre Kontoaktivit\u00e4ten und aktualisieren Sie Ihre Sicherheitseinstellungen bei Bedarf.<\/p>\n<h3>Warum muss ich mein Konto vor dem Einloggen verifizieren?<\/h3>\n<p>Die Best\u00e4tigung stellt sicher, dass Sie die Person sind, f\u00fcr die Sie sich ausgeben, und dass Sie vollj\u00e4hrig sind \u2013 andernfalls k\u00f6nnte sich jeder bei SpinAnia anmelden! Au\u00dferdem sch\u00fctzt sie Ihr Konto davor, dass jemand ohne Berechtigung darauf zugreift. Au\u00dferdem erleichtert sie Auszahlungen und die Verwaltung des SpinAnia Casino Kontos.<\/p>\n<\/div><\/div><\/p>\n","protected":false},"excerpt":{"rendered":"<p>SpinAnia Anmelden und Registrieren Das SpinAnia Login ist eine einfache M\u00f6glichkeit, Zugang zu einer Vielzahl von unterhaltsamen Online-Casino-Funktionen zu erhalten. Benutzer k\u00f6nnen eine gro\u00dfe Auswahl an Spielen spielen, ihre pers\u00f6nlichen Daten verwalten und ganz einfach an mehreren Angeboten teilnehmen, indem sie sich in ihr Konto einloggen.<\/p>\n","protected":false},"author":1,"featured_media":0,"parent":0,"menu_order":0,"comment_status":"closed","ping_status":"closed","template":"template-builder.php","meta":{"_acf_changed":false,"inline_featured_image":false,"footnotes":""},"class_list":["post-1657","page","type-page","status-publish","hentry"],"acf":[],"yoast_head":"<!-- This site is optimized with the Yoast SEO plugin v24.4 - https:\/\/yoast.com\/wordpress\/plugins\/seo\/ -->\n<title>SpinAnia Login \u2013 Registrierung und Kontozugang<\/title>\n<meta name=\"description\" content=\"SpinAnia Login \u2013 melde dich sicher an oder registriere dein Konto in wenigen Sekunden. Verwalte Verifizierung, Passwortwiederherstellung und Kontoeinstellungen ganz einfach bei Spin Ania.\" \/>\n<meta name=\"robots\" content=\"index, follow, max-snippet:-1, max-image-preview:large, max-video-preview:-1\" \/>\n<link rel=\"canonical\" href=\"https:\/\/spin-ania.com\/de\/anmeldung-und-registrierung\/\" \/>\n<meta property=\"og:locale\" content=\"de_DE\" \/>\n<meta property=\"og:type\" content=\"article\" \/>\n<meta property=\"og:title\" content=\"SpinAnia Login \u2013 Registrierung und Kontozugang\" \/>\n<meta property=\"og:description\" content=\"SpinAnia Login \u2013 melde dich sicher an oder registriere dein Konto in wenigen Sekunden. Verwalte Verifizierung, Passwortwiederherstellung und Kontoeinstellungen ganz einfach bei Spin Ania.\" \/>\n<meta property=\"og:url\" content=\"https:\/\/spin-ania.com\/de\/anmeldung-und-registrierung\/\" \/>\n<meta property=\"og:site_name\" content=\"spinania\" \/>\n<meta property=\"article:modified_time\" content=\"2026-01-14T11:23:36+00:00\" \/>\n<meta name=\"twitter:card\" content=\"summary_large_image\" \/>\n<meta name=\"twitter:label1\" content=\"Gesch\u00e4tzte Lesezeit\" \/>\n\t<meta name=\"twitter:data1\" content=\"1\u00a0Minute\" \/>\n<script type=\"application\/ld+json\" class=\"yoast-schema-graph\">{\"@context\":\"https:\/\/schema.org\",\"@graph\":[{\"@type\":\"WebPage\",\"@id\":\"https:\/\/spin-ania.com\/de\/anmeldung-und-registrierung\/\",\"url\":\"https:\/\/spin-ania.com\/de\/anmeldung-und-registrierung\/\",\"name\":\"SpinAnia Login \u2013 Registrierung und Kontozugang\",\"isPartOf\":{\"@id\":\"https:\/\/spin-ania.com\/de\/#website\"},\"datePublished\":\"2026-01-14T09:20:23+00:00\",\"dateModified\":\"2026-01-14T11:23:36+00:00\",\"description\":\"SpinAnia Login \u2013 melde dich sicher an oder registriere dein Konto in wenigen Sekunden. Verwalte Verifizierung, Passwortwiederherstellung und Kontoeinstellungen ganz einfach bei Spin Ania.\",\"breadcrumb\":{\"@id\":\"https:\/\/spin-ania.com\/de\/anmeldung-und-registrierung\/#breadcrumb\"},\"inLanguage\":\"de\",\"potentialAction\":[{\"@type\":\"ReadAction\",\"target\":[\"https:\/\/spin-ania.com\/de\/anmeldung-und-registrierung\/\"]}]},{\"@type\":\"BreadcrumbList\",\"@id\":\"https:\/\/spin-ania.com\/de\/anmeldung-und-registrierung\/#breadcrumb\",\"itemListElement\":[{\"@type\":\"ListItem\",\"position\":1,\"name\":\"Spinania\",\"item\":\"https:\/\/spin-ania.com\/de\/\"},{\"@type\":\"ListItem\",\"position\":2,\"name\":\"Anmeldung und Registrierung\"}]},{\"@type\":\"WebSite\",\"@id\":\"https:\/\/spin-ania.com\/de\/#website\",\"url\":\"https:\/\/spin-ania.com\/de\/\",\"name\":\"Spinania\",\"description\":\"\",\"publisher\":{\"@id\":\"https:\/\/spin-ania.com\/de\/#organization\"},\"potentialAction\":[{\"@type\":\"SearchAction\",\"target\":{\"@type\":\"EntryPoint\",\"urlTemplate\":\"https:\/\/spin-ania.com\/de\/?s={search_term_string}\"},\"query-input\":{\"@type\":\"PropertyValueSpecification\",\"valueRequired\":true,\"valueName\":\"search_term_string\"}}],\"inLanguage\":\"de\"},{\"@type\":\"Organization\",\"@id\":\"https:\/\/spin-ania.com\/de\/#organization\",\"name\":\"Spinania\",\"url\":\"https:\/\/spin-ania.com\/de\/\",\"logo\":{\"@type\":\"ImageObject\",\"inLanguage\":\"de\",\"@id\":\"https:\/\/spin-ania.com\/de\/#\/schema\/logo\/image\/\",\"url\":\"https:\/\/spin-ania.com\/wp-content\/uploads\/2025\/08\/KeIS1eTvcSVRrxjd4vQx.png\",\"contentUrl\":\"https:\/\/spin-ania.com\/wp-content\/uploads\/2025\/08\/KeIS1eTvcSVRrxjd4vQx.png\",\"width\":106,\"height\":31,\"caption\":\"Spinania\"},\"image\":{\"@id\":\"https:\/\/spin-ania.com\/de\/#\/schema\/logo\/image\/\"}}]}<\/script>\n<!-- \/ Yoast SEO plugin. -->","yoast_head_json":{"title":"SpinAnia Login \u2013 Registrierung und Kontozugang","description":"SpinAnia Login \u2013 melde dich sicher an oder registriere dein Konto in wenigen Sekunden. Verwalte Verifizierung, Passwortwiederherstellung und Kontoeinstellungen ganz einfach bei Spin Ania.","robots":{"index":"index","follow":"follow","max-snippet":"max-snippet:-1","max-image-preview":"max-image-preview:large","max-video-preview":"max-video-preview:-1"},"canonical":"https:\/\/spin-ania.com\/de\/anmeldung-und-registrierung\/","og_locale":"de_DE","og_type":"article","og_title":"SpinAnia Login \u2013 Registrierung und Kontozugang","og_description":"SpinAnia Login \u2013 melde dich sicher an oder registriere dein Konto in wenigen Sekunden. Verwalte Verifizierung, Passwortwiederherstellung und Kontoeinstellungen ganz einfach bei Spin Ania.","og_url":"https:\/\/spin-ania.com\/de\/anmeldung-und-registrierung\/","og_site_name":"spinania","article_modified_time":"2026-01-14T11:23:36+00:00","twitter_card":"summary_large_image","twitter_misc":{"Gesch\u00e4tzte Lesezeit":"1\u00a0Minute"},"schema":{"@context":"https:\/\/schema.org","@graph":[{"@type":"WebPage","@id":"https:\/\/spin-ania.com\/de\/anmeldung-und-registrierung\/","url":"https:\/\/spin-ania.com\/de\/anmeldung-und-registrierung\/","name":"SpinAnia Login \u2013 Registrierung und Kontozugang","isPartOf":{"@id":"https:\/\/spin-ania.com\/de\/#website"},"datePublished":"2026-01-14T09:20:23+00:00","dateModified":"2026-01-14T11:23:36+00:00","description":"SpinAnia Login \u2013 melde dich sicher an oder registriere dein Konto in wenigen Sekunden. Verwalte Verifizierung, Passwortwiederherstellung und Kontoeinstellungen ganz einfach bei Spin Ania.","breadcrumb":{"@id":"https:\/\/spin-ania.com\/de\/anmeldung-und-registrierung\/#breadcrumb"},"inLanguage":"de","potentialAction":[{"@type":"ReadAction","target":["https:\/\/spin-ania.com\/de\/anmeldung-und-registrierung\/"]}]},{"@type":"BreadcrumbList","@id":"https:\/\/spin-ania.com\/de\/anmeldung-und-registrierung\/#breadcrumb","itemListElement":[{"@type":"ListItem","position":1,"name":"Spinania","item":"https:\/\/spin-ania.com\/de\/"},{"@type":"ListItem","position":2,"name":"Anmeldung und Registrierung"}]},{"@type":"WebSite","@id":"https:\/\/spin-ania.com\/de\/#website","url":"https:\/\/spin-ania.com\/de\/","name":"Spinania","description":"","publisher":{"@id":"https:\/\/spin-ania.com\/de\/#organization"},"potentialAction":[{"@type":"SearchAction","target":{"@type":"EntryPoint","urlTemplate":"https:\/\/spin-ania.com\/de\/?s={search_term_string}"},"query-input":{"@type":"PropertyValueSpecification","valueRequired":true,"valueName":"search_term_string"}}],"inLanguage":"de"},{"@type":"Organization","@id":"https:\/\/spin-ania.com\/de\/#organization","name":"Spinania","url":"https:\/\/spin-ania.com\/de\/","logo":{"@type":"ImageObject","inLanguage":"de","@id":"https:\/\/spin-ania.com\/de\/#\/schema\/logo\/image\/","url":"https:\/\/spin-ania.com\/wp-content\/uploads\/2025\/08\/KeIS1eTvcSVRrxjd4vQx.png","contentUrl":"https:\/\/spin-ania.com\/wp-content\/uploads\/2025\/08\/KeIS1eTvcSVRrxjd4vQx.png","width":106,"height":31,"caption":"Spinania"},"image":{"@id":"https:\/\/spin-ania.com\/de\/#\/schema\/logo\/image\/"}}]}},"_links":{"self":[{"href":"https:\/\/spin-ania.com\/de\/wp-json\/wp\/v2\/pages\/1657"}],"collection":[{"href":"https:\/\/spin-ania.com\/de\/wp-json\/wp\/v2\/pages"}],"about":[{"href":"https:\/\/spin-ania.com\/de\/wp-json\/wp\/v2\/types\/page"}],"author":[{"embeddable":true,"href":"https:\/\/spin-ania.com\/de\/wp-json\/wp\/v2\/users\/1"}],"replies":[{"embeddable":true,"href":"https:\/\/spin-ania.com\/de\/wp-json\/wp\/v2\/comments?post=1657"}],"version-history":[{"count":2,"href":"https:\/\/spin-ania.com\/de\/wp-json\/wp\/v2\/pages\/1657\/revisions"}],"predecessor-version":[{"id":1781,"href":"https:\/\/spin-ania.com\/de\/wp-json\/wp\/v2\/pages\/1657\/revisions\/1781"}],"wp:attachment":[{"href":"https:\/\/spin-ania.com\/de\/wp-json\/wp\/v2\/media?parent=1657"}],"curies":[{"name":"wp","href":"https:\/\/api.w.org\/{rel}","templated":true}]}}