{"id":1667,"date":"2026-01-14T09:23:22","date_gmt":"2026-01-14T09:23:22","guid":{"rendered":"https:\/\/spin-ania.com\/bonus\/"},"modified":"2026-01-14T11:22:46","modified_gmt":"2026-01-14T11:22:46","slug":"aktionen","status":"publish","type":"page","link":"https:\/\/spin-ania.com\/de\/aktionen\/","title":{"rendered":"Aktionen"},"content":{"rendered":"<h1>SpinAnia Bonus<\/h1>\n<p>SpinAnia Bonus ist eine sehr interessante Option, um das Spielgeschehen etwas aufzupeppen und die Gewinnchancen zu verbessern. SpinAnia Casino bietet eine Reihe von Aktionen f\u00fcr neue und wiederkehrende Spieler, um deren Spielerlebnis zu verbessern. Wir bieten gro\u00dfz\u00fcgige Boni sowie eine Vielzahl von Spielen, damit jeder Besuch bei uns f\u00fcr Sie profitabel ist und Spa\u00df macht.<\/p>\n<p><span style=\"font-size: 16px\"><div class=\"banner-wrap\" aria-label=\"Banner\"><img src=\"https:\/\/spin-ania.com\/wp-content\/uploads\/2026\/01\/Spinania-Banner-Desktop.webp\" class=\"w-100 d-none d-lg-block img-pc main-banner-img\" alt=\"spinania bonus desktop\" fetchpriority=\"high\" decoding=\"async\"><img src=\"https:\/\/spin-ania.com\/wp-content\/uploads\/2026\/01\/Spinania-mobile-banner.webp\" class=\"w-100 d-none d-md-block d-lg-none main-banner-img\" alt=\"spinania bonus mobile\" fetchpriority=\"high\" decoding=\"async\"><img src=\"https:\/\/spin-ania.com\/wp-content\/uploads\/2026\/01\/Spinania-mobile-banner.webp\" class=\"w-100 d-md-none\" alt=\"spinania bonus mobile\" fetchpriority=\"high\" decoding=\"async\"><div class=\"banner-description\">\n<div class=\"banner-title\">Willkommensboni<\/div>\n<p class=\"banner-header-title\">\u20ac1,500<\/p>\n<div class=\"banner-header-AdditionalText\">+ 250 Freispiele<\/div>\n<button data-item=\"homepage_banner_link\" class=\"goto m-button m-gradient-border m-button--primary m-button--large banner-button btn-orange\">\n            <div class=\"m-button-content\">\n                <span>Jetzt anmelden<\/span>\n                <span><\/span>\n            <\/div>\n        <\/button>\n<\/div>\n<div class=\"WelcomePack\">\n<p><img loading=\"lazy\" decoding=\"async\" class=\"alignnone size-full wp-image-1589\" src=\"https:\/\/spin-ania.com\/wp-content\/uploads\/2026\/01\/welcome-crown.svg\" alt=\"welcome crown\" width=\"25\" height=\"26\" \/><\/p>\n<div class=\"WelcomePack-Info\">W\u00f6chentlicher Cashback von bis zu 25 %<\/div>\n<p><img loading=\"lazy\" decoding=\"async\" class=\"alignnone size-full wp-image-1589\" src=\"https:\/\/spin-ania.com\/wp-content\/uploads\/2026\/01\/welcome-crown.svg\" alt=\"welcome crown\" width=\"25\" height=\"26\" \/><\/p>\n<\/div>\n<\/div><div class=\"promotions-wrap\"><div class=\"promotion-card\" style=\"background-image: url(https:\/\/spin-ania.com\/wp-content\/uploads\/2026\/01\/First-deposit.webp);\"><h2 class=\"promotion-card__title\">Erste Einzahlung<\/h2><label class=\"promotion-card__offer\">100 % bis zu 500 \u20ac + 150 Freispiele<\/label><label class=\"promotion-card__description\"><\/label><div class=\"promotion-card__actions\"><button data-item=\"payments_link\" data-group=\"website_links\" class=\"goto btn btn-orange rounded-pill fw-bold px-4 m-button m-gradient-border m-button--primary m-button--large promotion-button promotion-card__action-btn\" aria-label=\"Anmelden\"><div class=\"m-button-content\"><span class=\"promotion-button__content\">Anmelden<\/span><\/div><\/button><button data-item=\"http:\/\/bonus_link\" data-group=\"website_links\" class=\"goto m-button m-gradient-border m-button--secondary m-button--medium promotion-card__info-btn\" aria-label=\"More information\"><div class=\"m-button-content\"><svg viewBox=\"0 0 24 24\" fill=\"none\" xmlns=\"http:\/\/www.w3.org\/2000\/svg\" class=\"m-icon m-icon-loadable\" name=\"Attention\" loading=\"false\" aria-hidden=\"true\"><path d=\"M12 22C6.477 22 2 17.522 2 12S6.477 2 12 2s10 4.478 10 10-4.477 10-10 10m-.002-13.004a.999.999 0 1 0 0-1.997.999.999 0 0 0 0 1.997M12 17a1 1 0 0 0 .993-.884L13 16l-.002-5.001-.007-.117a1 1 0 0 0-1.986 0l-.007.117L11 16l.007.117A1 1 0 0 0 12 17\" fill=\"currentColor\"><\/path><\/svg><\/div><\/button><\/div><\/div><div class=\"promotion-card\" style=\"background-image: url(https:\/\/spin-ania.com\/wp-content\/uploads\/2026\/01\/Second-deposit.webp);\"><h2 class=\"promotion-card__title\">Zweite Einzahlung<\/h2><label class=\"promotion-card__offer\">55 % bis zu 500 \u20ac + 100 Freispiele<\/label><label class=\"promotion-card__description\"><\/label><div class=\"promotion-card__actions\"><button data-item=\"payments_link\" data-group=\"website_links\" class=\"goto btn btn-orange rounded-pill fw-bold px-4 m-button m-gradient-border m-button--primary m-button--large promotion-button promotion-card__action-btn\" aria-label=\"Anmelden\"><div class=\"m-button-content\"><span class=\"promotion-button__content\">Anmelden<\/span><\/div><\/button><button data-item=\"http:\/\/bonus_link\" data-group=\"website_links\" class=\"goto m-button m-gradient-border m-button--secondary m-button--medium promotion-card__info-btn\" aria-label=\"More information\"><div class=\"m-button-content\"><svg viewBox=\"0 0 24 24\" fill=\"none\" xmlns=\"http:\/\/www.w3.org\/2000\/svg\" class=\"m-icon m-icon-loadable\" name=\"Attention\" loading=\"false\" aria-hidden=\"true\"><path d=\"M12 22C6.477 22 2 17.522 2 12S6.477 2 12 2s10 4.478 10 10-4.477 10-10 10m-.002-13.004a.999.999 0 1 0 0-1.997.999.999 0 0 0 0 1.997M12 17a1 1 0 0 0 .993-.884L13 16l-.002-5.001-.007-.117a1 1 0 0 0-1.986 0l-.007.117L11 16l.007.117A1 1 0 0 0 12 17\" fill=\"currentColor\"><\/path><\/svg><\/div><\/button><\/div><\/div><div class=\"promotion-card\" style=\"background-image: url(https:\/\/spin-ania.com\/wp-content\/uploads\/2026\/01\/Third-deposit.webp);\"><h2 class=\"promotion-card__title\">Dritte Einzahlung<\/h2><label class=\"promotion-card__offer\">100 % bis zu 500 \u20ac<\/label><label class=\"promotion-card__description\"><\/label><div class=\"promotion-card__actions\"><button data-item=\"payments_link\" data-group=\"website_links\" class=\"goto btn btn-orange rounded-pill fw-bold px-4 m-button m-gradient-border m-button--primary m-button--large promotion-button promotion-card__action-btn\" aria-label=\"Anmelden\"><div class=\"m-button-content\"><span class=\"promotion-button__content\">Anmelden<\/span><\/div><\/button><button data-item=\"http:\/\/bonus_link\" data-group=\"website_links\" class=\"goto m-button m-gradient-border m-button--secondary m-button--medium promotion-card__info-btn\" aria-label=\"More information\"><div class=\"m-button-content\"><svg viewBox=\"0 0 24 24\" fill=\"none\" xmlns=\"http:\/\/www.w3.org\/2000\/svg\" class=\"m-icon m-icon-loadable\" name=\"Attention\" loading=\"false\" aria-hidden=\"true\"><path d=\"M12 22C6.477 22 2 17.522 2 12S6.477 2 12 2s10 4.478 10 10-4.477 10-10 10m-.002-13.004a.999.999 0 1 0 0-1.997.999.999 0 0 0 0 1.997M12 17a1 1 0 0 0 .993-.884L13 16l-.002-5.001-.007-.117a1 1 0 0 0-1.986 0l-.007.117L11 16l.007.117A1 1 0 0 0 12 17\" fill=\"currentColor\"><\/path><\/svg><\/div><\/button><\/div><\/div><div class=\"promotion-card\" style=\"background-image: url(https:\/\/spin-ania.com\/wp-content\/uploads\/2026\/01\/Cashback.webp);\"><h2 class=\"promotion-card__title\">W\u00f6chentliches Cashback<\/h2><label class=\"promotion-card__offer\">Bis zu 25%<\/label><label class=\"promotion-card__description\"><\/label><div class=\"promotion-card__actions\"><button data-item=\"payments_link\" data-group=\"website_links\" class=\"goto btn btn-orange rounded-pill fw-bold px-4 m-button m-gradient-border m-button--primary m-button--large promotion-button promotion-card__action-btn\" aria-label=\"Anmelden\"><div class=\"m-button-content\"><span class=\"promotion-button__content\">Anmelden<\/span><\/div><\/button><button data-item=\"http:\/\/bonus_link\" data-group=\"website_links\" class=\"goto m-button m-gradient-border m-button--secondary m-button--medium promotion-card__info-btn\" aria-label=\"More information\"><div class=\"m-button-content\"><svg viewBox=\"0 0 24 24\" fill=\"none\" xmlns=\"http:\/\/www.w3.org\/2000\/svg\" class=\"m-icon m-icon-loadable\" name=\"Attention\" loading=\"false\" aria-hidden=\"true\"><path d=\"M12 22C6.477 22 2 17.522 2 12S6.477 2 12 2s10 4.478 10 10-4.477 10-10 10m-.002-13.004a.999.999 0 1 0 0-1.997.999.999 0 0 0 0 1.997M12 17a1 1 0 0 0 .993-.884L13 16l-.002-5.001-.007-.117a1 1 0 0 0-1.986 0l-.007.117L11 16l.007.117A1 1 0 0 0 12 17\" fill=\"currentColor\"><\/path><\/svg><\/div><\/button><\/div><\/div><div class=\"promotion-card\" style=\"background-image: url(https:\/\/spin-ania.com\/wp-content\/uploads\/2026\/01\/Rakeback.webp);\"><h2 class=\"promotion-card__title\">Rakeback<\/h2><label class=\"promotion-card__offer\">Bis zu 17%<\/label><label class=\"promotion-card__description\"><\/label><div class=\"promotion-card__actions\"><button data-item=\"payments_link\" data-group=\"website_links\" class=\"goto btn btn-orange rounded-pill fw-bold px-4 m-button m-gradient-border m-button--primary m-button--large promotion-button promotion-card__action-btn\" aria-label=\"Anmelden\"><div class=\"m-button-content\"><span class=\"promotion-button__content\">Anmelden<\/span><\/div><\/button><button data-item=\"http:\/\/bonus_link\" data-group=\"website_links\" class=\"goto m-button m-gradient-border m-button--secondary m-button--medium promotion-card__info-btn\" aria-label=\"More information\"><div class=\"m-button-content\"><svg viewBox=\"0 0 24 24\" fill=\"none\" xmlns=\"http:\/\/www.w3.org\/2000\/svg\" class=\"m-icon m-icon-loadable\" name=\"Attention\" loading=\"false\" aria-hidden=\"true\"><path d=\"M12 22C6.477 22 2 17.522 2 12S6.477 2 12 2s10 4.478 10 10-4.477 10-10 10m-.002-13.004a.999.999 0 1 0 0-1.997.999.999 0 0 0 0 1.997M12 17a1 1 0 0 0 .993-.884L13 16l-.002-5.001-.007-.117a1 1 0 0 0-1.986 0l-.007.117L11 16l.007.117A1 1 0 0 0 12 17\" fill=\"currentColor\"><\/path><\/svg><\/div><\/button><\/div><\/div><div class=\"promotion-card\" style=\"background-image: url(https:\/\/spin-ania.com\/wp-content\/uploads\/2026\/01\/Sunday-reload.webp);\"><h2 class=\"promotion-card__title\">Sonntags-Reload<\/h2><label class=\"promotion-card__offer\">25% bis zu \u20ac100<\/label><label class=\"promotion-card__description\"><\/label><div class=\"promotion-card__actions\"><button data-item=\"payments_link\" data-group=\"website_links\" class=\"goto btn btn-orange rounded-pill fw-bold px-4 m-button m-gradient-border m-button--primary m-button--large promotion-button promotion-card__action-btn\" aria-label=\"Anmelden\"><div class=\"m-button-content\"><span class=\"promotion-button__content\">Anmelden<\/span><\/div><\/button><button data-item=\"http:\/\/bonus_link\" data-group=\"website_links\" class=\"goto m-button m-gradient-border m-button--secondary m-button--medium promotion-card__info-btn\" aria-label=\"More information\"><div class=\"m-button-content\"><svg viewBox=\"0 0 24 24\" fill=\"none\" xmlns=\"http:\/\/www.w3.org\/2000\/svg\" class=\"m-icon m-icon-loadable\" name=\"Attention\" loading=\"false\" aria-hidden=\"true\"><path d=\"M12 22C6.477 22 2 17.522 2 12S6.477 2 12 2s10 4.478 10 10-4.477 10-10 10m-.002-13.004a.999.999 0 1 0 0-1.997.999.999 0 0 0 0 1.997M12 17a1 1 0 0 0 .993-.884L13 16l-.002-5.001-.007-.117a1 1 0 0 0-1.986 0l-.007.117L11 16l.007.117A1 1 0 0 0 12 17\" fill=\"currentColor\"><\/path><\/svg><\/div><\/button><\/div><\/div><div class=\"promotion-card\" style=\"background-image: url(https:\/\/spin-ania.com\/wp-content\/uploads\/2026\/01\/Highroller.webp);\"><h2 class=\"promotion-card__title\">Highroller-Bonus<\/h2><label class=\"promotion-card__offer\">50% bis zu \u20ac500<\/label><label class=\"promotion-card__description\"><\/label><div class=\"promotion-card__actions\"><button data-item=\"payments_link\" data-group=\"website_links\" class=\"goto btn btn-orange rounded-pill fw-bold px-4 m-button m-gradient-border m-button--primary m-button--large promotion-button promotion-card__action-btn\" aria-label=\"Anmelden\"><div class=\"m-button-content\"><span class=\"promotion-button__content\">Anmelden<\/span><\/div><\/button><button data-item=\"http:\/\/bonus_link\" data-group=\"website_links\" class=\"goto m-button m-gradient-border m-button--secondary m-button--medium promotion-card__info-btn\" aria-label=\"More information\"><div class=\"m-button-content\"><svg viewBox=\"0 0 24 24\" fill=\"none\" xmlns=\"http:\/\/www.w3.org\/2000\/svg\" class=\"m-icon m-icon-loadable\" name=\"Attention\" loading=\"false\" aria-hidden=\"true\"><path d=\"M12 22C6.477 22 2 17.522 2 12S6.477 2 12 2s10 4.478 10 10-4.477 10-10 10m-.002-13.004a.999.999 0 1 0 0-1.997.999.999 0 0 0 0 1.997M12 17a1 1 0 0 0 .993-.884L13 16l-.002-5.001-.007-.117a1 1 0 0 0-1.986 0l-.007.117L11 16l.007.117A1 1 0 0 0 12 17\" fill=\"currentColor\"><\/path><\/svg><\/div><\/button><\/div><\/div><\/div><div class=\"scrollable-content-wrap my-5\"><div class=\"scrollable-content-inner\"><h2>SpinAnia Bonus Arten<\/h2>\n<p>Bei Spin Ania kommen Spieler in den Genuss einer Vielzahl von Bonuspaketen, die auf unterschiedliche Spielbed\u00fcrfnisse zugeschnitten sind. Wir haben Willkommensboni, Reload-Aktionen, Cashback und exklusive Turniere f\u00fcr Sie vorbereitet! Jede dieser einzigartigen Aktionen bietet Spielern die M\u00f6glichkeit, Bargeld zu gewinnen und eine treue Belohnung zu erhalten, was zu einem positiven Spielerlebnis beitr\u00e4gt.<\/p>\n<h2>SpinAnia Willkommensboni<\/h2>\n<p>Neue Spieler werden herzlich willkommen gehei\u00dfen, denn Spin Ania bietet ein gro\u00dfz\u00fcgiges Willkommenspaket im Wert von 1.500 \u20ac mit 250 Freispielen! Wir haben es so gestaltet, dass Nutzer einen guten Start und einen reibungslosen Ablauf genie\u00dfen k\u00f6nnen! Es umfasst ein mehrteiliges Bonussystem, das die Ersteinzahlungen erh\u00f6ht und die Spiele l\u00e4nger dauert.<\/p>\n<h3>Liste der Turniere und Aktivit\u00e4ten<\/h3>\n<p>SpinAnia Casino bietet eine Vielzahl von Turnieren, an denen Sie teilnehmen k\u00f6nnen. Wir f\u00fcgen saisonal weitere Events mit spannenden Titeln hinzu, bei denen Sie Ihr Gl\u00fcck versuchen k\u00f6nnen. Vorerst ist es immer eine gute Idee, Ihr Gl\u00fcck bei den folgenden wichtigen Turnieren zu versuchen:<\/p>\n<table>\n<tbody>\n<tr>\n<td>Turniernamen<\/td>\n<td>Beschreibung<\/td>\n<td>Preispool<\/td>\n<\/tr>\n<tr>\n<td>Spinoleague<\/td>\n<td>Riesiger Preispool mit der Chance, deinen Namen auf der Rangliste zu pr\u00e4sentieren.<\/td>\n<td>\u20ac12,000,000<\/td>\n<\/tr>\n<tr>\n<td>BGaming Drops Frenzy<\/td>\n<td>Das Preisgeld steigt, w\u00e4hrend Sie spielen.<\/td>\n<td>\u20ac660,000<\/td>\n<\/tr>\n<tr>\n<td>Live Turnier<\/td>\n<td>Live Spiele-Wettbewerb mit der Chance auf gro\u00dfe Gewinne.<\/td>\n<td>\u20ac10,000<\/td>\n<\/tr>\n<\/tbody>\n<\/table>\n<p>Um an solchen SpinAnia CasinoTurnieren teilzunehmen, m\u00fcssen Sie bestimmte Bedingungen erf\u00fcllen, wie z. B. Wettbedingungen und andere Teilnahmebedingungen. Diese Aktivit\u00e4ten machen in einem lohnenden Umfeld f\u00fcr wettbewerbsorientierte Spieler wirklich Spa\u00df.<\/p>\n<h3>So fordern Sie Ihren Bonus an<\/h3>\n<p>Bei SpinAnia ist es ganz einfach, Boni zu erhalten. Im Falle des Willkommensbonus muss der Spieler lediglich ein Konto er\u00f6ffnen und sich durch eine Mindesteinzahlung qualifizieren. Zahlen Sie einfach Ihr Startguthaben ein, und Ihre Boni werden Ihrem Konto automatisch gutgeschrieben. Die Mindesteinzahlung betr\u00e4gt nur 20 \u20ac! Freispiele und Bonusgelder sind sofort verf\u00fcgbar, und es gibt klare Richtlinien zu den Umsatzbedingungen und dem Beitrag zum Spiel.<\/p>\n<p>Wenn Ihnen unsere Aktionen gefallen, k\u00f6nnen Sie sich jederzeit auf dem Laufenden halten, indem Sie unseren Aktions-Newsletter abonnieren und regelm\u00e4\u00dfig unsere Aktionsseite besuchen, auf der wir alles \u00fcber unsere Verlosungen und Wettbewerbe, tolle Veranstaltungen und Urlaubsaktivit\u00e4ten berichten. Die Gamification von SpinAnia ist extrem stark, also bleiben Sie auf dem Laufenden! Besuchen Sie regelm\u00e4\u00dfig unsere Website Spin Ania, um sich \u00fcber die Einzelheiten und aktuellen Werbeaktionen zu informieren.<\/p>\n<p>Die meisten unserer Boni werden automatisch \u00fcberwiesen oder sind opt-in-f\u00e4hig. Um die Wettbedingungen, einschlie\u00dflich der Beitrags- und Auszahlungsprozents\u00e4tze, zu verstehen, muss man sie sich ansehen.<\/p>\n<h2>Allgemeine Gesch\u00e4ftsbedingungen<\/h2>\n<p>Die Boni bei SpinAnia Casino unterliegen bestimmten Bedingungen, um Fairness und Transparenz zu gew\u00e4hrleisten:<\/p>\n<ul>\n<li>Der Bonusbetrag muss 40-mal umgesetzt werden, bevor Boni ausgezahlt werden k\u00f6nnen.<\/li>\n<li>Die Boni haben eine G\u00fcltigkeitsdauer von 14 Tagen ab Aktivierung.<\/li>\n<li>Die Einzahlung f\u00fcr die Bonusaktivierung betr\u00e4gt nur 20 \u20ac, aber Sie k\u00f6nnen mehr dar\u00fcber lesen und noch mehr gewinnen, wenn Sie mehr einzahlen!<\/li>\n<li>Boni k\u00f6nnen nicht unabh\u00e4ngig von Gewinnen entfernt werden: Sie sind fest verbunden.<\/li>\n<li>Die Spielbeitragsquoten variieren: Spielautomaten haben eine Beitragsquote von 100 %, Tischspiele haben eine niedrigere Beitragsquote.<\/li>\n<li>Die Freispiele bleiben nach ihrer Gew\u00e4hrung drei Tage lang aktiv.<\/li>\n<li>Bei jeder Aktion sind die Umsatzbedingungen, Beitragss\u00e4tze und Fristen genau festgelegt.<\/li>\n<\/ul>\n<p>Auf diese Weise k\u00f6nnen Sie ganz einfach Ihren SpinAnia Bonus in Anspruch nehmen und dessen Vorteile optimal nutzen.<\/p>\n<h2>H\u00e4ufig gestellte Fragen<\/h2>\n<h3>Kann ich meine Bonusgewinne auszahlen lassen?<\/h3>\n<p>Sie k\u00f6nnen Ihr gesamtes SpinAnia Casino Bonusgeld auszahlen lassen, nachdem Sie die Umsatzbedingungen erf\u00fcllt haben. In der Regel betr\u00e4gt diese das 40-fache des Bonusbetrags, kann jedoch je nach Art des Preises variieren.<\/p>\n<h3>Gibt es Boni f\u00fcr wiederkehrende Spieler?<\/h3>\n<p>Nat\u00fcrlich erhalten nicht nur Neukunden den gro\u00dfz\u00fcgigen SpinAnia Bonus f\u00fcr ihre Registrierung. Wir sch\u00e4tzen alle unsere Spieler \u2013 auch die alten! Um das Engagement und die Loyalit\u00e4t hoch zu halten, bietet SpinAnia auch Reload-Boni, Cashback und exklusive Turniere f\u00fcr wiederkehrende Spieler.<\/p>\n<h3>Sind Cashback- oder Reload-Boni verf\u00fcgbar?<\/h3>\n<p>Da wir Sie unterhalten m\u00f6chten, beh\u00e4lt Spin Ania alle Werbungspr\u00e4mien, um Ihnen f\u00fcr Ihre Einzahlungen \u00fcber das prim\u00e4re Anmeldeangebot hinaus zu danken. Wir stellen au\u00dferdem sicher, dass alle Cashback-Pr\u00e4mien unbegrenzt g\u00fcltig bleiben. Wir aktualisieren die Bedingungen regelm\u00e4\u00dfig, daher empfehlen wir Ihnen, sich auf dem Laufenden zu halten, wenn Sie an all unseren Angeboten teilnehmen m\u00f6chten.<\/p>\n<\/div><\/div><\/span><\/p>\n","protected":false},"excerpt":{"rendered":"<p>SpinAnia Bonus SpinAnia Bonus ist eine sehr interessante Option, um das Spielgeschehen etwas aufzupeppen und die Gewinnchancen zu verbessern. SpinAnia Casino bietet eine Reihe von Aktionen f\u00fcr neue und wiederkehrende Spieler, um deren Spielerlebnis zu verbessern. Wir bieten gro\u00dfz\u00fcgige Boni sowie eine Vielzahl von Spielen, damit jeder Besuch bei uns f\u00fcr Sie profitabel ist und [&hellip;]<\/p>\n","protected":false},"author":1,"featured_media":0,"parent":0,"menu_order":0,"comment_status":"closed","ping_status":"closed","template":"template-builder.php","meta":{"_acf_changed":false,"inline_featured_image":false,"footnotes":""},"class_list":["post-1667","page","type-page","status-publish","hentry"],"acf":[],"yoast_head":"<!-- This site is optimized with the Yoast SEO plugin v24.4 - https:\/\/yoast.com\/wordpress\/plugins\/seo\/ -->\n<title>SpinAnia Casino Bonus | Willkommens- und Promo-Angebote<\/title>\n<meta name=\"description\" content=\"SpinAnia Casino Bonus \u2013 entdecke spannende Willkommenspakete, Reload-Angebote und Freispiele. Genie\u00dfe w\u00f6chentlichen Cashback, Turniere und exklusive Belohnungen bei Spin Ania.\" \/>\n<meta name=\"robots\" content=\"index, follow, max-snippet:-1, max-image-preview:large, max-video-preview:-1\" \/>\n<link rel=\"canonical\" href=\"https:\/\/spin-ania.com\/de\/aktionen\/\" \/>\n<meta property=\"og:locale\" content=\"de_DE\" \/>\n<meta property=\"og:type\" content=\"article\" \/>\n<meta property=\"og:title\" content=\"SpinAnia Casino Bonus | Willkommens- und Promo-Angebote\" \/>\n<meta property=\"og:description\" content=\"SpinAnia Casino Bonus \u2013 entdecke spannende Willkommenspakete, Reload-Angebote und Freispiele. Genie\u00dfe w\u00f6chentlichen Cashback, Turniere und exklusive Belohnungen bei Spin Ania.\" \/>\n<meta property=\"og:url\" content=\"https:\/\/spin-ania.com\/de\/aktionen\/\" \/>\n<meta property=\"og:site_name\" content=\"spinania\" \/>\n<meta property=\"article:modified_time\" content=\"2026-01-14T11:22:46+00:00\" \/>\n<meta name=\"twitter:card\" content=\"summary_large_image\" \/>\n<meta name=\"twitter:label1\" content=\"Gesch\u00e4tzte Lesezeit\" \/>\n\t<meta name=\"twitter:data1\" content=\"1\u00a0Minute\" \/>\n<script type=\"application\/ld+json\" class=\"yoast-schema-graph\">{\"@context\":\"https:\/\/schema.org\",\"@graph\":[{\"@type\":\"WebPage\",\"@id\":\"https:\/\/spin-ania.com\/de\/aktionen\/\",\"url\":\"https:\/\/spin-ania.com\/de\/aktionen\/\",\"name\":\"SpinAnia Casino Bonus | Willkommens- und Promo-Angebote\",\"isPartOf\":{\"@id\":\"https:\/\/spin-ania.com\/de\/#website\"},\"datePublished\":\"2026-01-14T09:23:22+00:00\",\"dateModified\":\"2026-01-14T11:22:46+00:00\",\"description\":\"SpinAnia Casino Bonus \u2013 entdecke spannende Willkommenspakete, Reload-Angebote und Freispiele. Genie\u00dfe w\u00f6chentlichen Cashback, Turniere und exklusive Belohnungen bei Spin Ania.\",\"breadcrumb\":{\"@id\":\"https:\/\/spin-ania.com\/de\/aktionen\/#breadcrumb\"},\"inLanguage\":\"de\",\"potentialAction\":[{\"@type\":\"ReadAction\",\"target\":[\"https:\/\/spin-ania.com\/de\/aktionen\/\"]}]},{\"@type\":\"BreadcrumbList\",\"@id\":\"https:\/\/spin-ania.com\/de\/aktionen\/#breadcrumb\",\"itemListElement\":[{\"@type\":\"ListItem\",\"position\":1,\"name\":\"Spinania\",\"item\":\"https:\/\/spin-ania.com\/de\/\"},{\"@type\":\"ListItem\",\"position\":2,\"name\":\"Aktionen\"}]},{\"@type\":\"WebSite\",\"@id\":\"https:\/\/spin-ania.com\/de\/#website\",\"url\":\"https:\/\/spin-ania.com\/de\/\",\"name\":\"Spinania\",\"description\":\"\",\"publisher\":{\"@id\":\"https:\/\/spin-ania.com\/de\/#organization\"},\"potentialAction\":[{\"@type\":\"SearchAction\",\"target\":{\"@type\":\"EntryPoint\",\"urlTemplate\":\"https:\/\/spin-ania.com\/de\/?s={search_term_string}\"},\"query-input\":{\"@type\":\"PropertyValueSpecification\",\"valueRequired\":true,\"valueName\":\"search_term_string\"}}],\"inLanguage\":\"de\"},{\"@type\":\"Organization\",\"@id\":\"https:\/\/spin-ania.com\/de\/#organization\",\"name\":\"Spinania\",\"url\":\"https:\/\/spin-ania.com\/de\/\",\"logo\":{\"@type\":\"ImageObject\",\"inLanguage\":\"de\",\"@id\":\"https:\/\/spin-ania.com\/de\/#\/schema\/logo\/image\/\",\"url\":\"https:\/\/spin-ania.com\/wp-content\/uploads\/2025\/08\/KeIS1eTvcSVRrxjd4vQx.png\",\"contentUrl\":\"https:\/\/spin-ania.com\/wp-content\/uploads\/2025\/08\/KeIS1eTvcSVRrxjd4vQx.png\",\"width\":106,\"height\":31,\"caption\":\"Spinania\"},\"image\":{\"@id\":\"https:\/\/spin-ania.com\/de\/#\/schema\/logo\/image\/\"}}]}<\/script>\n<!-- \/ Yoast SEO plugin. -->","yoast_head_json":{"title":"SpinAnia Casino Bonus | Willkommens- und Promo-Angebote","description":"SpinAnia Casino Bonus \u2013 entdecke spannende Willkommenspakete, Reload-Angebote und Freispiele. Genie\u00dfe w\u00f6chentlichen Cashback, Turniere und exklusive Belohnungen bei Spin Ania.","robots":{"index":"index","follow":"follow","max-snippet":"max-snippet:-1","max-image-preview":"max-image-preview:large","max-video-preview":"max-video-preview:-1"},"canonical":"https:\/\/spin-ania.com\/de\/aktionen\/","og_locale":"de_DE","og_type":"article","og_title":"SpinAnia Casino Bonus | Willkommens- und Promo-Angebote","og_description":"SpinAnia Casino Bonus \u2013 entdecke spannende Willkommenspakete, Reload-Angebote und Freispiele. Genie\u00dfe w\u00f6chentlichen Cashback, Turniere und exklusive Belohnungen bei Spin Ania.","og_url":"https:\/\/spin-ania.com\/de\/aktionen\/","og_site_name":"spinania","article_modified_time":"2026-01-14T11:22:46+00:00","twitter_card":"summary_large_image","twitter_misc":{"Gesch\u00e4tzte Lesezeit":"1\u00a0Minute"},"schema":{"@context":"https:\/\/schema.org","@graph":[{"@type":"WebPage","@id":"https:\/\/spin-ania.com\/de\/aktionen\/","url":"https:\/\/spin-ania.com\/de\/aktionen\/","name":"SpinAnia Casino Bonus | Willkommens- und Promo-Angebote","isPartOf":{"@id":"https:\/\/spin-ania.com\/de\/#website"},"datePublished":"2026-01-14T09:23:22+00:00","dateModified":"2026-01-14T11:22:46+00:00","description":"SpinAnia Casino Bonus \u2013 entdecke spannende Willkommenspakete, Reload-Angebote und Freispiele. Genie\u00dfe w\u00f6chentlichen Cashback, Turniere und exklusive Belohnungen bei Spin Ania.","breadcrumb":{"@id":"https:\/\/spin-ania.com\/de\/aktionen\/#breadcrumb"},"inLanguage":"de","potentialAction":[{"@type":"ReadAction","target":["https:\/\/spin-ania.com\/de\/aktionen\/"]}]},{"@type":"BreadcrumbList","@id":"https:\/\/spin-ania.com\/de\/aktionen\/#breadcrumb","itemListElement":[{"@type":"ListItem","position":1,"name":"Spinania","item":"https:\/\/spin-ania.com\/de\/"},{"@type":"ListItem","position":2,"name":"Aktionen"}]},{"@type":"WebSite","@id":"https:\/\/spin-ania.com\/de\/#website","url":"https:\/\/spin-ania.com\/de\/","name":"Spinania","description":"","publisher":{"@id":"https:\/\/spin-ania.com\/de\/#organization"},"potentialAction":[{"@type":"SearchAction","target":{"@type":"EntryPoint","urlTemplate":"https:\/\/spin-ania.com\/de\/?s={search_term_string}"},"query-input":{"@type":"PropertyValueSpecification","valueRequired":true,"valueName":"search_term_string"}}],"inLanguage":"de"},{"@type":"Organization","@id":"https:\/\/spin-ania.com\/de\/#organization","name":"Spinania","url":"https:\/\/spin-ania.com\/de\/","logo":{"@type":"ImageObject","inLanguage":"de","@id":"https:\/\/spin-ania.com\/de\/#\/schema\/logo\/image\/","url":"https:\/\/spin-ania.com\/wp-content\/uploads\/2025\/08\/KeIS1eTvcSVRrxjd4vQx.png","contentUrl":"https:\/\/spin-ania.com\/wp-content\/uploads\/2025\/08\/KeIS1eTvcSVRrxjd4vQx.png","width":106,"height":31,"caption":"Spinania"},"image":{"@id":"https:\/\/spin-ania.com\/de\/#\/schema\/logo\/image\/"}}]}},"_links":{"self":[{"href":"https:\/\/spin-ania.com\/de\/wp-json\/wp\/v2\/pages\/1667"}],"collection":[{"href":"https:\/\/spin-ania.com\/de\/wp-json\/wp\/v2\/pages"}],"about":[{"href":"https:\/\/spin-ania.com\/de\/wp-json\/wp\/v2\/types\/page"}],"author":[{"embeddable":true,"href":"https:\/\/spin-ania.com\/de\/wp-json\/wp\/v2\/users\/1"}],"replies":[{"embeddable":true,"href":"https:\/\/spin-ania.com\/de\/wp-json\/wp\/v2\/comments?post=1667"}],"version-history":[{"count":2,"href":"https:\/\/spin-ania.com\/de\/wp-json\/wp\/v2\/pages\/1667\/revisions"}],"predecessor-version":[{"id":1783,"href":"https:\/\/spin-ania.com\/de\/wp-json\/wp\/v2\/pages\/1667\/revisions\/1783"}],"wp:attachment":[{"href":"https:\/\/spin-ania.com\/de\/wp-json\/wp\/v2\/media?parent=1667"}],"curies":[{"name":"wp","href":"https:\/\/api.w.org\/{rel}","templated":true}]}}