{"id":1652,"date":"2026-01-14T09:17:54","date_gmt":"2026-01-14T09:17:54","guid":{"rendered":"https:\/\/spin-ania.com\/app\/"},"modified":"2026-01-14T13:07:31","modified_gmt":"2026-01-14T13:07:31","slug":"aplicacion","status":"publish","type":"page","link":"https:\/\/spin-ania.com\/es\/aplicacion\/","title":{"rendered":"Aplicaci\u00f3n"},"content":{"rendered":"<h1>Aplicaci\u00f3n SpinAnia Casino<\/h1>\n<p>SpinAnia app es un software de juego incre\u00edblemente moderno, ideal para los jugadores espa\u00f1oles que desean disfrutar de sus juegos de casino favoritos en cualquier lugar. A trav\u00e9s de nuestra avanzada plataforma m\u00f3vil, SpinAnia Casino garantiza a los usuarios el acceso a una amplia gama de funciones y es accesible desde todos los dispositivos m\u00f3viles habituales, lo que ofrece comodidad y un buen rendimiento en cualquier momento.<\/p>\n<div class=\"banner-wrap\" aria-label=\"Banner\"><img src=\"https:\/\/spin-ania.com\/wp-content\/uploads\/2026\/01\/Spinania-Banner-Desktop.webp\" class=\"w-100 d-none d-lg-block img-pc main-banner-img\" alt=\"spinania bonus desktop\" fetchpriority=\"high\" decoding=\"async\"><img src=\"https:\/\/spin-ania.com\/wp-content\/uploads\/2026\/01\/Spinania-mobile-banner.webp\" class=\"w-100 d-none d-md-block d-lg-none main-banner-img\" alt=\"spinania bonus mobile\" fetchpriority=\"high\" decoding=\"async\"><img src=\"https:\/\/spin-ania.com\/wp-content\/uploads\/2026\/01\/Spinania-mobile-banner.webp\" class=\"w-100 d-md-none\" alt=\"spinania bonus mobile\" fetchpriority=\"high\" decoding=\"async\"><div class=\"banner-description\">\n<div class=\"banner-title\">Bonos de bienvenida<\/div>\n<p class=\"banner-header-title\">\u20ac1,500<\/p>\n<div class=\"banner-header-AdditionalText\">+ 250 Giros gratis<\/div>\n<button data-item=\"homepage_banner_link\" class=\"goto m-button m-gradient-border m-button--primary m-button--large banner-button btn-orange\">\n            <div class=\"m-button-content\">\n                <span>Reg\u00edstrese ahora<\/span>\n                <span><\/span>\n            <\/div>\n        <\/button>\n<\/div>\n<div class=\"WelcomePack\">\n<p><img loading=\"lazy\" decoding=\"async\" class=\"alignnone size-full wp-image-1589\" src=\"https:\/\/spin-ania.com\/wp-content\/uploads\/2026\/01\/welcome-crown.svg\" alt=\"welcome crown\" width=\"25\" height=\"26\" \/><\/p>\n<div class=\"WelcomePack-Info\">Reembolso semanal de hasta el 25 %<\/div>\n<p><img loading=\"lazy\" decoding=\"async\" class=\"alignnone size-full wp-image-1589\" src=\"https:\/\/spin-ania.com\/wp-content\/uploads\/2026\/01\/welcome-crown.svg\" alt=\"welcome crown\" width=\"25\" height=\"26\" \/><\/p>\n<\/div>\n<\/div>\n<h2>Caracter\u00edsticas de la aplicaci\u00f3n SpinAnia<\/h2>\n<p>La aplicaci\u00f3n SpinAnia es \u00fanica por sus potentes funciones y su facilidad de uso. Ofrece a los usuarios una experiencia m\u00f3vil superior a la que tendr\u00edan con los juegos tradicionales de escritorio. Podr\u00e1s acceder de forma r\u00e1pida y segura a nuestra enorme biblioteca de tragamonedas, juegos de mesa y t\u00edtulos con crupier en vivo basados en la web. La naturaleza intuitiva de la aplicaci\u00f3n, con su interfaz f\u00e1cil de usar, permite a los jugadores navegar libremente por la biblioteca y, por lo tanto, encontrar sus juegos favoritos en el menor tiempo posible.<\/p>\n<p>Adem\u00e1s, el equipo de asistencia de SpinAnia Casino atiende a los clientes al instante a trav\u00e9s de un chat en vivo. De esta manera, podr\u00e1s disfrutar de la m\u00e1xima comodidad y conveniencia. Nuestra sincronizaci\u00f3n tambi\u00e9n mantiene la coherencia de los datos de los usuarios en todos los dispositivos, por lo que los jugadores pueden disfrutar de los mismos juegos al cambiar entre el m\u00f3vil y el ordenador.<\/p>\n<p>Nuestra aplicaci\u00f3n fluida tambi\u00e9n est\u00e1 optimizada para el tama\u00f1o de la pantalla y funciona bien sin comprometer la calidad de los juegos ni la seguridad.<\/p>\n<p><div style=\"clear: both\"><\/div><div class=\"d-flex justify-content-center\"><button data-item=\"seo-link\" data-group=\"website_links\" class=\"goto fw-bold rounded-pill btn btn-orange\" aria-label=\"Descarga la aplicaci\u00f3n Spinania\" >Descarga la aplicaci\u00f3n Spinania<\/button><\/div><div class=\"scrollable-content-wrap my-5\"><div class=\"scrollable-content-inner\"><h2>Aplicaci\u00f3n SpinAnia para Android OS<\/h2>\n<p>Tambi\u00e9n hemos desarrollado la aplicaci\u00f3n SpinAnia para usuarios de Android. Nuestra aplicaci\u00f3n se ha creado con el objetivo de ser sencilla y eficaz. Se puede descargar directamente desde nuestro sitio web como una PWA. Esta es nuestra forma de evitar las limitaciones de las aplicaciones de apuestas.<\/p>\n<ol>\n<li>Haga clic en el bot\u00f3n \u00abAplicaci\u00f3n del casino\u00bb que aparece a continuaci\u00f3n en la p\u00e1gina del casino Spin Ania.<\/li>\n<li>Una vez redirigido a la p\u00e1gina de instalaci\u00f3n de la PWA, haga clic en \u00abInstalar\u00bb y espere a que comience la descarga.<\/li>\n<li>Completa la descarga y ver\u00e1s aparecer el icono en tu pantalla.<\/li>\n<li>\u00a1Haz clic y se abrir\u00e1n todos nuestros juegos de SpinAnia Casino!<\/li>\n<\/ol>\n<p>En el momento en que se instala el casino m\u00f3vil, los jugadores tienen acceso inmediato a toda la biblioteca de juegos, incluyendo las \u00faltimas tragamonedas en l\u00ednea y los juegos de mesa tradicionales optimizados para la pantalla del m\u00f3vil. La aplicaci\u00f3n est\u00e1 basada en Android 8.0 y superior, que puede funcionar con la mayor\u00eda de los dispositivos modernos. No necesitamos mantener un sistema de versiones complejo. Nuestra tecnolog\u00eda PWA minimiza los requisitos de almacenamiento para renderizar los datos r\u00e1pidamente.<\/p>\n<p>No tenemos el SpinAnia APK y vemos que nuestros jugadores ya no lo utilizan porque ahora conocen un medio m\u00e1s seguro y fiable para acceder a la plataforma m\u00f3vil del casino.<\/p>\n<p><img loading=\"lazy\" decoding=\"async\" class=\"alignnone size-full wp-image-1493\" src=\"https:\/\/spin-ania.com\/wp-content\/uploads\/2026\/01\/Spinania-Android-App.webp\" alt=\"Spinania Android\" width=\"1248\" height=\"536\" srcset=\"https:\/\/spin-ania.com\/wp-content\/uploads\/2026\/01\/Spinania-Android-App.webp 1248w, https:\/\/spin-ania.com\/wp-content\/uploads\/2026\/01\/Spinania-Android-App-300x129.webp 300w, https:\/\/spin-ania.com\/wp-content\/uploads\/2026\/01\/Spinania-Android-App-1024x440.webp 1024w, https:\/\/spin-ania.com\/wp-content\/uploads\/2026\/01\/Spinania-Android-App-768x330.webp 768w\" sizes=\"(max-width: 1248px) 100vw, 1248px\" \/><\/p>\n<\/div><\/div><div style=\"clear: both\"><\/div><div class=\"d-flex justify-content-center\"><button data-item=\"seo-link\" data-group=\"website_links\" class=\"goto fw-bold rounded-pill btn btn-orange\" aria-label=\"Descarga la aplicaci\u00f3n Spinania\" >Descarga la aplicaci\u00f3n Spinania<\/button><\/div><div class=\"scrollable-content-wrap my-5\"><div class=\"scrollable-content-inner\"><h2>Aplicaci\u00f3n SpinAnia iOS<\/h2>\n<p>SpinAnia Casino tiene una PWA espec\u00edfica para iOS, que ofrece a los usuarios de iPhone y iPad una experiencia muy optimizada. Puedes descargar la aplicaci\u00f3n directamente desde nuestro enlace en la p\u00e1gina del casino, aunque no est\u00e9 disponible en la App Store.<\/p>\n<ol>\n<li>Desde tu dispositivo m\u00f3vil Apple, abre la p\u00e1gina de Spin Ania y ve al \u00e1rea de la aplicaci\u00f3n.<\/li>\n<li>Instala la PWA siguiendo las sencillas instrucciones.<\/li>\n<\/ol>\n<p>Los jugadores pueden disfrutar de una interfaz fluida, velocidades de carga r\u00e1pidas y acceso a toda la biblioteca de nuestros juegos con gr\u00e1ficos en 3D despu\u00e9s de instalarla. La aplicaci\u00f3n es compatible con todos los dispositivos iOS importantes, y puedes disfrutar de notificaciones push y una integraci\u00f3n perfecta con los protocolos de seguridad.<\/p>\n<p><img loading=\"lazy\" decoding=\"async\" class=\"alignnone size-full wp-image-1541\" src=\"https:\/\/spin-ania.com\/wp-content\/uploads\/2026\/01\/Spinania-iOS-App.webp\" alt=\"Spinania iOS\" width=\"1248\" height=\"536\" srcset=\"https:\/\/spin-ania.com\/wp-content\/uploads\/2026\/01\/Spinania-iOS-App.webp 1248w, https:\/\/spin-ania.com\/wp-content\/uploads\/2026\/01\/Spinania-iOS-App-300x129.webp 300w, https:\/\/spin-ania.com\/wp-content\/uploads\/2026\/01\/Spinania-iOS-App-1024x440.webp 1024w, https:\/\/spin-ania.com\/wp-content\/uploads\/2026\/01\/Spinania-iOS-App-768x330.webp 768w\" sizes=\"(max-width: 1248px) 100vw, 1248px\" \/><\/p>\n<\/div><\/div><div style=\"clear: both\"><\/div><div class=\"d-flex justify-content-center\"><button data-item=\"seo-link\" data-group=\"website_links\" class=\"goto fw-bold rounded-pill btn btn-orange\" aria-label=\"Descarga la aplicaci\u00f3n Spinania\" >Descarga la aplicaci\u00f3n Spinania<\/button><\/div><div class=\"scrollable-content-wrap my-5\"><div class=\"scrollable-content-inner\"><h2>Spin Ania Casino Versi\u00f3n para ordenador<\/h2>\n<p>Aunque la aplicaci\u00f3n SpinAnia aprovecha la comodidad de los dispositivos m\u00f3viles, la versi\u00f3n de escritorio sigue desempe\u00f1ando un papel importante en los juegos. La plataforma de escritorio est\u00e1 disponible en los sistemas operativos macOS y Windows. Cuenta con una pantalla m\u00e1s grande y ofrece m\u00e1s controles de navegaci\u00f3n. No es necesario instalar ning\u00fan software adicional para acceder al casino. Solo tienes que abrir nuestra biblioteca con la ayuda de navegadores populares como Chrome, Firefox, Safari o Edge.<\/p>\n<p>Para acceder r\u00e1pidamente, es recomendable crear un acceso directo en el escritorio, lo que permitir\u00e1 acceder al casino con un solo clic. Nuestra aplicaci\u00f3n inteligente para escritorio est\u00e1 sincronizada con la plataforma m\u00f3vil, de modo que cualquier informaci\u00f3n, preferencia y logro del usuario puede seguir siendo compatible en todas las plataformas.<\/p>\n<h3>Interfaz de usuario y navegaci\u00f3n<\/h3>\n<p>La aplicaci\u00f3n SpinAnia presenta un dise\u00f1o inteligente que combina modernidad y funcionalidad. La interfaz en color violeta oscuro es elegante y f\u00e1cil de usar, con men\u00fas claramente etiquetados y una navegaci\u00f3n optimizada para todos los tipos de juegos. En nuestras mejores tragamonedas en l\u00ednea, juegos de mesa y juegos con crupier en vivo, los usuarios disfrutan de transiciones r\u00e1pidas y un tiempo de carga corto. El dise\u00f1o se adapta perfectamente a cualquier tama\u00f1o de pantalla, por lo que ofrece la mejor experiencia de juego en smartphones, tabletas y ordenadores de sobremesa.<\/p>\n<table>\n<tbody>\n<tr>\n<td>Aspecto<\/td>\n<td>Detalles<\/td>\n<\/tr>\n<tr>\n<td>Optimizaci\u00f3n para tabletas<\/td>\n<td>La aplicaci\u00f3n est\u00e1 optimizada al m\u00e1ximo para tabletas y pantallas m\u00e1s grandes, con una experiencia gr\u00e1fica enriquecida y una navegaci\u00f3n sencilla.<\/td>\n<\/tr>\n<tr>\n<td>Compatibilidad con dispositivos<\/td>\n<td>La aplicaci\u00f3n funcionar\u00e1 con dispositivos Android e iOS y es compatible con una amplia variedad de tel\u00e9fonos inteligentes y tabletas.<\/td>\n<\/tr>\n<tr>\n<td>Disponibilidad del juego<\/td>\n<td>Todos los juegos de Spin Ania Casino, como tragamonedas en l\u00ednea, juegos de mesa y crupieres en vivo, est\u00e1n disponibles en la aplicaci\u00f3n, que ofrece una plataforma de juego completa.<\/td>\n<\/tr>\n<\/tbody>\n<\/table>\n<p>Puede ponerse en contacto con nuestro equipo de asistencia a trav\u00e9s del chat en vivo integrado. Nos aseguramos de estar disponibles para usted en caso de que surja alg\u00fan problema o tenga alguna pregunta.<\/p>\n<p><img loading=\"lazy\" decoding=\"async\" class=\"alignnone size-full wp-image-1525\" src=\"https:\/\/spin-ania.com\/wp-content\/uploads\/2026\/01\/Spinania-Desktop.webp\" alt=\"Spinania Desktop\" width=\"1248\" height=\"536\" srcset=\"https:\/\/spin-ania.com\/wp-content\/uploads\/2026\/01\/Spinania-Desktop.webp 1248w, https:\/\/spin-ania.com\/wp-content\/uploads\/2026\/01\/Spinania-Desktop-300x129.webp 300w, https:\/\/spin-ania.com\/wp-content\/uploads\/2026\/01\/Spinania-Desktop-1024x440.webp 1024w, https:\/\/spin-ania.com\/wp-content\/uploads\/2026\/01\/Spinania-Desktop-768x330.webp 768w\" sizes=\"(max-width: 1248px) 100vw, 1248px\" \/><\/p>\n<\/div><\/div><div style=\"clear: both\"><\/div><div class=\"d-flex justify-content-center\"><button data-item=\"seo-link\" data-group=\"website_links\" class=\"goto fw-bold rounded-pill btn btn-orange\" aria-label=\"Descarga la aplicaci\u00f3n Spinania\" >Descarga la aplicaci\u00f3n Spinania<\/button><\/div><div class=\"scrollable-content-wrap my-5\"><div class=\"scrollable-content-inner\"><h2>Preguntas frecuentes<\/h2>\n<h3>\u00bfLa aplicaci\u00f3n SpinAnia est\u00e1 optimizada para tabletas y pantallas m\u00e1s grandes?<\/h3>\n<p>Somos totalmente compatibles con dispositivos m\u00f3viles y funcionamos en cualquier tama\u00f1o de pantalla. Puedes ajustar todas las configuraciones para disfrutar de una experiencia visual y de navegaci\u00f3n m\u00e1s impecable en cualquier dispositivo.<\/p>\n<h3>\u00bfLa aplicaci\u00f3n est\u00e1 disponible para dispositivos Android e iOS?<\/h3>\n<p>SpinAnia Casino tiene sus aplicaciones en Android e iOS y se pueden descargar en nuestra p\u00e1gina principal como versi\u00f3n PWA. \u00a1Puedes pasar el proceso de verificaci\u00f3n y disfrutar de los juegos con dinero real o utilizar nuestro modo demo para perfeccionar tus habilidades!<\/p>\n<h3>\u00bfTodos los juegos de Spin Ania est\u00e1n disponibles en la aplicaci\u00f3n?<\/h3>\n<p>Toda la biblioteca de juegos de Spin Ania, como nuevos lanzamientos, tragamonedas cl\u00e1sicas y juegos con crupier en vivo, est\u00e1 alojada en la aplicaci\u00f3n, lo que proporciona toda la experiencia de casino en dispositivos m\u00f3viles y de escritorio. Puedes elegir d\u00f3nde y c\u00f3mo jugar, y nosotros te lo proporcionamos todo.<\/p>\n<\/div><\/div><\/p>\n","protected":false},"excerpt":{"rendered":"<p>Aplicaci\u00f3n SpinAnia Casino SpinAnia app es un software de juego incre\u00edblemente moderno, ideal para los jugadores espa\u00f1oles que desean disfrutar de sus juegos de casino favoritos en cualquier lugar. A trav\u00e9s de nuestra avanzada plataforma m\u00f3vil, SpinAnia Casino garantiza a los usuarios el acceso a una amplia gama de funciones y es accesible desde todos [&hellip;]<\/p>\n","protected":false},"author":1,"featured_media":0,"parent":0,"menu_order":0,"comment_status":"closed","ping_status":"closed","template":"template-builder.php","meta":{"_acf_changed":false,"inline_featured_image":false,"footnotes":""},"class_list":["post-1652","page","type-page","status-publish","hentry"],"acf":[],"yoast_head":"<!-- This site is optimized with the Yoast SEO plugin v24.4 - https:\/\/yoast.com\/wordpress\/plugins\/seo\/ -->\n<title>SpinAnia App para M\u00f3vil | iOS, Android<\/title>\n<meta name=\"description\" content=\"SpinAnia App \u2013 juega a tus juegos de casino en iOS y Android desde cualquier lugar. Disfruta de un rendimiento fluido, sincronizaci\u00f3n instant\u00e1nea y acceso completo en Spin Ania.\" \/>\n<meta name=\"robots\" content=\"index, follow, max-snippet:-1, max-image-preview:large, max-video-preview:-1\" \/>\n<link rel=\"canonical\" href=\"https:\/\/spin-ania.com\/es\/aplicacion\/\" \/>\n<meta property=\"og:locale\" content=\"es_ES\" \/>\n<meta property=\"og:type\" content=\"article\" \/>\n<meta property=\"og:title\" content=\"SpinAnia App para M\u00f3vil | iOS, Android\" \/>\n<meta property=\"og:description\" content=\"SpinAnia App \u2013 juega a tus juegos de casino en iOS y Android desde cualquier lugar. Disfruta de un rendimiento fluido, sincronizaci\u00f3n instant\u00e1nea y acceso completo en Spin Ania.\" \/>\n<meta property=\"og:url\" content=\"https:\/\/spin-ania.com\/es\/aplicacion\/\" \/>\n<meta property=\"og:site_name\" content=\"spinania\" \/>\n<meta property=\"article:modified_time\" content=\"2026-01-14T13:07:31+00:00\" \/>\n<meta name=\"twitter:card\" content=\"summary_large_image\" \/>\n<meta name=\"twitter:label1\" content=\"Est. reading time\" \/>\n\t<meta name=\"twitter:data1\" content=\"2 minutes\" \/>\n<script type=\"application\/ld+json\" class=\"yoast-schema-graph\">{\"@context\":\"https:\/\/schema.org\",\"@graph\":[{\"@type\":\"WebPage\",\"@id\":\"https:\/\/spin-ania.com\/es\/aplicacion\/\",\"url\":\"https:\/\/spin-ania.com\/es\/aplicacion\/\",\"name\":\"SpinAnia App para M\u00f3vil | iOS, Android\",\"isPartOf\":{\"@id\":\"https:\/\/spin-ania.com\/es\/#website\"},\"datePublished\":\"2026-01-14T09:17:54+00:00\",\"dateModified\":\"2026-01-14T13:07:31+00:00\",\"description\":\"SpinAnia App \u2013 juega a tus juegos de casino en iOS y Android desde cualquier lugar. Disfruta de un rendimiento fluido, sincronizaci\u00f3n instant\u00e1nea y acceso completo en Spin Ania.\",\"breadcrumb\":{\"@id\":\"https:\/\/spin-ania.com\/es\/aplicacion\/#breadcrumb\"},\"inLanguage\":\"es-ES\",\"potentialAction\":[{\"@type\":\"ReadAction\",\"target\":[\"https:\/\/spin-ania.com\/es\/aplicacion\/\"]}]},{\"@type\":\"BreadcrumbList\",\"@id\":\"https:\/\/spin-ania.com\/es\/aplicacion\/#breadcrumb\",\"itemListElement\":[{\"@type\":\"ListItem\",\"position\":1,\"name\":\"Spinania\",\"item\":\"https:\/\/spin-ania.com\/es\/\"},{\"@type\":\"ListItem\",\"position\":2,\"name\":\"Aplicaci\u00f3n\"}]},{\"@type\":\"WebSite\",\"@id\":\"https:\/\/spin-ania.com\/es\/#website\",\"url\":\"https:\/\/spin-ania.com\/es\/\",\"name\":\"Spinania\",\"description\":\"\",\"publisher\":{\"@id\":\"https:\/\/spin-ania.com\/es\/#organization\"},\"potentialAction\":[{\"@type\":\"SearchAction\",\"target\":{\"@type\":\"EntryPoint\",\"urlTemplate\":\"https:\/\/spin-ania.com\/es\/?s={search_term_string}\"},\"query-input\":{\"@type\":\"PropertyValueSpecification\",\"valueRequired\":true,\"valueName\":\"search_term_string\"}}],\"inLanguage\":\"es-ES\"},{\"@type\":\"Organization\",\"@id\":\"https:\/\/spin-ania.com\/es\/#organization\",\"name\":\"Spinania\",\"url\":\"https:\/\/spin-ania.com\/es\/\",\"logo\":{\"@type\":\"ImageObject\",\"inLanguage\":\"es-ES\",\"@id\":\"https:\/\/spin-ania.com\/es\/#\/schema\/logo\/image\/\",\"url\":\"https:\/\/spin-ania.com\/wp-content\/uploads\/2025\/08\/KeIS1eTvcSVRrxjd4vQx.png\",\"contentUrl\":\"https:\/\/spin-ania.com\/wp-content\/uploads\/2025\/08\/KeIS1eTvcSVRrxjd4vQx.png\",\"width\":106,\"height\":31,\"caption\":\"Spinania\"},\"image\":{\"@id\":\"https:\/\/spin-ania.com\/es\/#\/schema\/logo\/image\/\"}}]}<\/script>\n<!-- \/ Yoast SEO plugin. -->","yoast_head_json":{"title":"SpinAnia App para M\u00f3vil | iOS, Android","description":"SpinAnia App \u2013 juega a tus juegos de casino en iOS y Android desde cualquier lugar. Disfruta de un rendimiento fluido, sincronizaci\u00f3n instant\u00e1nea y acceso completo en Spin Ania.","robots":{"index":"index","follow":"follow","max-snippet":"max-snippet:-1","max-image-preview":"max-image-preview:large","max-video-preview":"max-video-preview:-1"},"canonical":"https:\/\/spin-ania.com\/es\/aplicacion\/","og_locale":"es_ES","og_type":"article","og_title":"SpinAnia App para M\u00f3vil | iOS, Android","og_description":"SpinAnia App \u2013 juega a tus juegos de casino en iOS y Android desde cualquier lugar. Disfruta de un rendimiento fluido, sincronizaci\u00f3n instant\u00e1nea y acceso completo en Spin Ania.","og_url":"https:\/\/spin-ania.com\/es\/aplicacion\/","og_site_name":"spinania","article_modified_time":"2026-01-14T13:07:31+00:00","twitter_card":"summary_large_image","twitter_misc":{"Est. reading time":"2 minutes"},"schema":{"@context":"https:\/\/schema.org","@graph":[{"@type":"WebPage","@id":"https:\/\/spin-ania.com\/es\/aplicacion\/","url":"https:\/\/spin-ania.com\/es\/aplicacion\/","name":"SpinAnia App para M\u00f3vil | iOS, Android","isPartOf":{"@id":"https:\/\/spin-ania.com\/es\/#website"},"datePublished":"2026-01-14T09:17:54+00:00","dateModified":"2026-01-14T13:07:31+00:00","description":"SpinAnia App \u2013 juega a tus juegos de casino en iOS y Android desde cualquier lugar. Disfruta de un rendimiento fluido, sincronizaci\u00f3n instant\u00e1nea y acceso completo en Spin Ania.","breadcrumb":{"@id":"https:\/\/spin-ania.com\/es\/aplicacion\/#breadcrumb"},"inLanguage":"es-ES","potentialAction":[{"@type":"ReadAction","target":["https:\/\/spin-ania.com\/es\/aplicacion\/"]}]},{"@type":"BreadcrumbList","@id":"https:\/\/spin-ania.com\/es\/aplicacion\/#breadcrumb","itemListElement":[{"@type":"ListItem","position":1,"name":"Spinania","item":"https:\/\/spin-ania.com\/es\/"},{"@type":"ListItem","position":2,"name":"Aplicaci\u00f3n"}]},{"@type":"WebSite","@id":"https:\/\/spin-ania.com\/es\/#website","url":"https:\/\/spin-ania.com\/es\/","name":"Spinania","description":"","publisher":{"@id":"https:\/\/spin-ania.com\/es\/#organization"},"potentialAction":[{"@type":"SearchAction","target":{"@type":"EntryPoint","urlTemplate":"https:\/\/spin-ania.com\/es\/?s={search_term_string}"},"query-input":{"@type":"PropertyValueSpecification","valueRequired":true,"valueName":"search_term_string"}}],"inLanguage":"es-ES"},{"@type":"Organization","@id":"https:\/\/spin-ania.com\/es\/#organization","name":"Spinania","url":"https:\/\/spin-ania.com\/es\/","logo":{"@type":"ImageObject","inLanguage":"es-ES","@id":"https:\/\/spin-ania.com\/es\/#\/schema\/logo\/image\/","url":"https:\/\/spin-ania.com\/wp-content\/uploads\/2025\/08\/KeIS1eTvcSVRrxjd4vQx.png","contentUrl":"https:\/\/spin-ania.com\/wp-content\/uploads\/2025\/08\/KeIS1eTvcSVRrxjd4vQx.png","width":106,"height":31,"caption":"Spinania"},"image":{"@id":"https:\/\/spin-ania.com\/es\/#\/schema\/logo\/image\/"}}]}},"_links":{"self":[{"href":"https:\/\/spin-ania.com\/es\/wp-json\/wp\/v2\/pages\/1652"}],"collection":[{"href":"https:\/\/spin-ania.com\/es\/wp-json\/wp\/v2\/pages"}],"about":[{"href":"https:\/\/spin-ania.com\/es\/wp-json\/wp\/v2\/types\/page"}],"author":[{"embeddable":true,"href":"https:\/\/spin-ania.com\/es\/wp-json\/wp\/v2\/users\/1"}],"replies":[{"embeddable":true,"href":"https:\/\/spin-ania.com\/es\/wp-json\/wp\/v2\/comments?post=1652"}],"version-history":[{"count":2,"href":"https:\/\/spin-ania.com\/es\/wp-json\/wp\/v2\/pages\/1652\/revisions"}],"predecessor-version":[{"id":1982,"href":"https:\/\/spin-ania.com\/es\/wp-json\/wp\/v2\/pages\/1652\/revisions\/1982"}],"wp:attachment":[{"href":"https:\/\/spin-ania.com\/es\/wp-json\/wp\/v2\/media?parent=1652"}],"curies":[{"name":"wp","href":"https:\/\/api.w.org\/{rel}","templated":true}]}}