{"id":1661,"date":"2026-01-14T09:20:23","date_gmt":"2026-01-14T09:20:23","guid":{"rendered":"https:\/\/spin-ania.com\/login-and-registration\/"},"modified":"2026-01-14T13:09:13","modified_gmt":"2026-01-14T13:09:13","slug":"inicio-de-sesion-y-registro","status":"publish","type":"page","link":"https:\/\/spin-ania.com\/es\/inicio-de-sesion-y-registro\/","title":{"rendered":"Inicio de sesi\u00f3n y Registro"},"content":{"rendered":"<h1>Iniciar sesi\u00f3n en SpinAnia y registrarse<\/h1>\n<p>El procedimiento de SpinAnia login es una forma sencilla de acceder a una amplia gama de funciones de entretenimiento del casino en l\u00ednea. Los usuarios espa\u00f1oles pueden jugar a una gran variedad de juegos, gestionar sus datos personales y participar f\u00e1cilmente en m\u00faltiples ofertas iniciando sesi\u00f3n en sus cuentas.<\/p>\n<p><div class=\"banner-wrap\" aria-label=\"Banner\"><img src=\"https:\/\/spin-ania.com\/wp-content\/uploads\/2026\/01\/Spinania-Banner-Desktop.webp\" class=\"w-100 d-none d-lg-block img-pc main-banner-img\" alt=\"spinania bonus desktop\" fetchpriority=\"high\" decoding=\"async\"><img src=\"https:\/\/spin-ania.com\/wp-content\/uploads\/2026\/01\/Spinania-mobile-banner.webp\" class=\"w-100 d-none d-md-block d-lg-none main-banner-img\" alt=\"spinania bonus mobile\" fetchpriority=\"high\" decoding=\"async\"><img src=\"https:\/\/spin-ania.com\/wp-content\/uploads\/2026\/01\/Spinania-mobile-banner.webp\" class=\"w-100 d-md-none\" alt=\"spinania bonus mobile\" fetchpriority=\"high\" decoding=\"async\"><div class=\"banner-description\">\n<div class=\"banner-title\">Bonos de bienvenida<\/div>\n<p class=\"banner-header-title\">\u20ac1,500<\/p>\n<div class=\"banner-header-AdditionalText\">+ 250 Giros gratis<\/div>\n<button data-item=\"homepage_banner_link\" class=\"goto m-button m-gradient-border m-button--primary m-button--large banner-button btn-orange\">\n            <div class=\"m-button-content\">\n                <span>Reg\u00edstrese ahora<\/span>\n                <span><\/span>\n            <\/div>\n        <\/button>\n<\/div>\n<div class=\"WelcomePack\">\n<p><img loading=\"lazy\" decoding=\"async\" class=\"alignnone size-full wp-image-1589\" src=\"https:\/\/spin-ania.com\/wp-content\/uploads\/2026\/01\/welcome-crown.svg\" alt=\"welcome crown\" width=\"25\" height=\"26\" \/><\/p>\n<div class=\"WelcomePack-Info\">Reembolso semanal de hasta el 25 %<\/div>\n<p><img loading=\"lazy\" decoding=\"async\" class=\"alignnone size-full wp-image-1589\" src=\"https:\/\/spin-ania.com\/wp-content\/uploads\/2026\/01\/welcome-crown.svg\" alt=\"welcome crown\" width=\"25\" height=\"26\" \/><\/p>\n<\/div>\n<\/div><div class=\"scrollable-content-wrap my-5\"><div class=\"scrollable-content-inner\"><h2>Procedimiento de inscripci\u00f3n en SpinAnia<\/h2>\n<p>El registro en SpinAnia Casino te ofrece todas las funciones m\u00e1s importantes de la plataforma. Sabemos que el proceso de registro debe ser r\u00e1pido y sencillo, y por eso hemos dise\u00f1ado el inicio de sesi\u00f3n en SpinAnia y el registro de tal manera que, en el momento en que un jugador crea una cuenta, puede empezar a disfrutar de todas las funciones del casino.<\/p>\n<p>El registro de una cuenta te da acceso a varias bibliotecas con m\u00e1s de 6000 t\u00edtulos que actualizamos constantemente. Cada d\u00eda a\u00f1adimos nuevos juegos de cartas y t\u00edtulos de casino en vivo, Drops &amp; Wins, colecciones de libros y tragamonedas. Puedes participar en nuestras fant\u00e1sticas campa\u00f1as promocionales exclusivas, torneos y el programa de fidelidad, adem\u00e1s de poder retirar tus ganancias de forma segura.<\/p>\n<p>Para registrarse en SpinAnia Casino, necesitamos informaci\u00f3n personal b\u00e1sica, como la direcci\u00f3n de correo electr\u00f3nico y la contrase\u00f1a, \u00a1nada m\u00e1s!<\/p>\n<p>Pero ten en cuenta que tenemos una norma seg\u00fan la cual solo los jugadores mayores de 18 a\u00f1os pueden registrarse, de acuerdo con los requisitos legales y las normas de juego responsable. Una vez registrados, los usuarios pueden disfrutar de otros servicios, como establecer l\u00edmites de juego o implementar el juego responsable.<\/p>\n<h3>Modificaci\u00f3n de datos personales<\/h3>\n<p>Los jugadores de SpinAnia Casino pueden modificar sus datos personales en cualquier momento desde el panel de control de su cuenta. Por ejemplo, si lo necesita, puede actualizar sus datos personales, informaci\u00f3n de contacto, forma de pago o medidas de seguridad. Es importante asegurarse de que todos los datos personales sean correctos, especialmente para la verificaci\u00f3n y el procesamiento fluido de las transacciones.<\/p>\n<p>Nuestro sistema ofrece un alto nivel de seguridad y privacidad de los datos. Se aplican medidas estrictas para proteger todos los datos de los usuarios durante las actualizaciones.<\/p>\n<h2>Pases de inicio de sesi\u00f3n en SpinAnia<\/h2>\n<p>Nuestro casino SpinAnia utiliza un m\u00e9todo eficiente y seguro para el inicio de sesi\u00f3n en SpinAnia. Funciona as\u00ed:<\/p>\n<ol>\n<li>Busca el cuadro Inicio de sesi\u00f3n en SpinAnia que se encuentra en la esquina superior derecha de esta p\u00e1gina de inicio.<\/li>\n<li>Introduce la direcci\u00f3n de correo electr\u00f3nico registrada y la contrase\u00f1a. Aseg\u00farate de que no hay errores.<\/li>\n<li>Haga clic en el bot\u00f3n marcado con la palabra \u00abIniciar sesi\u00f3n\u00bb para acceder a la cuenta.<\/li>\n<li>Si no ha funcionado o ha olvidado sus credenciales, solo tiene que hacer clic en el bot\u00f3n \u00ab\u00bfHa olvidado su contrase\u00f1a?\u00bb y seguir las instrucciones para recuperarlas.<\/li>\n<\/ol>\n<p>Una vez que hayas iniciado sesi\u00f3n correctamente en SpinAnia, \u00a1podr\u00e1s hacer muchas cosas dentro de tu cuenta! Podr\u00e1s realizar numerosas actividades, como dep\u00f3sitos, reclamaciones de bonificaciones, funciones de juego responsable y consultar tu historial de actividad. La navegaci\u00f3n por el sitio web es muy sencilla, ya que cuenta con un panel de control intuitivo que permite gestionar la cuenta y navegar por ella f\u00e1cilmente. \u00a1Se puede realizar un seguimiento de todo! Tus dep\u00f3sitos y retiradas, tu historial de juego y mucho m\u00e1s.<\/p>\n<p>Y s\u00ed, Spin Ania tiene una opci\u00f3n para proporcionar autenticaci\u00f3n de dos factores, que se puede utilizar para aumentar el nivel de seguridad. Pru\u00e9bala, es muy recomendable.<\/p>\n<h3>Casino SpinAnia Verificaci\u00f3n<\/h3>\n<p>SpinAnia Casino requiere un proceso de verificaci\u00f3n para mantener el nivel de seguridad antes de procesar los retiros. La verificaci\u00f3n implica enviarnos tus documentos oficiales que verifiquen tu identidad, tu edad y tu direcci\u00f3n. Algunos de los documentos que solicitamos son un documento de identidad emitido por el gobierno, una factura de servicios p\u00fablicos y un extracto bancario. \u00bfCu\u00e1les son los requisitos para los documentos?<\/p>\n<ul>\n<li>Deben ser verdaderas y no estar alteradas.<\/li>\n<li>Si los jugadores se preocupan por la privacidad, pueden ocultar algunas transacciones en sus extractos bancarios y su saldo.<\/li>\n<\/ul>\n<p>El proceso de verificaci\u00f3n de Spin Ania suele completarse en un plazo de 48 horas tras la presentaci\u00f3n de los documentos. Nuestro equipo de soporte multiling\u00fce se encarga de ello minuciosamente. Si algo tarda m\u00e1s de lo habitual o hay alg\u00fan problema, solo tiene que escribirnos a trav\u00e9s del chat en vivo o del servicio de correo electr\u00f3nico y comprobar el estado de su solicitud. Pero no se preocupe, todas estas comprobaciones se realizan porque queremos asegurarnos de que se cumplen las normas legales y mejorar la seguridad de las cuentas, reduciendo as\u00ed las posibilidades de acceso no autorizado.<\/p>\n<h2>Acceso a la cuenta<\/h2>\n<p>No es posible jugar sin interrupciones y con fluidez sin un acceso adecuado a tu cuenta de SpinAnia Casino. Si un jugador se encuentra con un bloqueo temporal en su cuenta de Spin Ania, puede deberse a medidas de seguridad, como, por ejemplo, intentos inusuales de iniciar sesi\u00f3n m\u00e1s de una vez o realizar inicios de sesi\u00f3n en SpinAnia un gran n\u00famero de veces. Si ese es el caso, se recomienda ponerse en contacto con nuestro equipo de asistencia para resolver el problema lo antes posible.<\/p>\n<p>Sin embargo, para evitar el acceso no autorizado, los usuarios deben:<\/p>\n<ul>\n<li>Activa la autenticaci\u00f3n de dos factores.<\/li>\n<li>Utiliza contrase\u00f1as seguras y \u00fanicas.<\/li>\n<li>No compartas tus datos de inicio de sesi\u00f3n con otras personas.<\/li>\n<li>Audite peri\u00f3dicamente las actividades de la cuenta en busca de transacciones que no le resulten familiares. Si observa algo sospechoso, inf\u00f3rmenos.<\/li>\n<\/ul>\n<p>As\u00ed, con estas sencillas precauciones, te asegurar\u00e1s de tener siempre acceso. Las nuevas cuentas requieren comprobaciones adecuadas antes de realizar un inicio de sesi\u00f3n en SpinAnia. De esta forma, se confirma la identidad del usuario y no se exponen datos personales.<\/p>\n<h2>Preguntas frecuentes<\/h2>\n<h3>\u00bfQu\u00e9 debo hacer si mi cuenta de Spin Ania ha sido bloqueada temporalmente?<\/h3>\n<p>El bloqueo temporal se produce por motivos de seguridad o verificaci\u00f3n. Escr\u00edbenos r\u00e1pidamente a trav\u00e9s del chat en vivo o por correo electr\u00f3nico. Comprobaremos tu identidad y autenticaremos tu cuenta lo antes posible. \u00a1Y entonces se desbloquear\u00e1 tu cuenta!<\/p>\n<h3>\u00bfC\u00f3mo puedo proteger mi cuenta de Spin Ania contra accesos no autorizados?<\/h3>\n<p>Activa la autenticaci\u00f3n de dos factores, utiliza una contrase\u00f1a segura y no compartas los datos de inicio de sesi\u00f3n en SpinAnia con nadie. Comprueba regularmente la actividad de tu cuenta y actualiza la configuraci\u00f3n de seguridad seg\u00fan sea necesario.<\/p>\n<h3>\u00bfPor qu\u00e9 tengo que verificar mi cuenta antes de iniciar sesi\u00f3n?<\/h3>\n<p>La confirmaci\u00f3n garantiza que eres quien dices ser y que tienes la edad legal; de lo contrario, cualquiera podr\u00eda iniciar sesi\u00f3n en SpinAnia. Tambi\u00e9n protege tu cuenta para que nadie sin permiso pueda acceder a ella. Adem\u00e1s, facilita los retiros y la gesti\u00f3n de la cuenta de SpinAnia Casino.<\/p>\n<\/div><\/div><\/p>\n","protected":false},"excerpt":{"rendered":"<p>Iniciar sesi\u00f3n en SpinAnia y registrarse El procedimiento de SpinAnia login es una forma sencilla de acceder a una amplia gama de funciones de entretenimiento del casino en l\u00ednea. Los usuarios espa\u00f1oles pueden jugar a una gran variedad de juegos, gestionar sus datos personales y participar f\u00e1cilmente en m\u00faltiples ofertas iniciando sesi\u00f3n en sus cuentas.<\/p>\n","protected":false},"author":1,"featured_media":0,"parent":0,"menu_order":0,"comment_status":"closed","ping_status":"closed","template":"template-builder.php","meta":{"_acf_changed":false,"inline_featured_image":false,"footnotes":""},"class_list":["post-1661","page","type-page","status-publish","hentry"],"acf":[],"yoast_head":"<!-- This site is optimized with the Yoast SEO plugin v24.4 - https:\/\/yoast.com\/wordpress\/plugins\/seo\/ -->\n<title>SpinAnia Login \u2013 Registro y Acceso a la Cuenta<\/title>\n<meta name=\"description\" content=\"SpinAnia Login \u2013 inicia sesi\u00f3n o crea tu cuenta de forma segura. Gestiona la verificaci\u00f3n, recuperaci\u00f3n de contrase\u00f1a y ajustes de perfil f\u00e1cilmente en Spin Ania.\" \/>\n<meta name=\"robots\" content=\"index, follow, max-snippet:-1, max-image-preview:large, max-video-preview:-1\" \/>\n<link rel=\"canonical\" href=\"https:\/\/spin-ania.com\/es\/inicio-de-sesion-y-registro\/\" \/>\n<meta property=\"og:locale\" content=\"es_ES\" \/>\n<meta property=\"og:type\" content=\"article\" \/>\n<meta property=\"og:title\" content=\"SpinAnia Login \u2013 Registro y Acceso a la Cuenta\" \/>\n<meta property=\"og:description\" content=\"SpinAnia Login \u2013 inicia sesi\u00f3n o crea tu cuenta de forma segura. Gestiona la verificaci\u00f3n, recuperaci\u00f3n de contrase\u00f1a y ajustes de perfil f\u00e1cilmente en Spin Ania.\" \/>\n<meta property=\"og:url\" content=\"https:\/\/spin-ania.com\/es\/inicio-de-sesion-y-registro\/\" \/>\n<meta property=\"og:site_name\" content=\"spinania\" \/>\n<meta property=\"article:modified_time\" content=\"2026-01-14T13:09:13+00:00\" \/>\n<meta name=\"twitter:card\" content=\"summary_large_image\" \/>\n<meta name=\"twitter:label1\" content=\"Est. reading time\" \/>\n\t<meta name=\"twitter:data1\" content=\"1 minute\" \/>\n<script type=\"application\/ld+json\" class=\"yoast-schema-graph\">{\"@context\":\"https:\/\/schema.org\",\"@graph\":[{\"@type\":\"WebPage\",\"@id\":\"https:\/\/spin-ania.com\/es\/inicio-de-sesion-y-registro\/\",\"url\":\"https:\/\/spin-ania.com\/es\/inicio-de-sesion-y-registro\/\",\"name\":\"SpinAnia Login \u2013 Registro y Acceso a la Cuenta\",\"isPartOf\":{\"@id\":\"https:\/\/spin-ania.com\/es\/#website\"},\"datePublished\":\"2026-01-14T09:20:23+00:00\",\"dateModified\":\"2026-01-14T13:09:13+00:00\",\"description\":\"SpinAnia Login \u2013 inicia sesi\u00f3n o crea tu cuenta de forma segura. Gestiona la verificaci\u00f3n, recuperaci\u00f3n de contrase\u00f1a y ajustes de perfil f\u00e1cilmente en Spin Ania.\",\"breadcrumb\":{\"@id\":\"https:\/\/spin-ania.com\/es\/inicio-de-sesion-y-registro\/#breadcrumb\"},\"inLanguage\":\"es-ES\",\"potentialAction\":[{\"@type\":\"ReadAction\",\"target\":[\"https:\/\/spin-ania.com\/es\/inicio-de-sesion-y-registro\/\"]}]},{\"@type\":\"BreadcrumbList\",\"@id\":\"https:\/\/spin-ania.com\/es\/inicio-de-sesion-y-registro\/#breadcrumb\",\"itemListElement\":[{\"@type\":\"ListItem\",\"position\":1,\"name\":\"Spinania\",\"item\":\"https:\/\/spin-ania.com\/es\/\"},{\"@type\":\"ListItem\",\"position\":2,\"name\":\"Inicio de sesi\u00f3n y Registro\"}]},{\"@type\":\"WebSite\",\"@id\":\"https:\/\/spin-ania.com\/es\/#website\",\"url\":\"https:\/\/spin-ania.com\/es\/\",\"name\":\"Spinania\",\"description\":\"\",\"publisher\":{\"@id\":\"https:\/\/spin-ania.com\/es\/#organization\"},\"potentialAction\":[{\"@type\":\"SearchAction\",\"target\":{\"@type\":\"EntryPoint\",\"urlTemplate\":\"https:\/\/spin-ania.com\/es\/?s={search_term_string}\"},\"query-input\":{\"@type\":\"PropertyValueSpecification\",\"valueRequired\":true,\"valueName\":\"search_term_string\"}}],\"inLanguage\":\"es-ES\"},{\"@type\":\"Organization\",\"@id\":\"https:\/\/spin-ania.com\/es\/#organization\",\"name\":\"Spinania\",\"url\":\"https:\/\/spin-ania.com\/es\/\",\"logo\":{\"@type\":\"ImageObject\",\"inLanguage\":\"es-ES\",\"@id\":\"https:\/\/spin-ania.com\/es\/#\/schema\/logo\/image\/\",\"url\":\"https:\/\/spin-ania.com\/wp-content\/uploads\/2025\/08\/KeIS1eTvcSVRrxjd4vQx.png\",\"contentUrl\":\"https:\/\/spin-ania.com\/wp-content\/uploads\/2025\/08\/KeIS1eTvcSVRrxjd4vQx.png\",\"width\":106,\"height\":31,\"caption\":\"Spinania\"},\"image\":{\"@id\":\"https:\/\/spin-ania.com\/es\/#\/schema\/logo\/image\/\"}}]}<\/script>\n<!-- \/ Yoast SEO plugin. -->","yoast_head_json":{"title":"SpinAnia Login \u2013 Registro y Acceso a la Cuenta","description":"SpinAnia Login \u2013 inicia sesi\u00f3n o crea tu cuenta de forma segura. Gestiona la verificaci\u00f3n, recuperaci\u00f3n de contrase\u00f1a y ajustes de perfil f\u00e1cilmente en Spin Ania.","robots":{"index":"index","follow":"follow","max-snippet":"max-snippet:-1","max-image-preview":"max-image-preview:large","max-video-preview":"max-video-preview:-1"},"canonical":"https:\/\/spin-ania.com\/es\/inicio-de-sesion-y-registro\/","og_locale":"es_ES","og_type":"article","og_title":"SpinAnia Login \u2013 Registro y Acceso a la Cuenta","og_description":"SpinAnia Login \u2013 inicia sesi\u00f3n o crea tu cuenta de forma segura. Gestiona la verificaci\u00f3n, recuperaci\u00f3n de contrase\u00f1a y ajustes de perfil f\u00e1cilmente en Spin Ania.","og_url":"https:\/\/spin-ania.com\/es\/inicio-de-sesion-y-registro\/","og_site_name":"spinania","article_modified_time":"2026-01-14T13:09:13+00:00","twitter_card":"summary_large_image","twitter_misc":{"Est. reading time":"1 minute"},"schema":{"@context":"https:\/\/schema.org","@graph":[{"@type":"WebPage","@id":"https:\/\/spin-ania.com\/es\/inicio-de-sesion-y-registro\/","url":"https:\/\/spin-ania.com\/es\/inicio-de-sesion-y-registro\/","name":"SpinAnia Login \u2013 Registro y Acceso a la Cuenta","isPartOf":{"@id":"https:\/\/spin-ania.com\/es\/#website"},"datePublished":"2026-01-14T09:20:23+00:00","dateModified":"2026-01-14T13:09:13+00:00","description":"SpinAnia Login \u2013 inicia sesi\u00f3n o crea tu cuenta de forma segura. Gestiona la verificaci\u00f3n, recuperaci\u00f3n de contrase\u00f1a y ajustes de perfil f\u00e1cilmente en Spin Ania.","breadcrumb":{"@id":"https:\/\/spin-ania.com\/es\/inicio-de-sesion-y-registro\/#breadcrumb"},"inLanguage":"es-ES","potentialAction":[{"@type":"ReadAction","target":["https:\/\/spin-ania.com\/es\/inicio-de-sesion-y-registro\/"]}]},{"@type":"BreadcrumbList","@id":"https:\/\/spin-ania.com\/es\/inicio-de-sesion-y-registro\/#breadcrumb","itemListElement":[{"@type":"ListItem","position":1,"name":"Spinania","item":"https:\/\/spin-ania.com\/es\/"},{"@type":"ListItem","position":2,"name":"Inicio de sesi\u00f3n y Registro"}]},{"@type":"WebSite","@id":"https:\/\/spin-ania.com\/es\/#website","url":"https:\/\/spin-ania.com\/es\/","name":"Spinania","description":"","publisher":{"@id":"https:\/\/spin-ania.com\/es\/#organization"},"potentialAction":[{"@type":"SearchAction","target":{"@type":"EntryPoint","urlTemplate":"https:\/\/spin-ania.com\/es\/?s={search_term_string}"},"query-input":{"@type":"PropertyValueSpecification","valueRequired":true,"valueName":"search_term_string"}}],"inLanguage":"es-ES"},{"@type":"Organization","@id":"https:\/\/spin-ania.com\/es\/#organization","name":"Spinania","url":"https:\/\/spin-ania.com\/es\/","logo":{"@type":"ImageObject","inLanguage":"es-ES","@id":"https:\/\/spin-ania.com\/es\/#\/schema\/logo\/image\/","url":"https:\/\/spin-ania.com\/wp-content\/uploads\/2025\/08\/KeIS1eTvcSVRrxjd4vQx.png","contentUrl":"https:\/\/spin-ania.com\/wp-content\/uploads\/2025\/08\/KeIS1eTvcSVRrxjd4vQx.png","width":106,"height":31,"caption":"Spinania"},"image":{"@id":"https:\/\/spin-ania.com\/es\/#\/schema\/logo\/image\/"}}]}},"_links":{"self":[{"href":"https:\/\/spin-ania.com\/es\/wp-json\/wp\/v2\/pages\/1661"}],"collection":[{"href":"https:\/\/spin-ania.com\/es\/wp-json\/wp\/v2\/pages"}],"about":[{"href":"https:\/\/spin-ania.com\/es\/wp-json\/wp\/v2\/types\/page"}],"author":[{"embeddable":true,"href":"https:\/\/spin-ania.com\/es\/wp-json\/wp\/v2\/users\/1"}],"replies":[{"embeddable":true,"href":"https:\/\/spin-ania.com\/es\/wp-json\/wp\/v2\/comments?post=1661"}],"version-history":[{"count":2,"href":"https:\/\/spin-ania.com\/es\/wp-json\/wp\/v2\/pages\/1661\/revisions"}],"predecessor-version":[{"id":1984,"href":"https:\/\/spin-ania.com\/es\/wp-json\/wp\/v2\/pages\/1661\/revisions\/1984"}],"wp:attachment":[{"href":"https:\/\/spin-ania.com\/es\/wp-json\/wp\/v2\/media?parent=1661"}],"curies":[{"name":"wp","href":"https:\/\/api.w.org\/{rel}","templated":true}]}}