{"id":1671,"date":"2026-01-14T09:23:22","date_gmt":"2026-01-14T09:23:22","guid":{"rendered":"https:\/\/spin-ania.com\/bonus\/"},"modified":"2026-01-14T13:11:55","modified_gmt":"2026-01-14T13:11:55","slug":"bonificacion","status":"publish","type":"page","link":"https:\/\/spin-ania.com\/es\/bonificacion\/","title":{"rendered":"Bonificaci\u00f3n"},"content":{"rendered":"<h1>SpinAnia Bonus<\/h1>\n<p>SpinAnia Bonus es una opci\u00f3n muy interesante para a\u00f1adir un toque diferente al juego y mejorar las posibilidades de ganar. SpinAnia Casino ofrece una serie de promociones para los jugadores espa\u00f1oles nuevos y habituales con el fin de mejorar su experiencia. Ofrecemos generosos bonos junto con una gran variedad de juegos para garantizar que cada vez que nos visites, sea una visita rentable y divertida.<\/p>\n<p><div class=\"banner-wrap\" aria-label=\"Banner\"><img src=\"https:\/\/spin-ania.com\/wp-content\/uploads\/2026\/01\/Spinania-Banner-Desktop.webp\" class=\"w-100 d-none d-lg-block img-pc main-banner-img\" alt=\"spinania bonus desktop\" fetchpriority=\"high\" decoding=\"async\"><img src=\"https:\/\/spin-ania.com\/wp-content\/uploads\/2026\/01\/Spinania-mobile-banner.webp\" class=\"w-100 d-none d-md-block d-lg-none main-banner-img\" alt=\"spinania bonus mobile\" fetchpriority=\"high\" decoding=\"async\"><img src=\"https:\/\/spin-ania.com\/wp-content\/uploads\/2026\/01\/Spinania-mobile-banner.webp\" class=\"w-100 d-md-none\" alt=\"spinania bonus mobile\" fetchpriority=\"high\" decoding=\"async\"><div class=\"banner-description\">\n<div class=\"banner-title\">Bonos de bienvenida<\/div>\n<p class=\"banner-header-title\">\u20ac1,500<\/p>\n<div class=\"banner-header-AdditionalText\">+ 250 Giros gratis<\/div>\n<button data-item=\"homepage_banner_link\" class=\"goto m-button m-gradient-border m-button--primary m-button--large banner-button btn-orange\">\n            <div class=\"m-button-content\">\n                <span>Reg\u00edstrese ahora<\/span>\n                <span><\/span>\n            <\/div>\n        <\/button>\n<\/div>\n<div class=\"WelcomePack\">\n<p><img loading=\"lazy\" decoding=\"async\" class=\"alignnone size-full wp-image-1589\" src=\"https:\/\/spin-ania.com\/wp-content\/uploads\/2026\/01\/welcome-crown.svg\" alt=\"welcome crown\" width=\"25\" height=\"26\" \/><\/p>\n<div class=\"WelcomePack-Info\">Reembolso semanal de hasta el 25 %<\/div>\n<p><img loading=\"lazy\" decoding=\"async\" class=\"alignnone size-full wp-image-1589\" src=\"https:\/\/spin-ania.com\/wp-content\/uploads\/2026\/01\/welcome-crown.svg\" alt=\"welcome crown\" width=\"25\" height=\"26\" \/><\/p>\n<\/div>\n<\/div><div class=\"promotions-wrap\"><div class=\"promotion-card\" style=\"background-image: url(https:\/\/spin-ania.com\/wp-content\/uploads\/2026\/01\/First-deposit.webp);\"><h2 class=\"promotion-card__title\">Bono de Primer Dep\u00f3sito <\/h2><label class=\"promotion-card__offer\">100 % hasta 500 \u20ac + 150 tiradas gratis<\/label><label class=\"promotion-card__description\"><\/label><div class=\"promotion-card__actions\"><button data-item=\"payments_link\" data-group=\"website_links\" class=\"goto btn btn-orange rounded-pill fw-bold px-4 m-button m-gradient-border m-button--primary m-button--large promotion-button promotion-card__action-btn\" aria-label=\"Reg\u00edstrate ahora\"><div class=\"m-button-content\"><span class=\"promotion-button__content\">Reg\u00edstrate ahora<\/span><\/div><\/button><button data-item=\"http:\/\/bonus_link\" data-group=\"website_links\" class=\"goto m-button m-gradient-border m-button--secondary m-button--medium promotion-card__info-btn\" aria-label=\"More information\"><div class=\"m-button-content\"><svg viewBox=\"0 0 24 24\" fill=\"none\" xmlns=\"http:\/\/www.w3.org\/2000\/svg\" class=\"m-icon m-icon-loadable\" name=\"Attention\" loading=\"false\" aria-hidden=\"true\"><path d=\"M12 22C6.477 22 2 17.522 2 12S6.477 2 12 2s10 4.478 10 10-4.477 10-10 10m-.002-13.004a.999.999 0 1 0 0-1.997.999.999 0 0 0 0 1.997M12 17a1 1 0 0 0 .993-.884L13 16l-.002-5.001-.007-.117a1 1 0 0 0-1.986 0l-.007.117L11 16l.007.117A1 1 0 0 0 12 17\" fill=\"currentColor\"><\/path><\/svg><\/div><\/button><\/div><\/div><div class=\"promotion-card\" style=\"background-image: url(https:\/\/spin-ania.com\/wp-content\/uploads\/2026\/01\/Second-deposit.webp);\"><h2 class=\"promotion-card__title\">Bono de Segundo Dep\u00f3sito <\/h2><label class=\"promotion-card__offer\">55 % hasta 500 \u20ac + 100 tiradas gratis<\/label><label class=\"promotion-card__description\"><\/label><div class=\"promotion-card__actions\"><button data-item=\"payments_link\" data-group=\"website_links\" class=\"goto btn btn-orange rounded-pill fw-bold px-4 m-button m-gradient-border m-button--primary m-button--large promotion-button promotion-card__action-btn\" aria-label=\"Reg\u00edstrate ahora\"><div class=\"m-button-content\"><span class=\"promotion-button__content\">Reg\u00edstrate ahora<\/span><\/div><\/button><button data-item=\"http:\/\/bonus_link\" data-group=\"website_links\" class=\"goto m-button m-gradient-border m-button--secondary m-button--medium promotion-card__info-btn\" aria-label=\"More information\"><div class=\"m-button-content\"><svg viewBox=\"0 0 24 24\" fill=\"none\" xmlns=\"http:\/\/www.w3.org\/2000\/svg\" class=\"m-icon m-icon-loadable\" name=\"Attention\" loading=\"false\" aria-hidden=\"true\"><path d=\"M12 22C6.477 22 2 17.522 2 12S6.477 2 12 2s10 4.478 10 10-4.477 10-10 10m-.002-13.004a.999.999 0 1 0 0-1.997.999.999 0 0 0 0 1.997M12 17a1 1 0 0 0 .993-.884L13 16l-.002-5.001-.007-.117a1 1 0 0 0-1.986 0l-.007.117L11 16l.007.117A1 1 0 0 0 12 17\" fill=\"currentColor\"><\/path><\/svg><\/div><\/button><\/div><\/div><div class=\"promotion-card\" style=\"background-image: url(https:\/\/spin-ania.com\/wp-content\/uploads\/2026\/01\/Third-deposit.webp);\"><h2 class=\"promotion-card__title\">Bono de Tercer Dep\u00f3sito <\/h2><label class=\"promotion-card__offer\">100 % hasta 500 \u20ac<\/label><label class=\"promotion-card__description\"><\/label><div class=\"promotion-card__actions\"><button data-item=\"payments_link\" data-group=\"website_links\" class=\"goto btn btn-orange rounded-pill fw-bold px-4 m-button m-gradient-border m-button--primary m-button--large promotion-button promotion-card__action-btn\" aria-label=\"Reg\u00edstrate ahora\"><div class=\"m-button-content\"><span class=\"promotion-button__content\">Reg\u00edstrate ahora<\/span><\/div><\/button><button data-item=\"http:\/\/bonus_link\" data-group=\"website_links\" class=\"goto m-button m-gradient-border m-button--secondary m-button--medium promotion-card__info-btn\" aria-label=\"More information\"><div class=\"m-button-content\"><svg viewBox=\"0 0 24 24\" fill=\"none\" xmlns=\"http:\/\/www.w3.org\/2000\/svg\" class=\"m-icon m-icon-loadable\" name=\"Attention\" loading=\"false\" aria-hidden=\"true\"><path d=\"M12 22C6.477 22 2 17.522 2 12S6.477 2 12 2s10 4.478 10 10-4.477 10-10 10m-.002-13.004a.999.999 0 1 0 0-1.997.999.999 0 0 0 0 1.997M12 17a1 1 0 0 0 .993-.884L13 16l-.002-5.001-.007-.117a1 1 0 0 0-1.986 0l-.007.117L11 16l.007.117A1 1 0 0 0 12 17\" fill=\"currentColor\"><\/path><\/svg><\/div><\/button><\/div><\/div><div class=\"promotion-card\" style=\"background-image: url(https:\/\/spin-ania.com\/wp-content\/uploads\/2026\/01\/Cashback.webp);\"><h2 class=\"promotion-card__title\">Reembolso Semanal <\/h2><label class=\"promotion-card__offer\">Hasta 25%<\/label><label class=\"promotion-card__description\"><\/label><div class=\"promotion-card__actions\"><button data-item=\"payments_link\" data-group=\"website_links\" class=\"goto btn btn-orange rounded-pill fw-bold px-4 m-button m-gradient-border m-button--primary m-button--large promotion-button promotion-card__action-btn\" aria-label=\"Reg\u00edstrate ahora\"><div class=\"m-button-content\"><span class=\"promotion-button__content\">Reg\u00edstrate ahora<\/span><\/div><\/button><button data-item=\"http:\/\/bonus_link\" data-group=\"website_links\" class=\"goto m-button m-gradient-border m-button--secondary m-button--medium promotion-card__info-btn\" aria-label=\"More information\"><div class=\"m-button-content\"><svg viewBox=\"0 0 24 24\" fill=\"none\" xmlns=\"http:\/\/www.w3.org\/2000\/svg\" class=\"m-icon m-icon-loadable\" name=\"Attention\" loading=\"false\" aria-hidden=\"true\"><path d=\"M12 22C6.477 22 2 17.522 2 12S6.477 2 12 2s10 4.478 10 10-4.477 10-10 10m-.002-13.004a.999.999 0 1 0 0-1.997.999.999 0 0 0 0 1.997M12 17a1 1 0 0 0 .993-.884L13 16l-.002-5.001-.007-.117a1 1 0 0 0-1.986 0l-.007.117L11 16l.007.117A1 1 0 0 0 12 17\" fill=\"currentColor\"><\/path><\/svg><\/div><\/button><\/div><\/div><div class=\"promotion-card\" style=\"background-image: url(https:\/\/spin-ania.com\/wp-content\/uploads\/2026\/01\/Rakeback.webp);\"><h2 class=\"promotion-card__title\">Rakeback<\/h2><label class=\"promotion-card__offer\">Hasta 17%<\/label><label class=\"promotion-card__description\"><\/label><div class=\"promotion-card__actions\"><button data-item=\"payments_link\" data-group=\"website_links\" class=\"goto btn btn-orange rounded-pill fw-bold px-4 m-button m-gradient-border m-button--primary m-button--large promotion-button promotion-card__action-btn\" aria-label=\"Reg\u00edstrate ahora\"><div class=\"m-button-content\"><span class=\"promotion-button__content\">Reg\u00edstrate ahora<\/span><\/div><\/button><button data-item=\"http:\/\/bonus_link\" data-group=\"website_links\" class=\"goto m-button m-gradient-border m-button--secondary m-button--medium promotion-card__info-btn\" aria-label=\"More information\"><div class=\"m-button-content\"><svg viewBox=\"0 0 24 24\" fill=\"none\" xmlns=\"http:\/\/www.w3.org\/2000\/svg\" class=\"m-icon m-icon-loadable\" name=\"Attention\" loading=\"false\" aria-hidden=\"true\"><path d=\"M12 22C6.477 22 2 17.522 2 12S6.477 2 12 2s10 4.478 10 10-4.477 10-10 10m-.002-13.004a.999.999 0 1 0 0-1.997.999.999 0 0 0 0 1.997M12 17a1 1 0 0 0 .993-.884L13 16l-.002-5.001-.007-.117a1 1 0 0 0-1.986 0l-.007.117L11 16l.007.117A1 1 0 0 0 12 17\" fill=\"currentColor\"><\/path><\/svg><\/div><\/button><\/div><\/div><div class=\"promotion-card\" style=\"background-image: url(https:\/\/spin-ania.com\/wp-content\/uploads\/2026\/01\/Sunday-reload.webp);\"><h2 class=\"promotion-card__title\">Recarga de Domingo<\/h2><label class=\"promotion-card__offer\">25 % hasta 100 \u20ac<\/label><label class=\"promotion-card__description\"><\/label><div class=\"promotion-card__actions\"><button data-item=\"payments_link\" data-group=\"website_links\" class=\"goto btn btn-orange rounded-pill fw-bold px-4 m-button m-gradient-border m-button--primary m-button--large promotion-button promotion-card__action-btn\" aria-label=\"Reg\u00edstrate ahora\"><div class=\"m-button-content\"><span class=\"promotion-button__content\">Reg\u00edstrate ahora<\/span><\/div><\/button><button data-item=\"http:\/\/bonus_link\" data-group=\"website_links\" class=\"goto m-button m-gradient-border m-button--secondary m-button--medium promotion-card__info-btn\" aria-label=\"More information\"><div class=\"m-button-content\"><svg viewBox=\"0 0 24 24\" fill=\"none\" xmlns=\"http:\/\/www.w3.org\/2000\/svg\" class=\"m-icon m-icon-loadable\" name=\"Attention\" loading=\"false\" aria-hidden=\"true\"><path d=\"M12 22C6.477 22 2 17.522 2 12S6.477 2 12 2s10 4.478 10 10-4.477 10-10 10m-.002-13.004a.999.999 0 1 0 0-1.997.999.999 0 0 0 0 1.997M12 17a1 1 0 0 0 .993-.884L13 16l-.002-5.001-.007-.117a1 1 0 0 0-1.986 0l-.007.117L11 16l.007.117A1 1 0 0 0 12 17\" fill=\"currentColor\"><\/path><\/svg><\/div><\/button><\/div><\/div><div class=\"promotion-card\" style=\"background-image: url(https:\/\/spin-ania.com\/wp-content\/uploads\/2026\/01\/Highroller.webp);\"><h2 class=\"promotion-card__title\">Bono Highroller<\/h2><label class=\"promotion-card__offer\">50% hasta \u20ac500<\/label><label class=\"promotion-card__description\"><\/label><div class=\"promotion-card__actions\"><button data-item=\"payments_link\" data-group=\"website_links\" class=\"goto btn btn-orange rounded-pill fw-bold px-4 m-button m-gradient-border m-button--primary m-button--large promotion-button promotion-card__action-btn\" aria-label=\"Reg\u00edstrate ahora\"><div class=\"m-button-content\"><span class=\"promotion-button__content\">Reg\u00edstrate ahora<\/span><\/div><\/button><button data-item=\"http:\/\/bonus_link\" data-group=\"website_links\" class=\"goto m-button m-gradient-border m-button--secondary m-button--medium promotion-card__info-btn\" aria-label=\"More information\"><div class=\"m-button-content\"><svg viewBox=\"0 0 24 24\" fill=\"none\" xmlns=\"http:\/\/www.w3.org\/2000\/svg\" class=\"m-icon m-icon-loadable\" name=\"Attention\" loading=\"false\" aria-hidden=\"true\"><path d=\"M12 22C6.477 22 2 17.522 2 12S6.477 2 12 2s10 4.478 10 10-4.477 10-10 10m-.002-13.004a.999.999 0 1 0 0-1.997.999.999 0 0 0 0 1.997M12 17a1 1 0 0 0 .993-.884L13 16l-.002-5.001-.007-.117a1 1 0 0 0-1.986 0l-.007.117L11 16l.007.117A1 1 0 0 0 12 17\" fill=\"currentColor\"><\/path><\/svg><\/div><\/button><\/div><\/div><\/div><div class=\"scrollable-content-wrap my-5\"><div class=\"scrollable-content-inner\"><h2>Tipos de bonos SpinAnia<\/h2>\n<p>En Spin Ania, los jugadores disfrutan de una variedad de paquetes de bonos para satisfacer diversas necesidades de juego. \u00a1Hemos preparado bonos de bienvenida, promociones de recarga, reembolsos y torneos exclusivos! Cada promoci\u00f3n \u00fanica ofrece a los jugadores la posibilidad de ganar dinero en efectivo y una experiencia que recompensa su lealtad, lo que la convierte en una experiencia de juego positiva.<\/p>\n<h2>SpinAnia bonos de bienvenida<\/h2>\n<p>Los nuevos jugadores pueden disfrutar de una c\u00e1lida bienvenida, ya que Spin Ania ofrece un generoso paquete de bienvenida de 1500 \u20ac con 250 tiradas gratis. Lo hemos dise\u00f1ado para proporcionar a los usuarios un buen comienzo y una experiencia fluida. Incluye un sistema de bonificaciones multicomponente que aumenta los dep\u00f3sitos iniciales y hace que los juegos duren m\u00e1s tiempo.<\/p>\n<h3>Lista de torneos y actividades<\/h3>\n<p>SpinAnia Casino ofrece una gran cantidad de torneos para probar. Cada temporada a\u00f1adimos m\u00e1s eventos con t\u00edtulos divertidos en los que podr\u00e1s aumentar tu suerte. Por ahora, siempre es buena idea probar suerte en los siguientes torneos clave:<\/p>\n<table>\n<tbody>\n<tr>\n<td>Nombre del torneo<\/td>\n<td>Descripci\u00f3n<\/td>\n<td>Bote de premios<\/td>\n<\/tr>\n<tr>\n<td>Spinoleague<\/td>\n<td>Gran premio acumulado con la oportunidad de que tu nombre aparezca en la tabla de clasificaci\u00f3n.<\/td>\n<td>12 000 000 \u20ac<\/td>\n<\/tr>\n<tr>\n<td>BGaming Drops Frenzy<\/td>\n<td>Aumenta el premio en met\u00e1lico a medida que juegas.<\/td>\n<td>660 000 \u20ac<\/td>\n<\/tr>\n<tr>\n<td>Torneo en vivo<\/td>\n<td>Competici\u00f3n de juegos en vivo con la posibilidad de ganar grandes premios.<\/td>\n<td>10 000 \u20ac<\/td>\n<\/tr>\n<\/tbody>\n<\/table>\n<p>Para participar en los torneos de SpinAnia Casino, debes cumplir con ciertos requisitos, como los t\u00e9rminos de apuesta y otros t\u00e9rminos de elegibilidad. Estas actividades son muy divertidas en un entorno gratificante para los jugadores competitivos.<\/p>\n<h3>C\u00f3mo reclamar tu bonificaci\u00f3n<\/h3>\n<p>En SpinAnia, es f\u00e1cil reclamar bonificaciones. En el caso de la bonificaci\u00f3n de bienvenida, el jugador solo tiene que abrir una cuenta y cumplir los requisitos depositando el m\u00ednimo. Solo tienes que depositar tus fondos iniciales y las bonificaciones se acreditar\u00e1n autom\u00e1ticamente en tu cuenta. \u00a1El dep\u00f3sito m\u00ednimo es de solo 20 \u20ac! Los giros gratis y los fondos de bonificaci\u00f3n est\u00e1n disponibles de inmediato y hay directrices claras sobre las apuestas y la contribuci\u00f3n al juego.<\/p>\n<p>Si te gustan las promociones que preparamos, puedes estar siempre al d\u00eda suscribi\u00e9ndote a nuestro bolet\u00edn promocional y consultando regularmente nuestra p\u00e1gina de promociones, donde publicamos toda la informaci\u00f3n sobre nuestros sorteos y concursos, eventos interesantes y actividades vacacionales. La gamificaci\u00f3n de SpinAnia es muy potente, \u00a1as\u00ed que mantente al d\u00eda! Visita con frecuencia nuestro sitio web Spin Ania para conocer los detalles y las promociones activas.<\/p>\n<p>La mayor\u00eda de nuestros bonos se transfieren autom\u00e1ticamente o se activan al darse de alta. Para comprender los t\u00e9rminos de apuesta, incluidos los porcentajes de contribuci\u00f3n y retirada, es necesario revisarlos.<\/p>\n<h2>T\u00e9rminos y condiciones<\/h2>\n<p>Las bonificaciones en SpinAnia Casino est\u00e1n sujetas a ciertos t\u00e9rminos para garantizar el juego limpio y la transparencia:<\/p>\n<ul>\n<li>Es necesario apostar 40 veces el importe del bono antes de poder retirar los bonos.<\/li>\n<li>Las bonificaciones tienen un per\u00edodo de validez de 14 d\u00edas desde su activaci\u00f3n.<\/li>\n<li>El dep\u00f3sito para activar el bono es de solo 20 \u20ac, pero puedes leer m\u00e1s al respecto y ganar aun m\u00e1s cuanto m\u00e1s deposites.<\/li>\n<li>Las bonificaciones no se pueden retirar independientemente de las ganancias: son fijas.<\/li>\n<li>Las tasas de contribuci\u00f3n de los juegos var\u00edan: las tragaperras tienen una tasa de contribuci\u00f3n del 100 % y los juegos de mesa tienen una tasa de contribuci\u00f3n m\u00e1s baja.<\/li>\n<li>Los giros gratis permanecen activos durante tres d\u00edas despu\u00e9s de concederlos.<\/li>\n<li>En cada promoci\u00f3n, los requisitos de apuesta, los porcentajes de contribuci\u00f3n y los l\u00edmites de tiempo est\u00e1n bien definidos.<\/li>\n<\/ul>\n<p>De esta manera, es f\u00e1cil retirar y disfrutar de su plan de bonificaci\u00f3n SpinAnia y maximizar sus beneficios.<\/p>\n<h2>Preguntas frecuentes<\/h2>\n<h3>\u00bfPuedo retirar mis ganancias de bonificaci\u00f3n?<\/h3>\n<p>Puedes retirar todos tus fondos de bonificaci\u00f3n de SpinAnia Casino una vez que hayas completado los requisitos de apuesta. Por lo general, es 40 veces el importe de la bonificaci\u00f3n, pero var\u00eda en funci\u00f3n del tipo de premio.<\/p>\n<h3>\u00bfHay bonificaciones disponibles para los jugadores que regresan?<\/h3>\n<p>Por supuesto, no solo los reci\u00e9n llegados reciben el generoso bono SpinAnia por registrarse. Valoramos a todos nuestros jugadores, \u00a1tambi\u00e9n a los antiguos! Para mantener altos el compromiso y la lealtad, SpinAnia incluye bonos de recarga, reembolsos y torneos exclusivos para los jugadores que regresan.<\/p>\n<h3>\u00bfHay bonificaciones por reembolso o por recarga disponibles?<\/h3>\n<p>Porque queremos mantenerte entretenido, Spin Ania conserva todas las recompensas promocionales para agradecerte por depositar m\u00e1s all\u00e1 de tu oferta de registro principal. Tambi\u00e9n nos aseguramos de que todas las recompensas de reembolso contin\u00faen indefinidamente. Actualizamos las condiciones con frecuencia, por lo que te recomendamos que te mantengas al d\u00eda si deseas participar en toda nuestra diversi\u00f3n.<\/p>\n<\/div><\/div><\/p>\n","protected":false},"excerpt":{"rendered":"<p>SpinAnia Bonus SpinAnia Bonus es una opci\u00f3n muy interesante para a\u00f1adir un toque diferente al juego y mejorar las posibilidades de ganar. SpinAnia Casino ofrece una serie de promociones para los jugadores espa\u00f1oles nuevos y habituales con el fin de mejorar su experiencia. Ofrecemos generosos bonos junto con una gran variedad de juegos para garantizar [&hellip;]<\/p>\n","protected":false},"author":1,"featured_media":0,"parent":0,"menu_order":0,"comment_status":"closed","ping_status":"closed","template":"template-builder.php","meta":{"_acf_changed":false,"inline_featured_image":false,"footnotes":""},"class_list":["post-1671","page","type-page","status-publish","hentry"],"acf":[],"yoast_head":"<!-- This site is optimized with the Yoast SEO plugin v24.4 - https:\/\/yoast.com\/wordpress\/plugins\/seo\/ -->\n<title>SpinAnia Casino Bonus | Bonos de Bienvenida y Promociones<\/title>\n<meta name=\"description\" content=\"SpinAnia Casino Bonus \u2013 descubre paquetes de bienvenida, bonos de recarga y giros gratis. Disfruta de cashback semanal, torneos y recompensas exclusivas en Spin Ania.\" \/>\n<meta name=\"robots\" content=\"index, follow, max-snippet:-1, max-image-preview:large, max-video-preview:-1\" \/>\n<link rel=\"canonical\" href=\"https:\/\/spin-ania.com\/es\/bonificacion\/\" \/>\n<meta property=\"og:locale\" content=\"es_ES\" \/>\n<meta property=\"og:type\" content=\"article\" \/>\n<meta property=\"og:title\" content=\"SpinAnia Casino Bonus | Bonos de Bienvenida y Promociones\" \/>\n<meta property=\"og:description\" content=\"SpinAnia Casino Bonus \u2013 descubre paquetes de bienvenida, bonos de recarga y giros gratis. Disfruta de cashback semanal, torneos y recompensas exclusivas en Spin Ania.\" \/>\n<meta property=\"og:url\" content=\"https:\/\/spin-ania.com\/es\/bonificacion\/\" \/>\n<meta property=\"og:site_name\" content=\"spinania\" \/>\n<meta property=\"article:modified_time\" content=\"2026-01-14T13:11:55+00:00\" \/>\n<meta name=\"twitter:card\" content=\"summary_large_image\" \/>\n<meta name=\"twitter:label1\" content=\"Est. reading time\" \/>\n\t<meta name=\"twitter:data1\" content=\"1 minute\" \/>\n<script type=\"application\/ld+json\" class=\"yoast-schema-graph\">{\"@context\":\"https:\/\/schema.org\",\"@graph\":[{\"@type\":\"WebPage\",\"@id\":\"https:\/\/spin-ania.com\/es\/bonificacion\/\",\"url\":\"https:\/\/spin-ania.com\/es\/bonificacion\/\",\"name\":\"SpinAnia Casino Bonus | Bonos de Bienvenida y Promociones\",\"isPartOf\":{\"@id\":\"https:\/\/spin-ania.com\/es\/#website\"},\"datePublished\":\"2026-01-14T09:23:22+00:00\",\"dateModified\":\"2026-01-14T13:11:55+00:00\",\"description\":\"SpinAnia Casino Bonus \u2013 descubre paquetes de bienvenida, bonos de recarga y giros gratis. Disfruta de cashback semanal, torneos y recompensas exclusivas en Spin Ania.\",\"breadcrumb\":{\"@id\":\"https:\/\/spin-ania.com\/es\/bonificacion\/#breadcrumb\"},\"inLanguage\":\"es-ES\",\"potentialAction\":[{\"@type\":\"ReadAction\",\"target\":[\"https:\/\/spin-ania.com\/es\/bonificacion\/\"]}]},{\"@type\":\"BreadcrumbList\",\"@id\":\"https:\/\/spin-ania.com\/es\/bonificacion\/#breadcrumb\",\"itemListElement\":[{\"@type\":\"ListItem\",\"position\":1,\"name\":\"Spinania\",\"item\":\"https:\/\/spin-ania.com\/es\/\"},{\"@type\":\"ListItem\",\"position\":2,\"name\":\"Bonificaci\u00f3n\"}]},{\"@type\":\"WebSite\",\"@id\":\"https:\/\/spin-ania.com\/es\/#website\",\"url\":\"https:\/\/spin-ania.com\/es\/\",\"name\":\"Spinania\",\"description\":\"\",\"publisher\":{\"@id\":\"https:\/\/spin-ania.com\/es\/#organization\"},\"potentialAction\":[{\"@type\":\"SearchAction\",\"target\":{\"@type\":\"EntryPoint\",\"urlTemplate\":\"https:\/\/spin-ania.com\/es\/?s={search_term_string}\"},\"query-input\":{\"@type\":\"PropertyValueSpecification\",\"valueRequired\":true,\"valueName\":\"search_term_string\"}}],\"inLanguage\":\"es-ES\"},{\"@type\":\"Organization\",\"@id\":\"https:\/\/spin-ania.com\/es\/#organization\",\"name\":\"Spinania\",\"url\":\"https:\/\/spin-ania.com\/es\/\",\"logo\":{\"@type\":\"ImageObject\",\"inLanguage\":\"es-ES\",\"@id\":\"https:\/\/spin-ania.com\/es\/#\/schema\/logo\/image\/\",\"url\":\"https:\/\/spin-ania.com\/wp-content\/uploads\/2025\/08\/KeIS1eTvcSVRrxjd4vQx.png\",\"contentUrl\":\"https:\/\/spin-ania.com\/wp-content\/uploads\/2025\/08\/KeIS1eTvcSVRrxjd4vQx.png\",\"width\":106,\"height\":31,\"caption\":\"Spinania\"},\"image\":{\"@id\":\"https:\/\/spin-ania.com\/es\/#\/schema\/logo\/image\/\"}}]}<\/script>\n<!-- \/ Yoast SEO plugin. -->","yoast_head_json":{"title":"SpinAnia Casino Bonus | Bonos de Bienvenida y Promociones","description":"SpinAnia Casino Bonus \u2013 descubre paquetes de bienvenida, bonos de recarga y giros gratis. Disfruta de cashback semanal, torneos y recompensas exclusivas en Spin Ania.","robots":{"index":"index","follow":"follow","max-snippet":"max-snippet:-1","max-image-preview":"max-image-preview:large","max-video-preview":"max-video-preview:-1"},"canonical":"https:\/\/spin-ania.com\/es\/bonificacion\/","og_locale":"es_ES","og_type":"article","og_title":"SpinAnia Casino Bonus | Bonos de Bienvenida y Promociones","og_description":"SpinAnia Casino Bonus \u2013 descubre paquetes de bienvenida, bonos de recarga y giros gratis. Disfruta de cashback semanal, torneos y recompensas exclusivas en Spin Ania.","og_url":"https:\/\/spin-ania.com\/es\/bonificacion\/","og_site_name":"spinania","article_modified_time":"2026-01-14T13:11:55+00:00","twitter_card":"summary_large_image","twitter_misc":{"Est. reading time":"1 minute"},"schema":{"@context":"https:\/\/schema.org","@graph":[{"@type":"WebPage","@id":"https:\/\/spin-ania.com\/es\/bonificacion\/","url":"https:\/\/spin-ania.com\/es\/bonificacion\/","name":"SpinAnia Casino Bonus | Bonos de Bienvenida y Promociones","isPartOf":{"@id":"https:\/\/spin-ania.com\/es\/#website"},"datePublished":"2026-01-14T09:23:22+00:00","dateModified":"2026-01-14T13:11:55+00:00","description":"SpinAnia Casino Bonus \u2013 descubre paquetes de bienvenida, bonos de recarga y giros gratis. Disfruta de cashback semanal, torneos y recompensas exclusivas en Spin Ania.","breadcrumb":{"@id":"https:\/\/spin-ania.com\/es\/bonificacion\/#breadcrumb"},"inLanguage":"es-ES","potentialAction":[{"@type":"ReadAction","target":["https:\/\/spin-ania.com\/es\/bonificacion\/"]}]},{"@type":"BreadcrumbList","@id":"https:\/\/spin-ania.com\/es\/bonificacion\/#breadcrumb","itemListElement":[{"@type":"ListItem","position":1,"name":"Spinania","item":"https:\/\/spin-ania.com\/es\/"},{"@type":"ListItem","position":2,"name":"Bonificaci\u00f3n"}]},{"@type":"WebSite","@id":"https:\/\/spin-ania.com\/es\/#website","url":"https:\/\/spin-ania.com\/es\/","name":"Spinania","description":"","publisher":{"@id":"https:\/\/spin-ania.com\/es\/#organization"},"potentialAction":[{"@type":"SearchAction","target":{"@type":"EntryPoint","urlTemplate":"https:\/\/spin-ania.com\/es\/?s={search_term_string}"},"query-input":{"@type":"PropertyValueSpecification","valueRequired":true,"valueName":"search_term_string"}}],"inLanguage":"es-ES"},{"@type":"Organization","@id":"https:\/\/spin-ania.com\/es\/#organization","name":"Spinania","url":"https:\/\/spin-ania.com\/es\/","logo":{"@type":"ImageObject","inLanguage":"es-ES","@id":"https:\/\/spin-ania.com\/es\/#\/schema\/logo\/image\/","url":"https:\/\/spin-ania.com\/wp-content\/uploads\/2025\/08\/KeIS1eTvcSVRrxjd4vQx.png","contentUrl":"https:\/\/spin-ania.com\/wp-content\/uploads\/2025\/08\/KeIS1eTvcSVRrxjd4vQx.png","width":106,"height":31,"caption":"Spinania"},"image":{"@id":"https:\/\/spin-ania.com\/es\/#\/schema\/logo\/image\/"}}]}},"_links":{"self":[{"href":"https:\/\/spin-ania.com\/es\/wp-json\/wp\/v2\/pages\/1671"}],"collection":[{"href":"https:\/\/spin-ania.com\/es\/wp-json\/wp\/v2\/pages"}],"about":[{"href":"https:\/\/spin-ania.com\/es\/wp-json\/wp\/v2\/types\/page"}],"author":[{"embeddable":true,"href":"https:\/\/spin-ania.com\/es\/wp-json\/wp\/v2\/users\/1"}],"replies":[{"embeddable":true,"href":"https:\/\/spin-ania.com\/es\/wp-json\/wp\/v2\/comments?post=1671"}],"version-history":[{"count":2,"href":"https:\/\/spin-ania.com\/es\/wp-json\/wp\/v2\/pages\/1671\/revisions"}],"predecessor-version":[{"id":1986,"href":"https:\/\/spin-ania.com\/es\/wp-json\/wp\/v2\/pages\/1671\/revisions\/1986"}],"wp:attachment":[{"href":"https:\/\/spin-ania.com\/es\/wp-json\/wp\/v2\/media?parent=1671"}],"curies":[{"name":"wp","href":"https:\/\/api.w.org\/{rel}","templated":true}]}}