{"id":1647,"date":"2026-01-14T09:17:54","date_gmt":"2026-01-14T09:17:54","guid":{"rendered":"https:\/\/spin-ania.com\/app\/"},"modified":"2026-01-14T10:56:20","modified_gmt":"2026-01-14T10:56:20","slug":"app","status":"publish","type":"page","link":"https:\/\/spin-ania.com\/fr\/app\/","title":{"rendered":"App"},"content":{"rendered":"<h1>SpinAnia Casino Application<\/h1>\n<p>SpinAnia app est un logiciel de jeu incroyablement moderne qui conviendra aux joueurs qui souhaitent jouer \u00e0 leurs jeux de casino pr\u00e9f\u00e9r\u00e9s o\u00f9 qu&rsquo;ils se trouvent. Gr\u00e2ce \u00e0 notre plateforme mobile avanc\u00e9e, SpinAnia Casino garantit \u00e0 ses utilisateurs l&rsquo;acc\u00e8s \u00e0 un large \u00e9ventail de fonctionnalit\u00e9s. Il est accessible sur tous les appareils mobiles courants, offrant ainsi commodit\u00e9 et bonnes performances \u00e0 tout moment.<\/p>\n<p><span style=\"font-size: 16px\"><div class=\"banner-wrap\" aria-label=\"Banner\"><img src=\"https:\/\/spin-ania.com\/wp-content\/uploads\/2026\/01\/Spinania-Banner-Desktop.webp\" class=\"w-100 d-none d-lg-block img-pc main-banner-img\" alt=\"spinania bonus desktop\" fetchpriority=\"high\" decoding=\"async\"><img src=\"https:\/\/spin-ania.com\/wp-content\/uploads\/2026\/01\/Spinania-mobile-banner.webp\" class=\"w-100 d-none d-md-block d-lg-none main-banner-img\" alt=\"spinania bonus mobile\" fetchpriority=\"high\" decoding=\"async\"><img src=\"https:\/\/spin-ania.com\/wp-content\/uploads\/2026\/01\/Spinania-mobile-banner.webp\" class=\"w-100 d-md-none\" alt=\"spinania bonus mobile\" fetchpriority=\"high\" decoding=\"async\"><div class=\"banner-description\">\n<div class=\"banner-title\">Bonus de bienvenue<\/div>\n<p class=\"banner-header-title\">\u20ac1,500<\/p>\n<div class=\"banner-header-AdditionalText\">+ 250 Tours gratuits<\/div>\n<button data-item=\"homepage_banner_link\" class=\"goto m-button m-gradient-border m-button--primary m-button--large banner-button btn-orange\">\n            <div class=\"m-button-content\">\n                <span>Inscrivez-vous d\u00e8s maintenant<\/span>\n                <span><\/span>\n            <\/div>\n        <\/button>\n<\/div>\n<div class=\"WelcomePack\">\n<p><img loading=\"lazy\" decoding=\"async\" class=\"alignnone size-full wp-image-1589\" src=\"https:\/\/spin-ania.com\/wp-content\/uploads\/2026\/01\/welcome-crown.svg\" alt=\"welcome crown\" width=\"25\" height=\"26\" \/><\/p>\n<div class=\"WelcomePack-Info\">Cashback hebdomadaire jusqu&rsquo;\u00e0 25 %<\/div>\n<p><img loading=\"lazy\" decoding=\"async\" class=\"alignnone size-full wp-image-1589\" src=\"https:\/\/spin-ania.com\/wp-content\/uploads\/2026\/01\/welcome-crown.svg\" alt=\"welcome crown\" width=\"25\" height=\"26\" \/><\/p>\n<\/div>\n<\/div><\/span><\/p>\n<h2>Caract\u00e9ristiques de l&rsquo;application SpinAnia<\/h2>\n<p>L&rsquo;application SpinAnia est unique en raison de ses fonctionnalit\u00e9s puissantes et de sa facilit\u00e9 d&rsquo;utilisation. Elle offre aux utilisateurs une exp\u00e9rience mobile sup\u00e9rieure \u00e0 celle qu&rsquo;ils auraient avec les jeux traditionnels sur ordinateur. Vous pouvez acc\u00e9der rapidement et en toute s\u00e9curit\u00e9 \u00e0 notre vaste biblioth\u00e8que de machines \u00e0 sous, de jeux de table et de jeux avec croupier en direct sur le Web. La nature conviviale de l&rsquo;application, avec son interface intuitive, permet aux joueurs de naviguer librement dans la biblioth\u00e8que et de trouver ainsi leurs jeux pr\u00e9f\u00e9r\u00e9s en un temps record.<\/p>\n<p>De plus, l&rsquo;\u00e9quipe d&rsquo;assistance du casino SpinAnia aide instantan\u00e9ment les clients via un chat en direct. Vous pouvez ainsi profiter d&rsquo;un confort et d&rsquo;une commodit\u00e9 optimaux. Notre synchronisation garantit \u00e9galement la coh\u00e9rence des donn\u00e9es utilisateur sur tous les appareils : les joueurs peuvent profiter des m\u00eames jeux lorsqu&rsquo;ils passent d&rsquo;un appareil mobile \u00e0 un ordinateur de bureau.<\/p>\n<p>Notre application fluide est \u00e9galement optimis\u00e9e pour la taille de l&rsquo;\u00e9cran et fonctionne bien sans compromettre la qualit\u00e9 des jeux ou la s\u00e9curit\u00e9.<\/p>\n<p><div style=\"clear: both\"><\/div><div class=\"d-flex justify-content-center\"><button data-item=\"seo-link\" data-group=\"website_links\" class=\"goto fw-bold rounded-pill btn btn-orange\" aria-label=\"T\u00e9l\u00e9chargez l&#039;application Spinania\" >T\u00e9l\u00e9chargez l&#039;application Spinania<\/button><\/div><div class=\"scrollable-content-wrap my-5\"><div class=\"scrollable-content-inner\"><h2>Application SpinAnia pour Android OS<\/h2>\n<p>Nous avons \u00e9galement d\u00e9velopp\u00e9 l&rsquo;application SpinAnia pour les utilisateurs d&rsquo;Android. Notre application est con\u00e7ue dans un souci de simplicit\u00e9 et d&rsquo;efficacit\u00e9. Elle peut \u00eatre t\u00e9l\u00e9charg\u00e9e directement depuis notre site sous forme de PWA. C&rsquo;est notre fa\u00e7on de contourner les restrictions impos\u00e9es aux applications de jeux d&rsquo;argent.<\/p>\n<ol>\n<li>Cliquez sur le bouton \u00ab Application Casino \u00bb ci-dessous sur la page du casino Spin Ania.<\/li>\n<li>Une fois redirig\u00e9 vers la page d&rsquo;installation de la PWA, cliquez sur \u00ab Installer \u00bb et attendez que le t\u00e9l\u00e9chargement commence.<\/li>\n<li>Une fois le t\u00e9l\u00e9chargement termin\u00e9, l&rsquo;ic\u00f4ne appara\u00eetra sur votre \u00e9cran.<\/li>\n<li>Cliquez dessus, et tous nos jeux de casino SpinAnia s&rsquo;ouvrent !<\/li>\n<\/ol>\n<p>D\u00e8s que le casino mobile est install\u00e9, les joueurs ont imm\u00e9diatement acc\u00e8s \u00e0 toute la biblioth\u00e8que de jeux, y compris les derni\u00e8res machines \u00e0 sous en ligne et les jeux de table traditionnels optimis\u00e9s pour l&rsquo;\u00e9cran mobile. L&rsquo;application est bas\u00e9e sur Android 8.0 et sup\u00e9rieur, qui peut fonctionner avec la majorit\u00e9 des gadgets modernes. Nous n&rsquo;avons pas besoin de maintenir un syst\u00e8me de gestion des versions complexe. Notre technologie PWA minimise les besoins de stockage pour afficher rapidement les donn\u00e9es.<\/p>\n<p>Nous ne disposons pas de l&rsquo;application SpinAnia APK, et nous constatons que nos joueurs ne l&rsquo;utilisent plus, car ils connaissent d\u00e9sormais un moyen plus s\u00fbr et plus fiable d&rsquo;acc\u00e9der \u00e0 la plateforme mobile du casino.<\/p>\n<p><img loading=\"lazy\" decoding=\"async\" class=\"alignnone size-full wp-image-1493\" src=\"https:\/\/spin-ania.com\/wp-content\/uploads\/2026\/01\/Spinania-Android-App.webp\" alt=\"Spinania Android\" width=\"1248\" height=\"536\" srcset=\"https:\/\/spin-ania.com\/wp-content\/uploads\/2026\/01\/Spinania-Android-App.webp 1248w, https:\/\/spin-ania.com\/wp-content\/uploads\/2026\/01\/Spinania-Android-App-300x129.webp 300w, https:\/\/spin-ania.com\/wp-content\/uploads\/2026\/01\/Spinania-Android-App-1024x440.webp 1024w, https:\/\/spin-ania.com\/wp-content\/uploads\/2026\/01\/Spinania-Android-App-768x330.webp 768w\" sizes=\"(max-width: 1248px) 100vw, 1248px\" \/><\/p>\n<\/div><\/div><div style=\"clear: both\"><\/div><div class=\"d-flex justify-content-center\"><button data-item=\"seo-link\" data-group=\"website_links\" class=\"goto fw-bold rounded-pill btn btn-orange\" aria-label=\"T\u00e9l\u00e9chargez l&#039;application Spinania\" >T\u00e9l\u00e9chargez l&#039;application Spinania<\/button><\/div><div class=\"scrollable-content-wrap my-5\"><div class=\"scrollable-content-inner\"><h2>Application SpinAnia iOS<\/h2>\n<p>SpinAnia Casino dispose d&rsquo;une PWA sp\u00e9cifique \u00e0 iOS, qui offre aux utilisateurs d&rsquo;iPhone et d&rsquo;iPad une exp\u00e9rience tr\u00e8s optimis\u00e9e. Vous pouvez t\u00e9l\u00e9charger l&rsquo;application directement \u00e0 partir de notre lien sur la page du casino, m\u00eame si elle n&rsquo;est pas disponible sur l&rsquo;App Store.<\/p>\n<ol>\n<li>Depuis votre appareil mobile Apple, ouvrez la page Spin Ania et acc\u00e9dez \u00e0 la section de l&rsquo;application.<\/li>\n<li>Installez l&rsquo;application web progressive en suivant les instructions simples.<\/li>\n<\/ol>\n<p>Une fois l&rsquo;application install\u00e9e, les joueurs peuvent profiter d&rsquo;une interface fluide, d&rsquo;une vitesse de chargement rapide et d&rsquo;un acc\u00e8s \u00e0 l&rsquo;int\u00e9gralit\u00e9 de notre biblioth\u00e8que de jeux en 3D. L&rsquo;application est compatible avec tous les principaux appareils iOS et vous pouvez profiter de notifications push et d&rsquo;une int\u00e9gration parfaite avec les protocoles de s\u00e9curit\u00e9.<\/p>\n<p><img loading=\"lazy\" decoding=\"async\" class=\"alignnone size-full wp-image-1541\" src=\"https:\/\/spin-ania.com\/wp-content\/uploads\/2026\/01\/Spinania-iOS-App.webp\" alt=\"Spinania iOS\" width=\"1248\" height=\"536\" srcset=\"https:\/\/spin-ania.com\/wp-content\/uploads\/2026\/01\/Spinania-iOS-App.webp 1248w, https:\/\/spin-ania.com\/wp-content\/uploads\/2026\/01\/Spinania-iOS-App-300x129.webp 300w, https:\/\/spin-ania.com\/wp-content\/uploads\/2026\/01\/Spinania-iOS-App-1024x440.webp 1024w, https:\/\/spin-ania.com\/wp-content\/uploads\/2026\/01\/Spinania-iOS-App-768x330.webp 768w\" sizes=\"(max-width: 1248px) 100vw, 1248px\" \/><\/p>\n<\/div><\/div><div style=\"clear: both\"><\/div><div class=\"d-flex justify-content-center\"><button data-item=\"seo-link\" data-group=\"website_links\" class=\"goto fw-bold rounded-pill btn btn-orange\" aria-label=\"T\u00e9l\u00e9chargez l&#039;application Spinania\" >T\u00e9l\u00e9chargez l&#039;application Spinania<\/button><\/div><div class=\"scrollable-content-wrap my-5\"><div class=\"scrollable-content-inner\"><h2>Spin Ania Casino version bureau<\/h2>\n<p>Bien que l&rsquo;application SpinAnia tire parti de la commodit\u00e9 des appareils mobiles, la version pour ordinateur de bureau continue de jouer un r\u00f4le important dans le domaine des jeux. La plateforme pour ordinateur de bureau est disponible sur les syst\u00e8mes d&rsquo;exploitation macOS et Windows. Elle offre un \u00e9cran plus grand et davantage de commandes de navigation. Il n&rsquo;est pas n\u00e9cessaire d&rsquo;installer de logiciel suppl\u00e9mentaire pour acc\u00e9der au casino. Il vous suffit d&rsquo;ouvrir notre biblioth\u00e8que \u00e0 l&rsquo;aide d&rsquo;un navigateur courant tel que Chrome, Firefox, Safari ou Edge.<\/p>\n<p>Pour y acc\u00e9der rapidement, il est conseill\u00e9 de cr\u00e9er un raccourci sur le bureau, ce qui permettra d&rsquo;acc\u00e9der au casino en un seul clic. Notre application de bureau intelligente est synchronis\u00e9e avec la plateforme mobile afin que toutes les informations, pr\u00e9f\u00e9rences et r\u00e9alisations des utilisateurs restent compatibles entre les diff\u00e9rentes plateformes.<\/p>\n<h3>Interface utilisateur et navigation<\/h3>\n<p>L&rsquo;application SpinAnia pr\u00e9sente un design intelligent qui allie modernit\u00e9 et fonctionnalit\u00e9. L&rsquo;interface violet fonc\u00e9 est \u00e9l\u00e9gante et conviviale, avec des menus clairement \u00e9tiquet\u00e9s et une navigation simplifi\u00e9e vers tous les types de jeux. Dans nos meilleures machines \u00e0 sous en ligne, jeux de table et jeux avec croupier en direct, les utilisateurs b\u00e9n\u00e9ficient de transitions rapides et d&rsquo;un temps de chargement court. Le design s&rsquo;adapte parfaitement \u00e0 toutes les tailles d&rsquo;\u00e9cran, offrant ainsi la meilleure exp\u00e9rience de jeu sur smartphones, tablettes et ordinateurs de bureau !<\/p>\n<table>\n<tbody>\n<tr>\n<td>Aspect<\/td>\n<td>D\u00e9tails<\/td>\n<\/tr>\n<tr>\n<td>Optimisation pour tablettes<\/td>\n<td>L&rsquo;application est optimis\u00e9e au maximum sur les tablettes et les \u00e9crans plus grands, avec une exp\u00e9rience graphique enrichie et une navigation facile.<\/td>\n<\/tr>\n<tr>\n<td>Compatibilit\u00e9 avec les appareils<\/td>\n<td>L&rsquo;application fonctionnera avec les appareils Android et iOS et est compatible avec une grande vari\u00e9t\u00e9 de smartphones et de tablettes.<\/td>\n<\/tr>\n<tr>\n<td>Disponibilit\u00e9 du jeu<\/td>\n<td>Tous les jeux Spin Ania casino, tels que les machines \u00e0 sous en ligne, les jeux de table et les croupiers en direct, sont disponibles dans l&rsquo;application, qui offre une plateforme de jeu compl\u00e8te.<\/td>\n<\/tr>\n<\/tbody>\n<\/table>\n<p>Vous pouvez contacter notre \u00e9quipe d&rsquo;assistance via le chat en direct int\u00e9gr\u00e9. Nous nous assurons d&rsquo;\u00eatre disponibles pour vous en cas de probl\u00e8mes ou de questions.<\/p>\n<p><img loading=\"lazy\" decoding=\"async\" class=\"alignnone size-full wp-image-1525\" style=\"font-size: 16px\" src=\"https:\/\/spin-ania.com\/wp-content\/uploads\/2026\/01\/Spinania-Desktop.webp\" alt=\"Spinania Desktop\" width=\"1248\" height=\"536\" srcset=\"https:\/\/spin-ania.com\/wp-content\/uploads\/2026\/01\/Spinania-Desktop.webp 1248w, https:\/\/spin-ania.com\/wp-content\/uploads\/2026\/01\/Spinania-Desktop-300x129.webp 300w, https:\/\/spin-ania.com\/wp-content\/uploads\/2026\/01\/Spinania-Desktop-1024x440.webp 1024w, https:\/\/spin-ania.com\/wp-content\/uploads\/2026\/01\/Spinania-Desktop-768x330.webp 768w\" sizes=\"(max-width: 1248px) 100vw, 1248px\" \/><\/p>\n<\/div><\/div><div style=\"clear: both\"><\/div><div class=\"d-flex justify-content-center\"><button data-item=\"seo-link\" data-group=\"website_links\" class=\"goto fw-bold rounded-pill btn btn-orange\" aria-label=\"T\u00e9l\u00e9chargez l&#039;application Spinania\" >T\u00e9l\u00e9chargez l&#039;application Spinania<\/button><\/div><div class=\"scrollable-content-wrap my-5\"><div class=\"scrollable-content-inner\"><h2>FAQ<\/h2>\n<h3>L&rsquo;application SpinAnia est-elle optimis\u00e9e pour les tablettes et les \u00e9crans plus grands ?<\/h3>\n<p>Nous sommes enti\u00e8rement compatibles avec les appareils mobiles et fonctionnons sur toutes les tailles d&rsquo;\u00e9cran. Vous pouvez r\u00e9gler tous les param\u00e8tres pour b\u00e9n\u00e9ficier d&rsquo;une exp\u00e9rience visuelle et de navigation optimale sur n&rsquo;importe quel appareil.<\/p>\n<h3>L&rsquo;application est-elle disponible pour les appareils Android et iOS ?<\/h3>\n<p>SpinAnia Casino dispose d&rsquo;applications sur Android et iOS, qui peuvent \u00eatre t\u00e9l\u00e9charg\u00e9es sur notre page principale en version PWA. Vous pouvez passer le processus de v\u00e9rification et profiter des jeux en argent r\u00e9el ou utiliser notre mode d\u00e9mo pour perfectionner vos comp\u00e9tences !<\/p>\n<h3>Tous les jeux Spin Ania sont-ils disponibles dans l&rsquo;application ?<\/h3>\n<p>L&rsquo;int\u00e9gralit\u00e9 de la biblioth\u00e8que de jeux Spin Ania, comprenant les nouvelles sorties, les machines \u00e0 sous classiques et les jeux avec croupier en direct, est h\u00e9berg\u00e9e sur l&rsquo;application, offrant ainsi une exp\u00e9rience de casino compl\u00e8te sur mobile et ordinateur. Vous pouvez choisir o\u00f9 et comment jouer, et nous vous fournissons tout ce dont vous avez besoin.<\/p>\n<\/div><\/div><\/p>\n","protected":false},"excerpt":{"rendered":"<p>SpinAnia Casino Application SpinAnia app est un logiciel de jeu incroyablement moderne qui conviendra aux joueurs qui souhaitent jouer \u00e0 leurs jeux de casino pr\u00e9f\u00e9r\u00e9s o\u00f9 qu&rsquo;ils se trouvent. Gr\u00e2ce \u00e0 notre plateforme mobile avanc\u00e9e, SpinAnia Casino garantit \u00e0 ses utilisateurs l&rsquo;acc\u00e8s \u00e0 un large \u00e9ventail de fonctionnalit\u00e9s. Il est accessible sur tous les appareils [&hellip;]<\/p>\n","protected":false},"author":1,"featured_media":0,"parent":0,"menu_order":0,"comment_status":"closed","ping_status":"closed","template":"template-builder.php","meta":{"_acf_changed":false,"inline_featured_image":false,"footnotes":""},"class_list":["post-1647","page","type-page","status-publish","hentry"],"acf":[],"yoast_head":"<!-- This site is optimized with the Yoast SEO plugin v24.4 - https:\/\/yoast.com\/wordpress\/plugins\/seo\/ -->\n<title>SpinAnia App pour Mobile | iOS, Android<\/title>\n<meta name=\"description\" content=\"SpinAnia App \u2013 jouez \u00e0 vos jeux de casino pr\u00e9f\u00e9r\u00e9s sur iOS et Android, o\u00f9 que vous soyez. Profitez d\u2019un gameplay fluide, d\u2019une synchronisation instantan\u00e9e et d\u2019un acc\u00e8s complet sur Spin Ania.\" \/>\n<meta name=\"robots\" content=\"index, follow, max-snippet:-1, max-image-preview:large, max-video-preview:-1\" \/>\n<link rel=\"canonical\" href=\"https:\/\/spin-ania.com\/fr\/app\/\" \/>\n<meta property=\"og:locale\" content=\"fr_FR\" \/>\n<meta property=\"og:type\" content=\"article\" \/>\n<meta property=\"og:title\" content=\"SpinAnia App pour Mobile | iOS, Android\" \/>\n<meta property=\"og:description\" content=\"SpinAnia App \u2013 jouez \u00e0 vos jeux de casino pr\u00e9f\u00e9r\u00e9s sur iOS et Android, o\u00f9 que vous soyez. Profitez d\u2019un gameplay fluide, d\u2019une synchronisation instantan\u00e9e et d\u2019un acc\u00e8s complet sur Spin Ania.\" \/>\n<meta property=\"og:url\" content=\"https:\/\/spin-ania.com\/fr\/app\/\" \/>\n<meta property=\"og:site_name\" content=\"spinania\" \/>\n<meta property=\"article:modified_time\" content=\"2026-01-14T10:56:20+00:00\" \/>\n<meta name=\"twitter:card\" content=\"summary_large_image\" \/>\n<meta name=\"twitter:label1\" content=\"Dur\u00e9e de lecture estim\u00e9e\" \/>\n\t<meta name=\"twitter:data1\" content=\"2 minutes\" \/>\n<script type=\"application\/ld+json\" class=\"yoast-schema-graph\">{\"@context\":\"https:\/\/schema.org\",\"@graph\":[{\"@type\":\"WebPage\",\"@id\":\"https:\/\/spin-ania.com\/fr\/app\/\",\"url\":\"https:\/\/spin-ania.com\/fr\/app\/\",\"name\":\"SpinAnia App pour Mobile | iOS, Android\",\"isPartOf\":{\"@id\":\"https:\/\/spin-ania.com\/fr\/#website\"},\"datePublished\":\"2026-01-14T09:17:54+00:00\",\"dateModified\":\"2026-01-14T10:56:20+00:00\",\"description\":\"SpinAnia App \u2013 jouez \u00e0 vos jeux de casino pr\u00e9f\u00e9r\u00e9s sur iOS et Android, o\u00f9 que vous soyez. Profitez d\u2019un gameplay fluide, d\u2019une synchronisation instantan\u00e9e et d\u2019un acc\u00e8s complet sur Spin Ania.\",\"breadcrumb\":{\"@id\":\"https:\/\/spin-ania.com\/fr\/app\/#breadcrumb\"},\"inLanguage\":\"fr-FR\",\"potentialAction\":[{\"@type\":\"ReadAction\",\"target\":[\"https:\/\/spin-ania.com\/fr\/app\/\"]}]},{\"@type\":\"BreadcrumbList\",\"@id\":\"https:\/\/spin-ania.com\/fr\/app\/#breadcrumb\",\"itemListElement\":[{\"@type\":\"ListItem\",\"position\":1,\"name\":\"Spinania\",\"item\":\"https:\/\/spin-ania.com\/fr\/\"},{\"@type\":\"ListItem\",\"position\":2,\"name\":\"App\"}]},{\"@type\":\"WebSite\",\"@id\":\"https:\/\/spin-ania.com\/fr\/#website\",\"url\":\"https:\/\/spin-ania.com\/fr\/\",\"name\":\"Spinania\",\"description\":\"\",\"publisher\":{\"@id\":\"https:\/\/spin-ania.com\/fr\/#organization\"},\"potentialAction\":[{\"@type\":\"SearchAction\",\"target\":{\"@type\":\"EntryPoint\",\"urlTemplate\":\"https:\/\/spin-ania.com\/fr\/?s={search_term_string}\"},\"query-input\":{\"@type\":\"PropertyValueSpecification\",\"valueRequired\":true,\"valueName\":\"search_term_string\"}}],\"inLanguage\":\"fr-FR\"},{\"@type\":\"Organization\",\"@id\":\"https:\/\/spin-ania.com\/fr\/#organization\",\"name\":\"Spinania\",\"url\":\"https:\/\/spin-ania.com\/fr\/\",\"logo\":{\"@type\":\"ImageObject\",\"inLanguage\":\"fr-FR\",\"@id\":\"https:\/\/spin-ania.com\/fr\/#\/schema\/logo\/image\/\",\"url\":\"https:\/\/spin-ania.com\/wp-content\/uploads\/2025\/08\/KeIS1eTvcSVRrxjd4vQx.png\",\"contentUrl\":\"https:\/\/spin-ania.com\/wp-content\/uploads\/2025\/08\/KeIS1eTvcSVRrxjd4vQx.png\",\"width\":106,\"height\":31,\"caption\":\"Spinania\"},\"image\":{\"@id\":\"https:\/\/spin-ania.com\/fr\/#\/schema\/logo\/image\/\"}}]}<\/script>\n<!-- \/ Yoast SEO plugin. -->","yoast_head_json":{"title":"SpinAnia App pour Mobile | iOS, Android","description":"SpinAnia App \u2013 jouez \u00e0 vos jeux de casino pr\u00e9f\u00e9r\u00e9s sur iOS et Android, o\u00f9 que vous soyez. Profitez d\u2019un gameplay fluide, d\u2019une synchronisation instantan\u00e9e et d\u2019un acc\u00e8s complet sur Spin Ania.","robots":{"index":"index","follow":"follow","max-snippet":"max-snippet:-1","max-image-preview":"max-image-preview:large","max-video-preview":"max-video-preview:-1"},"canonical":"https:\/\/spin-ania.com\/fr\/app\/","og_locale":"fr_FR","og_type":"article","og_title":"SpinAnia App pour Mobile | iOS, Android","og_description":"SpinAnia App \u2013 jouez \u00e0 vos jeux de casino pr\u00e9f\u00e9r\u00e9s sur iOS et Android, o\u00f9 que vous soyez. Profitez d\u2019un gameplay fluide, d\u2019une synchronisation instantan\u00e9e et d\u2019un acc\u00e8s complet sur Spin Ania.","og_url":"https:\/\/spin-ania.com\/fr\/app\/","og_site_name":"spinania","article_modified_time":"2026-01-14T10:56:20+00:00","twitter_card":"summary_large_image","twitter_misc":{"Dur\u00e9e de lecture estim\u00e9e":"2 minutes"},"schema":{"@context":"https:\/\/schema.org","@graph":[{"@type":"WebPage","@id":"https:\/\/spin-ania.com\/fr\/app\/","url":"https:\/\/spin-ania.com\/fr\/app\/","name":"SpinAnia App pour Mobile | iOS, Android","isPartOf":{"@id":"https:\/\/spin-ania.com\/fr\/#website"},"datePublished":"2026-01-14T09:17:54+00:00","dateModified":"2026-01-14T10:56:20+00:00","description":"SpinAnia App \u2013 jouez \u00e0 vos jeux de casino pr\u00e9f\u00e9r\u00e9s sur iOS et Android, o\u00f9 que vous soyez. Profitez d\u2019un gameplay fluide, d\u2019une synchronisation instantan\u00e9e et d\u2019un acc\u00e8s complet sur Spin Ania.","breadcrumb":{"@id":"https:\/\/spin-ania.com\/fr\/app\/#breadcrumb"},"inLanguage":"fr-FR","potentialAction":[{"@type":"ReadAction","target":["https:\/\/spin-ania.com\/fr\/app\/"]}]},{"@type":"BreadcrumbList","@id":"https:\/\/spin-ania.com\/fr\/app\/#breadcrumb","itemListElement":[{"@type":"ListItem","position":1,"name":"Spinania","item":"https:\/\/spin-ania.com\/fr\/"},{"@type":"ListItem","position":2,"name":"App"}]},{"@type":"WebSite","@id":"https:\/\/spin-ania.com\/fr\/#website","url":"https:\/\/spin-ania.com\/fr\/","name":"Spinania","description":"","publisher":{"@id":"https:\/\/spin-ania.com\/fr\/#organization"},"potentialAction":[{"@type":"SearchAction","target":{"@type":"EntryPoint","urlTemplate":"https:\/\/spin-ania.com\/fr\/?s={search_term_string}"},"query-input":{"@type":"PropertyValueSpecification","valueRequired":true,"valueName":"search_term_string"}}],"inLanguage":"fr-FR"},{"@type":"Organization","@id":"https:\/\/spin-ania.com\/fr\/#organization","name":"Spinania","url":"https:\/\/spin-ania.com\/fr\/","logo":{"@type":"ImageObject","inLanguage":"fr-FR","@id":"https:\/\/spin-ania.com\/fr\/#\/schema\/logo\/image\/","url":"https:\/\/spin-ania.com\/wp-content\/uploads\/2025\/08\/KeIS1eTvcSVRrxjd4vQx.png","contentUrl":"https:\/\/spin-ania.com\/wp-content\/uploads\/2025\/08\/KeIS1eTvcSVRrxjd4vQx.png","width":106,"height":31,"caption":"Spinania"},"image":{"@id":"https:\/\/spin-ania.com\/fr\/#\/schema\/logo\/image\/"}}]}},"_links":{"self":[{"href":"https:\/\/spin-ania.com\/fr\/wp-json\/wp\/v2\/pages\/1647"}],"collection":[{"href":"https:\/\/spin-ania.com\/fr\/wp-json\/wp\/v2\/pages"}],"about":[{"href":"https:\/\/spin-ania.com\/fr\/wp-json\/wp\/v2\/types\/page"}],"author":[{"embeddable":true,"href":"https:\/\/spin-ania.com\/fr\/wp-json\/wp\/v2\/users\/1"}],"replies":[{"embeddable":true,"href":"https:\/\/spin-ania.com\/fr\/wp-json\/wp\/v2\/comments?post=1647"}],"version-history":[{"count":2,"href":"https:\/\/spin-ania.com\/fr\/wp-json\/wp\/v2\/pages\/1647\/revisions"}],"predecessor-version":[{"id":1754,"href":"https:\/\/spin-ania.com\/fr\/wp-json\/wp\/v2\/pages\/1647\/revisions\/1754"}],"wp:attachment":[{"href":"https:\/\/spin-ania.com\/fr\/wp-json\/wp\/v2\/media?parent=1647"}],"curies":[{"name":"wp","href":"https:\/\/api.w.org\/{rel}","templated":true}]}}