{"id":1656,"date":"2026-01-14T09:20:23","date_gmt":"2026-01-14T09:20:23","guid":{"rendered":"https:\/\/spin-ania.com\/login-and-registration\/"},"modified":"2026-01-14T10:57:40","modified_gmt":"2026-01-14T10:57:40","slug":"connexion-et-inscription","status":"publish","type":"page","link":"https:\/\/spin-ania.com\/fr\/connexion-et-inscription\/","title":{"rendered":"Connexion et inscription"},"content":{"rendered":"<h1>SpinAnia Connexion et Inscription<\/h1>\n<p>La proc\u00e9dure SpinAnia login est un moyen simple d&rsquo;acc\u00e9der \u00e0 un large \u00e9ventail de fonctionnalit\u00e9s divertissantes de casino en ligne. Les utilisateurs peuvent jouer \u00e0 une grande vari\u00e9t\u00e9 de jeux, g\u00e9rer leurs donn\u00e9es personnelles et participer facilement \u00e0 de multiples offres en se connectant \u00e0 leur compte.<\/p>\n<p><div class=\"banner-wrap\" aria-label=\"Banner\"><img src=\"https:\/\/spin-ania.com\/wp-content\/uploads\/2026\/01\/Spinania-Banner-Desktop.webp\" class=\"w-100 d-none d-lg-block img-pc main-banner-img\" alt=\"spinania bonus desktop\" fetchpriority=\"high\" decoding=\"async\"><img src=\"https:\/\/spin-ania.com\/wp-content\/uploads\/2026\/01\/Spinania-mobile-banner.webp\" class=\"w-100 d-none d-md-block d-lg-none main-banner-img\" alt=\"spinania bonus mobile\" fetchpriority=\"high\" decoding=\"async\"><img src=\"https:\/\/spin-ania.com\/wp-content\/uploads\/2026\/01\/Spinania-mobile-banner.webp\" class=\"w-100 d-md-none\" alt=\"spinania bonus mobile\" fetchpriority=\"high\" decoding=\"async\"><div class=\"banner-description\">\n<div class=\"banner-title\">Bonus de bienvenue<\/div>\n<p class=\"banner-header-title\">\u20ac1,500<\/p>\n<div class=\"banner-header-AdditionalText\">+ 250 Tours gratuits<\/div>\n<button data-item=\"homepage_banner_link\" class=\"goto m-button m-gradient-border m-button--primary m-button--large banner-button btn-orange\">\n            <div class=\"m-button-content\">\n                <span>Inscrivez-vous d\u00e8s maintenant<\/span>\n                <span><\/span>\n            <\/div>\n        <\/button>\n<\/div>\n<div class=\"WelcomePack\">\n<p><img loading=\"lazy\" decoding=\"async\" class=\"alignnone size-full wp-image-1589\" src=\"https:\/\/spin-ania.com\/wp-content\/uploads\/2026\/01\/welcome-crown.svg\" alt=\"welcome crown\" width=\"25\" height=\"26\" \/><\/p>\n<div class=\"WelcomePack-Info\">Cashback hebdomadaire jusqu&rsquo;\u00e0 25 %<\/div>\n<p><img loading=\"lazy\" decoding=\"async\" class=\"alignnone size-full wp-image-1589\" src=\"https:\/\/spin-ania.com\/wp-content\/uploads\/2026\/01\/welcome-crown.svg\" alt=\"welcome crown\" width=\"25\" height=\"26\" \/><\/p>\n<\/div>\n<\/div><div class=\"scrollable-content-wrap my-5\"><div class=\"scrollable-content-inner\"><h2>Proc\u00e9dure d&rsquo;inscription \u00e0 SpinAnia<\/h2>\n<p>L&rsquo;inscription sur SpinAnia Casino vous donne acc\u00e8s \u00e0 toutes les fonctionnalit\u00e9s les plus importantes de la plateforme. Nous savons que le processus d&rsquo;inscription doit \u00eatre rapide et simple, c&rsquo;est pourquoi nous avons con\u00e7u la connexion \u00e0 SpinAnia et l&rsquo;inscription de mani\u00e8re \u00e0 ce que d\u00e8s qu&rsquo;un joueur cr\u00e9e un compte, il puisse commencer \u00e0 profiter de toutes les fonctionnalit\u00e9s du casino.<\/p>\n<p>L&rsquo;inscription d&rsquo;un compte vous donne acc\u00e8s \u00e0 diverses biblioth\u00e8ques contenant plus de 6 000 titres que nous mettons constamment \u00e0 jour. Chaque jour, nous ajoutons de nouveaux jeux de cartes et titres de casino en direct, Drops &amp; Wins, des collections de livres et des machines \u00e0 sous. Vous pouvez participer \u00e0 nos campagnes promotionnelles exclusives, \u00e0 nos tournois et \u00e0 notre programme de fid\u00e9lit\u00e9, en plus de pouvoir retirer vos gains en toute s\u00e9curit\u00e9.<\/p>\n<p>Pour vous inscrire sur SpinAnia Casino, nous vous demandons de fournir des informations personnelles de base, notamment votre adresse e-mail et votre mot de passe, rien de plus !<\/p>\n<p>Mais n&rsquo;oubliez pas que nous avons pour r\u00e8gle d&rsquo;autoriser uniquement les joueurs \u00e2g\u00e9s de 18 ans et plus \u00e0 s&rsquo;inscrire, conform\u00e9ment aux exigences l\u00e9gales et aux normes du jeu responsable. Une fois inscrits, les utilisateurs peuvent alors profiter d&rsquo;autres services, tels que la fixation de limites de jeu ou la mise en place d&rsquo;un jeu responsable.<\/p>\n<h3>Modification des donn\u00e9es personnelles<\/h3>\n<p>Les joueurs de SpinAnia Casino peuvent modifier leurs donn\u00e9es personnelles \u00e0 tout moment depuis le tableau de bord de leur compte. Vous pouvez par exemple mettre \u00e0 jour vos informations personnelles, vos coordonn\u00e9es, votre mode de paiement ou vos mesures de s\u00e9curit\u00e9. Il est important de vous assurer que toutes vos donn\u00e9es personnelles sont exactes, notamment pour faciliter la v\u00e9rification et le bon d\u00e9roulement des transactions.<\/p>\n<p>Notre syst\u00e8me offre un niveau \u00e9lev\u00e9 de s\u00e9curit\u00e9 et de confidentialit\u00e9 des donn\u00e9es. Des mesures strictes garantissent la s\u00e9curit\u00e9 de toutes les donn\u00e9es utilisateur pendant les mises \u00e0 jour.<\/p>\n<h2>\u00c9tapes de la connexion \u00e0 SpinAnia<\/h2>\n<p>Notre casino SpinAnia utilise une m\u00e9thode efficace et s\u00e9curis\u00e9e pour la connexion \u00e0 SpinAnia. Elle fonctionne comme suit :<\/p>\n<ol>\n<li>Regardez la case Connexion SpinAnia qui se trouve dans le coin sup\u00e9rieur droit de cette page d&rsquo;accueil.<\/li>\n<li>Saisissez l&rsquo;adresse e-mail et le mot de passe enregistr\u00e9s. Assurez-vous de ne pas faire d&rsquo;erreurs.<\/li>\n<li>Cliquez sur le bouton marqu\u00e9 du mot \u00ab Connexion \u00bb pour acc\u00e9der au compte.<\/li>\n<li>Si cela ne fonctionne pas ou si vous avez oubli\u00e9 vos identifiants, cliquez simplement sur le bouton \u00ab Mot de passe oubli\u00e9 ? \u00bb et suivez les instructions pour les r\u00e9cup\u00e9rer.<\/li>\n<\/ol>\n<p>Une fois que vous vous \u00eates connect\u00e9 \u00e0 SpinAnia, vous pouvez faire plein de trucs dans votre compte ! Vous pouvez faire plein de trucs comme des d\u00e9p\u00f4ts, des demandes de bonus, des options de jeu responsable et voir votre historique d&rsquo;activit\u00e9. Le site est super facile \u00e0 utiliser gr\u00e2ce \u00e0 son tableau de bord intuitif qui permet de g\u00e9rer facilement son compte et de naviguer. Vous pouvez tout suivre ! Vos d\u00e9p\u00f4ts et retraits, votre historique de jeu, et bien plus encore.<\/p>\n<p>Et oui, Spin Ania offre une option permettant d&rsquo;utiliser l&rsquo;authentification \u00e0 deux facteurs, qui peut \u00eatre utilis\u00e9e pour renforcer le niveau de s\u00e9curit\u00e9. Essayez-la, elle est vivement recommand\u00e9e.<\/p>\n<h3>Casino SpinAnia V\u00e9rification<\/h3>\n<p>SpinAnia Casino exige un processus de v\u00e9rification afin de maintenir le niveau de s\u00e9curit\u00e9 avant le traitement des retraits. La v\u00e9rification implique de nous envoyer vos documents officiels qui attestent de votre identit\u00e9, de votre \u00e2ge et de votre adresse. Parmi les documents que nous demandons figurent une pi\u00e8ce d&rsquo;identit\u00e9 d\u00e9livr\u00e9e par le gouvernement, une facture de services publics et un relev\u00e9 bancaire. Quelles sont les exigences relatives aux documents ?<\/p>\n<ul>\n<li>Ils doivent \u00eatre authentiques et ne pas avoir \u00e9t\u00e9 modifi\u00e9s ;<\/li>\n<li>Si les joueurs s&rsquo;inqui\u00e8tent pour leur vie priv\u00e9e, ils peuvent masquer certaines transactions sur leurs relev\u00e9s bancaires et leur solde.<\/li>\n<\/ul>\n<p>Le processus de v\u00e9rification Spin Ania est g\u00e9n\u00e9ralement termin\u00e9 dans les 48 heures suivant la soumission des documents. Notre \u00e9quipe d&rsquo;assistance multilingue s&rsquo;en occupe avec le plus grand soin. Si le processus prend plus de temps que pr\u00e9vu ou si vous avez des questions, n&rsquo;h\u00e9sitez pas \u00e0 nous contacter via le chat en direct ou par e-mail pour v\u00e9rifier l&rsquo;\u00e9tat d&rsquo;avancement de votre demande. Mais ne vous inqui\u00e9tez pas, toutes ces v\u00e9rifications ont pour but de garantir le respect des r\u00e8gles l\u00e9gales et d&rsquo;am\u00e9liorer la s\u00e9curit\u00e9 des comptes, r\u00e9duisant ainsi les risques d&rsquo;acc\u00e8s non autoris\u00e9.<\/p>\n<h2>Acc\u00e8s au compte<\/h2>\n<p>Le jeu ne peut pas \u00eatre ininterrompu et fluide sans un acc\u00e8s appropri\u00e9 \u00e0 votre compte SpinAnia Casino. Si un joueur est confront\u00e9 \u00e0 un blocage temporaire de son compte Spin Ania, cela peut \u00eatre d\u00fb \u00e0 des mesures de s\u00e9curit\u00e9, comme, par exemple, des tentatives inhabituelles de connexion \u00e0 plusieurs reprises ou des connexions SpinAnia r\u00e9p\u00e9t\u00e9es. Si tel est le cas, il est recommand\u00e9 de contacter notre \u00e9quipe d&rsquo;assistance afin de r\u00e9soudre le probl\u00e8me dans les plus brefs d\u00e9lais.<\/p>\n<p>Mais afin d&rsquo;\u00e9viter tout acc\u00e8s non autoris\u00e9, les utilisateurs doivent :<\/p>\n<ul>\n<li>Activez l&rsquo;authentification \u00e0 deux facteurs.<\/li>\n<li>Utilisez des mots de passe forts et uniques.<\/li>\n<li>Ne partagez pas vos identifiants de connexion avec d&rsquo;autres personnes.<\/li>\n<li>V\u00e9rifiez r\u00e9guli\u00e8rement les activit\u00e9s du compte pour les transactions qui ne vous sont pas famili\u00e8res. Signalez-nous tout \u00e9l\u00e9ment suspect.<\/li>\n<\/ul>\n<p>Ainsi, gr\u00e2ce \u00e0 ces pr\u00e9cautions simples, vous pouvez \u00eatre s\u00fbr de toujours avoir acc\u00e8s \u00e0 votre compte. Les nouveaux comptes doivent faire l&rsquo;objet de v\u00e9rifications appropri\u00e9es avant de pouvoir se connecter \u00e0 SpinAnia. De cette mani\u00e8re, l&rsquo;identit\u00e9 de l&rsquo;utilisateur est confirm\u00e9e et aucune donn\u00e9e personnelle n&rsquo;est expos\u00e9e.<\/p>\n<h2>FAQ<\/h2>\n<h3>Que dois-je faire si mon compte Spin Ania a \u00e9t\u00e9 temporairement bloqu\u00e9 ?<\/h3>\n<p>Un blocage temporaire survient pour des raisons de s\u00e9curit\u00e9 ou de v\u00e9rification. \u00c9crivez-nous rapidement via le chat en direct ou par e-mail. Nous v\u00e9rifierons votre identit\u00e9 et authentifierons votre compte dans les plus brefs d\u00e9lais. Vous serez alors d\u00e9bloqu\u00e9 !<\/p>\n<h3>Comment puis-je prot\u00e9ger mon compte Spin Ania contre tout acc\u00e8s non autoris\u00e9 ?<\/h3>\n<p>Activez l&rsquo;authentification \u00e0 deux facteurs, utilisez un mot de passe fort et ne communiquez les informations de connexion \u00e0 SpinAnia \u00e0 personne ! V\u00e9rifiez r\u00e9guli\u00e8rement l&rsquo;activit\u00e9 de votre compte et mettez \u00e0 jour vos param\u00e8tres de s\u00e9curit\u00e9 si n\u00e9cessaire.<\/p>\n<h3>Pourquoi dois-je v\u00e9rifier mon compte avant de me connecter ?<\/h3>\n<p>La confirmation permet de v\u00e9rifier que vous \u00eates bien la personne que vous pr\u00e9tendez \u00eatre et que vous avez l&rsquo;\u00e2ge l\u00e9gal, sinon n&rsquo;importe qui pourrait se connecter \u00e0 SpinAnia ! Elle permet \u00e9galement de prot\u00e9ger votre compte contre tout acc\u00e8s non autoris\u00e9. Elle facilite \u00e9galement les retraits et la gestion du compte SpinAnia Casino.<\/p>\n<\/div><\/div><\/p>\n","protected":false},"excerpt":{"rendered":"<p>SpinAnia Connexion et Inscription La proc\u00e9dure SpinAnia login est un moyen simple d&rsquo;acc\u00e9der \u00e0 un large \u00e9ventail de fonctionnalit\u00e9s divertissantes de casino en ligne. Les utilisateurs peuvent jouer \u00e0 une grande vari\u00e9t\u00e9 de jeux, g\u00e9rer leurs donn\u00e9es personnelles et participer facilement \u00e0 de multiples offres en se connectant \u00e0 leur compte.<\/p>\n","protected":false},"author":1,"featured_media":0,"parent":0,"menu_order":0,"comment_status":"closed","ping_status":"closed","template":"template-builder.php","meta":{"_acf_changed":false,"inline_featured_image":false,"footnotes":""},"class_list":["post-1656","page","type-page","status-publish","hentry"],"acf":[],"yoast_head":"<!-- This site is optimized with the Yoast SEO plugin v24.4 - https:\/\/yoast.com\/wordpress\/plugins\/seo\/ -->\n<title>SpinAnia Login \u2013 Inscription et Acc\u00e8s au Compte<\/title>\n<meta name=\"description\" content=\"SpinAnia Login \u2013 connectez-vous ou cr\u00e9ez un compte en toute s\u00e9curit\u00e9. G\u00e9rez la v\u00e9rification, la r\u00e9cup\u00e9ration du mot de passe et les param\u00e8tres de votre profil sur Spin Ania.\" \/>\n<meta name=\"robots\" content=\"index, follow, max-snippet:-1, max-image-preview:large, max-video-preview:-1\" \/>\n<link rel=\"canonical\" href=\"https:\/\/spin-ania.com\/fr\/connexion-et-inscription\/\" \/>\n<meta property=\"og:locale\" content=\"fr_FR\" \/>\n<meta property=\"og:type\" content=\"article\" \/>\n<meta property=\"og:title\" content=\"SpinAnia Login \u2013 Inscription et Acc\u00e8s au Compte\" \/>\n<meta property=\"og:description\" content=\"SpinAnia Login \u2013 connectez-vous ou cr\u00e9ez un compte en toute s\u00e9curit\u00e9. G\u00e9rez la v\u00e9rification, la r\u00e9cup\u00e9ration du mot de passe et les param\u00e8tres de votre profil sur Spin Ania.\" \/>\n<meta property=\"og:url\" content=\"https:\/\/spin-ania.com\/fr\/connexion-et-inscription\/\" \/>\n<meta property=\"og:site_name\" content=\"spinania\" \/>\n<meta property=\"article:modified_time\" content=\"2026-01-14T10:57:40+00:00\" \/>\n<meta name=\"twitter:card\" content=\"summary_large_image\" \/>\n<meta name=\"twitter:label1\" content=\"Dur\u00e9e de lecture estim\u00e9e\" \/>\n\t<meta name=\"twitter:data1\" content=\"1 minute\" \/>\n<script type=\"application\/ld+json\" class=\"yoast-schema-graph\">{\"@context\":\"https:\/\/schema.org\",\"@graph\":[{\"@type\":\"WebPage\",\"@id\":\"https:\/\/spin-ania.com\/fr\/connexion-et-inscription\/\",\"url\":\"https:\/\/spin-ania.com\/fr\/connexion-et-inscription\/\",\"name\":\"SpinAnia Login \u2013 Inscription et Acc\u00e8s au Compte\",\"isPartOf\":{\"@id\":\"https:\/\/spin-ania.com\/fr\/#website\"},\"datePublished\":\"2026-01-14T09:20:23+00:00\",\"dateModified\":\"2026-01-14T10:57:40+00:00\",\"description\":\"SpinAnia Login \u2013 connectez-vous ou cr\u00e9ez un compte en toute s\u00e9curit\u00e9. G\u00e9rez la v\u00e9rification, la r\u00e9cup\u00e9ration du mot de passe et les param\u00e8tres de votre profil sur Spin Ania.\",\"breadcrumb\":{\"@id\":\"https:\/\/spin-ania.com\/fr\/connexion-et-inscription\/#breadcrumb\"},\"inLanguage\":\"fr-FR\",\"potentialAction\":[{\"@type\":\"ReadAction\",\"target\":[\"https:\/\/spin-ania.com\/fr\/connexion-et-inscription\/\"]}]},{\"@type\":\"BreadcrumbList\",\"@id\":\"https:\/\/spin-ania.com\/fr\/connexion-et-inscription\/#breadcrumb\",\"itemListElement\":[{\"@type\":\"ListItem\",\"position\":1,\"name\":\"Spinania\",\"item\":\"https:\/\/spin-ania.com\/fr\/\"},{\"@type\":\"ListItem\",\"position\":2,\"name\":\"Connexion et inscription\"}]},{\"@type\":\"WebSite\",\"@id\":\"https:\/\/spin-ania.com\/fr\/#website\",\"url\":\"https:\/\/spin-ania.com\/fr\/\",\"name\":\"Spinania\",\"description\":\"\",\"publisher\":{\"@id\":\"https:\/\/spin-ania.com\/fr\/#organization\"},\"potentialAction\":[{\"@type\":\"SearchAction\",\"target\":{\"@type\":\"EntryPoint\",\"urlTemplate\":\"https:\/\/spin-ania.com\/fr\/?s={search_term_string}\"},\"query-input\":{\"@type\":\"PropertyValueSpecification\",\"valueRequired\":true,\"valueName\":\"search_term_string\"}}],\"inLanguage\":\"fr-FR\"},{\"@type\":\"Organization\",\"@id\":\"https:\/\/spin-ania.com\/fr\/#organization\",\"name\":\"Spinania\",\"url\":\"https:\/\/spin-ania.com\/fr\/\",\"logo\":{\"@type\":\"ImageObject\",\"inLanguage\":\"fr-FR\",\"@id\":\"https:\/\/spin-ania.com\/fr\/#\/schema\/logo\/image\/\",\"url\":\"https:\/\/spin-ania.com\/wp-content\/uploads\/2025\/08\/KeIS1eTvcSVRrxjd4vQx.png\",\"contentUrl\":\"https:\/\/spin-ania.com\/wp-content\/uploads\/2025\/08\/KeIS1eTvcSVRrxjd4vQx.png\",\"width\":106,\"height\":31,\"caption\":\"Spinania\"},\"image\":{\"@id\":\"https:\/\/spin-ania.com\/fr\/#\/schema\/logo\/image\/\"}}]}<\/script>\n<!-- \/ Yoast SEO plugin. -->","yoast_head_json":{"title":"SpinAnia Login \u2013 Inscription et Acc\u00e8s au Compte","description":"SpinAnia Login \u2013 connectez-vous ou cr\u00e9ez un compte en toute s\u00e9curit\u00e9. G\u00e9rez la v\u00e9rification, la r\u00e9cup\u00e9ration du mot de passe et les param\u00e8tres de votre profil sur Spin Ania.","robots":{"index":"index","follow":"follow","max-snippet":"max-snippet:-1","max-image-preview":"max-image-preview:large","max-video-preview":"max-video-preview:-1"},"canonical":"https:\/\/spin-ania.com\/fr\/connexion-et-inscription\/","og_locale":"fr_FR","og_type":"article","og_title":"SpinAnia Login \u2013 Inscription et Acc\u00e8s au Compte","og_description":"SpinAnia Login \u2013 connectez-vous ou cr\u00e9ez un compte en toute s\u00e9curit\u00e9. G\u00e9rez la v\u00e9rification, la r\u00e9cup\u00e9ration du mot de passe et les param\u00e8tres de votre profil sur Spin Ania.","og_url":"https:\/\/spin-ania.com\/fr\/connexion-et-inscription\/","og_site_name":"spinania","article_modified_time":"2026-01-14T10:57:40+00:00","twitter_card":"summary_large_image","twitter_misc":{"Dur\u00e9e de lecture estim\u00e9e":"1 minute"},"schema":{"@context":"https:\/\/schema.org","@graph":[{"@type":"WebPage","@id":"https:\/\/spin-ania.com\/fr\/connexion-et-inscription\/","url":"https:\/\/spin-ania.com\/fr\/connexion-et-inscription\/","name":"SpinAnia Login \u2013 Inscription et Acc\u00e8s au Compte","isPartOf":{"@id":"https:\/\/spin-ania.com\/fr\/#website"},"datePublished":"2026-01-14T09:20:23+00:00","dateModified":"2026-01-14T10:57:40+00:00","description":"SpinAnia Login \u2013 connectez-vous ou cr\u00e9ez un compte en toute s\u00e9curit\u00e9. G\u00e9rez la v\u00e9rification, la r\u00e9cup\u00e9ration du mot de passe et les param\u00e8tres de votre profil sur Spin Ania.","breadcrumb":{"@id":"https:\/\/spin-ania.com\/fr\/connexion-et-inscription\/#breadcrumb"},"inLanguage":"fr-FR","potentialAction":[{"@type":"ReadAction","target":["https:\/\/spin-ania.com\/fr\/connexion-et-inscription\/"]}]},{"@type":"BreadcrumbList","@id":"https:\/\/spin-ania.com\/fr\/connexion-et-inscription\/#breadcrumb","itemListElement":[{"@type":"ListItem","position":1,"name":"Spinania","item":"https:\/\/spin-ania.com\/fr\/"},{"@type":"ListItem","position":2,"name":"Connexion et inscription"}]},{"@type":"WebSite","@id":"https:\/\/spin-ania.com\/fr\/#website","url":"https:\/\/spin-ania.com\/fr\/","name":"Spinania","description":"","publisher":{"@id":"https:\/\/spin-ania.com\/fr\/#organization"},"potentialAction":[{"@type":"SearchAction","target":{"@type":"EntryPoint","urlTemplate":"https:\/\/spin-ania.com\/fr\/?s={search_term_string}"},"query-input":{"@type":"PropertyValueSpecification","valueRequired":true,"valueName":"search_term_string"}}],"inLanguage":"fr-FR"},{"@type":"Organization","@id":"https:\/\/spin-ania.com\/fr\/#organization","name":"Spinania","url":"https:\/\/spin-ania.com\/fr\/","logo":{"@type":"ImageObject","inLanguage":"fr-FR","@id":"https:\/\/spin-ania.com\/fr\/#\/schema\/logo\/image\/","url":"https:\/\/spin-ania.com\/wp-content\/uploads\/2025\/08\/KeIS1eTvcSVRrxjd4vQx.png","contentUrl":"https:\/\/spin-ania.com\/wp-content\/uploads\/2025\/08\/KeIS1eTvcSVRrxjd4vQx.png","width":106,"height":31,"caption":"Spinania"},"image":{"@id":"https:\/\/spin-ania.com\/fr\/#\/schema\/logo\/image\/"}}]}},"_links":{"self":[{"href":"https:\/\/spin-ania.com\/fr\/wp-json\/wp\/v2\/pages\/1656"}],"collection":[{"href":"https:\/\/spin-ania.com\/fr\/wp-json\/wp\/v2\/pages"}],"about":[{"href":"https:\/\/spin-ania.com\/fr\/wp-json\/wp\/v2\/types\/page"}],"author":[{"embeddable":true,"href":"https:\/\/spin-ania.com\/fr\/wp-json\/wp\/v2\/users\/1"}],"replies":[{"embeddable":true,"href":"https:\/\/spin-ania.com\/fr\/wp-json\/wp\/v2\/comments?post=1656"}],"version-history":[{"count":2,"href":"https:\/\/spin-ania.com\/fr\/wp-json\/wp\/v2\/pages\/1656\/revisions"}],"predecessor-version":[{"id":1756,"href":"https:\/\/spin-ania.com\/fr\/wp-json\/wp\/v2\/pages\/1656\/revisions\/1756"}],"wp:attachment":[{"href":"https:\/\/spin-ania.com\/fr\/wp-json\/wp\/v2\/media?parent=1656"}],"curies":[{"name":"wp","href":"https:\/\/api.w.org\/{rel}","templated":true}]}}