{"id":1650,"date":"2026-01-14T09:17:54","date_gmt":"2026-01-14T09:17:54","guid":{"rendered":"https:\/\/spin-ania.com\/app\/"},"modified":"2026-01-14T12:21:53","modified_gmt":"2026-01-14T12:21:53","slug":"applicazione","status":"publish","type":"page","link":"https:\/\/spin-ania.com\/it\/applicazione\/","title":{"rendered":"Applicazione"},"content":{"rendered":"<h1>SpinAnia Casino Applicazione<\/h1>\n<p>SpinAnia app \u00e8 un software di gioco incredibilmente moderno, perfetto per i giocatori italiani che desiderano giocare ai loro giochi da casin\u00f2 preferiti ovunque si trovino. Grazie alla nostra piattaforma mobile avanzata, SpinAnia Casino garantisce agli utenti l&#8217;accesso a un&#8217;ampia gamma di funzionalit\u00e0 ed \u00e8 accessibile su tutti i dispositivi mobili pi\u00f9 comuni, offrendo comodit\u00e0 e buone prestazioni in qualsiasi momento.<\/p>\n<div class=\"banner-wrap\" aria-label=\"Banner\"><img src=\"https:\/\/spin-ania.com\/wp-content\/uploads\/2026\/01\/Spinania-Banner-Desktop.webp\" class=\"w-100 d-none d-lg-block img-pc main-banner-img\" alt=\"spinania bonus desktop\" fetchpriority=\"high\" decoding=\"async\"><img src=\"https:\/\/spin-ania.com\/wp-content\/uploads\/2026\/01\/Spinania-mobile-banner.webp\" class=\"w-100 d-none d-md-block d-lg-none main-banner-img\" alt=\"spinania bonus mobile\" fetchpriority=\"high\" decoding=\"async\"><img src=\"https:\/\/spin-ania.com\/wp-content\/uploads\/2026\/01\/Spinania-mobile-banner.webp\" class=\"w-100 d-md-none\" alt=\"spinania bonus mobile\" fetchpriority=\"high\" decoding=\"async\"><div class=\"banner-description\">\n<div class=\"banner-title\">Bonus di benvenuto<\/div>\n<p class=\"banner-header-title\">\u20ac1,500<\/p>\n<div class=\"banner-header-AdditionalText\">+ 250 Giri gratuiti<\/div>\n<button data-item=\"homepage_banner_link\" class=\"goto m-button m-gradient-border m-button--primary m-button--large banner-button btn-orange\">\n            <div class=\"m-button-content\">\n                <span>Iscriviti ora<\/span>\n                <span><\/span>\n            <\/div>\n        <\/button>\n<\/div>\n<div class=\"WelcomePack\">\n<p><img loading=\"lazy\" decoding=\"async\" class=\"alignnone size-full wp-image-1589\" src=\"https:\/\/spin-ania.com\/wp-content\/uploads\/2026\/01\/welcome-crown.svg\" alt=\"welcome crown\" width=\"25\" height=\"26\" \/><\/p>\n<div class=\"WelcomePack-Info\">Cashback settimanale fino al 25%<\/div>\n<p><img loading=\"lazy\" decoding=\"async\" class=\"alignnone size-full wp-image-1589\" src=\"https:\/\/spin-ania.com\/wp-content\/uploads\/2026\/01\/welcome-crown.svg\" alt=\"welcome crown\" width=\"25\" height=\"26\" \/><\/p>\n<\/div>\n<\/div>\n<h2>Caratteristiche dell&#8217;app SpinAnia<\/h2>\n<p>L&#8217;app SpinAnia \u00e8 unica per le sue potenti funzionalit\u00e0 e la sua facilit\u00e0 d&#8217;uso. Offre agli utenti un&#8217;esperienza mobile di livello superiore rispetto a quella che avrebbero avuto con i tradizionali giochi da tavolo. \u00c8 possibile accedere in modo rapido e sicuro alla nostra vasta libreria di slot online, giochi da tavolo e titoli con croupier dal vivo. La natura intuitiva dell&#8217;app, con la sua interfaccia intuitiva, consente ai giocatori di navigare liberamente nella libreria e quindi di trovare i giochi preferiti nel minor tempo possibile.<\/p>\n<p>Inoltre, il team di assistenza di SpinAnia Casino fornisce assistenza immediata ai clienti tramite un sistema di live chat. In questo modo, potrai godere del massimo comfort e praticit\u00e0. La nostra sincronizzazione mantiene inoltre i dati degli utenti coerenti su tutti i dispositivi: i giocatori possono provare gli stessi giochi passando dal cellulare al computer.<\/p>\n<p>La nostra app fluida \u00e8 ottimizzata anche per le dimensioni dello schermo e funziona bene senza compromettere la qualit\u00e0 dei giochi o la sicurezza.<\/p>\n<p><div style=\"clear: both\"><\/div><div class=\"d-flex justify-content-center\"><button data-item=\"seo-link\" data-group=\"website_links\" class=\"goto fw-bold rounded-pill btn btn-orange\" aria-label=\"Scarica l&#039;app Spinania\" >Scarica l&#039;app Spinania<\/button><\/div><div class=\"scrollable-content-wrap my-5\"><div class=\"scrollable-content-inner\"><h2>App SpinAnia per Android OS<\/h2>\n<p>Abbiamo anche sviluppato l&#8217;app SpinAnia per gli utenti Android. La nostra app \u00e8 stata creata puntando sulla semplicit\u00e0 e sull&#8217;efficienza. Pu\u00f2 essere scaricata direttamente dal nostro sito come PWA. Questo \u00e8 il nostro modo per aggirare le limitazioni imposte alle app di gioco d&#8217;azzardo.<\/p>\n<ol>\n<li>Clicca sul pulsante &#8220;App Casin\u00f2&#8221; qui sotto nella pagina del casin\u00f2 Spin Ania.<\/li>\n<li>Una volta reindirizzato alla pagina di installazione della PWA, clicca su &#8220;Installa&#8221; e attendi che il download abbia inizio.<\/li>\n<li>Completa il download e vedrai apparire l&#8217;icona sullo schermo.<\/li>\n<li>Cliccaci sopra e tutti i nostri giochi del casin\u00f2 SpinAnia si apriranno!<\/li>\n<\/ol>\n<p>Nel momento in cui viene installato il casin\u00f2 mobile, i giocatori hanno accesso immediato all&#8217;intera libreria di giochi, comprese le ultime slot online e i tradizionali giochi da tavolo ottimizzati per lo schermo mobile. L&#8217;applicazione \u00e8 basata su Android 8.0 e versioni successive, che possono funzionare con la maggior parte dei dispositivi moderni. Non \u00e8 necessario mantenere un sistema di versioning complesso. La nostra tecnologia PWA riduce al minimo i requisiti di archiviazione per rendere i dati rapidamente.<\/p>\n<p>Non disponiamo dell&#8217;APK SpinAnia e abbiamo notato che i nostri giocatori non lo utilizzano pi\u00f9 perch\u00e9 ora conoscono un mezzo pi\u00f9 sicuro e affidabile per accedere alla piattaforma mobile del casin\u00f2.<\/p>\n<p><img loading=\"lazy\" decoding=\"async\" class=\"alignnone size-full wp-image-1493\" src=\"https:\/\/spin-ania.com\/wp-content\/uploads\/2026\/01\/Spinania-Android-App.webp\" alt=\"Spinania Android\" width=\"1248\" height=\"536\" srcset=\"https:\/\/spin-ania.com\/wp-content\/uploads\/2026\/01\/Spinania-Android-App.webp 1248w, https:\/\/spin-ania.com\/wp-content\/uploads\/2026\/01\/Spinania-Android-App-300x129.webp 300w, https:\/\/spin-ania.com\/wp-content\/uploads\/2026\/01\/Spinania-Android-App-1024x440.webp 1024w, https:\/\/spin-ania.com\/wp-content\/uploads\/2026\/01\/Spinania-Android-App-768x330.webp 768w\" sizes=\"(max-width: 1248px) 100vw, 1248px\" \/><\/p>\n<\/div><\/div><div style=\"clear: both\"><\/div><div class=\"d-flex justify-content-center\"><button data-item=\"seo-link\" data-group=\"website_links\" class=\"goto fw-bold rounded-pill btn btn-orange\" aria-label=\"Scarica l&#039;app Spinania\" >Scarica l&#039;app Spinania<\/button><\/div><div class=\"scrollable-content-wrap my-5\"><div class=\"scrollable-content-inner\"><h2>SpinAnia App iOS<\/h2>\n<p>SpinAnia Casino dispone di una PWA specifica per iOS, che offre agli utenti di iPhone e iPad un&#8217;esperienza ottimizzata. \u00c8 possibile scaricare l&#8217;app direttamente dal nostro link nella pagina del casin\u00f2, anche se non \u00e8 disponibile sull&#8217;App Store.<\/p>\n<ol>\n<li>Dal tuo dispositivo mobile Apple, apri la pagina Spin Ania e vai all&#8217;area dell&#8217;app.<\/li>\n<li>Installa la PWA seguendo le semplici istruzioni.<\/li>\n<\/ol>\n<p>Dopo aver installato l&#8217;applicazione, i giocatori potranno godere di un&#8217;interfaccia fluida, velocit\u00e0 di caricamento elevate e accesso all&#8217;intera libreria dei nostri giochi con grafica 3D. L&#8217;applicazione \u00e8 compatibile con tutti i principali dispositivi iOS e offre notifiche push e perfetta integrazione con i protocolli di sicurezza.<\/p>\n<p><img loading=\"lazy\" decoding=\"async\" class=\"alignnone size-full wp-image-1541\" src=\"https:\/\/spin-ania.com\/wp-content\/uploads\/2026\/01\/Spinania-iOS-App.webp\" alt=\"Spinania iOS\" width=\"1248\" height=\"536\" srcset=\"https:\/\/spin-ania.com\/wp-content\/uploads\/2026\/01\/Spinania-iOS-App.webp 1248w, https:\/\/spin-ania.com\/wp-content\/uploads\/2026\/01\/Spinania-iOS-App-300x129.webp 300w, https:\/\/spin-ania.com\/wp-content\/uploads\/2026\/01\/Spinania-iOS-App-1024x440.webp 1024w, https:\/\/spin-ania.com\/wp-content\/uploads\/2026\/01\/Spinania-iOS-App-768x330.webp 768w\" sizes=\"(max-width: 1248px) 100vw, 1248px\" \/><\/p>\n<\/div><\/div><div style=\"clear: both\"><\/div><div class=\"d-flex justify-content-center\"><button data-item=\"seo-link\" data-group=\"website_links\" class=\"goto fw-bold rounded-pill btn btn-orange\" aria-label=\"Scarica l&#039;app Spinania\" >Scarica l&#039;app Spinania<\/button><\/div><div class=\"scrollable-content-wrap my-5\"><div class=\"scrollable-content-inner\"><h2>Spin Ania Casino versione desktop<\/h2>\n<p>Sebbene l&#8217;app SpinAnia sfrutti la comodit\u00e0 dei dispositivi mobili, la versione desktop continua a svolgere un ruolo significativo nel gioco. La piattaforma desktop \u00e8 disponibile sui sistemi operativi macOS e Windows. Ha uno schermo pi\u00f9 grande e offre maggiori controlli di navigazione. Non \u00e8 necessario installare alcun software aggiuntivo per accedere al casin\u00f2. \u00c8 sufficiente aprire la nostra libreria con l&#8217;aiuto di browser popolari come Chrome, Firefox, Safari o Edge.<\/p>\n<p>Per accedervi rapidamente, \u00e8 consigliabile creare un collegamento sul desktop, che consentir\u00e0 di accedere al casin\u00f2 con un solo clic. La nostra app desktop intelligente \u00e8 sincronizzata con la piattaforma mobile, in modo che tutte le informazioni, le preferenze e i risultati degli utenti rimangano compatibili su entrambe le piattaforme.<\/p>\n<h3>Interfaccia utente e navigazione<\/h3>\n<p>L&#8217;app SpinAnia presenta un design intelligente che combina modernit\u00e0 e funzionalit\u00e0. L&#8217;interfaccia viola scuro \u00e8 elegante e intuitiva, con menu chiaramente etichettati e una navigazione semplificata per tutti i tipi di gioco. Nei nostri migliori giochi di slot online, da tavolo e con croupier dal vivo, gli utenti godono di transizioni veloci e tempi di caricamento brevi. Il design si adatta perfettamente a schermi di qualsiasi dimensione, offrendo la migliore esperienza di gioco su smartphone, tablet e desktop!<\/p>\n<table>\n<tbody>\n<tr>\n<td>Aspetto<\/td>\n<td>Dettagli<\/td>\n<\/tr>\n<tr>\n<td>Ottimizzazione per tablet<\/td>\n<td>L&#8217;applicazione \u00e8 ottimizzata al massimo su tablet e schermi pi\u00f9 grandi, con un&#8217;esperienza grafica arricchita e una navigazione facile.<\/td>\n<\/tr>\n<tr>\n<td>Compatibilit\u00e0 con i dispositivi<\/td>\n<td>L&#8217;app funzioner\u00e0 con dispositivi Android e iOS ed \u00e8 compatibile con una vasta gamma di smartphone e tablet.<\/td>\n<\/tr>\n<tr>\n<td>Disponibilit\u00e0 del gioco<\/td>\n<td>Tutti i giochi Spin Ania Casino, come le slot online, i giochi da tavolo e i croupier dal vivo, sono disponibili nell&#8217;app, che offre una piattaforma di gioco completa.<\/td>\n<\/tr>\n<\/tbody>\n<\/table>\n<p>Puoi contattare il nostro team di assistenza tramite la chat live integrata. Saremo a tua disposizione in caso di problemi o domande.<\/p>\n<p><img loading=\"lazy\" decoding=\"async\" class=\"alignnone size-full wp-image-1525\" src=\"https:\/\/spin-ania.com\/wp-content\/uploads\/2026\/01\/Spinania-Desktop.webp\" alt=\"Spinania Desktop\" width=\"1248\" height=\"536\" srcset=\"https:\/\/spin-ania.com\/wp-content\/uploads\/2026\/01\/Spinania-Desktop.webp 1248w, https:\/\/spin-ania.com\/wp-content\/uploads\/2026\/01\/Spinania-Desktop-300x129.webp 300w, https:\/\/spin-ania.com\/wp-content\/uploads\/2026\/01\/Spinania-Desktop-1024x440.webp 1024w, https:\/\/spin-ania.com\/wp-content\/uploads\/2026\/01\/Spinania-Desktop-768x330.webp 768w\" sizes=\"(max-width: 1248px) 100vw, 1248px\" \/><\/p>\n<\/div><\/div><div style=\"clear: both\"><\/div><div class=\"d-flex justify-content-center\"><button data-item=\"seo-link\" data-group=\"website_links\" class=\"goto fw-bold rounded-pill btn btn-orange\" aria-label=\"Scarica l&#039;app Spinania\" >Scarica l&#039;app Spinania<\/button><\/div><div class=\"scrollable-content-wrap my-5\"><div class=\"scrollable-content-inner\"><h2>Domande frequenti<\/h2>\n<h3>L&#8217;app SpinAnia \u00e8 ottimizzata per tablet e schermi di grandi dimensioni?<\/h3>\n<p>Siamo totalmente compatibili con i dispositivi mobili e funzioniamo su schermi di qualsiasi dimensione. \u00c8 possibile regolare tutte le impostazioni per un&#8217;esperienza visiva e di navigazione impeccabile su qualsiasi dispositivo.<\/p>\n<h3>L&#8217;app \u00e8 disponibile per dispositivi Android e iOS?<\/h3>\n<p>SpinAnia Casino ha le sue applicazioni su Android e iOS, che possono essere scaricate dalla nostra pagina principale come versione PWA. Puoi superare il processo di verifica e divertirti giocando con denaro reale oppure utilizzare la nostra modalit\u00e0 demo per affinare le tue abilit\u00e0!<\/p>\n<h3>Tutti i giochi di Spin Ania sono disponibili nell&#8217;app?<\/h3>\n<p>L&#8217;intera libreria di giochi Spin Ania, che comprende nuove uscite, slot classiche e giochi con croupier dal vivo, \u00e8 ospitata sull&#8217;app, offrendo un&#8217;esperienza di casin\u00f2 completa su dispositivi mobili e desktop. Puoi scegliere dove e come giocare: noi ti offriamo tutto ci\u00f2 che ti serve.<\/p>\n<\/div><\/div><\/p>\n","protected":false},"excerpt":{"rendered":"<p>SpinAnia Casino Applicazione SpinAnia app \u00e8 un software di gioco incredibilmente moderno, perfetto per i giocatori italiani che desiderano giocare ai loro giochi da casin\u00f2 preferiti ovunque si trovino. Grazie alla nostra piattaforma mobile avanzata, SpinAnia Casino garantisce agli utenti l&#8217;accesso a un&#8217;ampia gamma di funzionalit\u00e0 ed \u00e8 accessibile su tutti i dispositivi mobili pi\u00f9 [&hellip;]<\/p>\n","protected":false},"author":1,"featured_media":0,"parent":0,"menu_order":0,"comment_status":"closed","ping_status":"closed","template":"template-builder.php","meta":{"_acf_changed":false,"inline_featured_image":false,"footnotes":""},"class_list":["post-1650","page","type-page","status-publish","hentry"],"acf":[],"yoast_head":"<!-- This site is optimized with the Yoast SEO plugin v24.4 - https:\/\/yoast.com\/wordpress\/plugins\/seo\/ -->\n<title>SpinAnia App per Mobile | iOS, Android<\/title>\n<meta name=\"description\" content=\"SpinAnia App \u2013 gioca ai giochi del casin\u00f2 ovunque su iOS e Android. Goditi prestazioni fluide, sincronizzazione istantanea e accesso a slot, tavoli e dealer live su Spin Ania.\" \/>\n<meta name=\"robots\" content=\"index, follow, max-snippet:-1, max-image-preview:large, max-video-preview:-1\" \/>\n<link rel=\"canonical\" href=\"https:\/\/spin-ania.com\/it\/applicazione\/\" \/>\n<meta property=\"og:locale\" content=\"it_IT\" \/>\n<meta property=\"og:type\" content=\"article\" \/>\n<meta property=\"og:title\" content=\"SpinAnia App per Mobile | iOS, Android\" \/>\n<meta property=\"og:description\" content=\"SpinAnia App \u2013 gioca ai giochi del casin\u00f2 ovunque su iOS e Android. Goditi prestazioni fluide, sincronizzazione istantanea e accesso a slot, tavoli e dealer live su Spin Ania.\" \/>\n<meta property=\"og:url\" content=\"https:\/\/spin-ania.com\/it\/applicazione\/\" \/>\n<meta property=\"og:site_name\" content=\"spinania\" \/>\n<meta property=\"article:modified_time\" content=\"2026-01-14T12:21:53+00:00\" \/>\n<meta name=\"twitter:card\" content=\"summary_large_image\" \/>\n<meta name=\"twitter:label1\" content=\"Est. reading time\" \/>\n\t<meta name=\"twitter:data1\" content=\"2 minutes\" \/>\n<script type=\"application\/ld+json\" class=\"yoast-schema-graph\">{\"@context\":\"https:\/\/schema.org\",\"@graph\":[{\"@type\":\"WebPage\",\"@id\":\"https:\/\/spin-ania.com\/it\/applicazione\/\",\"url\":\"https:\/\/spin-ania.com\/it\/applicazione\/\",\"name\":\"SpinAnia App per Mobile | iOS, Android\",\"isPartOf\":{\"@id\":\"https:\/\/spin-ania.com\/it\/#website\"},\"datePublished\":\"2026-01-14T09:17:54+00:00\",\"dateModified\":\"2026-01-14T12:21:53+00:00\",\"description\":\"SpinAnia App \u2013 gioca ai giochi del casin\u00f2 ovunque su iOS e Android. Goditi prestazioni fluide, sincronizzazione istantanea e accesso a slot, tavoli e dealer live su Spin Ania.\",\"breadcrumb\":{\"@id\":\"https:\/\/spin-ania.com\/it\/applicazione\/#breadcrumb\"},\"inLanguage\":\"it-IT\",\"potentialAction\":[{\"@type\":\"ReadAction\",\"target\":[\"https:\/\/spin-ania.com\/it\/applicazione\/\"]}]},{\"@type\":\"BreadcrumbList\",\"@id\":\"https:\/\/spin-ania.com\/it\/applicazione\/#breadcrumb\",\"itemListElement\":[{\"@type\":\"ListItem\",\"position\":1,\"name\":\"Spinania\",\"item\":\"https:\/\/spin-ania.com\/it\/\"},{\"@type\":\"ListItem\",\"position\":2,\"name\":\"Applicazione\"}]},{\"@type\":\"WebSite\",\"@id\":\"https:\/\/spin-ania.com\/it\/#website\",\"url\":\"https:\/\/spin-ania.com\/it\/\",\"name\":\"Spinania\",\"description\":\"\",\"publisher\":{\"@id\":\"https:\/\/spin-ania.com\/it\/#organization\"},\"potentialAction\":[{\"@type\":\"SearchAction\",\"target\":{\"@type\":\"EntryPoint\",\"urlTemplate\":\"https:\/\/spin-ania.com\/it\/?s={search_term_string}\"},\"query-input\":{\"@type\":\"PropertyValueSpecification\",\"valueRequired\":true,\"valueName\":\"search_term_string\"}}],\"inLanguage\":\"it-IT\"},{\"@type\":\"Organization\",\"@id\":\"https:\/\/spin-ania.com\/it\/#organization\",\"name\":\"Spinania\",\"url\":\"https:\/\/spin-ania.com\/it\/\",\"logo\":{\"@type\":\"ImageObject\",\"inLanguage\":\"it-IT\",\"@id\":\"https:\/\/spin-ania.com\/it\/#\/schema\/logo\/image\/\",\"url\":\"https:\/\/spin-ania.com\/wp-content\/uploads\/2025\/08\/KeIS1eTvcSVRrxjd4vQx.png\",\"contentUrl\":\"https:\/\/spin-ania.com\/wp-content\/uploads\/2025\/08\/KeIS1eTvcSVRrxjd4vQx.png\",\"width\":106,\"height\":31,\"caption\":\"Spinania\"},\"image\":{\"@id\":\"https:\/\/spin-ania.com\/it\/#\/schema\/logo\/image\/\"}}]}<\/script>\n<!-- \/ Yoast SEO plugin. -->","yoast_head_json":{"title":"SpinAnia App per Mobile | iOS, Android","description":"SpinAnia App \u2013 gioca ai giochi del casin\u00f2 ovunque su iOS e Android. Goditi prestazioni fluide, sincronizzazione istantanea e accesso a slot, tavoli e dealer live su Spin Ania.","robots":{"index":"index","follow":"follow","max-snippet":"max-snippet:-1","max-image-preview":"max-image-preview:large","max-video-preview":"max-video-preview:-1"},"canonical":"https:\/\/spin-ania.com\/it\/applicazione\/","og_locale":"it_IT","og_type":"article","og_title":"SpinAnia App per Mobile | iOS, Android","og_description":"SpinAnia App \u2013 gioca ai giochi del casin\u00f2 ovunque su iOS e Android. Goditi prestazioni fluide, sincronizzazione istantanea e accesso a slot, tavoli e dealer live su Spin Ania.","og_url":"https:\/\/spin-ania.com\/it\/applicazione\/","og_site_name":"spinania","article_modified_time":"2026-01-14T12:21:53+00:00","twitter_card":"summary_large_image","twitter_misc":{"Est. reading time":"2 minutes"},"schema":{"@context":"https:\/\/schema.org","@graph":[{"@type":"WebPage","@id":"https:\/\/spin-ania.com\/it\/applicazione\/","url":"https:\/\/spin-ania.com\/it\/applicazione\/","name":"SpinAnia App per Mobile | iOS, Android","isPartOf":{"@id":"https:\/\/spin-ania.com\/it\/#website"},"datePublished":"2026-01-14T09:17:54+00:00","dateModified":"2026-01-14T12:21:53+00:00","description":"SpinAnia App \u2013 gioca ai giochi del casin\u00f2 ovunque su iOS e Android. Goditi prestazioni fluide, sincronizzazione istantanea e accesso a slot, tavoli e dealer live su Spin Ania.","breadcrumb":{"@id":"https:\/\/spin-ania.com\/it\/applicazione\/#breadcrumb"},"inLanguage":"it-IT","potentialAction":[{"@type":"ReadAction","target":["https:\/\/spin-ania.com\/it\/applicazione\/"]}]},{"@type":"BreadcrumbList","@id":"https:\/\/spin-ania.com\/it\/applicazione\/#breadcrumb","itemListElement":[{"@type":"ListItem","position":1,"name":"Spinania","item":"https:\/\/spin-ania.com\/it\/"},{"@type":"ListItem","position":2,"name":"Applicazione"}]},{"@type":"WebSite","@id":"https:\/\/spin-ania.com\/it\/#website","url":"https:\/\/spin-ania.com\/it\/","name":"Spinania","description":"","publisher":{"@id":"https:\/\/spin-ania.com\/it\/#organization"},"potentialAction":[{"@type":"SearchAction","target":{"@type":"EntryPoint","urlTemplate":"https:\/\/spin-ania.com\/it\/?s={search_term_string}"},"query-input":{"@type":"PropertyValueSpecification","valueRequired":true,"valueName":"search_term_string"}}],"inLanguage":"it-IT"},{"@type":"Organization","@id":"https:\/\/spin-ania.com\/it\/#organization","name":"Spinania","url":"https:\/\/spin-ania.com\/it\/","logo":{"@type":"ImageObject","inLanguage":"it-IT","@id":"https:\/\/spin-ania.com\/it\/#\/schema\/logo\/image\/","url":"https:\/\/spin-ania.com\/wp-content\/uploads\/2025\/08\/KeIS1eTvcSVRrxjd4vQx.png","contentUrl":"https:\/\/spin-ania.com\/wp-content\/uploads\/2025\/08\/KeIS1eTvcSVRrxjd4vQx.png","width":106,"height":31,"caption":"Spinania"},"image":{"@id":"https:\/\/spin-ania.com\/it\/#\/schema\/logo\/image\/"}}]}},"_links":{"self":[{"href":"https:\/\/spin-ania.com\/it\/wp-json\/wp\/v2\/pages\/1650"}],"collection":[{"href":"https:\/\/spin-ania.com\/it\/wp-json\/wp\/v2\/pages"}],"about":[{"href":"https:\/\/spin-ania.com\/it\/wp-json\/wp\/v2\/types\/page"}],"author":[{"embeddable":true,"href":"https:\/\/spin-ania.com\/it\/wp-json\/wp\/v2\/users\/1"}],"replies":[{"embeddable":true,"href":"https:\/\/spin-ania.com\/it\/wp-json\/wp\/v2\/comments?post=1650"}],"version-history":[{"count":2,"href":"https:\/\/spin-ania.com\/it\/wp-json\/wp\/v2\/pages\/1650\/revisions"}],"predecessor-version":[{"id":1897,"href":"https:\/\/spin-ania.com\/it\/wp-json\/wp\/v2\/pages\/1650\/revisions\/1897"}],"wp:attachment":[{"href":"https:\/\/spin-ania.com\/it\/wp-json\/wp\/v2\/media?parent=1650"}],"curies":[{"name":"wp","href":"https:\/\/api.w.org\/{rel}","templated":true}]}}