{"id":1659,"date":"2026-01-14T09:20:23","date_gmt":"2026-01-14T09:20:23","guid":{"rendered":"https:\/\/spin-ania.com\/login-and-registration\/"},"modified":"2026-01-14T12:23:38","modified_gmt":"2026-01-14T12:23:38","slug":"accesso-e-registrazione","status":"publish","type":"page","link":"https:\/\/spin-ania.com\/it\/accesso-e-registrazione\/","title":{"rendered":"Accesso e registrazione"},"content":{"rendered":"<h1>Accedi a SpinAnia e registrati<\/h1>\n<p>La procedura di SpinAnia login \u00e8 un modo semplice per accedere a un&#8217;ampia gamma di divertenti funzionalit\u00e0 del casin\u00f2 online. Gli utenti italiani possono giocare a una vasta gamma di giochi, gestire i propri dati personali e partecipare facilmente a molteplici offerte effettuando il login ai propri account.<\/p>\n<p><div class=\"banner-wrap\" aria-label=\"Banner\"><img src=\"https:\/\/spin-ania.com\/wp-content\/uploads\/2026\/01\/Spinania-Banner-Desktop.webp\" class=\"w-100 d-none d-lg-block img-pc main-banner-img\" alt=\"spinania bonus desktop\" fetchpriority=\"high\" decoding=\"async\"><img src=\"https:\/\/spin-ania.com\/wp-content\/uploads\/2026\/01\/Spinania-mobile-banner.webp\" class=\"w-100 d-none d-md-block d-lg-none main-banner-img\" alt=\"spinania bonus mobile\" fetchpriority=\"high\" decoding=\"async\"><img src=\"https:\/\/spin-ania.com\/wp-content\/uploads\/2026\/01\/Spinania-mobile-banner.webp\" class=\"w-100 d-md-none\" alt=\"spinania bonus mobile\" fetchpriority=\"high\" decoding=\"async\"><div class=\"banner-description\">\n<div class=\"banner-title\">Bonus di benvenuto<\/div>\n<p class=\"banner-header-title\">\u20ac1,500<\/p>\n<div class=\"banner-header-AdditionalText\">+ 250 Giri gratuiti<\/div>\n<button data-item=\"homepage_banner_link\" class=\"goto m-button m-gradient-border m-button--primary m-button--large banner-button btn-orange\">\n            <div class=\"m-button-content\">\n                <span>Iscriviti ora<\/span>\n                <span><\/span>\n            <\/div>\n        <\/button>\n<\/div>\n<div class=\"WelcomePack\">\n<p><img loading=\"lazy\" decoding=\"async\" class=\"alignnone size-full wp-image-1589\" src=\"https:\/\/spin-ania.com\/wp-content\/uploads\/2026\/01\/welcome-crown.svg\" alt=\"welcome crown\" width=\"25\" height=\"26\" \/><\/p>\n<div class=\"WelcomePack-Info\">Cashback settimanale fino al 25%<\/div>\n<p><img loading=\"lazy\" decoding=\"async\" class=\"alignnone size-full wp-image-1589\" src=\"https:\/\/spin-ania.com\/wp-content\/uploads\/2026\/01\/welcome-crown.svg\" alt=\"welcome crown\" width=\"25\" height=\"26\" \/><\/p>\n<\/div>\n<\/div><div class=\"scrollable-content-wrap my-5\"><div class=\"scrollable-content-inner\"><h2>Procedura di registrazione a SpinAnia<\/h2>\n<p>La registrazione su SpinAnia Casino ti offre tutte le funzionalit\u00e0 pi\u00f9 importanti della piattaforma. Sappiamo che il processo di registrazione deve essere veloce e semplice da completare, ed \u00e8 per questo che abbiamo realizzato il login SpinAnia e la registrazione in modo tale che, nel momento in cui un giocatore crea un account, possa iniziare a godere di tutte le funzionalit\u00e0 del casin\u00f2.<\/p>\n<p>La registrazione di un account ti d\u00e0 accesso a varie librerie con oltre 6.000 titoli che aggiorniamo costantemente. Ogni giorno aggiungiamo nuovi giochi di carte e titoli di casin\u00f2 dal vivo, Drops &amp; Wins, collezioni di libri e slot machine. Puoi partecipare alle nostre fantastiche campagne promozionali esclusive, ai tornei e al programma fedelt\u00e0, oltre a poter prelevare le vincite in modo sicuro.<\/p>\n<p>Per registrarti su SpinAnia Casino, ti chiediamo solo alcune informazioni personali di base, come l&#8217;indirizzo e-mail e la password, nient&#8217;altro!<\/p>\n<p>Tieni presente, tuttavia, che abbiamo una regola secondo cui i giocatori di et\u00e0 pari o superiore a 18 anni possono registrarsi in conformit\u00e0 con i requisiti legali e gli standard di gioco responsabile. Una volta registrati, gli utenti possono usufruire di altri servizi, come l&#8217;impostazione di limiti di gioco o l&#8217;implementazione del gioco responsabile.<\/p>\n<h3>Modifica dei dati personali<\/h3>\n<p>I giocatori di SpinAnia Casino possono modificare i propri dati personali in qualsiasi momento dalla dashboard del proprio account. Ad esempio, se necessario, \u00e8 possibile aggiornare i propri dati personali, le informazioni di contatto, la modalit\u00e0 di pagamento o le misure di sicurezza. \u00c8 importante assicurarsi che tutti i dati personali siano accurati, in particolare per la verifica e il corretto svolgimento delle transazioni.<\/p>\n<p>Il nostro sistema garantisce un elevato livello di sicurezza e riservatezza dei dati. Le misure rigorose proteggono tutti i dati degli utenti durante gli aggiornamenti.<\/p>\n<h2>Accesso a SpinAnia Passaggi<\/h2>\n<p>Il nostro casin\u00f2 SpinAnia utilizza un metodo efficiente e sicuro per il login SpinAnia. Funziona cos\u00ec:<\/p>\n<ol>\n<li>Guarda la casella Accesso SpinAnia che si trova nell&#8217;angolo in alto a destra di questa home page.<\/li>\n<li>Digita l&#8217;indirizzo e-mail registrato e la password. Assicurati di non aver commesso errori.<\/li>\n<li>Clicca sul pulsante contrassegnato dalla parola &#8220;Accedi&#8221; per accedere all&#8217;account.<\/li>\n<li>Se non ha funzionato o hai dimenticato le tue credenziali, clicca sul pulsante &#8220;Hai dimenticato la password?&#8221; e segui le istruzioni per recuperarle.<\/li>\n<\/ol>\n<p>Dopo aver effettuato correttamente il login a SpinAnia, potrai fare tantissime cose dal tuo account! Potrai svolgere numerose attivit\u00e0 come depositi, richieste di bonus, funzioni di gioco responsabile e visualizzare la cronologia delle tue attivit\u00e0. La navigazione del sito \u00e8 semplice e intuitiva grazie a una dashboard che consente una facile gestione dell&#8217;account e una navigazione agevole. \u00c8 possibile tenere traccia di tutto! I tuoi depositi e prelievi, la cronologia delle tue attivit\u00e0 di gioco e molto altro ancora.<\/p>\n<p>E s\u00ec, Spin Ania offre un&#8217;opzione per fornire l&#8217;autenticazione a due fattori, che pu\u00f2 essere utilizzata per aumentare il livello di sicurezza. Provatela, \u00e8 altamente raccomandata.<\/p>\n<h3>SpinAnia Casino Verifica<\/h3>\n<p>SpinAnia Casino richiede una procedura di verifica per mantenere il livello di sicurezza prima dell&#8217;elaborazione dei prelievi. La verifica comporta l&#8217;invio dei tuoi documenti ufficiali che attestano la tua identit\u00e0, la tua et\u00e0 e il tuo indirizzo. Alcuni dei documenti che richiediamo sono un documento d&#8217;identit\u00e0 rilasciato dal governo, una bolletta e un estratto conto bancario. Quali sono i requisiti per i documenti?<\/p>\n<ul>\n<li>Devono essere veritieri e non alterati;<\/li>\n<li>Se i giocatori sono preoccupati per la privacy, possono nascondere alcune transazioni sui loro estratti conto bancari e sul loro saldo.<\/li>\n<\/ul>\n<p>Il processo di verifica Spin Ania viene solitamente completato entro 48 ore dall&#8217;invio dei documenti. Il nostro team di assistenza multilingue se ne sta occupando con la massima attenzione. Se qualcosa richiede pi\u00f9 tempo del previsto o se abbiamo perso qualcosa, scrivici tramite la chat live o l&#8217;e-mail e verifica lo stato della tua richiesta. Ma non preoccuparti: tutte queste verifiche servono solo a garantire il rispetto delle norme legali e a migliorare la sicurezza dell&#8217;account, riducendo cos\u00ec le possibilit\u00e0 di accessi non autorizzati.<\/p>\n<h2>Accesso all&#8217;account<\/h2>\n<p>Il gioco non pu\u00f2 essere ininterrotto e fluido senza un accesso adeguato al tuo account SpinAnia Casino. Nel caso in cui un giocatore si trovi di fronte a un blocco temporaneo del proprio account Spin Ania, ci\u00f2 pu\u00f2 essere dovuto a precauzioni di sicurezza, come, ad esempio, alcuni tentativi insoliti di accedere pi\u00f9 di una volta o di eseguire SpinAnia login un numero elevato di volte. In tal caso, si consiglia di contattare il nostro team di assistenza per risolvere il problema il prima possibile.<\/p>\n<p>Ma per evitare accessi non autorizzati, gli utenti dovrebbero:<\/p>\n<ul>\n<li>Attiva l&#8217;autenticazione a due fattori.<\/li>\n<li>Utilizza password forti e uniche.<\/li>\n<li>Non condividere i dati di accesso con altre persone.<\/li>\n<li>Controlla periodicamente le attivit\u00e0 del conto relative a transazioni che non ti sono familiari. Segnalaci eventuali anomalie.<\/li>\n<\/ul>\n<p>Quindi, con queste semplici precauzioni, potrai assicurarti di avere sempre accesso al tuo account. I nuovi account richiedono controlli adeguati prima di effettuare un login su SpinAnia. In questo modo, l&#8217;identit\u00e0 dell&#8217;utente viene confermata e nessun dato personale viene esposto.<\/p>\n<h2>Domande frequenti<\/h2>\n<h3>Cosa devo fare se il mio account Spin Ania \u00e8 stato temporaneamente bloccato?<\/h3>\n<p>Il blocco temporaneo \u00e8 dovuto a misure di sicurezza o verifica. Scrivici rapidamente tramite live chat o e-mail. Verificheremo la tua identit\u00e0 e autenticheremo il tuo account il pi\u00f9 rapidamente possibile. E poi sarai sbloccato!<\/p>\n<h3>Come posso proteggere il mio account Spin Ania dagli accessi non autorizzati?<\/h3>\n<p>Attiva l&#8217;autenticazione a due fattori, utilizza una password complessa e non condividere con nessuno i dettagli di accesso a SpinAnia! Controlla regolarmente l&#8217;attivit\u00e0 del tuo account e aggiorna le impostazioni di sicurezza secondo necessit\u00e0.<\/p>\n<h3>Perch\u00e9 devo verificare il mio account prima di effettuare l&#8217;accesso?<\/h3>\n<p>La conferma garantisce che tu sia chi dici di essere e che abbia l&#8217;et\u00e0 legale, altrimenti chiunque potrebbe effettuare il login su SpinAnia! \u00c8 anche una misura di sicurezza per impedire che qualcuno senza autorizzazione acceda al tuo account. Inoltre, semplifica i prelievi e la gestione di SpinAnia Casino.<\/p>\n<\/div><\/div><\/p>\n","protected":false},"excerpt":{"rendered":"<p>Accedi a SpinAnia e registrati La procedura di SpinAnia login \u00e8 un modo semplice per accedere a un&#8217;ampia gamma di divertenti funzionalit\u00e0 del casin\u00f2 online. Gli utenti italiani possono giocare a una vasta gamma di giochi, gestire i propri dati personali e partecipare facilmente a molteplici offerte effettuando il login ai propri account.<\/p>\n","protected":false},"author":1,"featured_media":0,"parent":0,"menu_order":0,"comment_status":"closed","ping_status":"closed","template":"template-builder.php","meta":{"_acf_changed":false,"inline_featured_image":false,"footnotes":""},"class_list":["post-1659","page","type-page","status-publish","hentry"],"acf":[],"yoast_head":"<!-- This site is optimized with the Yoast SEO plugin v24.4 - https:\/\/yoast.com\/wordpress\/plugins\/seo\/ -->\n<title>SpinAnia Login \u2013 Registrazione e Accesso all\u2019Account<\/title>\n<meta name=\"description\" content=\"SpinAnia Login \u2013 accedi in modo sicuro o crea un nuovo account in pochi istanti. Gestisci verifica, recupero password e impostazioni del profilo facilmente su Spin Ania.\" \/>\n<meta name=\"robots\" content=\"index, follow, max-snippet:-1, max-image-preview:large, max-video-preview:-1\" \/>\n<link rel=\"canonical\" href=\"https:\/\/spin-ania.com\/it\/accesso-e-registrazione\/\" \/>\n<meta property=\"og:locale\" content=\"it_IT\" \/>\n<meta property=\"og:type\" content=\"article\" \/>\n<meta property=\"og:title\" content=\"SpinAnia Login \u2013 Registrazione e Accesso all\u2019Account\" \/>\n<meta property=\"og:description\" content=\"SpinAnia Login \u2013 accedi in modo sicuro o crea un nuovo account in pochi istanti. Gestisci verifica, recupero password e impostazioni del profilo facilmente su Spin Ania.\" \/>\n<meta property=\"og:url\" content=\"https:\/\/spin-ania.com\/it\/accesso-e-registrazione\/\" \/>\n<meta property=\"og:site_name\" content=\"spinania\" \/>\n<meta property=\"article:modified_time\" content=\"2026-01-14T12:23:38+00:00\" \/>\n<meta name=\"twitter:card\" content=\"summary_large_image\" \/>\n<meta name=\"twitter:label1\" content=\"Est. reading time\" \/>\n\t<meta name=\"twitter:data1\" content=\"1 minute\" \/>\n<script type=\"application\/ld+json\" class=\"yoast-schema-graph\">{\"@context\":\"https:\/\/schema.org\",\"@graph\":[{\"@type\":\"WebPage\",\"@id\":\"https:\/\/spin-ania.com\/it\/accesso-e-registrazione\/\",\"url\":\"https:\/\/spin-ania.com\/it\/accesso-e-registrazione\/\",\"name\":\"SpinAnia Login \u2013 Registrazione e Accesso all\u2019Account\",\"isPartOf\":{\"@id\":\"https:\/\/spin-ania.com\/it\/#website\"},\"datePublished\":\"2026-01-14T09:20:23+00:00\",\"dateModified\":\"2026-01-14T12:23:38+00:00\",\"description\":\"SpinAnia Login \u2013 accedi in modo sicuro o crea un nuovo account in pochi istanti. Gestisci verifica, recupero password e impostazioni del profilo facilmente su Spin Ania.\",\"breadcrumb\":{\"@id\":\"https:\/\/spin-ania.com\/it\/accesso-e-registrazione\/#breadcrumb\"},\"inLanguage\":\"it-IT\",\"potentialAction\":[{\"@type\":\"ReadAction\",\"target\":[\"https:\/\/spin-ania.com\/it\/accesso-e-registrazione\/\"]}]},{\"@type\":\"BreadcrumbList\",\"@id\":\"https:\/\/spin-ania.com\/it\/accesso-e-registrazione\/#breadcrumb\",\"itemListElement\":[{\"@type\":\"ListItem\",\"position\":1,\"name\":\"Spinania\",\"item\":\"https:\/\/spin-ania.com\/it\/\"},{\"@type\":\"ListItem\",\"position\":2,\"name\":\"Accesso e registrazione\"}]},{\"@type\":\"WebSite\",\"@id\":\"https:\/\/spin-ania.com\/it\/#website\",\"url\":\"https:\/\/spin-ania.com\/it\/\",\"name\":\"Spinania\",\"description\":\"\",\"publisher\":{\"@id\":\"https:\/\/spin-ania.com\/it\/#organization\"},\"potentialAction\":[{\"@type\":\"SearchAction\",\"target\":{\"@type\":\"EntryPoint\",\"urlTemplate\":\"https:\/\/spin-ania.com\/it\/?s={search_term_string}\"},\"query-input\":{\"@type\":\"PropertyValueSpecification\",\"valueRequired\":true,\"valueName\":\"search_term_string\"}}],\"inLanguage\":\"it-IT\"},{\"@type\":\"Organization\",\"@id\":\"https:\/\/spin-ania.com\/it\/#organization\",\"name\":\"Spinania\",\"url\":\"https:\/\/spin-ania.com\/it\/\",\"logo\":{\"@type\":\"ImageObject\",\"inLanguage\":\"it-IT\",\"@id\":\"https:\/\/spin-ania.com\/it\/#\/schema\/logo\/image\/\",\"url\":\"https:\/\/spin-ania.com\/wp-content\/uploads\/2025\/08\/KeIS1eTvcSVRrxjd4vQx.png\",\"contentUrl\":\"https:\/\/spin-ania.com\/wp-content\/uploads\/2025\/08\/KeIS1eTvcSVRrxjd4vQx.png\",\"width\":106,\"height\":31,\"caption\":\"Spinania\"},\"image\":{\"@id\":\"https:\/\/spin-ania.com\/it\/#\/schema\/logo\/image\/\"}}]}<\/script>\n<!-- \/ Yoast SEO plugin. -->","yoast_head_json":{"title":"SpinAnia Login \u2013 Registrazione e Accesso all\u2019Account","description":"SpinAnia Login \u2013 accedi in modo sicuro o crea un nuovo account in pochi istanti. Gestisci verifica, recupero password e impostazioni del profilo facilmente su Spin Ania.","robots":{"index":"index","follow":"follow","max-snippet":"max-snippet:-1","max-image-preview":"max-image-preview:large","max-video-preview":"max-video-preview:-1"},"canonical":"https:\/\/spin-ania.com\/it\/accesso-e-registrazione\/","og_locale":"it_IT","og_type":"article","og_title":"SpinAnia Login \u2013 Registrazione e Accesso all\u2019Account","og_description":"SpinAnia Login \u2013 accedi in modo sicuro o crea un nuovo account in pochi istanti. Gestisci verifica, recupero password e impostazioni del profilo facilmente su Spin Ania.","og_url":"https:\/\/spin-ania.com\/it\/accesso-e-registrazione\/","og_site_name":"spinania","article_modified_time":"2026-01-14T12:23:38+00:00","twitter_card":"summary_large_image","twitter_misc":{"Est. reading time":"1 minute"},"schema":{"@context":"https:\/\/schema.org","@graph":[{"@type":"WebPage","@id":"https:\/\/spin-ania.com\/it\/accesso-e-registrazione\/","url":"https:\/\/spin-ania.com\/it\/accesso-e-registrazione\/","name":"SpinAnia Login \u2013 Registrazione e Accesso all\u2019Account","isPartOf":{"@id":"https:\/\/spin-ania.com\/it\/#website"},"datePublished":"2026-01-14T09:20:23+00:00","dateModified":"2026-01-14T12:23:38+00:00","description":"SpinAnia Login \u2013 accedi in modo sicuro o crea un nuovo account in pochi istanti. Gestisci verifica, recupero password e impostazioni del profilo facilmente su Spin Ania.","breadcrumb":{"@id":"https:\/\/spin-ania.com\/it\/accesso-e-registrazione\/#breadcrumb"},"inLanguage":"it-IT","potentialAction":[{"@type":"ReadAction","target":["https:\/\/spin-ania.com\/it\/accesso-e-registrazione\/"]}]},{"@type":"BreadcrumbList","@id":"https:\/\/spin-ania.com\/it\/accesso-e-registrazione\/#breadcrumb","itemListElement":[{"@type":"ListItem","position":1,"name":"Spinania","item":"https:\/\/spin-ania.com\/it\/"},{"@type":"ListItem","position":2,"name":"Accesso e registrazione"}]},{"@type":"WebSite","@id":"https:\/\/spin-ania.com\/it\/#website","url":"https:\/\/spin-ania.com\/it\/","name":"Spinania","description":"","publisher":{"@id":"https:\/\/spin-ania.com\/it\/#organization"},"potentialAction":[{"@type":"SearchAction","target":{"@type":"EntryPoint","urlTemplate":"https:\/\/spin-ania.com\/it\/?s={search_term_string}"},"query-input":{"@type":"PropertyValueSpecification","valueRequired":true,"valueName":"search_term_string"}}],"inLanguage":"it-IT"},{"@type":"Organization","@id":"https:\/\/spin-ania.com\/it\/#organization","name":"Spinania","url":"https:\/\/spin-ania.com\/it\/","logo":{"@type":"ImageObject","inLanguage":"it-IT","@id":"https:\/\/spin-ania.com\/it\/#\/schema\/logo\/image\/","url":"https:\/\/spin-ania.com\/wp-content\/uploads\/2025\/08\/KeIS1eTvcSVRrxjd4vQx.png","contentUrl":"https:\/\/spin-ania.com\/wp-content\/uploads\/2025\/08\/KeIS1eTvcSVRrxjd4vQx.png","width":106,"height":31,"caption":"Spinania"},"image":{"@id":"https:\/\/spin-ania.com\/it\/#\/schema\/logo\/image\/"}}]}},"_links":{"self":[{"href":"https:\/\/spin-ania.com\/it\/wp-json\/wp\/v2\/pages\/1659"}],"collection":[{"href":"https:\/\/spin-ania.com\/it\/wp-json\/wp\/v2\/pages"}],"about":[{"href":"https:\/\/spin-ania.com\/it\/wp-json\/wp\/v2\/types\/page"}],"author":[{"embeddable":true,"href":"https:\/\/spin-ania.com\/it\/wp-json\/wp\/v2\/users\/1"}],"replies":[{"embeddable":true,"href":"https:\/\/spin-ania.com\/it\/wp-json\/wp\/v2\/comments?post=1659"}],"version-history":[{"count":2,"href":"https:\/\/spin-ania.com\/it\/wp-json\/wp\/v2\/pages\/1659\/revisions"}],"predecessor-version":[{"id":1899,"href":"https:\/\/spin-ania.com\/it\/wp-json\/wp\/v2\/pages\/1659\/revisions\/1899"}],"wp:attachment":[{"href":"https:\/\/spin-ania.com\/it\/wp-json\/wp\/v2\/media?parent=1659"}],"curies":[{"name":"wp","href":"https:\/\/api.w.org\/{rel}","templated":true}]}}