{"id":1669,"date":"2026-01-14T09:23:22","date_gmt":"2026-01-14T09:23:22","guid":{"rendered":"https:\/\/spin-ania.com\/bonus\/"},"modified":"2026-01-14T12:27:52","modified_gmt":"2026-01-14T12:27:52","slug":"bonus","status":"publish","type":"page","link":"https:\/\/spin-ania.com\/it\/bonus\/","title":{"rendered":"Bonus"},"content":{"rendered":"<h1>SpinAnia Bonus<\/h1>\n<p>Il SpinAnia bonus \u00e8 un&#8217;opzione molto interessante per aggiungere un tocco di novit\u00e0 al gioco e aumentare le possibilit\u00e0 di vincita. SpinAnia Casino offre una serie di promozioni per i nuovi giocatori italiani e per quelli che tornano a giocare, al fine di migliorare la loro esperienza. Offriamo bonus generosi insieme a una variet\u00e0 di giochi per garantire che ogni volta che ci visiterete, sar\u00e0 un&#8217;esperienza redditizia e divertente.<\/p>\n<p><div class=\"banner-wrap\" aria-label=\"Banner\"><img src=\"https:\/\/spin-ania.com\/wp-content\/uploads\/2026\/01\/Spinania-Banner-Desktop.webp\" class=\"w-100 d-none d-lg-block img-pc main-banner-img\" alt=\"spinania bonus desktop\" fetchpriority=\"high\" decoding=\"async\"><img src=\"https:\/\/spin-ania.com\/wp-content\/uploads\/2026\/01\/Spinania-mobile-banner.webp\" class=\"w-100 d-none d-md-block d-lg-none main-banner-img\" alt=\"spinania bonus mobile\" fetchpriority=\"high\" decoding=\"async\"><img src=\"https:\/\/spin-ania.com\/wp-content\/uploads\/2026\/01\/Spinania-mobile-banner.webp\" class=\"w-100 d-md-none\" alt=\"spinania bonus mobile\" fetchpriority=\"high\" decoding=\"async\"><div class=\"banner-description\">\n<div class=\"banner-title\">Bonus di benvenuto<\/div>\n<p class=\"banner-header-title\">\u20ac1,500<\/p>\n<div class=\"banner-header-AdditionalText\">+ 250 Giri gratuiti<\/div>\n<button data-item=\"homepage_banner_link\" class=\"goto m-button m-gradient-border m-button--primary m-button--large banner-button btn-orange\">\n            <div class=\"m-button-content\">\n                <span>Iscriviti ora<\/span>\n                <span><\/span>\n            <\/div>\n        <\/button>\n<\/div>\n<div class=\"WelcomePack\">\n<p><img loading=\"lazy\" decoding=\"async\" class=\"alignnone size-full wp-image-1589\" src=\"https:\/\/spin-ania.com\/wp-content\/uploads\/2026\/01\/welcome-crown.svg\" alt=\"welcome crown\" width=\"25\" height=\"26\" \/><\/p>\n<div class=\"WelcomePack-Info\">Cashback settimanale fino al 25%<\/div>\n<p><img loading=\"lazy\" decoding=\"async\" class=\"alignnone size-full wp-image-1589\" src=\"https:\/\/spin-ania.com\/wp-content\/uploads\/2026\/01\/welcome-crown.svg\" alt=\"welcome crown\" width=\"25\" height=\"26\" \/><\/p>\n<\/div>\n<\/div><div class=\"promotions-wrap\"><div class=\"promotion-card\" style=\"background-image: url(https:\/\/spin-ania.com\/wp-content\/uploads\/2026\/01\/First-deposit.webp);\"><h2 class=\"promotion-card__title\">Primo deposito<\/h2><label class=\"promotion-card__offer\">100% fino a 500 \u20ac + 150 giri gratuiti<\/label><label class=\"promotion-card__description\"><\/label><div class=\"promotion-card__actions\"><button data-item=\"payments_link\" data-group=\"website_links\" class=\"goto btn btn-orange rounded-pill fw-bold px-4 m-button m-gradient-border m-button--primary m-button--large promotion-button promotion-card__action-btn\" aria-label=\"Iscriviti\"><div class=\"m-button-content\"><span class=\"promotion-button__content\">Iscriviti<\/span><\/div><\/button><button data-item=\"http:\/\/bonus_link\" data-group=\"website_links\" class=\"goto m-button m-gradient-border m-button--secondary m-button--medium promotion-card__info-btn\" aria-label=\"More information\"><div class=\"m-button-content\"><svg viewBox=\"0 0 24 24\" fill=\"none\" xmlns=\"http:\/\/www.w3.org\/2000\/svg\" class=\"m-icon m-icon-loadable\" name=\"Attention\" loading=\"false\" aria-hidden=\"true\"><path d=\"M12 22C6.477 22 2 17.522 2 12S6.477 2 12 2s10 4.478 10 10-4.477 10-10 10m-.002-13.004a.999.999 0 1 0 0-1.997.999.999 0 0 0 0 1.997M12 17a1 1 0 0 0 .993-.884L13 16l-.002-5.001-.007-.117a1 1 0 0 0-1.986 0l-.007.117L11 16l.007.117A1 1 0 0 0 12 17\" fill=\"currentColor\"><\/path><\/svg><\/div><\/button><\/div><\/div><div class=\"promotion-card\" style=\"background-image: url(https:\/\/spin-ania.com\/wp-content\/uploads\/2026\/01\/Second-deposit.webp);\"><h2 class=\"promotion-card__title\">Secondo deposito<\/h2><label class=\"promotion-card__offer\">55% fino a 500 \u20ac + 100 giri gratuiti<\/label><label class=\"promotion-card__description\"><\/label><div class=\"promotion-card__actions\"><button data-item=\"payments_link\" data-group=\"website_links\" class=\"goto btn btn-orange rounded-pill fw-bold px-4 m-button m-gradient-border m-button--primary m-button--large promotion-button promotion-card__action-btn\" aria-label=\"Iscriviti\"><div class=\"m-button-content\"><span class=\"promotion-button__content\">Iscriviti<\/span><\/div><\/button><button data-item=\"http:\/\/bonus_link\" data-group=\"website_links\" class=\"goto m-button m-gradient-border m-button--secondary m-button--medium promotion-card__info-btn\" aria-label=\"More information\"><div class=\"m-button-content\"><svg viewBox=\"0 0 24 24\" fill=\"none\" xmlns=\"http:\/\/www.w3.org\/2000\/svg\" class=\"m-icon m-icon-loadable\" name=\"Attention\" loading=\"false\" aria-hidden=\"true\"><path d=\"M12 22C6.477 22 2 17.522 2 12S6.477 2 12 2s10 4.478 10 10-4.477 10-10 10m-.002-13.004a.999.999 0 1 0 0-1.997.999.999 0 0 0 0 1.997M12 17a1 1 0 0 0 .993-.884L13 16l-.002-5.001-.007-.117a1 1 0 0 0-1.986 0l-.007.117L11 16l.007.117A1 1 0 0 0 12 17\" fill=\"currentColor\"><\/path><\/svg><\/div><\/button><\/div><\/div><div class=\"promotion-card\" style=\"background-image: url(https:\/\/spin-ania.com\/wp-content\/uploads\/2026\/01\/Third-deposit.webp);\"><h2 class=\"promotion-card__title\">Terzo deposito<\/h2><label class=\"promotion-card__offer\">100% fino a 500 \u20ac<\/label><label class=\"promotion-card__description\"><\/label><div class=\"promotion-card__actions\"><button data-item=\"payments_link\" data-group=\"website_links\" class=\"goto btn btn-orange rounded-pill fw-bold px-4 m-button m-gradient-border m-button--primary m-button--large promotion-button promotion-card__action-btn\" aria-label=\"Iscriviti\"><div class=\"m-button-content\"><span class=\"promotion-button__content\">Iscriviti<\/span><\/div><\/button><button data-item=\"http:\/\/bonus_link\" data-group=\"website_links\" class=\"goto m-button m-gradient-border m-button--secondary m-button--medium promotion-card__info-btn\" aria-label=\"More information\"><div class=\"m-button-content\"><svg viewBox=\"0 0 24 24\" fill=\"none\" xmlns=\"http:\/\/www.w3.org\/2000\/svg\" class=\"m-icon m-icon-loadable\" name=\"Attention\" loading=\"false\" aria-hidden=\"true\"><path d=\"M12 22C6.477 22 2 17.522 2 12S6.477 2 12 2s10 4.478 10 10-4.477 10-10 10m-.002-13.004a.999.999 0 1 0 0-1.997.999.999 0 0 0 0 1.997M12 17a1 1 0 0 0 .993-.884L13 16l-.002-5.001-.007-.117a1 1 0 0 0-1.986 0l-.007.117L11 16l.007.117A1 1 0 0 0 12 17\" fill=\"currentColor\"><\/path><\/svg><\/div><\/button><\/div><\/div><div class=\"promotion-card\" style=\"background-image: url(https:\/\/spin-ania.com\/wp-content\/uploads\/2026\/01\/Cashback.webp);\"><h2 class=\"promotion-card__title\">Cashback Settimanale<\/h2><label class=\"promotion-card__offer\">Fino a 25%<\/label><label class=\"promotion-card__description\"><\/label><div class=\"promotion-card__actions\"><button data-item=\"payments_link\" data-group=\"website_links\" class=\"goto btn btn-orange rounded-pill fw-bold px-4 m-button m-gradient-border m-button--primary m-button--large promotion-button promotion-card__action-btn\" aria-label=\"Iscriviti\"><div class=\"m-button-content\"><span class=\"promotion-button__content\">Iscriviti<\/span><\/div><\/button><button data-item=\"http:\/\/bonus_link\" data-group=\"website_links\" class=\"goto m-button m-gradient-border m-button--secondary m-button--medium promotion-card__info-btn\" aria-label=\"More information\"><div class=\"m-button-content\"><svg viewBox=\"0 0 24 24\" fill=\"none\" xmlns=\"http:\/\/www.w3.org\/2000\/svg\" class=\"m-icon m-icon-loadable\" name=\"Attention\" loading=\"false\" aria-hidden=\"true\"><path d=\"M12 22C6.477 22 2 17.522 2 12S6.477 2 12 2s10 4.478 10 10-4.477 10-10 10m-.002-13.004a.999.999 0 1 0 0-1.997.999.999 0 0 0 0 1.997M12 17a1 1 0 0 0 .993-.884L13 16l-.002-5.001-.007-.117a1 1 0 0 0-1.986 0l-.007.117L11 16l.007.117A1 1 0 0 0 12 17\" fill=\"currentColor\"><\/path><\/svg><\/div><\/button><\/div><\/div><div class=\"promotion-card\" style=\"background-image: url(https:\/\/spin-ania.com\/wp-content\/uploads\/2026\/01\/Rakeback.webp);\"><h2 class=\"promotion-card__title\">Rakeback<\/h2><label class=\"promotion-card__offer\">Fino a 17%<\/label><label class=\"promotion-card__description\"><\/label><div class=\"promotion-card__actions\"><button data-item=\"payments_link\" data-group=\"website_links\" class=\"goto btn btn-orange rounded-pill fw-bold px-4 m-button m-gradient-border m-button--primary m-button--large promotion-button promotion-card__action-btn\" aria-label=\"Iscriviti\"><div class=\"m-button-content\"><span class=\"promotion-button__content\">Iscriviti<\/span><\/div><\/button><button data-item=\"http:\/\/bonus_link\" data-group=\"website_links\" class=\"goto m-button m-gradient-border m-button--secondary m-button--medium promotion-card__info-btn\" aria-label=\"More information\"><div class=\"m-button-content\"><svg viewBox=\"0 0 24 24\" fill=\"none\" xmlns=\"http:\/\/www.w3.org\/2000\/svg\" class=\"m-icon m-icon-loadable\" name=\"Attention\" loading=\"false\" aria-hidden=\"true\"><path d=\"M12 22C6.477 22 2 17.522 2 12S6.477 2 12 2s10 4.478 10 10-4.477 10-10 10m-.002-13.004a.999.999 0 1 0 0-1.997.999.999 0 0 0 0 1.997M12 17a1 1 0 0 0 .993-.884L13 16l-.002-5.001-.007-.117a1 1 0 0 0-1.986 0l-.007.117L11 16l.007.117A1 1 0 0 0 12 17\" fill=\"currentColor\"><\/path><\/svg><\/div><\/button><\/div><\/div><div class=\"promotion-card\" style=\"background-image: url(https:\/\/spin-ania.com\/wp-content\/uploads\/2026\/01\/Sunday-reload.webp);\"><h2 class=\"promotion-card__title\">Ricarica domenicale<\/h2><label class=\"promotion-card__offer\">25% fino a \u20ac100<\/label><label class=\"promotion-card__description\"><\/label><div class=\"promotion-card__actions\"><button data-item=\"payments_link\" data-group=\"website_links\" class=\"goto btn btn-orange rounded-pill fw-bold px-4 m-button m-gradient-border m-button--primary m-button--large promotion-button promotion-card__action-btn\" aria-label=\"Iscriviti\"><div class=\"m-button-content\"><span class=\"promotion-button__content\">Iscriviti<\/span><\/div><\/button><button data-item=\"http:\/\/bonus_link\" data-group=\"website_links\" class=\"goto m-button m-gradient-border m-button--secondary m-button--medium promotion-card__info-btn\" aria-label=\"More information\"><div class=\"m-button-content\"><svg viewBox=\"0 0 24 24\" fill=\"none\" xmlns=\"http:\/\/www.w3.org\/2000\/svg\" class=\"m-icon m-icon-loadable\" name=\"Attention\" loading=\"false\" aria-hidden=\"true\"><path d=\"M12 22C6.477 22 2 17.522 2 12S6.477 2 12 2s10 4.478 10 10-4.477 10-10 10m-.002-13.004a.999.999 0 1 0 0-1.997.999.999 0 0 0 0 1.997M12 17a1 1 0 0 0 .993-.884L13 16l-.002-5.001-.007-.117a1 1 0 0 0-1.986 0l-.007.117L11 16l.007.117A1 1 0 0 0 12 17\" fill=\"currentColor\"><\/path><\/svg><\/div><\/button><\/div><\/div><div class=\"promotion-card\" style=\"background-image: url(https:\/\/spin-ania.com\/wp-content\/uploads\/2026\/01\/Highroller.webp);\"><h2 class=\"promotion-card__title\">Offerta high roller<\/h2><label class=\"promotion-card__offer\">50% fino a \u20ac500<\/label><label class=\"promotion-card__description\"><\/label><div class=\"promotion-card__actions\"><button data-item=\"payments_link\" data-group=\"website_links\" class=\"goto btn btn-orange rounded-pill fw-bold px-4 m-button m-gradient-border m-button--primary m-button--large promotion-button promotion-card__action-btn\" aria-label=\"Iscriviti\"><div class=\"m-button-content\"><span class=\"promotion-button__content\">Iscriviti<\/span><\/div><\/button><button data-item=\"http:\/\/bonus_link\" data-group=\"website_links\" class=\"goto m-button m-gradient-border m-button--secondary m-button--medium promotion-card__info-btn\" aria-label=\"More information\"><div class=\"m-button-content\"><svg viewBox=\"0 0 24 24\" fill=\"none\" xmlns=\"http:\/\/www.w3.org\/2000\/svg\" class=\"m-icon m-icon-loadable\" name=\"Attention\" loading=\"false\" aria-hidden=\"true\"><path d=\"M12 22C6.477 22 2 17.522 2 12S6.477 2 12 2s10 4.478 10 10-4.477 10-10 10m-.002-13.004a.999.999 0 1 0 0-1.997.999.999 0 0 0 0 1.997M12 17a1 1 0 0 0 .993-.884L13 16l-.002-5.001-.007-.117a1 1 0 0 0-1.986 0l-.007.117L11 16l.007.117A1 1 0 0 0 12 17\" fill=\"currentColor\"><\/path><\/svg><\/div><\/button><\/div><\/div><\/div><div class=\"scrollable-content-wrap my-5\"><div class=\"scrollable-content-inner\"><h2>Bonus SpinAnia Tipi<\/h2>\n<p>Su Spin Ania, i giocatori possono usufruire di una variet\u00e0 di pacchetti bonus per soddisfare le diverse esigenze di gioco. Abbiamo preparato bonus di benvenuto, promozioni di ricarica, cashback e tornei esclusivi! Ogni promozione unica offre ai giocatori la possibilit\u00e0 di vincere denaro e di vivere un&#8217;esperienza gratificante in termini di fedelt\u00e0, rendendo il gioco d&#8217;azzardo un&#8217;esperienza positiva.<\/p>\n<h2>SpinAnia Bonus di benvenuto<\/h2>\n<p>I nuovi giocatori possono godere di un caloroso benvenuto perch\u00e9 Spin Ania offre un generoso pacchetto di benvenuto da 1.500 \u20ac con 250 giri gratuiti! Lo abbiamo progettato per offrire agli utenti un buon inizio e un&#8217;esperienza di gioco fluida! Include un sistema di bonus multi-componente che aumenta i depositi iniziali e fa durare pi\u00f9 a lungo i giochi.<\/p>\n<h3>Elenco dei tornei e delle attivit\u00e0<\/h3>\n<p>SpinAnia Casino offre un gran numero di tornei da provare. Aggiungiamo stagionalmente altri eventi con titoli divertenti che ti consentono di aumentare la tua fortuna. Per ora, \u00e8 sempre una buona idea tentare la fortuna nei seguenti tornei chiave:<\/p>\n<table>\n<tbody>\n<tr>\n<td>Nome del torneo<\/td>\n<td>Descrizione<\/td>\n<td>Montepremi<\/td>\n<\/tr>\n<tr>\n<td>Spinoleague<\/td>\n<td>Montepremi gigantesco con la possibilit\u00e0 di vedere il tuo nome nella classifica.<\/td>\n<td>12.000.000 \u20ac<\/td>\n<\/tr>\n<tr>\n<td>BGaming Drops Frenzy<\/td>\n<td>Aumenta il montepremi man mano che giochi.<\/td>\n<td>660.000 \u20ac<\/td>\n<\/tr>\n<tr>\n<td>Torneo dal vivo<\/td>\n<td>Competizione di giochi dal vivo con la possibilit\u00e0 di vincere grandi premi.<\/td>\n<td>10.000 \u20ac<\/td>\n<\/tr>\n<\/tbody>\n<\/table>\n<p>Per partecipare a tali tornei di SpinAnia Casino, \u00e8 necessario rispettare determinati termini, quali i termini di scommessa e altri termini di idoneit\u00e0. Queste attivit\u00e0 sono davvero divertenti in un ambiente gratificante per i giocatori competitivi.<\/p>\n<h3>Come richiedere il tuo bonus<\/h3>\n<p>Su SpinAnia \u00e8 facile richiedere i bonus. Nel caso del bonus di benvenuto, il giocatore deve solo aprire un conto e qualificarsi depositando l&#8217;importo minimo. Basta depositare i fondi iniziali e i bonus vengono accreditati automaticamente sul conto. Il deposito minimo \u00e8 di soli 20 \u20ac! I giri gratuiti e i fondi bonus sono immediatamente disponibili e ci sono linee guida chiare sulle scommesse e sul contributo al gioco.<\/p>\n<p>Se ti piacciono le promozioni che prepariamo, puoi rimanere sempre aggiornato iscrivendoti alla nostra newsletter promozionale e controllando regolarmente la nostra pagina delle promozioni, dove pubblichiamo tutte le informazioni relative alle nostre lotterie e ai nostri concorsi, agli eventi pi\u00f9 interessanti e alle attivit\u00e0 per le vacanze. La gamification di SpinAnia \u00e8 estremamente forte, quindi rimani aggiornato! Visita spesso il nostro sito Spin Ania per conoscere i dettagli e le promozioni attive.<\/p>\n<p>La maggior parte dei nostri bonus viene accreditata automaticamente o \u00e8 abilitata tramite opt-in. Per comprendere i termini di scommessa, compresi le percentuali di contribuzione e prelievo, \u00e8 necessario esaminarli.<\/p>\n<h2>Termini e condizioni<\/h2>\n<p>I bonus offerti da SpinAnia Casino sono soggetti a determinati termini e condizioni volti a garantire il fair play e la trasparenza:<\/p>\n<ul>\n<li>\u00c8 necessario scommettere 40 volte l&#8217;importo del bonus prima di poter prelevare i bonus.<\/li>\n<li>I bonus hanno una validit\u00e0 di 14 giorni dall&#8217;attivazione.<\/li>\n<li>Il deposito per l&#8217;attivazione del bonus \u00e8 solo di 20 \u20ac, ma puoi leggere ulteriori informazioni al riguardo e vincere ancora di pi\u00f9 effettuando depositi pi\u00f9 consistenti!<\/li>\n<li>I bonus non sono rimovibili indipendentemente dalle vincite: sono permanenti.<\/li>\n<li>I tassi di contribuzione dei giochi variano: le slot hanno un tasso di contribuzione del 100%, mentre i giochi da tavolo hanno un tasso di contribuzione inferiore.<\/li>\n<li>I giri gratuiti rimangono attivi per tre giorni dopo la loro concessione.<\/li>\n<li>In ogni promozione, i requisiti di scommessa, le percentuali di contribuzione e i limiti di tempo sono ben definiti.<\/li>\n<\/ul>\n<p>In questo modo, \u00e8 facile ritirare e godere del tuo piano bonus SpinAnia e massimizzarne i vantaggi.<\/p>\n<h2>Domande frequenti<\/h2>\n<h3>Posso prelevare le mie vincite bonus?<\/h3>\n<p>Puoi prelevare tutti i tuoi fondi bonus SpinAnia Casino dopo aver completato i requisiti di scommessa. Di solito \u00e8 pari a 40 volte l&#8217;importo del bonus, ma varia a seconda del tipo di premio.<\/p>\n<h3>Sono disponibili bonus per i giocatori che tornano a giocare?<\/h3>\n<p>Naturalmente, non solo i nuovi arrivati ricevono il generoso bonus SpinAnia per la registrazione. Apprezziamo tutti i nostri giocatori, anche quelli di vecchia data! Per mantenere alto il coinvolgimento e la fedelt\u00e0, SpinAnia include bonus di ricarica, cashback e tornei esclusivi anche per i giocatori che ritornano.<\/p>\n<h3>Sono disponibili bonus cashback o ricarica?<\/h3>\n<p>Poich\u00e9 desideriamo intrattenerti, Spin Ania conserva tutti i premi promozionali per ringraziarti di aver effettuato un deposito oltre l&#8217;offerta iniziale di iscrizione. Garantiamo inoltre che tutti i premi cashback continuino a tempo indeterminato. Aggiorniamo frequentemente le condizioni, quindi ti consigliamo di tenerti aggiornato se desideri partecipare a tutte le nostre divertenti iniziative.<\/p>\n<\/div><\/div><\/p>\n","protected":false},"excerpt":{"rendered":"<p>SpinAnia Bonus Il SpinAnia bonus \u00e8 un&#8217;opzione molto interessante per aggiungere un tocco di novit\u00e0 al gioco e aumentare le possibilit\u00e0 di vincita. SpinAnia Casino offre una serie di promozioni per i nuovi giocatori italiani e per quelli che tornano a giocare, al fine di migliorare la loro esperienza. Offriamo bonus generosi insieme a una [&hellip;]<\/p>\n","protected":false},"author":1,"featured_media":0,"parent":0,"menu_order":0,"comment_status":"closed","ping_status":"closed","template":"template-builder.php","meta":{"_acf_changed":false,"inline_featured_image":false,"footnotes":""},"class_list":["post-1669","page","type-page","status-publish","hentry"],"acf":[],"yoast_head":"<!-- This site is optimized with the Yoast SEO plugin v24.4 - https:\/\/yoast.com\/wordpress\/plugins\/seo\/ -->\n<title>SpinAnia Casino Bonus | Offerte di Benvenuto e Promozioni<\/title>\n<meta name=\"description\" content=\"SpinAnia Casino Bonus \u2013 scopri pacchetti di benvenuto, offerte di ricarica e giri gratis. Approfitta di cashback settimanali, tornei e premi esclusivi su Spin Ania.\" \/>\n<meta name=\"robots\" content=\"index, follow, max-snippet:-1, max-image-preview:large, max-video-preview:-1\" \/>\n<link rel=\"canonical\" href=\"https:\/\/spin-ania.com\/it\/bonus\/\" \/>\n<meta property=\"og:locale\" content=\"it_IT\" \/>\n<meta property=\"og:type\" content=\"article\" \/>\n<meta property=\"og:title\" content=\"SpinAnia Casino Bonus | Offerte di Benvenuto e Promozioni\" \/>\n<meta property=\"og:description\" content=\"SpinAnia Casino Bonus \u2013 scopri pacchetti di benvenuto, offerte di ricarica e giri gratis. Approfitta di cashback settimanali, tornei e premi esclusivi su Spin Ania.\" \/>\n<meta property=\"og:url\" content=\"https:\/\/spin-ania.com\/it\/bonus\/\" \/>\n<meta property=\"og:site_name\" content=\"spinania\" \/>\n<meta property=\"article:modified_time\" content=\"2026-01-14T12:27:52+00:00\" \/>\n<meta name=\"twitter:card\" content=\"summary_large_image\" \/>\n<meta name=\"twitter:label1\" content=\"Est. reading time\" \/>\n\t<meta name=\"twitter:data1\" content=\"1 minute\" \/>\n<script type=\"application\/ld+json\" class=\"yoast-schema-graph\">{\"@context\":\"https:\/\/schema.org\",\"@graph\":[{\"@type\":\"WebPage\",\"@id\":\"https:\/\/spin-ania.com\/it\/bonus\/\",\"url\":\"https:\/\/spin-ania.com\/it\/bonus\/\",\"name\":\"SpinAnia Casino Bonus | Offerte di Benvenuto e Promozioni\",\"isPartOf\":{\"@id\":\"https:\/\/spin-ania.com\/it\/#website\"},\"datePublished\":\"2026-01-14T09:23:22+00:00\",\"dateModified\":\"2026-01-14T12:27:52+00:00\",\"description\":\"SpinAnia Casino Bonus \u2013 scopri pacchetti di benvenuto, offerte di ricarica e giri gratis. Approfitta di cashback settimanali, tornei e premi esclusivi su Spin Ania.\",\"breadcrumb\":{\"@id\":\"https:\/\/spin-ania.com\/it\/bonus\/#breadcrumb\"},\"inLanguage\":\"it-IT\",\"potentialAction\":[{\"@type\":\"ReadAction\",\"target\":[\"https:\/\/spin-ania.com\/it\/bonus\/\"]}]},{\"@type\":\"BreadcrumbList\",\"@id\":\"https:\/\/spin-ania.com\/it\/bonus\/#breadcrumb\",\"itemListElement\":[{\"@type\":\"ListItem\",\"position\":1,\"name\":\"Spinania\",\"item\":\"https:\/\/spin-ania.com\/it\/\"},{\"@type\":\"ListItem\",\"position\":2,\"name\":\"Bonus\"}]},{\"@type\":\"WebSite\",\"@id\":\"https:\/\/spin-ania.com\/it\/#website\",\"url\":\"https:\/\/spin-ania.com\/it\/\",\"name\":\"Spinania\",\"description\":\"\",\"publisher\":{\"@id\":\"https:\/\/spin-ania.com\/it\/#organization\"},\"potentialAction\":[{\"@type\":\"SearchAction\",\"target\":{\"@type\":\"EntryPoint\",\"urlTemplate\":\"https:\/\/spin-ania.com\/it\/?s={search_term_string}\"},\"query-input\":{\"@type\":\"PropertyValueSpecification\",\"valueRequired\":true,\"valueName\":\"search_term_string\"}}],\"inLanguage\":\"it-IT\"},{\"@type\":\"Organization\",\"@id\":\"https:\/\/spin-ania.com\/it\/#organization\",\"name\":\"Spinania\",\"url\":\"https:\/\/spin-ania.com\/it\/\",\"logo\":{\"@type\":\"ImageObject\",\"inLanguage\":\"it-IT\",\"@id\":\"https:\/\/spin-ania.com\/it\/#\/schema\/logo\/image\/\",\"url\":\"https:\/\/spin-ania.com\/wp-content\/uploads\/2025\/08\/KeIS1eTvcSVRrxjd4vQx.png\",\"contentUrl\":\"https:\/\/spin-ania.com\/wp-content\/uploads\/2025\/08\/KeIS1eTvcSVRrxjd4vQx.png\",\"width\":106,\"height\":31,\"caption\":\"Spinania\"},\"image\":{\"@id\":\"https:\/\/spin-ania.com\/it\/#\/schema\/logo\/image\/\"}}]}<\/script>\n<!-- \/ Yoast SEO plugin. -->","yoast_head_json":{"title":"SpinAnia Casino Bonus | Offerte di Benvenuto e Promozioni","description":"SpinAnia Casino Bonus \u2013 scopri pacchetti di benvenuto, offerte di ricarica e giri gratis. Approfitta di cashback settimanali, tornei e premi esclusivi su Spin Ania.","robots":{"index":"index","follow":"follow","max-snippet":"max-snippet:-1","max-image-preview":"max-image-preview:large","max-video-preview":"max-video-preview:-1"},"canonical":"https:\/\/spin-ania.com\/it\/bonus\/","og_locale":"it_IT","og_type":"article","og_title":"SpinAnia Casino Bonus | Offerte di Benvenuto e Promozioni","og_description":"SpinAnia Casino Bonus \u2013 scopri pacchetti di benvenuto, offerte di ricarica e giri gratis. Approfitta di cashback settimanali, tornei e premi esclusivi su Spin Ania.","og_url":"https:\/\/spin-ania.com\/it\/bonus\/","og_site_name":"spinania","article_modified_time":"2026-01-14T12:27:52+00:00","twitter_card":"summary_large_image","twitter_misc":{"Est. reading time":"1 minute"},"schema":{"@context":"https:\/\/schema.org","@graph":[{"@type":"WebPage","@id":"https:\/\/spin-ania.com\/it\/bonus\/","url":"https:\/\/spin-ania.com\/it\/bonus\/","name":"SpinAnia Casino Bonus | Offerte di Benvenuto e Promozioni","isPartOf":{"@id":"https:\/\/spin-ania.com\/it\/#website"},"datePublished":"2026-01-14T09:23:22+00:00","dateModified":"2026-01-14T12:27:52+00:00","description":"SpinAnia Casino Bonus \u2013 scopri pacchetti di benvenuto, offerte di ricarica e giri gratis. Approfitta di cashback settimanali, tornei e premi esclusivi su Spin Ania.","breadcrumb":{"@id":"https:\/\/spin-ania.com\/it\/bonus\/#breadcrumb"},"inLanguage":"it-IT","potentialAction":[{"@type":"ReadAction","target":["https:\/\/spin-ania.com\/it\/bonus\/"]}]},{"@type":"BreadcrumbList","@id":"https:\/\/spin-ania.com\/it\/bonus\/#breadcrumb","itemListElement":[{"@type":"ListItem","position":1,"name":"Spinania","item":"https:\/\/spin-ania.com\/it\/"},{"@type":"ListItem","position":2,"name":"Bonus"}]},{"@type":"WebSite","@id":"https:\/\/spin-ania.com\/it\/#website","url":"https:\/\/spin-ania.com\/it\/","name":"Spinania","description":"","publisher":{"@id":"https:\/\/spin-ania.com\/it\/#organization"},"potentialAction":[{"@type":"SearchAction","target":{"@type":"EntryPoint","urlTemplate":"https:\/\/spin-ania.com\/it\/?s={search_term_string}"},"query-input":{"@type":"PropertyValueSpecification","valueRequired":true,"valueName":"search_term_string"}}],"inLanguage":"it-IT"},{"@type":"Organization","@id":"https:\/\/spin-ania.com\/it\/#organization","name":"Spinania","url":"https:\/\/spin-ania.com\/it\/","logo":{"@type":"ImageObject","inLanguage":"it-IT","@id":"https:\/\/spin-ania.com\/it\/#\/schema\/logo\/image\/","url":"https:\/\/spin-ania.com\/wp-content\/uploads\/2025\/08\/KeIS1eTvcSVRrxjd4vQx.png","contentUrl":"https:\/\/spin-ania.com\/wp-content\/uploads\/2025\/08\/KeIS1eTvcSVRrxjd4vQx.png","width":106,"height":31,"caption":"Spinania"},"image":{"@id":"https:\/\/spin-ania.com\/it\/#\/schema\/logo\/image\/"}}]}},"_links":{"self":[{"href":"https:\/\/spin-ania.com\/it\/wp-json\/wp\/v2\/pages\/1669"}],"collection":[{"href":"https:\/\/spin-ania.com\/it\/wp-json\/wp\/v2\/pages"}],"about":[{"href":"https:\/\/spin-ania.com\/it\/wp-json\/wp\/v2\/types\/page"}],"author":[{"embeddable":true,"href":"https:\/\/spin-ania.com\/it\/wp-json\/wp\/v2\/users\/1"}],"replies":[{"embeddable":true,"href":"https:\/\/spin-ania.com\/it\/wp-json\/wp\/v2\/comments?post=1669"}],"version-history":[{"count":2,"href":"https:\/\/spin-ania.com\/it\/wp-json\/wp\/v2\/pages\/1669\/revisions"}],"predecessor-version":[{"id":1901,"href":"https:\/\/spin-ania.com\/it\/wp-json\/wp\/v2\/pages\/1669\/revisions\/1901"}],"wp:attachment":[{"href":"https:\/\/spin-ania.com\/it\/wp-json\/wp\/v2\/media?parent=1669"}],"curies":[{"name":"wp","href":"https:\/\/api.w.org\/{rel}","templated":true}]}}