{"id":1651,"date":"2026-01-14T09:17:54","date_gmt":"2026-01-14T09:17:54","guid":{"rendered":"https:\/\/spin-ania.com\/app\/"},"modified":"2026-01-14T12:45:16","modified_gmt":"2026-01-14T12:45:16","slug":"aplikacja","status":"publish","type":"page","link":"https:\/\/spin-ania.com\/pl\/aplikacja\/","title":{"rendered":"Aplikacja"},"content":{"rendered":"<h1>SpinAnia Casino Aplikacja<\/h1>\n<p>SpinAnia app to niezwykle nowoczesne oprogramowanie do gier, kt\u00f3re spodoba si\u0119 polskim graczom pragn\u0105cym gra\u0107 w swoje ulubione gry kasynowe w dowolnym miejscu. Dzi\u0119ki naszej zaawansowanej platformie mobilnej SpinAnia Casino gwarantuje u\u017cytkownikom dost\u0119p do szerokiego wachlarza funkcji i jest dost\u0119pne na wszystkich popularnych urz\u0105dzeniach mobilnych, zapewniaj\u0105c wygod\u0119 i dobr\u0105 wydajno\u015b\u0107 w ka\u017cdej chwili.<\/p>\n<div class=\"banner-wrap\" aria-label=\"Banner\"><img src=\"https:\/\/spin-ania.com\/wp-content\/uploads\/2026\/01\/Spinania-Banner-Desktop.webp\" class=\"w-100 d-none d-lg-block img-pc main-banner-img\" alt=\"spinania bonus desktop\" fetchpriority=\"high\" decoding=\"async\"><img src=\"https:\/\/spin-ania.com\/wp-content\/uploads\/2026\/01\/Spinania-mobile-banner.webp\" class=\"w-100 d-none d-md-block d-lg-none main-banner-img\" alt=\"spinania bonus mobile\" fetchpriority=\"high\" decoding=\"async\"><img src=\"https:\/\/spin-ania.com\/wp-content\/uploads\/2026\/01\/Spinania-mobile-banner.webp\" class=\"w-100 d-md-none\" alt=\"spinania bonus mobile\" fetchpriority=\"high\" decoding=\"async\"><div class=\"banner-description\">\n<div class=\"banner-title\">Bonusy powitalne<\/div>\n<p class=\"banner-header-title\">\u20ac1,500<\/p>\n<div class=\"banner-header-AdditionalText\">+ 250 Darmowe spiny<\/div>\n<button data-item=\"homepage_banner_link\" class=\"goto m-button m-gradient-border m-button--primary m-button--large banner-button btn-orange\">\n            <div class=\"m-button-content\">\n                <span>Zarejestruj si\u0119 teraz<\/span>\n                <span><\/span>\n            <\/div>\n        <\/button>\n<\/div>\n<div class=\"WelcomePack\">\n<p><img loading=\"lazy\" decoding=\"async\" class=\"alignnone size-full wp-image-1589\" src=\"https:\/\/spin-ania.com\/wp-content\/uploads\/2026\/01\/welcome-crown.svg\" alt=\"welcome crown\" width=\"25\" height=\"26\" \/><\/p>\n<div class=\"WelcomePack-Info\">Cotygodniowy zwrot got\u00f3wki do 25%<\/div>\n<p><img loading=\"lazy\" decoding=\"async\" class=\"alignnone size-full wp-image-1589\" src=\"https:\/\/spin-ania.com\/wp-content\/uploads\/2026\/01\/welcome-crown.svg\" alt=\"welcome crown\" width=\"25\" height=\"26\" \/><\/p>\n<\/div>\n<\/div>\n<h2>Funkcje aplikacji SpinAnia App<\/h2>\n<p>Aplikacja SpinAnia wyr\u00f3\u017cnia si\u0119 pot\u0119\u017cnymi funkcjami i \u0142atwo\u015bci\u0105 obs\u0142ugi. Zapewnia u\u017cytkownikom wy\u017cszy poziom wra\u017ce\u0144 mobilnych ni\u017c w przypadku tradycyjnych gier komputerowych. Mo\u017cesz uzyska\u0107 szybki i bezpieczny dost\u0119p do naszej ogromnej biblioteki internetowych automat\u00f3w do gier, gier sto\u0142owych i tytu\u0142\u00f3w z krupierem na \u017cywo. Przyjazna dla u\u017cytkownika aplikacja z intuicyjnym interfejsem umo\u017cliwia graczom swobodne poruszanie si\u0119 po bibliotece i znalezienie ulubionych gier w jak najkr\u00f3tszym czasie.<\/p>\n<p>Ponadto zesp\u00f3\u0142 pomocy technicznej kasyna SpinAnia zapewnia klientom natychmiastow\u0105 pomoc poprzez czat na \u017cywo. Dzi\u0119ki temu mo\u017cesz cieszy\u0107 si\u0119 najwy\u017cszym komfortem i wygod\u0105. Nasza synchronizacja zapewnia r\u00f3wnie\u017c sp\u00f3jno\u015b\u0107 danych u\u017cytkownika na r\u00f3\u017cnych urz\u0105dzeniach \u2014 gracze mog\u0105 korzysta\u0107 z tych samych gier, prze\u0142\u0105czaj\u0105c si\u0119 mi\u0119dzy urz\u0105dzeniami mobilnymi a stacjonarnymi.<\/p>\n<p>Nasza p\u0142ynnie dzia\u0142aj\u0105ca aplikacja jest r\u00f3wnie\u017c zoptymalizowana pod k\u0105tem rozmiaru ekranu i dzia\u0142a dobrze bez utraty jako\u015bci gier lub bezpiecze\u0144stwa.<\/p>\n<p><div style=\"clear: both\"><\/div><div class=\"d-flex justify-content-center\"><button data-item=\"seo-link\" data-group=\"website_links\" class=\"goto fw-bold rounded-pill btn btn-orange\" aria-label=\"Pobierz aplikacj\u0119 Spinania\" >Pobierz aplikacj\u0119 Spinania<\/button><\/div><div class=\"scrollable-content-wrap my-5\"><div class=\"scrollable-content-inner\"><h2>Aplikacja SpinAnia dla Android<\/h2>\n<p>Opracowali\u015bmy r\u00f3wnie\u017c aplikacj\u0119 SpinAnia dla u\u017cytkownik\u00f3w systemu Android. Nasza aplikacja zosta\u0142a stworzona z my\u015bl\u0105 o prostocie i wydajno\u015bci. Mo\u017cna j\u0105 pobra\u0107 bezpo\u015brednio z naszej strony jako PWA. W ten spos\u00f3b unikamy ogranicze\u0144 dotycz\u0105cych aplikacji hazardowych.<\/p>\n<ol>\n<li>Kliknij przycisk \u201eAplikacja kasyna\u201d poni\u017cej na stronie kasyna Spin Ania.<\/li>\n<li>Po przekierowaniu na stron\u0119 instalacji PWA kliknij \u201eZainstaluj\u201d i poczekaj, a\u017c rozpocznie si\u0119 pobieranie.<\/li>\n<li>Po zako\u0144czeniu pobierania na ekranie pojawi si\u0119 ikona.<\/li>\n<li>Kliknij, a wszystkie nasze SpinAnia casino gry zostan\u0105 otwarte!<\/li>\n<\/ol>\n<p>W momencie zainstalowania mobilnego kasyna gracze uzyskuj\u0105 natychmiastowy dost\u0119p do ca\u0142ej biblioteki gier, w tym najnowszych automat\u00f3w online i tradycyjnych gier sto\u0142owych zoptymalizowanych pod k\u0105tem ekran\u00f3w urz\u0105dze\u0144 mobilnych. Aplikacja dzia\u0142a w systemie Android 8.0 i nowszych wersjach, kt\u00f3re s\u0105 kompatybilne z wi\u0119kszo\u015bci\u0105 nowoczesnych gad\u017cet\u00f3w. Nie musimy utrzymywa\u0107 skomplikowanego systemu wersjonowania. Nasza technologia PWA minimalizuje wymagania dotycz\u0105ce pami\u0119ci, aby szybko renderowa\u0107 dane.<\/p>\n<p>Nie posiadamy aplikacji SpinAnia APK i widzimy, \u017ce nasi gracze nie korzystaj\u0105 ju\u017c z niej, poniewa\u017c znaj\u0105 teraz bezpieczniejszy i godny zaufania spos\u00f3b uzyskania dost\u0119pu do mobilnej platformy kasyna.<img loading=\"lazy\" decoding=\"async\" class=\"alignnone size-full wp-image-1493\" style=\"font-size: 16px\" src=\"https:\/\/spin-ania.com\/wp-content\/uploads\/2026\/01\/Spinania-Android-App.webp\" alt=\"Spinania Android\" width=\"1248\" height=\"536\" srcset=\"https:\/\/spin-ania.com\/wp-content\/uploads\/2026\/01\/Spinania-Android-App.webp 1248w, https:\/\/spin-ania.com\/wp-content\/uploads\/2026\/01\/Spinania-Android-App-300x129.webp 300w, https:\/\/spin-ania.com\/wp-content\/uploads\/2026\/01\/Spinania-Android-App-1024x440.webp 1024w, https:\/\/spin-ania.com\/wp-content\/uploads\/2026\/01\/Spinania-Android-App-768x330.webp 768w\" sizes=\"(max-width: 1248px) 100vw, 1248px\" \/><\/p>\n<\/div><\/div><div style=\"clear: both\"><\/div><div class=\"d-flex justify-content-center\"><button data-item=\"seo-link\" data-group=\"website_links\" class=\"goto fw-bold rounded-pill btn btn-orange\" aria-label=\"Pobierz aplikacj\u0119 Spinania\" >Pobierz aplikacj\u0119 Spinania<\/button><\/div><div class=\"scrollable-content-wrap my-5\"><div class=\"scrollable-content-inner\"><h2>SpinAnia App iOS<\/h2>\n<p>Kasyno SpinAnia posiada aplikacj\u0119 PWA przeznaczon\u0105 specjalnie dla systemu iOS, kt\u00f3ra zapewnia u\u017cytkownikom iPhone&#8217;\u00f3w i iPad\u00f3w bardzo zoptymalizowane wra\u017cenia. Aplikacj\u0119 mo\u017cna pobra\u0107 bezpo\u015brednio z naszego linku na stronie kasyna, mimo \u017ce nie jest ona dost\u0119pna w App Store.<\/p>\n<ol>\n<li>Na urz\u0105dzeniu mobilnym Apple otw\u00f3rz stron\u0119 Spin Ania i przejd\u017a do obszaru aplikacji.<\/li>\n<li>Zainstaluj aplikacj\u0119 PWA, post\u0119puj\u0105c zgodnie z prostymi instrukcjami.<\/li>\n<\/ol>\n<p>Po zainstalowaniu aplikacji gracze mog\u0105 cieszy\u0107 si\u0119 p\u0142ynnym interfejsem, szybkim \u0142adowaniem i dost\u0119pem do ca\u0142ej biblioteki naszych gier z grafik\u0105 3D. Aplikacja jest kompatybilna ze wszystkimi popularnymi urz\u0105dzeniami z systemem iOS i umo\u017cliwia korzystanie z powiadomie\u0144 push oraz doskona\u0142\u0105 integracj\u0119 z protoko\u0142ami bezpiecze\u0144stwa.<\/p>\n<p><img loading=\"lazy\" decoding=\"async\" class=\"alignnone size-full wp-image-1541\" src=\"https:\/\/spin-ania.com\/wp-content\/uploads\/2026\/01\/Spinania-iOS-App.webp\" alt=\"Spinania iOS\" width=\"1248\" height=\"536\" srcset=\"https:\/\/spin-ania.com\/wp-content\/uploads\/2026\/01\/Spinania-iOS-App.webp 1248w, https:\/\/spin-ania.com\/wp-content\/uploads\/2026\/01\/Spinania-iOS-App-300x129.webp 300w, https:\/\/spin-ania.com\/wp-content\/uploads\/2026\/01\/Spinania-iOS-App-1024x440.webp 1024w, https:\/\/spin-ania.com\/wp-content\/uploads\/2026\/01\/Spinania-iOS-App-768x330.webp 768w\" sizes=\"(max-width: 1248px) 100vw, 1248px\" \/><\/p>\n<\/div><\/div><div style=\"clear: both\"><\/div><div class=\"d-flex justify-content-center\"><button data-item=\"seo-link\" data-group=\"website_links\" class=\"goto fw-bold rounded-pill btn btn-orange\" aria-label=\"Pobierz aplikacj\u0119 Spinania\" >Pobierz aplikacj\u0119 Spinania<\/button><\/div><div class=\"scrollable-content-wrap my-5\"><div class=\"scrollable-content-inner\"><h2>Spin Ania Casino Wersja na komputery stacjonarne<\/h2>\n<p>Chocia\u017c aplikacja SpinAnia wykorzystuje wygod\u0119 urz\u0105dze\u0144 mobilnych, wersja na komputery stacjonarne nadal odgrywa znacz\u0105c\u0105 rol\u0119 w grach. Platforma na komputery stacjonarne jest dost\u0119pna w systemach operacyjnych macOS i Windows. Ma wi\u0119kszy ekran i zapewnia wi\u0119cej opcji nawigacji. Nie ma potrzeby instalowania \u017cadnego dodatkowego oprogramowania, aby wej\u015b\u0107 do kasyna. Wystarczy otworzy\u0107 nasz\u0105 bibliotek\u0119 za pomoc\u0105 popularnych przegl\u0105darek, takich jak Chrome, Firefox, Safari lub Edge.<\/p>\n<p>Aby uzyska\u0107 do niego szybki dost\u0119p, zaleca si\u0119 utworzenie skr\u00f3tu na pulpicie, kt\u00f3ry umo\u017cliwi dost\u0119p do kasyna za pomoc\u0105 jednego klikni\u0119cia. Nasza inteligentna aplikacja komputerowa jest zsynchronizowana z platform\u0105 mobiln\u0105, dzi\u0119ki czemu wszelkie informacje o u\u017cytkowniku, preferencje i osi\u0105gni\u0119cia pozostaj\u0105 kompatybilne na wszystkich platformach.<\/p>\n<h3>Interfejs u\u017cytkownika i nawigacja<\/h3>\n<p>Aplikacja SpinAnia charakteryzuje si\u0119 eleganckim wygl\u0105dem, kt\u00f3ry \u0142\u0105czy w sobie nowoczesno\u015b\u0107 i funkcjonalno\u015b\u0107. Ciemnofioletowy interfejs jest stylowy i przyjazny dla u\u017cytkownika, z wyra\u017anie oznaczonymi menu i uproszczon\u0105 nawigacj\u0105 do wszystkich rodzaj\u00f3w gier. W naszych najlepszych automatach online, grach sto\u0142owych i grach z krupierem na \u017cywo u\u017cytkownicy mog\u0105 cieszy\u0107 si\u0119 szybkimi przej\u015bciami i kr\u00f3tkim czasem \u0142adowania. Projekt idealnie pasuje do ekran\u00f3w o dowolnym rozmiarze, zapewniaj\u0105c najlepsze wra\u017cenia z gry na smartfonach, tabletach i komputerach stacjonarnych!<\/p>\n<table>\n<tbody>\n<tr>\n<td>Wygl\u0105d<\/td>\n<td>Szczeg\u00f3\u0142y<\/td>\n<\/tr>\n<tr>\n<td>Optymalizacja tablet\u00f3w<\/td>\n<td>Aplikacja jest w pe\u0142ni zoptymalizowana pod k\u0105tem tablet\u00f3w i wi\u0119kszych ekran\u00f3w, oferuj\u0105c bogatsze wra\u017cenia graficzne i \u0142atw\u0105 nawigacj\u0119.<\/td>\n<\/tr>\n<tr>\n<td>Kompatybilno\u015b\u0107 z urz\u0105dzeniami<\/td>\n<td>Aplikacja b\u0119dzie dzia\u0142a\u0107 na urz\u0105dzeniach z systemem Android i iOS i jest kompatybilna z wieloma smartfonami i tabletami.<\/td>\n<\/tr>\n<tr>\n<td>Dost\u0119pno\u015b\u0107 gry<\/td>\n<td>Wszystkie gry Spin Ania casino, takie jak automaty online, gry sto\u0142owe i krupierzy na \u017cywo, s\u0105 dost\u0119pne w aplikacji, kt\u00f3ra oferuje kompletn\u0105 platform\u0119 do gier.<\/td>\n<\/tr>\n<\/tbody>\n<\/table>\n<p>Mo\u017cesz skontaktowa\u0107 si\u0119 z naszym zespo\u0142em pomocy technicznej za po\u015brednictwem wbudowanego czatu na \u017cywo. Jeste\u015bmy do Twojej dyspozycji w razie jakichkolwiek problem\u00f3w lub pyta\u0144.<img loading=\"lazy\" decoding=\"async\" src=\"https:\/\/spin-ania.com\/wp-content\/uploads\/2026\/01\/Spinania-Desktop.webp\" alt=\"Spinania Desktop\" width=\"1248\" height=\"536\" \/><\/p>\n<\/div><\/div><div style=\"clear: both\"><\/div><div class=\"d-flex justify-content-center\"><button data-item=\"seo-link\" data-group=\"website_links\" class=\"goto fw-bold rounded-pill btn btn-orange\" aria-label=\"Pobierz aplikacj\u0119 Spinania\" >Pobierz aplikacj\u0119 Spinania<\/button><\/div><div class=\"scrollable-content-wrap my-5\"><div class=\"scrollable-content-inner\"><h2>Cz\u0119sto zadawane pytania<\/h2>\n<h3>Czy aplikacja SpinAnia jest zoptymalizowana pod k\u0105tem tablet\u00f3w i wi\u0119kszych ekran\u00f3w?<\/h3>\n<p>Jeste\u015bmy w pe\u0142ni dostosowani do urz\u0105dze\u0144 mobilnych i dzia\u0142amy na ekranach o dowolnej wielko\u015bci. Mo\u017cesz dostosowa\u0107 wszystkie ustawienia, aby uzyska\u0107 doskona\u0142\u0105 jako\u015b\u0107 obrazu i nawigacj\u0119 na ka\u017cdym urz\u0105dzeniu.<\/p>\n<h3>Czy aplikacja jest dost\u0119pna na urz\u0105dzenia z systemem Android i iOS?<\/h3>\n<p>Kasyno SpinAnia posiada aplikacje na systemy Android i iOS, kt\u00f3re mo\u017cna pobra\u0107 z naszej strony g\u0142\u00f3wnej w wersji PWA. Mo\u017cesz przej\u015b\u0107 proces weryfikacji i cieszy\u0107 si\u0119 gr\u0105 na prawdziwe pieni\u0105dze lub skorzysta\u0107 z naszego trybu demo, aby doskonali\u0107 swoje umiej\u0119tno\u015bci!<\/p>\n<h3>Czy wszystkie gry Spin Ania s\u0105 dost\u0119pne w aplikacji?<\/h3>\n<p>Ca\u0142a biblioteka gier Spin Ania, obejmuj\u0105ca nowo\u015bci, klasyczne automaty i gry z krupierem na \u017cywo, jest dost\u0119pna w aplikacji, zapewniaj\u0105c pe\u0142ni\u0119 wra\u017ce\u0144 kasynowych na urz\u0105dzeniach mobilnych i stacjonarnych. Mo\u017cesz wybra\u0107 miejsce i spos\u00f3b gry \u2014 a my zapewniamy wszystko, czego potrzebujesz.<\/p>\n<\/div><\/div><\/p>\n","protected":false},"excerpt":{"rendered":"<p>SpinAnia Casino Aplikacja SpinAnia app to niezwykle nowoczesne oprogramowanie do gier, kt\u00f3re spodoba si\u0119 polskim graczom pragn\u0105cym gra\u0107 w swoje ulubione gry kasynowe w dowolnym miejscu. Dzi\u0119ki naszej zaawansowanej platformie mobilnej SpinAnia Casino gwarantuje u\u017cytkownikom dost\u0119p do szerokiego wachlarza funkcji i jest dost\u0119pne na wszystkich popularnych urz\u0105dzeniach mobilnych, zapewniaj\u0105c wygod\u0119 i dobr\u0105 wydajno\u015b\u0107 w ka\u017cdej [&hellip;]<\/p>\n","protected":false},"author":1,"featured_media":0,"parent":0,"menu_order":0,"comment_status":"closed","ping_status":"closed","template":"template-builder.php","meta":{"_acf_changed":false,"inline_featured_image":false,"footnotes":""},"class_list":["post-1651","page","type-page","status-publish","hentry"],"acf":[],"yoast_head":"<!-- This site is optimized with the Yoast SEO plugin v24.4 - https:\/\/yoast.com\/wordpress\/plugins\/seo\/ -->\n<title>SpinAnia App na Mobile | iOS, Android<\/title>\n<meta name=\"description\" content=\"SpinAnia App \u2013 graj w gry kasynowe na iOS i Android, gdziekolwiek jeste\u015b. Ciesz si\u0119 p\u0142ynn\u0105 rozgrywk\u0105, natychmiastow\u0105 synchronizacj\u0105 i pe\u0142nym dost\u0119pem w Spin Ania.\" \/>\n<meta name=\"robots\" content=\"index, follow, max-snippet:-1, max-image-preview:large, max-video-preview:-1\" \/>\n<link rel=\"canonical\" href=\"https:\/\/spin-ania.com\/pl\/aplikacja\/\" \/>\n<meta property=\"og:locale\" content=\"pl_PL\" \/>\n<meta property=\"og:type\" content=\"article\" \/>\n<meta property=\"og:title\" content=\"SpinAnia App na Mobile | iOS, Android\" \/>\n<meta property=\"og:description\" content=\"SpinAnia App \u2013 graj w gry kasynowe na iOS i Android, gdziekolwiek jeste\u015b. Ciesz si\u0119 p\u0142ynn\u0105 rozgrywk\u0105, natychmiastow\u0105 synchronizacj\u0105 i pe\u0142nym dost\u0119pem w Spin Ania.\" \/>\n<meta property=\"og:url\" content=\"https:\/\/spin-ania.com\/pl\/aplikacja\/\" \/>\n<meta property=\"og:site_name\" content=\"spinania\" \/>\n<meta property=\"article:modified_time\" content=\"2026-01-14T12:45:16+00:00\" \/>\n<meta name=\"twitter:card\" content=\"summary_large_image\" \/>\n<meta name=\"twitter:label1\" content=\"Est. reading time\" \/>\n\t<meta name=\"twitter:data1\" content=\"1 minute\" \/>\n<script type=\"application\/ld+json\" class=\"yoast-schema-graph\">{\"@context\":\"https:\/\/schema.org\",\"@graph\":[{\"@type\":\"WebPage\",\"@id\":\"https:\/\/spin-ania.com\/pl\/aplikacja\/\",\"url\":\"https:\/\/spin-ania.com\/pl\/aplikacja\/\",\"name\":\"SpinAnia App na Mobile | iOS, Android\",\"isPartOf\":{\"@id\":\"https:\/\/spin-ania.com\/pl\/#website\"},\"datePublished\":\"2026-01-14T09:17:54+00:00\",\"dateModified\":\"2026-01-14T12:45:16+00:00\",\"description\":\"SpinAnia App \u2013 graj w gry kasynowe na iOS i Android, gdziekolwiek jeste\u015b. Ciesz si\u0119 p\u0142ynn\u0105 rozgrywk\u0105, natychmiastow\u0105 synchronizacj\u0105 i pe\u0142nym dost\u0119pem w Spin Ania.\",\"breadcrumb\":{\"@id\":\"https:\/\/spin-ania.com\/pl\/aplikacja\/#breadcrumb\"},\"inLanguage\":\"pl-PL\",\"potentialAction\":[{\"@type\":\"ReadAction\",\"target\":[\"https:\/\/spin-ania.com\/pl\/aplikacja\/\"]}]},{\"@type\":\"BreadcrumbList\",\"@id\":\"https:\/\/spin-ania.com\/pl\/aplikacja\/#breadcrumb\",\"itemListElement\":[{\"@type\":\"ListItem\",\"position\":1,\"name\":\"Spinania\",\"item\":\"https:\/\/spin-ania.com\/pl\/\"},{\"@type\":\"ListItem\",\"position\":2,\"name\":\"Aplikacja\"}]},{\"@type\":\"WebSite\",\"@id\":\"https:\/\/spin-ania.com\/pl\/#website\",\"url\":\"https:\/\/spin-ania.com\/pl\/\",\"name\":\"Spinania\",\"description\":\"\",\"publisher\":{\"@id\":\"https:\/\/spin-ania.com\/pl\/#organization\"},\"potentialAction\":[{\"@type\":\"SearchAction\",\"target\":{\"@type\":\"EntryPoint\",\"urlTemplate\":\"https:\/\/spin-ania.com\/pl\/?s={search_term_string}\"},\"query-input\":{\"@type\":\"PropertyValueSpecification\",\"valueRequired\":true,\"valueName\":\"search_term_string\"}}],\"inLanguage\":\"pl-PL\"},{\"@type\":\"Organization\",\"@id\":\"https:\/\/spin-ania.com\/pl\/#organization\",\"name\":\"Spinania\",\"url\":\"https:\/\/spin-ania.com\/pl\/\",\"logo\":{\"@type\":\"ImageObject\",\"inLanguage\":\"pl-PL\",\"@id\":\"https:\/\/spin-ania.com\/pl\/#\/schema\/logo\/image\/\",\"url\":\"https:\/\/spin-ania.com\/wp-content\/uploads\/2025\/08\/KeIS1eTvcSVRrxjd4vQx.png\",\"contentUrl\":\"https:\/\/spin-ania.com\/wp-content\/uploads\/2025\/08\/KeIS1eTvcSVRrxjd4vQx.png\",\"width\":106,\"height\":31,\"caption\":\"Spinania\"},\"image\":{\"@id\":\"https:\/\/spin-ania.com\/pl\/#\/schema\/logo\/image\/\"}}]}<\/script>\n<!-- \/ Yoast SEO plugin. -->","yoast_head_json":{"title":"SpinAnia App na Mobile | iOS, Android","description":"SpinAnia App \u2013 graj w gry kasynowe na iOS i Android, gdziekolwiek jeste\u015b. Ciesz si\u0119 p\u0142ynn\u0105 rozgrywk\u0105, natychmiastow\u0105 synchronizacj\u0105 i pe\u0142nym dost\u0119pem w Spin Ania.","robots":{"index":"index","follow":"follow","max-snippet":"max-snippet:-1","max-image-preview":"max-image-preview:large","max-video-preview":"max-video-preview:-1"},"canonical":"https:\/\/spin-ania.com\/pl\/aplikacja\/","og_locale":"pl_PL","og_type":"article","og_title":"SpinAnia App na Mobile | iOS, Android","og_description":"SpinAnia App \u2013 graj w gry kasynowe na iOS i Android, gdziekolwiek jeste\u015b. Ciesz si\u0119 p\u0142ynn\u0105 rozgrywk\u0105, natychmiastow\u0105 synchronizacj\u0105 i pe\u0142nym dost\u0119pem w Spin Ania.","og_url":"https:\/\/spin-ania.com\/pl\/aplikacja\/","og_site_name":"spinania","article_modified_time":"2026-01-14T12:45:16+00:00","twitter_card":"summary_large_image","twitter_misc":{"Est. reading time":"1 minute"},"schema":{"@context":"https:\/\/schema.org","@graph":[{"@type":"WebPage","@id":"https:\/\/spin-ania.com\/pl\/aplikacja\/","url":"https:\/\/spin-ania.com\/pl\/aplikacja\/","name":"SpinAnia App na Mobile | iOS, Android","isPartOf":{"@id":"https:\/\/spin-ania.com\/pl\/#website"},"datePublished":"2026-01-14T09:17:54+00:00","dateModified":"2026-01-14T12:45:16+00:00","description":"SpinAnia App \u2013 graj w gry kasynowe na iOS i Android, gdziekolwiek jeste\u015b. Ciesz si\u0119 p\u0142ynn\u0105 rozgrywk\u0105, natychmiastow\u0105 synchronizacj\u0105 i pe\u0142nym dost\u0119pem w Spin Ania.","breadcrumb":{"@id":"https:\/\/spin-ania.com\/pl\/aplikacja\/#breadcrumb"},"inLanguage":"pl-PL","potentialAction":[{"@type":"ReadAction","target":["https:\/\/spin-ania.com\/pl\/aplikacja\/"]}]},{"@type":"BreadcrumbList","@id":"https:\/\/spin-ania.com\/pl\/aplikacja\/#breadcrumb","itemListElement":[{"@type":"ListItem","position":1,"name":"Spinania","item":"https:\/\/spin-ania.com\/pl\/"},{"@type":"ListItem","position":2,"name":"Aplikacja"}]},{"@type":"WebSite","@id":"https:\/\/spin-ania.com\/pl\/#website","url":"https:\/\/spin-ania.com\/pl\/","name":"Spinania","description":"","publisher":{"@id":"https:\/\/spin-ania.com\/pl\/#organization"},"potentialAction":[{"@type":"SearchAction","target":{"@type":"EntryPoint","urlTemplate":"https:\/\/spin-ania.com\/pl\/?s={search_term_string}"},"query-input":{"@type":"PropertyValueSpecification","valueRequired":true,"valueName":"search_term_string"}}],"inLanguage":"pl-PL"},{"@type":"Organization","@id":"https:\/\/spin-ania.com\/pl\/#organization","name":"Spinania","url":"https:\/\/spin-ania.com\/pl\/","logo":{"@type":"ImageObject","inLanguage":"pl-PL","@id":"https:\/\/spin-ania.com\/pl\/#\/schema\/logo\/image\/","url":"https:\/\/spin-ania.com\/wp-content\/uploads\/2025\/08\/KeIS1eTvcSVRrxjd4vQx.png","contentUrl":"https:\/\/spin-ania.com\/wp-content\/uploads\/2025\/08\/KeIS1eTvcSVRrxjd4vQx.png","width":106,"height":31,"caption":"Spinania"},"image":{"@id":"https:\/\/spin-ania.com\/pl\/#\/schema\/logo\/image\/"}}]}},"_links":{"self":[{"href":"https:\/\/spin-ania.com\/pl\/wp-json\/wp\/v2\/pages\/1651"}],"collection":[{"href":"https:\/\/spin-ania.com\/pl\/wp-json\/wp\/v2\/pages"}],"about":[{"href":"https:\/\/spin-ania.com\/pl\/wp-json\/wp\/v2\/types\/page"}],"author":[{"embeddable":true,"href":"https:\/\/spin-ania.com\/pl\/wp-json\/wp\/v2\/users\/1"}],"replies":[{"embeddable":true,"href":"https:\/\/spin-ania.com\/pl\/wp-json\/wp\/v2\/comments?post=1651"}],"version-history":[{"count":2,"href":"https:\/\/spin-ania.com\/pl\/wp-json\/wp\/v2\/pages\/1651\/revisions"}],"predecessor-version":[{"id":1956,"href":"https:\/\/spin-ania.com\/pl\/wp-json\/wp\/v2\/pages\/1651\/revisions\/1956"}],"wp:attachment":[{"href":"https:\/\/spin-ania.com\/pl\/wp-json\/wp\/v2\/media?parent=1651"}],"curies":[{"name":"wp","href":"https:\/\/api.w.org\/{rel}","templated":true}]}}