{"id":1660,"date":"2026-01-14T09:20:23","date_gmt":"2026-01-14T09:20:23","guid":{"rendered":"https:\/\/spin-ania.com\/login-and-registration\/"},"modified":"2026-01-14T12:46:41","modified_gmt":"2026-01-14T12:46:41","slug":"logowanie-i-rejestracja","status":"publish","type":"page","link":"https:\/\/spin-ania.com\/pl\/logowanie-i-rejestracja\/","title":{"rendered":"Logowanie i rejestracja"},"content":{"rendered":"<h1>Zaloguj si\u0119 do SpinAnia i zarejestruj si\u0119<\/h1>\n<p>Procedura SpinAnia login to prosty spos\u00f3b na uzyskanie dost\u0119pu do szerokiej gamy rozrywkowych funkcji kasyna online. Polscy u\u017cytkownicy mog\u0105 gra\u0107 w wiele r\u00f3\u017cnych gier, zarz\u0105dza\u0107 swoimi danymi osobowymi i \u0142atwo korzysta\u0107 z wielu ofert, loguj\u0105c si\u0119 na swoje konta.<\/p>\n<p><div class=\"banner-wrap\" aria-label=\"Banner\"><img src=\"https:\/\/spin-ania.com\/wp-content\/uploads\/2026\/01\/Spinania-Banner-Desktop.webp\" class=\"w-100 d-none d-lg-block img-pc main-banner-img\" alt=\"spinania bonus desktop\" fetchpriority=\"high\" decoding=\"async\"><img src=\"https:\/\/spin-ania.com\/wp-content\/uploads\/2026\/01\/Spinania-mobile-banner.webp\" class=\"w-100 d-none d-md-block d-lg-none main-banner-img\" alt=\"spinania bonus mobile\" fetchpriority=\"high\" decoding=\"async\"><img src=\"https:\/\/spin-ania.com\/wp-content\/uploads\/2026\/01\/Spinania-mobile-banner.webp\" class=\"w-100 d-md-none\" alt=\"spinania bonus mobile\" fetchpriority=\"high\" decoding=\"async\"><div class=\"banner-description\">\n<div class=\"banner-title\">Bonusy powitalne<\/div>\n<p class=\"banner-header-title\">\u20ac1,500<\/p>\n<div class=\"banner-header-AdditionalText\">+ 250 Darmowe spiny<\/div>\n<button data-item=\"homepage_banner_link\" class=\"goto m-button m-gradient-border m-button--primary m-button--large banner-button btn-orange\">\n            <div class=\"m-button-content\">\n                <span>Zarejestruj si\u0119 teraz<\/span>\n                <span><\/span>\n            <\/div>\n        <\/button>\n<\/div>\n<div class=\"WelcomePack\">\n<p><img loading=\"lazy\" decoding=\"async\" class=\"alignnone size-full wp-image-1589\" src=\"https:\/\/spin-ania.com\/wp-content\/uploads\/2026\/01\/welcome-crown.svg\" alt=\"welcome crown\" width=\"25\" height=\"26\" \/><\/p>\n<div class=\"WelcomePack-Info\">Cotygodniowy zwrot got\u00f3wki do 25%<\/div>\n<p><img loading=\"lazy\" decoding=\"async\" class=\"alignnone size-full wp-image-1589\" src=\"https:\/\/spin-ania.com\/wp-content\/uploads\/2026\/01\/welcome-crown.svg\" alt=\"welcome crown\" width=\"25\" height=\"26\" \/><\/p>\n<\/div>\n<\/div><div class=\"scrollable-content-wrap my-5\"><div class=\"scrollable-content-inner\"><h2>Procedura rejestracji SpinAnia<\/h2>\n<p>Rejestracja w SpinAnia Casino zapewnia dost\u0119p do wszystkich najwa\u017cniejszych funkcji platformy. Wiemy, \u017ce proces rejestracji powinien by\u0107 szybki i prosty, dlatego stworzyli\u015bmy logowanie do SpinAnia i rejestracj\u0119 w taki spos\u00f3b, aby gracz m\u00f3g\u0142 zacz\u0105\u0107 korzysta\u0107 ze wszystkich funkcji kasyna natychmiast po utworzeniu konta.<\/p>\n<p>Rejestracja konta otwiera dost\u0119p do r\u00f3\u017cnych bibliotek zawieraj\u0105cych ponad 6000 tytu\u0142\u00f3w, kt\u00f3re stale aktualizujemy. Ka\u017cdego dnia dodajemy nowe gry karciane i tytu\u0142y kasyn na \u017cywo, Drops &amp; Wins, kolekcje ksi\u0105\u017cek i automaty do gry. Mo\u017cesz do\u0142\u0105czy\u0107 do naszych ekskluzywnych kampanii promocyjnych, turniej\u00f3w i programu lojalno\u015bciowego, a tak\u017ce bezpiecznie wyp\u0142aca\u0107 wygrane.<\/p>\n<p>Aby zarejestrowa\u0107 si\u0119 w SpinAnia Casino, wymagamy podania podstawowych danych osobowych, w tym adresu e-mail i has\u0142a \u2013 nic wi\u0119cej!<\/p>\n<p>Nale\u017cy jednak pami\u0119ta\u0107, \u017ce zgodnie z wymogami prawnymi i standardami odpowiedzialnej gry obowi\u0105zuje zasada, \u017ce rejestrowa\u0107 si\u0119 mog\u0105 wy\u0142\u0105cznie gracze w wieku powy\u017cej 18 lat. Po zarejestrowaniu si\u0119 u\u017cytkownicy mog\u0105 korzysta\u0107 z innych us\u0142ug, takich jak ustalanie limit\u00f3w gry lub wdra\u017canie zasad odpowiedzialnej gry.<\/p>\n<h3>Zmiana danych osobowych<\/h3>\n<p>Gracze SpinAnia Casino mog\u0105 w dowolnym momencie zmieni\u0107 swoje dane osobowe w panelu konta. W razie potrzeby mo\u017cna na przyk\u0142ad zaktualizowa\u0107 dane osobowe, dane kontaktowe, spos\u00f3b p\u0142atno\u015bci lub \u015brodki bezpiecze\u0144stwa. Wa\u017cne jest, aby wszystkie dane osobowe by\u0142y dok\u0142adne, szczeg\u00f3lnie w celu weryfikacji i sprawnego przetwarzania transakcji.<\/p>\n<p>Nasz system zapewnia wysoki poziom bezpiecze\u0144stwa danych i prywatno\u015bci. Wszystkie dane u\u017cytkownik\u00f3w s\u0105 chronione podczas aktualizacji za pomoc\u0105 rygorystycznych \u015brodk\u00f3w bezpiecze\u0144stwa.<\/p>\n<h2>Kroki logowania do SpinAnia<\/h2>\n<p>Nasze kasyno SpinAnia stosuje wydajn\u0105 i bezpieczn\u0105 metod\u0119 logowania do serwisu SpinAnia login. Dzia\u0142a to w nast\u0119puj\u0105cy spos\u00f3b:<\/p>\n<ol>\n<li>Sp\u00f3jrz na pole Logowanie do SpinAnia znajduj\u0105ce si\u0119 w prawym g\u00f3rnym rogu tej strony g\u0142\u00f3wnej.<\/li>\n<li>Wpisz zarejestrowany adres e-mail i has\u0142o. Upewnij si\u0119, \u017ce nie pope\u0142ni\u0142e\u015b \u017cadnych b\u0142\u0119d\u00f3w.<\/li>\n<li>Kliknij przycisk oznaczony s\u0142owem \u201eZaloguj si\u0119\u201d, aby uzyska\u0107 dost\u0119p do konta.<\/li>\n<li>Je\u015bli to nie zadzia\u0142a\u0142o lub zapomnia\u0142e\u015b swoich danych logowania, po prostu kliknij przycisk \u201eNie pami\u0119tasz has\u0142a?\u201d i post\u0119puj zgodnie z instrukcjami, aby je odzyska\u0107.<\/li>\n<\/ol>\n<p>Po pomy\u015blnym zalogowaniu si\u0119 do serwisu SpinAnia login mo\u017cesz wykona\u0107 wiele czynno\u015bci na swoim koncie! Mo\u017cesz realizowa\u0107 wiele dzia\u0142a\u0144, takich jak wp\u0142aty, odbieranie bonus\u00f3w, korzystanie z funkcji odpowiedzialnej gry oraz przegl\u0105danie historii aktywno\u015bci. \u0141atwa nawigacja po stronie ma form\u0119 intuicyjnego pulpitu nawigacyjnego, kt\u00f3ry umo\u017cliwia \u0142atwe zarz\u0105dzanie kontem i poruszanie si\u0119 po serwisie. Mo\u017cna \u015bledzi\u0107 wszystko! Twoje wp\u0142aty i wyp\u0142aty, histori\u0119 gry i wiele wi\u0119cej.<\/p>\n<p>I tak, Spin Ania posiada opcj\u0119 dwusk\u0142adnikowego uwierzytelniania, kt\u00f3re mo\u017cna wykorzysta\u0107 w celu zwi\u0119kszenia poziomu bezpiecze\u0144stwa. Wypr\u00f3buj t\u0119 opcj\u0119, jest bardzo polecana.<\/p>\n<h3>Kasyno SpinAnia Weryfikacja<\/h3>\n<p>Kasyno SpinAnia wymaga przeprowadzenia procesu weryfikacji w celu zachowania odpowiedniego poziomu bezpiecze\u0144stwa przed realizacj\u0105 wyp\u0142at. Weryfikacja polega na przes\u0142aniu nam oficjalnych dokument\u00f3w potwierdzaj\u0105cych Twoj\u0105 to\u017csamo\u015b\u0107, wiek i adres. Niekt\u00f3re z wymaganych dokument\u00f3w to dow\u00f3d to\u017csamo\u015bci wydany przez organ pa\u0144stwowy, rachunek za media oraz wyci\u0105g z konta bankowego. Jakie s\u0105 wymagania dotycz\u0105ce dokument\u00f3w?<\/p>\n<ul>\n<li>Musz\u0105 by\u0107 prawdziwe i niezmienione;<\/li>\n<li>Je\u015bli gracze martwi\u0105 si\u0119 o prywatno\u015b\u0107, mog\u0105 ukry\u0107 niekt\u00f3re transakcje na swoich wyci\u0105gach bankowych i saldzie.<\/li>\n<\/ul>\n<p>Proces weryfikacji Spin Ania trwa zazwyczaj do 48 godzin od momentu przes\u0142ania dokument\u00f3w. Nasz wieloj\u0119zyczny zesp\u00f3\u0142 wsparcia dok\u0142adnie si\u0119 tym zajmuje. Je\u015bli co\u015b trwa d\u0142u\u017cej lub nie jeste\u015bmy w stanie czego\u015b znale\u017a\u0107, po prostu napisz do nas przez czat na \u017cywo lub e-mail i sprawd\u017a status swojej aplikacji. Ale nie martw si\u0119, wszystkie te kontrole maj\u0105 na celu zapewnienie zgodno\u015bci z przepisami prawnymi i popraw\u0119 bezpiecze\u0144stwa konta, a tym samym zmniejszenie ryzyka nieautoryzowanego dost\u0119pu.<\/p>\n<h2>Dost\u0119p do konta<\/h2>\n<p>Gra nie mo\u017ce przebiega\u0107 p\u0142ynnie i bez zak\u0142\u00f3ce\u0144 bez odpowiedniego dost\u0119pu do konta SpinAnia Casino. Je\u015bli gracz napotka tymczasow\u0105 blokad\u0119 swojego konta Spin Ania, mo\u017ce to wynika\u0107 ze \u015brodk\u00f3w bezpiecze\u0144stwa, takich jak na przyk\u0142ad nietypowe pr\u00f3by wielokrotnego logowania lub wielokrotne wykonywanie logowania do SpinAnia. W takim przypadku zaleca si\u0119 skontaktowanie si\u0119 z naszym zespo\u0142em pomocy technicznej, aby jak najszybciej rozwi\u0105za\u0107 problem.<\/p>\n<p>Aby jednak unikn\u0105\u0107 nieautoryzowanego dost\u0119pu, u\u017cytkownicy powinni:<\/p>\n<ul>\n<li>W\u0142\u0105cz uwierzytelnianie dwusk\u0142adnikowe.<\/li>\n<li>U\u017cywaj silnych, unikalnych hase\u0142.<\/li>\n<li>Nie udost\u0119pniaj login\u00f3w innym osobom.<\/li>\n<li>Okresowo sprawdzaj aktywno\u015b\u0107 konta pod k\u0105tem transakcji, kt\u00f3re nie s\u0105 Ci znane. Poinformuj nas, je\u015bli zauwa\u017cysz co\u015b podejrzanego.<\/li>\n<\/ul>\n<p>Dzi\u0119ki tym prostym \u015brodkom ostro\u017cno\u015bci mo\u017cesz mie\u0107 pewno\u015b\u0107, \u017ce zawsze b\u0119dziesz mie\u0107 dost\u0119p do swojego konta. Nowe konta wymagaj\u0105 odpowiedniej weryfikacji przed zalogowaniem si\u0119 do serwisu SpinAnia. W ten spos\u00f3b potwierdzana jest to\u017csamo\u015b\u0107 u\u017cytkownika i nie dochodzi do ujawnienia danych osobowych.<\/p>\n<h2>Cz\u0119sto zadawane pytania<\/h2>\n<h3>Co mam zrobi\u0107, je\u015bli moje konto Spin Ania zosta\u0142o tymczasowo zablokowane?<\/h3>\n<p>Tymczasowa blokada wynika z \u015brodk\u00f3w bezpiecze\u0144stwa lub weryfikacji. Napisz do nas szybko za po\u015brednictwem czatu na \u017cywo lub e-maila. Sprawdzimy Twoj\u0105 to\u017csamo\u015b\u0107 i uwierzytelniamy Twoje konto tak szybko, jak to mo\u017cliwe. A potem blokada zostanie zniesiona!<\/p>\n<h3>Jak mog\u0119 chroni\u0107 swoje konto Spin Ania przed nieautoryzowanym dost\u0119pem?<\/h3>\n<p>W\u0142\u0105cz uwierzytelnianie dwusk\u0142adnikowe, u\u017cywaj silnego has\u0142a i nie udost\u0119pniaj nikomu danych logowania do SpinAnia! Regularnie sprawdzaj aktywno\u015b\u0107 swojego konta i w razie potrzeby aktualizuj ustawienia zabezpiecze\u0144.<\/p>\n<h3>Dlaczego musz\u0119 zweryfikowa\u0107 swoje konto przed zalogowaniem si\u0119?<\/h3>\n<p>Potwierdzenie gwarantuje, \u017ce jeste\u015b tym, za kogo si\u0119 podajesz i \u017ce osi\u0105gn\u0105\u0142e\u015b pe\u0142noletno\u015b\u0107 \u2013 w przeciwnym razie ka\u017cdy m\u00f3g\u0142by zalogowa\u0107 si\u0119 do serwisu SpinAnia login! Stanowi ono r\u00f3wnie\u017c zabezpieczenie Twojego konta przed dost\u0119pem os\u00f3b nieuprawnionych. U\u0142atwia r\u00f3wnie\u017c wyp\u0142aty i zarz\u0105dzanie kontem w serwisie SpinAnia Casino.<\/p>\n<\/div><\/div><\/p>\n","protected":false},"excerpt":{"rendered":"<p>Zaloguj si\u0119 do SpinAnia i zarejestruj si\u0119 Procedura SpinAnia login to prosty spos\u00f3b na uzyskanie dost\u0119pu do szerokiej gamy rozrywkowych funkcji kasyna online. Polscy u\u017cytkownicy mog\u0105 gra\u0107 w wiele r\u00f3\u017cnych gier, zarz\u0105dza\u0107 swoimi danymi osobowymi i \u0142atwo korzysta\u0107 z wielu ofert, loguj\u0105c si\u0119 na swoje konta.<\/p>\n","protected":false},"author":1,"featured_media":0,"parent":0,"menu_order":0,"comment_status":"closed","ping_status":"closed","template":"template-builder.php","meta":{"_acf_changed":false,"inline_featured_image":false,"footnotes":""},"class_list":["post-1660","page","type-page","status-publish","hentry"],"acf":[],"yoast_head":"<!-- This site is optimized with the Yoast SEO plugin v24.4 - https:\/\/yoast.com\/wordpress\/plugins\/seo\/ -->\n<title>SpinAnia Login \u2013 Rejestracja i Dost\u0119p do Konta<\/title>\n<meta name=\"description\" content=\"SpinAnia Login \u2013 zaloguj si\u0119 bezpiecznie lub utw\u00f3rz konto w kilka sekund. Zarz\u0105dzaj weryfikacj\u0105, odzyskiwaniem has\u0142a i ustawieniami profilu w Spin Ania.\" \/>\n<meta name=\"robots\" content=\"index, follow, max-snippet:-1, max-image-preview:large, max-video-preview:-1\" \/>\n<link rel=\"canonical\" href=\"https:\/\/spin-ania.com\/pl\/logowanie-i-rejestracja\/\" \/>\n<meta property=\"og:locale\" content=\"pl_PL\" \/>\n<meta property=\"og:type\" content=\"article\" \/>\n<meta property=\"og:title\" content=\"SpinAnia Login \u2013 Rejestracja i Dost\u0119p do Konta\" \/>\n<meta property=\"og:description\" content=\"SpinAnia Login \u2013 zaloguj si\u0119 bezpiecznie lub utw\u00f3rz konto w kilka sekund. Zarz\u0105dzaj weryfikacj\u0105, odzyskiwaniem has\u0142a i ustawieniami profilu w Spin Ania.\" \/>\n<meta property=\"og:url\" content=\"https:\/\/spin-ania.com\/pl\/logowanie-i-rejestracja\/\" \/>\n<meta property=\"og:site_name\" content=\"spinania\" \/>\n<meta property=\"article:modified_time\" content=\"2026-01-14T12:46:41+00:00\" \/>\n<meta name=\"twitter:card\" content=\"summary_large_image\" \/>\n<meta name=\"twitter:label1\" content=\"Est. reading time\" \/>\n\t<meta name=\"twitter:data1\" content=\"1 minute\" \/>\n<script type=\"application\/ld+json\" class=\"yoast-schema-graph\">{\"@context\":\"https:\/\/schema.org\",\"@graph\":[{\"@type\":\"WebPage\",\"@id\":\"https:\/\/spin-ania.com\/pl\/logowanie-i-rejestracja\/\",\"url\":\"https:\/\/spin-ania.com\/pl\/logowanie-i-rejestracja\/\",\"name\":\"SpinAnia Login \u2013 Rejestracja i Dost\u0119p do Konta\",\"isPartOf\":{\"@id\":\"https:\/\/spin-ania.com\/pl\/#website\"},\"datePublished\":\"2026-01-14T09:20:23+00:00\",\"dateModified\":\"2026-01-14T12:46:41+00:00\",\"description\":\"SpinAnia Login \u2013 zaloguj si\u0119 bezpiecznie lub utw\u00f3rz konto w kilka sekund. Zarz\u0105dzaj weryfikacj\u0105, odzyskiwaniem has\u0142a i ustawieniami profilu w Spin Ania.\",\"breadcrumb\":{\"@id\":\"https:\/\/spin-ania.com\/pl\/logowanie-i-rejestracja\/#breadcrumb\"},\"inLanguage\":\"pl-PL\",\"potentialAction\":[{\"@type\":\"ReadAction\",\"target\":[\"https:\/\/spin-ania.com\/pl\/logowanie-i-rejestracja\/\"]}]},{\"@type\":\"BreadcrumbList\",\"@id\":\"https:\/\/spin-ania.com\/pl\/logowanie-i-rejestracja\/#breadcrumb\",\"itemListElement\":[{\"@type\":\"ListItem\",\"position\":1,\"name\":\"Spinania\",\"item\":\"https:\/\/spin-ania.com\/pl\/\"},{\"@type\":\"ListItem\",\"position\":2,\"name\":\"Logowanie i rejestracja\"}]},{\"@type\":\"WebSite\",\"@id\":\"https:\/\/spin-ania.com\/pl\/#website\",\"url\":\"https:\/\/spin-ania.com\/pl\/\",\"name\":\"Spinania\",\"description\":\"\",\"publisher\":{\"@id\":\"https:\/\/spin-ania.com\/pl\/#organization\"},\"potentialAction\":[{\"@type\":\"SearchAction\",\"target\":{\"@type\":\"EntryPoint\",\"urlTemplate\":\"https:\/\/spin-ania.com\/pl\/?s={search_term_string}\"},\"query-input\":{\"@type\":\"PropertyValueSpecification\",\"valueRequired\":true,\"valueName\":\"search_term_string\"}}],\"inLanguage\":\"pl-PL\"},{\"@type\":\"Organization\",\"@id\":\"https:\/\/spin-ania.com\/pl\/#organization\",\"name\":\"Spinania\",\"url\":\"https:\/\/spin-ania.com\/pl\/\",\"logo\":{\"@type\":\"ImageObject\",\"inLanguage\":\"pl-PL\",\"@id\":\"https:\/\/spin-ania.com\/pl\/#\/schema\/logo\/image\/\",\"url\":\"https:\/\/spin-ania.com\/wp-content\/uploads\/2025\/08\/KeIS1eTvcSVRrxjd4vQx.png\",\"contentUrl\":\"https:\/\/spin-ania.com\/wp-content\/uploads\/2025\/08\/KeIS1eTvcSVRrxjd4vQx.png\",\"width\":106,\"height\":31,\"caption\":\"Spinania\"},\"image\":{\"@id\":\"https:\/\/spin-ania.com\/pl\/#\/schema\/logo\/image\/\"}}]}<\/script>\n<!-- \/ Yoast SEO plugin. -->","yoast_head_json":{"title":"SpinAnia Login \u2013 Rejestracja i Dost\u0119p do Konta","description":"SpinAnia Login \u2013 zaloguj si\u0119 bezpiecznie lub utw\u00f3rz konto w kilka sekund. Zarz\u0105dzaj weryfikacj\u0105, odzyskiwaniem has\u0142a i ustawieniami profilu w Spin Ania.","robots":{"index":"index","follow":"follow","max-snippet":"max-snippet:-1","max-image-preview":"max-image-preview:large","max-video-preview":"max-video-preview:-1"},"canonical":"https:\/\/spin-ania.com\/pl\/logowanie-i-rejestracja\/","og_locale":"pl_PL","og_type":"article","og_title":"SpinAnia Login \u2013 Rejestracja i Dost\u0119p do Konta","og_description":"SpinAnia Login \u2013 zaloguj si\u0119 bezpiecznie lub utw\u00f3rz konto w kilka sekund. Zarz\u0105dzaj weryfikacj\u0105, odzyskiwaniem has\u0142a i ustawieniami profilu w Spin Ania.","og_url":"https:\/\/spin-ania.com\/pl\/logowanie-i-rejestracja\/","og_site_name":"spinania","article_modified_time":"2026-01-14T12:46:41+00:00","twitter_card":"summary_large_image","twitter_misc":{"Est. reading time":"1 minute"},"schema":{"@context":"https:\/\/schema.org","@graph":[{"@type":"WebPage","@id":"https:\/\/spin-ania.com\/pl\/logowanie-i-rejestracja\/","url":"https:\/\/spin-ania.com\/pl\/logowanie-i-rejestracja\/","name":"SpinAnia Login \u2013 Rejestracja i Dost\u0119p do Konta","isPartOf":{"@id":"https:\/\/spin-ania.com\/pl\/#website"},"datePublished":"2026-01-14T09:20:23+00:00","dateModified":"2026-01-14T12:46:41+00:00","description":"SpinAnia Login \u2013 zaloguj si\u0119 bezpiecznie lub utw\u00f3rz konto w kilka sekund. Zarz\u0105dzaj weryfikacj\u0105, odzyskiwaniem has\u0142a i ustawieniami profilu w Spin Ania.","breadcrumb":{"@id":"https:\/\/spin-ania.com\/pl\/logowanie-i-rejestracja\/#breadcrumb"},"inLanguage":"pl-PL","potentialAction":[{"@type":"ReadAction","target":["https:\/\/spin-ania.com\/pl\/logowanie-i-rejestracja\/"]}]},{"@type":"BreadcrumbList","@id":"https:\/\/spin-ania.com\/pl\/logowanie-i-rejestracja\/#breadcrumb","itemListElement":[{"@type":"ListItem","position":1,"name":"Spinania","item":"https:\/\/spin-ania.com\/pl\/"},{"@type":"ListItem","position":2,"name":"Logowanie i rejestracja"}]},{"@type":"WebSite","@id":"https:\/\/spin-ania.com\/pl\/#website","url":"https:\/\/spin-ania.com\/pl\/","name":"Spinania","description":"","publisher":{"@id":"https:\/\/spin-ania.com\/pl\/#organization"},"potentialAction":[{"@type":"SearchAction","target":{"@type":"EntryPoint","urlTemplate":"https:\/\/spin-ania.com\/pl\/?s={search_term_string}"},"query-input":{"@type":"PropertyValueSpecification","valueRequired":true,"valueName":"search_term_string"}}],"inLanguage":"pl-PL"},{"@type":"Organization","@id":"https:\/\/spin-ania.com\/pl\/#organization","name":"Spinania","url":"https:\/\/spin-ania.com\/pl\/","logo":{"@type":"ImageObject","inLanguage":"pl-PL","@id":"https:\/\/spin-ania.com\/pl\/#\/schema\/logo\/image\/","url":"https:\/\/spin-ania.com\/wp-content\/uploads\/2025\/08\/KeIS1eTvcSVRrxjd4vQx.png","contentUrl":"https:\/\/spin-ania.com\/wp-content\/uploads\/2025\/08\/KeIS1eTvcSVRrxjd4vQx.png","width":106,"height":31,"caption":"Spinania"},"image":{"@id":"https:\/\/spin-ania.com\/pl\/#\/schema\/logo\/image\/"}}]}},"_links":{"self":[{"href":"https:\/\/spin-ania.com\/pl\/wp-json\/wp\/v2\/pages\/1660"}],"collection":[{"href":"https:\/\/spin-ania.com\/pl\/wp-json\/wp\/v2\/pages"}],"about":[{"href":"https:\/\/spin-ania.com\/pl\/wp-json\/wp\/v2\/types\/page"}],"author":[{"embeddable":true,"href":"https:\/\/spin-ania.com\/pl\/wp-json\/wp\/v2\/users\/1"}],"replies":[{"embeddable":true,"href":"https:\/\/spin-ania.com\/pl\/wp-json\/wp\/v2\/comments?post=1660"}],"version-history":[{"count":2,"href":"https:\/\/spin-ania.com\/pl\/wp-json\/wp\/v2\/pages\/1660\/revisions"}],"predecessor-version":[{"id":1958,"href":"https:\/\/spin-ania.com\/pl\/wp-json\/wp\/v2\/pages\/1660\/revisions\/1958"}],"wp:attachment":[{"href":"https:\/\/spin-ania.com\/pl\/wp-json\/wp\/v2\/media?parent=1660"}],"curies":[{"name":"wp","href":"https:\/\/api.w.org\/{rel}","templated":true}]}}