{"id":1670,"date":"2026-01-14T09:23:22","date_gmt":"2026-01-14T09:23:22","guid":{"rendered":"https:\/\/spin-ania.com\/bonus\/"},"modified":"2026-01-14T12:49:53","modified_gmt":"2026-01-14T12:49:53","slug":"bonus","status":"publish","type":"page","link":"https:\/\/spin-ania.com\/pl\/bonus\/","title":{"rendered":"Bonus"},"content":{"rendered":"<h1>SpinAnia Bonus<\/h1>\n<p>SpinAnia Bonus to bardzo interesuj\u0105ca opcja, kt\u00f3ra dodaje nieco pikanterii rozgrywce i zwi\u0119ksza szanse na wygran\u0105. SpinAnia Casino oferuje szereg promocji dla nowych i powracaj\u0105cych graczy z Polski, aby poprawi\u0107 ich wra\u017cenia z gry. Oferujemy hojne bonusy oraz r\u00f3\u017cnorodne gry, aby ka\u017cda wizyta u nas by\u0142a op\u0142acalna i przyjemna.<\/p>\n<p><div class=\"banner-wrap\" aria-label=\"Banner\"><img src=\"https:\/\/spin-ania.com\/wp-content\/uploads\/2026\/01\/Spinania-Banner-Desktop.webp\" class=\"w-100 d-none d-lg-block img-pc main-banner-img\" alt=\"spinania bonus desktop\" fetchpriority=\"high\" decoding=\"async\"><img src=\"https:\/\/spin-ania.com\/wp-content\/uploads\/2026\/01\/Spinania-mobile-banner.webp\" class=\"w-100 d-none d-md-block d-lg-none main-banner-img\" alt=\"spinania bonus mobile\" fetchpriority=\"high\" decoding=\"async\"><img src=\"https:\/\/spin-ania.com\/wp-content\/uploads\/2026\/01\/Spinania-mobile-banner.webp\" class=\"w-100 d-md-none\" alt=\"spinania bonus mobile\" fetchpriority=\"high\" decoding=\"async\"><div class=\"banner-description\">\n<div class=\"banner-title\">Bonusy powitalne<\/div>\n<p class=\"banner-header-title\">\u20ac1,500<\/p>\n<div class=\"banner-header-AdditionalText\">+ 250 Darmowe spiny<\/div>\n<button data-item=\"homepage_banner_link\" class=\"goto m-button m-gradient-border m-button--primary m-button--large banner-button btn-orange\">\n            <div class=\"m-button-content\">\n                <span>Zarejestruj si\u0119 teraz<\/span>\n                <span><\/span>\n            <\/div>\n        <\/button>\n<\/div>\n<div class=\"WelcomePack\">\n<p><img loading=\"lazy\" decoding=\"async\" class=\"alignnone size-full wp-image-1589\" src=\"https:\/\/spin-ania.com\/wp-content\/uploads\/2026\/01\/welcome-crown.svg\" alt=\"welcome crown\" width=\"25\" height=\"26\" \/><\/p>\n<div class=\"WelcomePack-Info\">Cotygodniowy zwrot got\u00f3wki do 25%<\/div>\n<p><img loading=\"lazy\" decoding=\"async\" class=\"alignnone size-full wp-image-1589\" src=\"https:\/\/spin-ania.com\/wp-content\/uploads\/2026\/01\/welcome-crown.svg\" alt=\"welcome crown\" width=\"25\" height=\"26\" \/><\/p>\n<\/div>\n<\/div><div class=\"promotions-wrap\"><div class=\"promotion-card\" style=\"background-image: url(https:\/\/spin-ania.com\/wp-content\/uploads\/2026\/01\/First-deposit.webp);\"><h2 class=\"promotion-card__title\">Pierwsza wp\u0142ata<\/h2><label class=\"promotion-card__offer\">100% do 500 \u20ac + 150 darmowych spin\u00f3w<\/label><label class=\"promotion-card__description\"><\/label><div class=\"promotion-card__actions\"><button data-item=\"payments_link\" data-group=\"website_links\" class=\"goto btn btn-orange rounded-pill fw-bold px-4 m-button m-gradient-border m-button--primary m-button--large promotion-button promotion-card__action-btn\" aria-label=\"Zarejestruj si\u0119\"><div class=\"m-button-content\"><span class=\"promotion-button__content\">Zarejestruj si\u0119<\/span><\/div><\/button><button data-item=\"http:\/\/bonus_link\" data-group=\"website_links\" class=\"goto m-button m-gradient-border m-button--secondary m-button--medium promotion-card__info-btn\" aria-label=\"More information\"><div class=\"m-button-content\"><svg viewBox=\"0 0 24 24\" fill=\"none\" xmlns=\"http:\/\/www.w3.org\/2000\/svg\" class=\"m-icon m-icon-loadable\" name=\"Attention\" loading=\"false\" aria-hidden=\"true\"><path d=\"M12 22C6.477 22 2 17.522 2 12S6.477 2 12 2s10 4.478 10 10-4.477 10-10 10m-.002-13.004a.999.999 0 1 0 0-1.997.999.999 0 0 0 0 1.997M12 17a1 1 0 0 0 .993-.884L13 16l-.002-5.001-.007-.117a1 1 0 0 0-1.986 0l-.007.117L11 16l.007.117A1 1 0 0 0 12 17\" fill=\"currentColor\"><\/path><\/svg><\/div><\/button><\/div><\/div><div class=\"promotion-card\" style=\"background-image: url(https:\/\/spin-ania.com\/wp-content\/uploads\/2026\/01\/Second-deposit.webp);\"><h2 class=\"promotion-card__title\">Druga wp\u0142ata<\/h2><label class=\"promotion-card__offer\">55% do 500 \u20ac + 100 darmowych spin\u00f3w<\/label><label class=\"promotion-card__description\"><\/label><div class=\"promotion-card__actions\"><button data-item=\"payments_link\" data-group=\"website_links\" class=\"goto btn btn-orange rounded-pill fw-bold px-4 m-button m-gradient-border m-button--primary m-button--large promotion-button promotion-card__action-btn\" aria-label=\"Zarejestruj si\u0119\"><div class=\"m-button-content\"><span class=\"promotion-button__content\">Zarejestruj si\u0119<\/span><\/div><\/button><button data-item=\"http:\/\/bonus_link\" data-group=\"website_links\" class=\"goto m-button m-gradient-border m-button--secondary m-button--medium promotion-card__info-btn\" aria-label=\"More information\"><div class=\"m-button-content\"><svg viewBox=\"0 0 24 24\" fill=\"none\" xmlns=\"http:\/\/www.w3.org\/2000\/svg\" class=\"m-icon m-icon-loadable\" name=\"Attention\" loading=\"false\" aria-hidden=\"true\"><path d=\"M12 22C6.477 22 2 17.522 2 12S6.477 2 12 2s10 4.478 10 10-4.477 10-10 10m-.002-13.004a.999.999 0 1 0 0-1.997.999.999 0 0 0 0 1.997M12 17a1 1 0 0 0 .993-.884L13 16l-.002-5.001-.007-.117a1 1 0 0 0-1.986 0l-.007.117L11 16l.007.117A1 1 0 0 0 12 17\" fill=\"currentColor\"><\/path><\/svg><\/div><\/button><\/div><\/div><div class=\"promotion-card\" style=\"background-image: url(https:\/\/spin-ania.com\/wp-content\/uploads\/2026\/01\/Third-deposit.webp);\"><h2 class=\"promotion-card__title\">Trzecia wp\u0142ata<\/h2><label class=\"promotion-card__offer\">100% do 500 \u20ac<\/label><label class=\"promotion-card__description\"><\/label><div class=\"promotion-card__actions\"><button data-item=\"payments_link\" data-group=\"website_links\" class=\"goto btn btn-orange rounded-pill fw-bold px-4 m-button m-gradient-border m-button--primary m-button--large promotion-button promotion-card__action-btn\" aria-label=\"Zarejestruj si\u0119\"><div class=\"m-button-content\"><span class=\"promotion-button__content\">Zarejestruj si\u0119<\/span><\/div><\/button><button data-item=\"http:\/\/bonus_link\" data-group=\"website_links\" class=\"goto m-button m-gradient-border m-button--secondary m-button--medium promotion-card__info-btn\" aria-label=\"More information\"><div class=\"m-button-content\"><svg viewBox=\"0 0 24 24\" fill=\"none\" xmlns=\"http:\/\/www.w3.org\/2000\/svg\" class=\"m-icon m-icon-loadable\" name=\"Attention\" loading=\"false\" aria-hidden=\"true\"><path d=\"M12 22C6.477 22 2 17.522 2 12S6.477 2 12 2s10 4.478 10 10-4.477 10-10 10m-.002-13.004a.999.999 0 1 0 0-1.997.999.999 0 0 0 0 1.997M12 17a1 1 0 0 0 .993-.884L13 16l-.002-5.001-.007-.117a1 1 0 0 0-1.986 0l-.007.117L11 16l.007.117A1 1 0 0 0 12 17\" fill=\"currentColor\"><\/path><\/svg><\/div><\/button><\/div><\/div><div class=\"promotion-card\" style=\"background-image: url(https:\/\/spin-ania.com\/wp-content\/uploads\/2026\/01\/Cashback.webp);\"><h2 class=\"promotion-card__title\">Cashback tygodniowy<\/h2><label class=\"promotion-card__offer\">Do 25%<\/label><label class=\"promotion-card__description\"><\/label><div class=\"promotion-card__actions\"><button data-item=\"payments_link\" data-group=\"website_links\" class=\"goto btn btn-orange rounded-pill fw-bold px-4 m-button m-gradient-border m-button--primary m-button--large promotion-button promotion-card__action-btn\" aria-label=\"Zarejestruj si\u0119\"><div class=\"m-button-content\"><span class=\"promotion-button__content\">Zarejestruj si\u0119<\/span><\/div><\/button><button data-item=\"http:\/\/bonus_link\" data-group=\"website_links\" class=\"goto m-button m-gradient-border m-button--secondary m-button--medium promotion-card__info-btn\" aria-label=\"More information\"><div class=\"m-button-content\"><svg viewBox=\"0 0 24 24\" fill=\"none\" xmlns=\"http:\/\/www.w3.org\/2000\/svg\" class=\"m-icon m-icon-loadable\" name=\"Attention\" loading=\"false\" aria-hidden=\"true\"><path d=\"M12 22C6.477 22 2 17.522 2 12S6.477 2 12 2s10 4.478 10 10-4.477 10-10 10m-.002-13.004a.999.999 0 1 0 0-1.997.999.999 0 0 0 0 1.997M12 17a1 1 0 0 0 .993-.884L13 16l-.002-5.001-.007-.117a1 1 0 0 0-1.986 0l-.007.117L11 16l.007.117A1 1 0 0 0 12 17\" fill=\"currentColor\"><\/path><\/svg><\/div><\/button><\/div><\/div><div class=\"promotion-card\" style=\"background-image: url(https:\/\/spin-ania.com\/wp-content\/uploads\/2026\/01\/Rakeback.webp);\"><h2 class=\"promotion-card__title\">Rakeback<\/h2><label class=\"promotion-card__offer\">Do 17%<\/label><label class=\"promotion-card__description\"><\/label><div class=\"promotion-card__actions\"><button data-item=\"payments_link\" data-group=\"website_links\" class=\"goto btn btn-orange rounded-pill fw-bold px-4 m-button m-gradient-border m-button--primary m-button--large promotion-button promotion-card__action-btn\" aria-label=\"Zarejestruj si\u0119\"><div class=\"m-button-content\"><span class=\"promotion-button__content\">Zarejestruj si\u0119<\/span><\/div><\/button><button data-item=\"http:\/\/bonus_link\" data-group=\"website_links\" class=\"goto m-button m-gradient-border m-button--secondary m-button--medium promotion-card__info-btn\" aria-label=\"More information\"><div class=\"m-button-content\"><svg viewBox=\"0 0 24 24\" fill=\"none\" xmlns=\"http:\/\/www.w3.org\/2000\/svg\" class=\"m-icon m-icon-loadable\" name=\"Attention\" loading=\"false\" aria-hidden=\"true\"><path d=\"M12 22C6.477 22 2 17.522 2 12S6.477 2 12 2s10 4.478 10 10-4.477 10-10 10m-.002-13.004a.999.999 0 1 0 0-1.997.999.999 0 0 0 0 1.997M12 17a1 1 0 0 0 .993-.884L13 16l-.002-5.001-.007-.117a1 1 0 0 0-1.986 0l-.007.117L11 16l.007.117A1 1 0 0 0 12 17\" fill=\"currentColor\"><\/path><\/svg><\/div><\/button><\/div><\/div><div class=\"promotion-card\" style=\"background-image: url(https:\/\/spin-ania.com\/wp-content\/uploads\/2026\/01\/Sunday-reload.webp);\"><h2 class=\"promotion-card__title\">Niedzielne do\u0142adowanie<\/h2><label class=\"promotion-card__offer\">25% do \u20ac100<\/label><label class=\"promotion-card__description\"><\/label><div class=\"promotion-card__actions\"><button data-item=\"payments_link\" data-group=\"website_links\" class=\"goto btn btn-orange rounded-pill fw-bold px-4 m-button m-gradient-border m-button--primary m-button--large promotion-button promotion-card__action-btn\" aria-label=\"Zarejestruj si\u0119\"><div class=\"m-button-content\"><span class=\"promotion-button__content\">Zarejestruj si\u0119<\/span><\/div><\/button><button data-item=\"http:\/\/bonus_link\" data-group=\"website_links\" class=\"goto m-button m-gradient-border m-button--secondary m-button--medium promotion-card__info-btn\" aria-label=\"More information\"><div class=\"m-button-content\"><svg viewBox=\"0 0 24 24\" fill=\"none\" xmlns=\"http:\/\/www.w3.org\/2000\/svg\" class=\"m-icon m-icon-loadable\" name=\"Attention\" loading=\"false\" aria-hidden=\"true\"><path d=\"M12 22C6.477 22 2 17.522 2 12S6.477 2 12 2s10 4.478 10 10-4.477 10-10 10m-.002-13.004a.999.999 0 1 0 0-1.997.999.999 0 0 0 0 1.997M12 17a1 1 0 0 0 .993-.884L13 16l-.002-5.001-.007-.117a1 1 0 0 0-1.986 0l-.007.117L11 16l.007.117A1 1 0 0 0 12 17\" fill=\"currentColor\"><\/path><\/svg><\/div><\/button><\/div><\/div><div class=\"promotion-card\" style=\"background-image: url(https:\/\/spin-ania.com\/wp-content\/uploads\/2026\/01\/Highroller.webp);\"><h2 class=\"promotion-card__title\">Oferta Highroller<\/h2><label class=\"promotion-card__offer\">50% do \u20ac500<\/label><label class=\"promotion-card__description\"><\/label><div class=\"promotion-card__actions\"><button data-item=\"payments_link\" data-group=\"website_links\" class=\"goto btn btn-orange rounded-pill fw-bold px-4 m-button m-gradient-border m-button--primary m-button--large promotion-button promotion-card__action-btn\" aria-label=\"Zarejestruj si\u0119\"><div class=\"m-button-content\"><span class=\"promotion-button__content\">Zarejestruj si\u0119<\/span><\/div><\/button><button data-item=\"http:\/\/bonus_link\" data-group=\"website_links\" class=\"goto m-button m-gradient-border m-button--secondary m-button--medium promotion-card__info-btn\" aria-label=\"More information\"><div class=\"m-button-content\"><svg viewBox=\"0 0 24 24\" fill=\"none\" xmlns=\"http:\/\/www.w3.org\/2000\/svg\" class=\"m-icon m-icon-loadable\" name=\"Attention\" loading=\"false\" aria-hidden=\"true\"><path d=\"M12 22C6.477 22 2 17.522 2 12S6.477 2 12 2s10 4.478 10 10-4.477 10-10 10m-.002-13.004a.999.999 0 1 0 0-1.997.999.999 0 0 0 0 1.997M12 17a1 1 0 0 0 .993-.884L13 16l-.002-5.001-.007-.117a1 1 0 0 0-1.986 0l-.007.117L11 16l.007.117A1 1 0 0 0 12 17\" fill=\"currentColor\"><\/path><\/svg><\/div><\/button><\/div><\/div><\/div><div class=\"scrollable-content-wrap my-5\"><div class=\"scrollable-content-inner\"><h2>Rodzaje bonus\u00f3w SpinAnia<\/h2>\n<p>W Spin Ania gracze mog\u0105 korzysta\u0107 z r\u00f3\u017cnych pakiet\u00f3w bonusowych dostosowanych do r\u00f3\u017cnych potrzeb zwi\u0105zanych z gr\u0105. Przygotowali\u015bmy bonusy powitalne, promocje do\u0142adowa\u0144, zwrot got\u00f3wki i ekskluzywne turnieje! Ka\u017cda z tych wyj\u0105tkowych promocji oferuje graczom mo\u017cliwo\u015b\u0107 zdobycia got\u00f3wki i lojalno\u015bciowych nagr\u00f3d, zapewniaj\u0105c pozytywne wra\u017cenia z gry.<\/p>\n<h2>SpinAnia Bonusy powitalne<\/h2>\n<p>Nowi gracze mog\u0105 liczy\u0107 na ciep\u0142e powitanie, poniewa\u017c Spin Ania oferuje hojny pakiet powitalny o warto\u015bci 1500 \u20ac z 250 darmowymi spinami! Zaprojektowali\u015bmy go, aby zapewni\u0107 u\u017cytkownikom dobry start i p\u0142ynn\u0105 rozgrywk\u0119! Obejmuje on wielosk\u0142adnikowy system bonusowy, kt\u00f3ry zwi\u0119ksza pocz\u0105tkowe depozyty i sprawia, \u017ce gry trwaj\u0105 d\u0142u\u017cej.<\/p>\n<h3>Lista turniej\u00f3w i zaj\u0119\u0107<\/h3>\n<p>Kasyno SpinAnia oferuje wiele turniej\u00f3w, w kt\u00f3rych mo\u017cna wzi\u0105\u0107 udzia\u0142. Sezonowo dodajemy kolejne wydarzenia o ciekawych nazwach, w kt\u00f3rych mo\u017cna zwi\u0119kszy\u0107 swoje szcz\u0119\u015bcie. Na razie zawsze warto spr\u00f3bowa\u0107 swoich si\u0142 w nast\u0119puj\u0105cych kluczowych turniejach:<\/p>\n<table>\n<tbody>\n<tr>\n<td>Nazwa turnieju<\/td>\n<td>Opis<\/td>\n<td>Pula nagr\u00f3d<\/td>\n<\/tr>\n<tr>\n<td>Spinoleague<\/td>\n<td>Ogromna pula nagr\u00f3d i szansa na pojawienie si\u0119 Twojego nazwiska w tabeli wynik\u00f3w.<\/td>\n<td>\u20ac12,000,000<\/td>\n<\/tr>\n<tr>\n<td>BGaming Drops Frenzy<\/td>\n<td>Zwi\u0119kszaj\u0105ce si\u0119 nagrody pieni\u0119\u017cne w trakcie gry.<\/td>\n<td>\u20ac660,000<\/td>\n<\/tr>\n<tr>\n<td>Turniej na \u017cywo<\/td>\n<td>Konkurs z grami na \u017cywo, w kt\u00f3rym mo\u017cna wygra\u0107 du\u017ce nagrody.<\/td>\n<td>\u20ac10,000<\/td>\n<\/tr>\n<\/tbody>\n<\/table>\n<p>Aby wzi\u0105\u0107 udzia\u0142 w takich turniejach SpinAnia Casino, nale\u017cy spe\u0142ni\u0107 okre\u015blone warunki, takie jak warunki obrotu i inne warunki kwalifikacyjne. Dzia\u0142ania te s\u0105 naprawd\u0119 zabawne w satysfakcjonuj\u0105cym \u015brodowisku dla graczy lubi\u0105cych rywalizacj\u0119.<\/p>\n<h3>Jak odebra\u0107 bonus<\/h3>\n<p>W SpinAnia \u0142atwo jest odebra\u0107 bonusy. W przypadku bonusu powitalnego gracz musi jedynie otworzy\u0107 konto i zakwalifikowa\u0107 si\u0119, wp\u0142acaj\u0105c minimaln\u0105 kwot\u0119. Wystarczy wp\u0142aci\u0107 pocz\u0105tkowe \u015brodki, a bonusy zostan\u0105 automatycznie przelane na konto. Minimalna wp\u0142ata wynosi tylko 20 euro! Darmowe spiny i \u015brodki bonusowe s\u0105 dost\u0119pne od razu, a zasady dotycz\u0105ce obrotu i wk\u0142adu w gr\u0119 s\u0105 jasno okre\u015blone.<\/p>\n<p>Je\u015bli podobaj\u0105 Ci si\u0119 przygotowywane przez nas promocje, mo\u017cesz by\u0107 na bie\u017c\u0105co, subskrybuj\u0105c nasze promocyjne wiadomo\u015bci e-mail i regularnie sprawdzaj\u0105c nasz\u0105 stron\u0119 z promocjami, na kt\u00f3rej zamieszczamy wszystkie informacje o naszych loteriach i konkursach, ciekawych wydarzeniach i atrakcjach \u015bwi\u0105tecznych. Elementy grywalizacji w SpinAnia s\u0105 niezwykle silne, wi\u0119c b\u0105d\u017a na bie\u017c\u0105co! Odwiedzaj cz\u0119sto nasz\u0105 stron\u0119 Spin Ania, aby uzyska\u0107 szczeg\u00f3\u0142owe informacje i aktywne promocje.<\/p>\n<p>Wi\u0119kszo\u015b\u0107 naszych bonus\u00f3w jest automatycznie przekazywana lub aktywowana po wyra\u017ceniu zgody. Aby zrozumie\u0107 warunki obrotu, w tym procenty wk\u0142adu i wyp\u0142aty, nale\u017cy si\u0119 z nimi zapozna\u0107.<\/p>\n<h2>Warunki<\/h2>\n<p>Bonusy w kasynie SpinAnia Casino podlegaj\u0105 pewnym warunkom, kt\u00f3re maj\u0105 na celu zapewnienie uczciwej gry i przejrzysto\u015bci:<\/p>\n<ul>\n<li>Aby m\u00f3c wyp\u0142aci\u0107 bonusy, nale\u017cy obr\u00f3ci\u0107 ich kwot\u0119 40 razy.<\/li>\n<li>Bonusy trac\u0105 wa\u017cno\u015b\u0107 po 14 dniach od aktywacji.<\/li>\n<li>Depozyt aktywacyjny bonusu wynosi tylko 20 \u20ac, ale mo\u017cesz przeczyta\u0107 wi\u0119cej na ten temat i wygra\u0107 jeszcze wi\u0119cej, wp\u0142acaj\u0105c wi\u0119ksz\u0105 kwot\u0119!<\/li>\n<li>Bonusy nie mog\u0105 by\u0107 usuwane niezale\u017cnie od wygranych: s\u0105 one trwa\u0142e.<\/li>\n<li>Wk\u0142ad poszczeg\u00f3lnych gier jest r\u00f3\u017cny: automaty maj\u0105 100% wk\u0142adu, a gry sto\u0142owe maj\u0105 ni\u017cszy wk\u0142ad.<\/li>\n<li>Darmowe spiny pozostaj\u0105 aktywne przez trzy dni od momentu ich przyznania.<\/li>\n<li>W ka\u017cdej promocji dok\u0142adnie okre\u015blono wymagania dotycz\u0105ce zak\u0142ad\u00f3w, procentowy udzia\u0142 w promocji oraz ograniczenia czasowe.<\/li>\n<\/ul>\n<p>W ten spos\u00f3b mo\u017cna \u0142atwo skorzysta\u0107 z planu bonusowego SpinAnia i zmaksymalizowa\u0107 jego korzy\u015bci.<\/p>\n<h2>Cz\u0119sto zadawane pytania<\/h2>\n<h3>Czy mog\u0119 wyp\u0142aci\u0107 wygrane z bonusu?<\/h3>\n<p>Mo\u017cesz wyp\u0142aci\u0107 wszystkie swoje \u015brodki bonusowe SpinAnia Casino po spe\u0142nieniu wymaga\u0144 dotycz\u0105cych obrotu. Zazwyczaj jest to 40-krotno\u015b\u0107 kwoty bonusu, ale r\u00f3\u017cni si\u0119 w zale\u017cno\u015bci od rodzaju nagrody.<\/p>\n<h3>Czy dla powracaj\u0105cych graczy dost\u0119pne s\u0105 bonusy?<\/h3>\n<p>Oczywi\u015bcie nie tylko nowi gracze otrzymuj\u0105 hojny bonus SpinAnia za rejestracj\u0119. Cenimy wszystkich naszych graczy \u2013 r\u00f3wnie\u017c tych sta\u0142ych! Aby utrzyma\u0107 wysokie zaanga\u017cowanie i lojalno\u015b\u0107, SpinAnia oferuje r\u00f3wnie\u017c bonusy do\u0142adowuj\u0105ce, zwrot got\u00f3wki i ekskluzywne turnieje dla powracaj\u0105cych graczy.<\/p>\n<h3>Czy dost\u0119pne s\u0105 bonusy cashback lub reload?<\/h3>\n<p>Poniewa\u017c chcemy zapewni\u0107 Ci rozrywk\u0119, Spin Ania zachowuje wszystkie nagrody promocyjne, aby podzi\u0119kowa\u0107 Ci za wp\u0142at\u0119 wykraczaj\u0105c\u0105 poza podstawow\u0105 ofert\u0119 rejestracyjn\u0105. Zapewniamy r\u00f3wnie\u017c, \u017ce wszystkie nagrody cashback b\u0119d\u0105 kontynuowane bezterminowo. Cz\u0119sto aktualizujemy warunki, wi\u0119c je\u015bli chcesz uczestniczy\u0107 we wszystkich naszych zabawach, zalecamy \u015bledzenie aktualnych informacji.<\/p>\n<\/div><\/div><\/p>\n","protected":false},"excerpt":{"rendered":"<p>SpinAnia Bonus SpinAnia Bonus to bardzo interesuj\u0105ca opcja, kt\u00f3ra dodaje nieco pikanterii rozgrywce i zwi\u0119ksza szanse na wygran\u0105. SpinAnia Casino oferuje szereg promocji dla nowych i powracaj\u0105cych graczy z Polski, aby poprawi\u0107 ich wra\u017cenia z gry. Oferujemy hojne bonusy oraz r\u00f3\u017cnorodne gry, aby ka\u017cda wizyta u nas by\u0142a op\u0142acalna i przyjemna.<\/p>\n","protected":false},"author":1,"featured_media":0,"parent":0,"menu_order":0,"comment_status":"closed","ping_status":"closed","template":"template-builder.php","meta":{"_acf_changed":false,"inline_featured_image":false,"footnotes":""},"class_list":["post-1670","page","type-page","status-publish","hentry"],"acf":[],"yoast_head":"<!-- This site is optimized with the Yoast SEO plugin v24.4 - https:\/\/yoast.com\/wordpress\/plugins\/seo\/ -->\n<title>SpinAnia Casino Bonus | Bonus Powitalny i Promocje<\/title>\n<meta name=\"description\" content=\"SpinAnia Casino Bonus \u2013 odkryj pakiety powitalne, bonusy do\u0142adowa\u0144 i darmowe spiny. Korzystaj z cotygodniowego cashbacku, turniej\u00f3w i ekskluzywnych nagr\u00f3d w Spin Ania.\" \/>\n<meta name=\"robots\" content=\"index, follow, max-snippet:-1, max-image-preview:large, max-video-preview:-1\" \/>\n<link rel=\"canonical\" href=\"https:\/\/spin-ania.com\/pl\/bonus\/\" \/>\n<meta property=\"og:locale\" content=\"pl_PL\" \/>\n<meta property=\"og:type\" content=\"article\" \/>\n<meta property=\"og:title\" content=\"SpinAnia Casino Bonus | Bonus Powitalny i Promocje\" \/>\n<meta property=\"og:description\" content=\"SpinAnia Casino Bonus \u2013 odkryj pakiety powitalne, bonusy do\u0142adowa\u0144 i darmowe spiny. Korzystaj z cotygodniowego cashbacku, turniej\u00f3w i ekskluzywnych nagr\u00f3d w Spin Ania.\" \/>\n<meta property=\"og:url\" content=\"https:\/\/spin-ania.com\/pl\/bonus\/\" \/>\n<meta property=\"og:site_name\" content=\"spinania\" \/>\n<meta property=\"article:modified_time\" content=\"2026-01-14T12:49:53+00:00\" \/>\n<meta name=\"twitter:card\" content=\"summary_large_image\" \/>\n<meta name=\"twitter:label1\" content=\"Est. reading time\" \/>\n\t<meta name=\"twitter:data1\" content=\"1 minute\" \/>\n<script type=\"application\/ld+json\" class=\"yoast-schema-graph\">{\"@context\":\"https:\/\/schema.org\",\"@graph\":[{\"@type\":\"WebPage\",\"@id\":\"https:\/\/spin-ania.com\/pl\/bonus\/\",\"url\":\"https:\/\/spin-ania.com\/pl\/bonus\/\",\"name\":\"SpinAnia Casino Bonus | Bonus Powitalny i Promocje\",\"isPartOf\":{\"@id\":\"https:\/\/spin-ania.com\/pl\/#website\"},\"datePublished\":\"2026-01-14T09:23:22+00:00\",\"dateModified\":\"2026-01-14T12:49:53+00:00\",\"description\":\"SpinAnia Casino Bonus \u2013 odkryj pakiety powitalne, bonusy do\u0142adowa\u0144 i darmowe spiny. Korzystaj z cotygodniowego cashbacku, turniej\u00f3w i ekskluzywnych nagr\u00f3d w Spin Ania.\",\"breadcrumb\":{\"@id\":\"https:\/\/spin-ania.com\/pl\/bonus\/#breadcrumb\"},\"inLanguage\":\"pl-PL\",\"potentialAction\":[{\"@type\":\"ReadAction\",\"target\":[\"https:\/\/spin-ania.com\/pl\/bonus\/\"]}]},{\"@type\":\"BreadcrumbList\",\"@id\":\"https:\/\/spin-ania.com\/pl\/bonus\/#breadcrumb\",\"itemListElement\":[{\"@type\":\"ListItem\",\"position\":1,\"name\":\"Spinania\",\"item\":\"https:\/\/spin-ania.com\/pl\/\"},{\"@type\":\"ListItem\",\"position\":2,\"name\":\"Bonus\"}]},{\"@type\":\"WebSite\",\"@id\":\"https:\/\/spin-ania.com\/pl\/#website\",\"url\":\"https:\/\/spin-ania.com\/pl\/\",\"name\":\"Spinania\",\"description\":\"\",\"publisher\":{\"@id\":\"https:\/\/spin-ania.com\/pl\/#organization\"},\"potentialAction\":[{\"@type\":\"SearchAction\",\"target\":{\"@type\":\"EntryPoint\",\"urlTemplate\":\"https:\/\/spin-ania.com\/pl\/?s={search_term_string}\"},\"query-input\":{\"@type\":\"PropertyValueSpecification\",\"valueRequired\":true,\"valueName\":\"search_term_string\"}}],\"inLanguage\":\"pl-PL\"},{\"@type\":\"Organization\",\"@id\":\"https:\/\/spin-ania.com\/pl\/#organization\",\"name\":\"Spinania\",\"url\":\"https:\/\/spin-ania.com\/pl\/\",\"logo\":{\"@type\":\"ImageObject\",\"inLanguage\":\"pl-PL\",\"@id\":\"https:\/\/spin-ania.com\/pl\/#\/schema\/logo\/image\/\",\"url\":\"https:\/\/spin-ania.com\/wp-content\/uploads\/2025\/08\/KeIS1eTvcSVRrxjd4vQx.png\",\"contentUrl\":\"https:\/\/spin-ania.com\/wp-content\/uploads\/2025\/08\/KeIS1eTvcSVRrxjd4vQx.png\",\"width\":106,\"height\":31,\"caption\":\"Spinania\"},\"image\":{\"@id\":\"https:\/\/spin-ania.com\/pl\/#\/schema\/logo\/image\/\"}}]}<\/script>\n<!-- \/ Yoast SEO plugin. -->","yoast_head_json":{"title":"SpinAnia Casino Bonus | Bonus Powitalny i Promocje","description":"SpinAnia Casino Bonus \u2013 odkryj pakiety powitalne, bonusy do\u0142adowa\u0144 i darmowe spiny. Korzystaj z cotygodniowego cashbacku, turniej\u00f3w i ekskluzywnych nagr\u00f3d w Spin Ania.","robots":{"index":"index","follow":"follow","max-snippet":"max-snippet:-1","max-image-preview":"max-image-preview:large","max-video-preview":"max-video-preview:-1"},"canonical":"https:\/\/spin-ania.com\/pl\/bonus\/","og_locale":"pl_PL","og_type":"article","og_title":"SpinAnia Casino Bonus | Bonus Powitalny i Promocje","og_description":"SpinAnia Casino Bonus \u2013 odkryj pakiety powitalne, bonusy do\u0142adowa\u0144 i darmowe spiny. Korzystaj z cotygodniowego cashbacku, turniej\u00f3w i ekskluzywnych nagr\u00f3d w Spin Ania.","og_url":"https:\/\/spin-ania.com\/pl\/bonus\/","og_site_name":"spinania","article_modified_time":"2026-01-14T12:49:53+00:00","twitter_card":"summary_large_image","twitter_misc":{"Est. reading time":"1 minute"},"schema":{"@context":"https:\/\/schema.org","@graph":[{"@type":"WebPage","@id":"https:\/\/spin-ania.com\/pl\/bonus\/","url":"https:\/\/spin-ania.com\/pl\/bonus\/","name":"SpinAnia Casino Bonus | Bonus Powitalny i Promocje","isPartOf":{"@id":"https:\/\/spin-ania.com\/pl\/#website"},"datePublished":"2026-01-14T09:23:22+00:00","dateModified":"2026-01-14T12:49:53+00:00","description":"SpinAnia Casino Bonus \u2013 odkryj pakiety powitalne, bonusy do\u0142adowa\u0144 i darmowe spiny. Korzystaj z cotygodniowego cashbacku, turniej\u00f3w i ekskluzywnych nagr\u00f3d w Spin Ania.","breadcrumb":{"@id":"https:\/\/spin-ania.com\/pl\/bonus\/#breadcrumb"},"inLanguage":"pl-PL","potentialAction":[{"@type":"ReadAction","target":["https:\/\/spin-ania.com\/pl\/bonus\/"]}]},{"@type":"BreadcrumbList","@id":"https:\/\/spin-ania.com\/pl\/bonus\/#breadcrumb","itemListElement":[{"@type":"ListItem","position":1,"name":"Spinania","item":"https:\/\/spin-ania.com\/pl\/"},{"@type":"ListItem","position":2,"name":"Bonus"}]},{"@type":"WebSite","@id":"https:\/\/spin-ania.com\/pl\/#website","url":"https:\/\/spin-ania.com\/pl\/","name":"Spinania","description":"","publisher":{"@id":"https:\/\/spin-ania.com\/pl\/#organization"},"potentialAction":[{"@type":"SearchAction","target":{"@type":"EntryPoint","urlTemplate":"https:\/\/spin-ania.com\/pl\/?s={search_term_string}"},"query-input":{"@type":"PropertyValueSpecification","valueRequired":true,"valueName":"search_term_string"}}],"inLanguage":"pl-PL"},{"@type":"Organization","@id":"https:\/\/spin-ania.com\/pl\/#organization","name":"Spinania","url":"https:\/\/spin-ania.com\/pl\/","logo":{"@type":"ImageObject","inLanguage":"pl-PL","@id":"https:\/\/spin-ania.com\/pl\/#\/schema\/logo\/image\/","url":"https:\/\/spin-ania.com\/wp-content\/uploads\/2025\/08\/KeIS1eTvcSVRrxjd4vQx.png","contentUrl":"https:\/\/spin-ania.com\/wp-content\/uploads\/2025\/08\/KeIS1eTvcSVRrxjd4vQx.png","width":106,"height":31,"caption":"Spinania"},"image":{"@id":"https:\/\/spin-ania.com\/pl\/#\/schema\/logo\/image\/"}}]}},"_links":{"self":[{"href":"https:\/\/spin-ania.com\/pl\/wp-json\/wp\/v2\/pages\/1670"}],"collection":[{"href":"https:\/\/spin-ania.com\/pl\/wp-json\/wp\/v2\/pages"}],"about":[{"href":"https:\/\/spin-ania.com\/pl\/wp-json\/wp\/v2\/types\/page"}],"author":[{"embeddable":true,"href":"https:\/\/spin-ania.com\/pl\/wp-json\/wp\/v2\/users\/1"}],"replies":[{"embeddable":true,"href":"https:\/\/spin-ania.com\/pl\/wp-json\/wp\/v2\/comments?post=1670"}],"version-history":[{"count":2,"href":"https:\/\/spin-ania.com\/pl\/wp-json\/wp\/v2\/pages\/1670\/revisions"}],"predecessor-version":[{"id":1960,"href":"https:\/\/spin-ania.com\/pl\/wp-json\/wp\/v2\/pages\/1670\/revisions\/1960"}],"wp:attachment":[{"href":"https:\/\/spin-ania.com\/pl\/wp-json\/wp\/v2\/media?parent=1670"}],"curies":[{"name":"wp","href":"https:\/\/api.w.org\/{rel}","templated":true}]}}