{"id":1987,"date":"2026-01-14T09:17:54","date_gmt":"2026-01-14T09:17:54","guid":{"rendered":"https:\/\/spin-ania.com\/app\/"},"modified":"2026-01-14T13:32:59","modified_gmt":"2026-01-14T13:32:59","slug":"aplicacao","status":"publish","type":"page","link":"https:\/\/spin-ania.com\/pt-pt\/aplicacao\/","title":{"rendered":"Aplica\u00e7\u00e3o"},"content":{"rendered":"<h1>SpinAnia Casino Aplica\u00e7\u00e3o<\/h1>\n<p>A SpinAnia app \u00e9 um software de jogos incrivelmente moderno, ideal para os jogadores portugueses que querem jogar os seus jogos de casino favoritos em qualquer lugar. Atrav\u00e9s da nossa plataforma m\u00f3vel avan\u00e7ada, o SpinAnia Casino garante aos utilizadores acesso a uma ampla gama de funcionalidades e est\u00e1 acess\u00edvel em todos os dispositivos m\u00f3veis comuns, oferecendo conveni\u00eancia e bom desempenho a qualquer momento.<\/p>\n<div class=\"banner-wrap\" aria-label=\"Banner\"><img src=\"https:\/\/spin-ania.com\/wp-content\/uploads\/2026\/01\/Spinania-Banner-Desktop.webp\" class=\"w-100 d-none d-lg-block img-pc main-banner-img\" alt=\"spinania bonus desktop\" fetchpriority=\"high\" decoding=\"async\"><img src=\"https:\/\/spin-ania.com\/wp-content\/uploads\/2026\/01\/Spinania-mobile-banner.webp\" class=\"w-100 d-none d-md-block d-lg-none main-banner-img\" alt=\"spinania bonus mobile\" fetchpriority=\"high\" decoding=\"async\"><img src=\"https:\/\/spin-ania.com\/wp-content\/uploads\/2026\/01\/Spinania-mobile-banner.webp\" class=\"w-100 d-md-none\" alt=\"spinania bonus mobile\" fetchpriority=\"high\" decoding=\"async\"><div class=\"banner-description\">\n<div class=\"banner-title\">B\u00f3nus De Boas-Vindas<\/div>\n<p class=\"banner-header-title\">\u20ac1,500<\/p>\n<div class=\"banner-header-AdditionalText\">+ 250 rodadas gr\u00e1tis<\/div>\n<button data-item=\"homepage_banner_link\" class=\"goto m-button m-gradient-border m-button--primary m-button--large banner-button btn-orange\">\n            <div class=\"m-button-content\">\n                <span>Registe-se agora<\/span>\n                <span><\/span>\n            <\/div>\n        <\/button>\n<\/div>\n<div class=\"WelcomePack\">\n<p><img loading=\"lazy\" decoding=\"async\" class=\"alignnone size-full wp-image-1589\" src=\"https:\/\/spin-ania.com\/wp-content\/uploads\/2026\/01\/welcome-crown.svg\" alt=\"welcome crown\" width=\"25\" height=\"26\" \/><\/p>\n<div class=\"WelcomePack-Info\">Cashback semanal at\u00e9 25%<\/div>\n<p><img loading=\"lazy\" decoding=\"async\" class=\"alignnone size-full wp-image-1589\" src=\"https:\/\/spin-ania.com\/wp-content\/uploads\/2026\/01\/welcome-crown.svg\" alt=\"welcome crown\" width=\"25\" height=\"26\" \/><\/p>\n<\/div>\n<\/div>\n<h2>Caracter\u00edsticas da aplica\u00e7\u00e3o SpinAnia<\/h2>\n<p>A aplica\u00e7\u00e3o SpinAnia \u00e9 \u00fanica pelas suas funcionalidades poderosas e facilidade de utiliza\u00e7\u00e3o. Ela oferece aos utilizadores uma experi\u00eancia m\u00f3vel de n\u00edvel superior \u00e0 que teriam com os jogos tradicionais para computador. Pode ter acesso r\u00e1pido e seguro \u00e0 nossa enorme biblioteca de slots baseados na web, jogos de mesa e t\u00edtulos com crupi\u00ea ao vivo. A natureza intuitiva da aplica\u00e7\u00e3o, com a sua interface intuitiva, permite aos jogadores navegar livremente pela biblioteca e, assim, encontrar os seus jogos favoritos no menor tempo poss\u00edvel.<\/p>\n<p>Al\u00e9m disso, a equipa de apoio do SpinAnia Casino presta assist\u00eancia imediata aos clientes atrav\u00e9s de um chat ao vivo. Desta forma, pode desfrutar do m\u00e1ximo conforto e da conveni\u00eancia. A nossa sincroniza\u00e7\u00e3o tamb\u00e9m mant\u00e9m os dados do utilizador consistentes em todos os dispositivos \u2014 os jogadores podem desfrutar dos mesmos jogos ao alternar entre o telem\u00f3vel e o computador.<\/p>\n<p>A nossa aplica\u00e7\u00e3o fluida tamb\u00e9m \u00e9 otimizada para o tamanho do ecr\u00e3 e funciona bem sem comprometer a qualidade dos jogos ou a seguran\u00e7a.<\/p>\n<p><div style=\"clear: both\"><\/div><div class=\"d-flex justify-content-center\"><button data-item=\"seo-link\" data-group=\"website_links\" class=\"goto fw-bold rounded-pill btn btn-orange\" aria-label=\"Descarregue a aplica\u00e7\u00e3o Spinania\" >Descarregue a aplica\u00e7\u00e3o Spinania<\/button><\/div><div class=\"scrollable-content-wrap my-5\"><div class=\"scrollable-content-inner\"><h2>Aplica\u00e7\u00e3o SpinAnia para Android OS<\/h2>\n<p>Tamb\u00e9m desenvolvemos a aplica\u00e7\u00e3o SpinAnia para utilizadores Android. A nossa aplica\u00e7\u00e3o foi criada com foco na simplicidade e efici\u00eancia. Pode ser descarregada diretamente do nosso site como uma PWA. Esta \u00e9 a nossa forma de contornar as limita\u00e7\u00f5es impostas \u00e0s aplica\u00e7\u00f5es de jogos de azar.<\/p>\n<ol>\n<li>Clique no bot\u00e3o \u00abAplica\u00e7\u00e3o do Casino\u00bb abaixo na p\u00e1gina do casino Spin Ania.<\/li>\n<li>Depois de ser redirecionado para a p\u00e1gina de instala\u00e7\u00e3o do PWA, clique em \u00abInstalar\u00bb e aguarde o in\u00edcio do download.<\/li>\n<li>Conclua o download e ver\u00e1 o \u00edcone aparecer no seu ecr\u00e3.<\/li>\n<li>Clique nele e todos os nossos jogos do casino SpinAnia ser\u00e3o abertos!<\/li>\n<\/ol>\n<p>No momento em que o casino m\u00f3vel \u00e9 instalado, os jogadores t\u00eam acesso imediato a toda a biblioteca de jogos, incluindo as mais recentes slots online e jogos de mesa tradicionais otimizados para o ecr\u00e3 m\u00f3vel. A aplica\u00e7\u00e3o \u00e9 baseada no Android 8.0 e superior, que pode funcionar com a maioria dos dispositivos modernos. N\u00e3o precisamos de manter um sistema de vers\u00f5es complexo. A nossa tecnologia PWA minimiza os requisitos de armazenamento para renderizar dados rapidamente.<\/p>\n<p>N\u00e3o temos o SpinAnia APK e vemos que os nossos jogadores j\u00e1 n\u00e3o o utilizam porque agora conhecem um meio mais seguro e fi\u00e1vel para aceder \u00e0 plataforma m\u00f3vel do casino.<\/p>\n<p><img loading=\"lazy\" decoding=\"async\" class=\"alignnone size-full wp-image-1493\" src=\"https:\/\/spin-ania.com\/wp-content\/uploads\/2026\/01\/Spinania-Android-App.webp\" alt=\"Spinania Android\" width=\"1248\" height=\"536\" srcset=\"https:\/\/spin-ania.com\/wp-content\/uploads\/2026\/01\/Spinania-Android-App.webp 1248w, https:\/\/spin-ania.com\/wp-content\/uploads\/2026\/01\/Spinania-Android-App-300x129.webp 300w, https:\/\/spin-ania.com\/wp-content\/uploads\/2026\/01\/Spinania-Android-App-1024x440.webp 1024w, https:\/\/spin-ania.com\/wp-content\/uploads\/2026\/01\/Spinania-Android-App-768x330.webp 768w\" sizes=\"(max-width: 1248px) 100vw, 1248px\" \/><\/p>\n<\/div><\/div><div style=\"clear: both\"><\/div><div class=\"d-flex justify-content-center\"><button data-item=\"seo-link\" data-group=\"website_links\" class=\"goto fw-bold rounded-pill btn btn-orange\" aria-label=\"Descarregue a aplica\u00e7\u00e3o Spinania\" >Descarregue a aplica\u00e7\u00e3o Spinania<\/button><\/div><div class=\"scrollable-content-wrap my-5\"><div class=\"scrollable-content-inner\"><h2>Aplica\u00e7\u00e3o SpinAnia iOS<\/h2>\n<p>O SpinAnia Casino tem um PWA espec\u00edfico para iOS, que oferece aos utilizadores de iPhone e iPad uma experi\u00eancia muito otimizada. Pode descarregar a aplica\u00e7\u00e3o diretamente a partir do nosso link na p\u00e1gina do casino, mesmo que n\u00e3o esteja dispon\u00edvel na App Store.<\/p>\n<ol>\n<li>No seu dispositivo m\u00f3vel Apple, abra a p\u00e1gina Spin Ania e aceda \u00e0 \u00e1rea da aplica\u00e7\u00e3o.<\/li>\n<li>Instale o PWA seguindo as instru\u00e7\u00f5es simples.<\/li>\n<\/ol>\n<p>Os jogadores podem desfrutar de uma interface suave, velocidades de carregamento r\u00e1pidas e acesso a toda a biblioteca dos nossos jogos com gr\u00e1ficos 3D ap\u00f3s a instala\u00e7\u00e3o. A aplica\u00e7\u00e3o \u00e9 compat\u00edvel com todos os dispositivos iOS importantes, e pode desfrutar de notifica\u00e7\u00f5es push e integra\u00e7\u00e3o perfeita com os protocolos de seguran\u00e7a.<\/p>\n<p><img loading=\"lazy\" decoding=\"async\" class=\"alignnone size-full wp-image-1541\" src=\"https:\/\/spin-ania.com\/wp-content\/uploads\/2026\/01\/Spinania-iOS-App.webp\" alt=\"Spinania iOS\" width=\"1248\" height=\"536\" srcset=\"https:\/\/spin-ania.com\/wp-content\/uploads\/2026\/01\/Spinania-iOS-App.webp 1248w, https:\/\/spin-ania.com\/wp-content\/uploads\/2026\/01\/Spinania-iOS-App-300x129.webp 300w, https:\/\/spin-ania.com\/wp-content\/uploads\/2026\/01\/Spinania-iOS-App-1024x440.webp 1024w, https:\/\/spin-ania.com\/wp-content\/uploads\/2026\/01\/Spinania-iOS-App-768x330.webp 768w\" sizes=\"(max-width: 1248px) 100vw, 1248px\" \/><\/p>\n<\/div><\/div><div style=\"clear: both\"><\/div><div class=\"d-flex justify-content-center\"><button data-item=\"seo-link\" data-group=\"website_links\" class=\"goto fw-bold rounded-pill btn btn-orange\" aria-label=\"Descarregue a aplica\u00e7\u00e3o Spinania\" >Descarregue a aplica\u00e7\u00e3o Spinania<\/button><\/div><div class=\"scrollable-content-wrap my-5\"><div class=\"scrollable-content-inner\"><h2>Spin Ania Casino Vers\u00e3o para computador<\/h2>\n<p>Embora a aplica\u00e7\u00e3o SpinAnia esteja a aproveitar a conveni\u00eancia dos dispositivos m\u00f3veis, a vers\u00e3o para computador ainda desempenha um papel significativo nos jogos. A plataforma para computador est\u00e1 dispon\u00edvel nos sistemas operacionais macOS e Windows. Ela tem uma tela maior e oferece mais controles de navega\u00e7\u00e3o. N\u00e3o \u00e9 necess\u00e1rio instalar nenhum software extra para entrar no casino. Basta abrir a nossa biblioteca com a ajuda de navegadores populares, como Chrome, Firefox, Safari ou Edge.<\/p>\n<p>Para aceder rapidamente, \u00e9 aconselh\u00e1vel criar um atalho na \u00e1rea de trabalho, o que permitir\u00e1 aceder ao casino com um \u00fanico clique. A nossa aplica\u00e7\u00e3o inteligente para computador est\u00e1 sincronizada com a plataforma m\u00f3vel, para que todas as informa\u00e7\u00f5es, prefer\u00eancias e conquistas do utilizador permane\u00e7am compat\u00edveis entre as plataformas.<\/p>\n<h3>Interface do utilizador e navega\u00e7\u00e3o<\/h3>\n<p>A aplica\u00e7\u00e3o SpinAnia apresenta um design inteligente que combina modernidade e funcionalidade. A interface em violeta escuro \u00e9 elegante e intuitiva, com menus claramente identificados e navega\u00e7\u00e3o simplificada para todos os tipos de jogos. Nas nossas melhores slots online, jogos de mesa e jogos com crupi\u00ea ao vivo, os utilizadores desfrutam de transi\u00e7\u00f5es r\u00e1pidas e um tempo de carregamento curto. O design adapta-se perfeitamente a qualquer tamanho de ecr\u00e3, proporcionando a melhor experi\u00eancia de jogo em smartphones, tablets e computadores!<\/p>\n<table>\n<tbody>\n<tr>\n<td>Aspecto<\/td>\n<td>Detalhes<\/td>\n<\/tr>\n<tr>\n<td>Otimiza\u00e7\u00e3o para tablets<\/td>\n<td>A aplica\u00e7\u00e3o est\u00e1 totalmente otimizada para tablets e ecr\u00e3s maiores, com uma experi\u00eancia gr\u00e1fica enriquecida e navega\u00e7\u00e3o f\u00e1cil.<\/td>\n<\/tr>\n<tr>\n<td>Compatibilidade com dispositivos<\/td>\n<td>A aplica\u00e7\u00e3o funciona em dispositivos Android e iOS e \u00e9 compat\u00edvel com uma variedade de smartphones e tablets.<\/td>\n<\/tr>\n<tr>\n<td>Disponibilidade do jogo<\/td>\n<td>Todos os jogos do Spin Ania Casino, como slots online, jogos de mesa e crupi\u00eas ao vivo, est\u00e3o dispon\u00edveis na aplica\u00e7\u00e3o, que oferece uma plataforma de jogo completa.<\/td>\n<\/tr>\n<\/tbody>\n<\/table>\n<p>Pode contactar a nossa equipa de suporte atrav\u00e9s do chat ao vivo integrado. Estamos sempre dispon\u00edveis para ajud\u00e1-lo em caso de d\u00favidas ou problemas.<img loading=\"lazy\" decoding=\"async\" src=\"https:\/\/spin-ania.com\/wp-content\/uploads\/2026\/01\/Spinania-Desktop.webp\" alt=\"Spinania Desktop\" width=\"1248\" height=\"536\" \/><\/p>\n<\/div><\/div><div style=\"clear: both\"><\/div><div class=\"d-flex justify-content-center\"><button data-item=\"seo-link\" data-group=\"website_links\" class=\"goto fw-bold rounded-pill btn btn-orange\" aria-label=\"Descarregue a aplica\u00e7\u00e3o Spinania\" >Descarregue a aplica\u00e7\u00e3o Spinania<\/button><\/div><div class=\"scrollable-content-wrap my-5\"><div class=\"scrollable-content-inner\"><h2>Perguntas frequentes<\/h2>\n<h3>A aplica\u00e7\u00e3o SpinAnia est\u00e1 otimizada para tablets e ecr\u00e3s maiores?<\/h3>\n<p>Somos totalmente compat\u00edveis com dispositivos m\u00f3veis e funcionamos em qualquer tamanho de ecr\u00e3. Pode ajustar todas as configura\u00e7\u00f5es para uma experi\u00eancia visual e de navega\u00e7\u00e3o mais impec\u00e1vel em qualquer dispositivo.<\/p>\n<h3>A aplica\u00e7\u00e3o est\u00e1 dispon\u00edvel para dispositivos Android e iOS?<\/h3>\n<p>O SpinAnia Casino tem as suas aplica\u00e7\u00f5es para Android e iOS, que podem ser descarregadas na nossa p\u00e1gina principal como uma vers\u00e3o PWA. Pode passar pelo processo de verifica\u00e7\u00e3o e desfrutar de jogos a dinheiro real ou usar o nosso modo de demonstra\u00e7\u00e3o para aperfei\u00e7oar as suas habilidades!<\/p>\n<h3>Todos os jogos Spin Ania est\u00e3o dispon\u00edveis na aplica\u00e7\u00e3o?<\/h3>\n<p>Toda a biblioteca de jogos Spin Ania, como novos lan\u00e7amentos, slots cl\u00e1ssicos e jogos com crupi\u00ea ao vivo, est\u00e1 hospedada na aplica\u00e7\u00e3o, proporcionando toda a experi\u00eancia de casino em dispositivos m\u00f3veis e computadores. Pode escolher onde e como jogar \u2014 e n\u00f3s fornecemos tudo.<\/p>\n<\/div><\/div><\/p>\n","protected":false},"excerpt":{"rendered":"<p>SpinAnia Casino Aplica\u00e7\u00e3o A SpinAnia app \u00e9 um software de jogos incrivelmente moderno, ideal para os jogadores portugueses que querem jogar os seus jogos de casino favoritos em qualquer lugar. Atrav\u00e9s da nossa plataforma m\u00f3vel avan\u00e7ada, o SpinAnia Casino garante aos utilizadores acesso a uma ampla gama de funcionalidades e est\u00e1 acess\u00edvel em todos os [&hellip;]<\/p>\n","protected":false},"author":1,"featured_media":0,"parent":0,"menu_order":0,"comment_status":"closed","ping_status":"closed","template":"template-builder.php","meta":{"_acf_changed":false,"inline_featured_image":false,"footnotes":""},"class_list":["post-1987","page","type-page","status-publish","hentry"],"acf":[],"yoast_head":"<!-- This site is optimized with the Yoast SEO plugin v24.4 - https:\/\/yoast.com\/wordpress\/plugins\/seo\/ -->\n<title>SpinAnia App para Telem\u00f3vel | iOS, Android<\/title>\n<meta name=\"description\" content=\"SpinAnia App \u2013 jogue jogos de casino em qualquer lugar no iOS e Android. Desfrute de jogabilidade fluida, sincroniza\u00e7\u00e3o instant\u00e2nea e acesso a slots, mesas e dealers ao vivo com Spin Ania.\" \/>\n<meta name=\"robots\" content=\"index, follow, max-snippet:-1, max-image-preview:large, max-video-preview:-1\" \/>\n<link rel=\"canonical\" href=\"https:\/\/spin-ania.com\/pt-pt\/aplicacao\/\" \/>\n<meta property=\"og:locale\" content=\"pt_PT\" \/>\n<meta property=\"og:type\" content=\"article\" \/>\n<meta property=\"og:title\" content=\"SpinAnia App para Telem\u00f3vel | iOS, Android\" \/>\n<meta property=\"og:description\" content=\"SpinAnia App \u2013 jogue jogos de casino em qualquer lugar no iOS e Android. Desfrute de jogabilidade fluida, sincroniza\u00e7\u00e3o instant\u00e2nea e acesso a slots, mesas e dealers ao vivo com Spin Ania.\" \/>\n<meta property=\"og:url\" content=\"https:\/\/spin-ania.com\/pt-pt\/aplicacao\/\" \/>\n<meta property=\"og:site_name\" content=\"spinania\" \/>\n<meta property=\"article:modified_time\" content=\"2026-01-14T13:32:59+00:00\" \/>\n<meta name=\"twitter:card\" content=\"summary_large_image\" \/>\n<meta name=\"twitter:label1\" content=\"Est. reading time\" \/>\n\t<meta name=\"twitter:data1\" content=\"2 minutes\" \/>\n<script type=\"application\/ld+json\" class=\"yoast-schema-graph\">{\"@context\":\"https:\/\/schema.org\",\"@graph\":[{\"@type\":\"WebPage\",\"@id\":\"https:\/\/spin-ania.com\/pt-pt\/aplicacao\/\",\"url\":\"https:\/\/spin-ania.com\/pt-pt\/aplicacao\/\",\"name\":\"SpinAnia App para Telem\u00f3vel | iOS, Android\",\"isPartOf\":{\"@id\":\"https:\/\/spin-ania.com\/pt-pt\/#website\"},\"datePublished\":\"2026-01-14T09:17:54+00:00\",\"dateModified\":\"2026-01-14T13:32:59+00:00\",\"description\":\"SpinAnia App \u2013 jogue jogos de casino em qualquer lugar no iOS e Android. Desfrute de jogabilidade fluida, sincroniza\u00e7\u00e3o instant\u00e2nea e acesso a slots, mesas e dealers ao vivo com Spin Ania.\",\"breadcrumb\":{\"@id\":\"https:\/\/spin-ania.com\/pt-pt\/aplicacao\/#breadcrumb\"},\"inLanguage\":\"pt-PT\",\"potentialAction\":[{\"@type\":\"ReadAction\",\"target\":[\"https:\/\/spin-ania.com\/pt-pt\/aplicacao\/\"]}]},{\"@type\":\"BreadcrumbList\",\"@id\":\"https:\/\/spin-ania.com\/pt-pt\/aplicacao\/#breadcrumb\",\"itemListElement\":[{\"@type\":\"ListItem\",\"position\":1,\"name\":\"Spinania\",\"item\":\"https:\/\/spin-ania.com\/pt-pt\/\"},{\"@type\":\"ListItem\",\"position\":2,\"name\":\"Aplica\u00e7\u00e3o\"}]},{\"@type\":\"WebSite\",\"@id\":\"https:\/\/spin-ania.com\/pt-pt\/#website\",\"url\":\"https:\/\/spin-ania.com\/pt-pt\/\",\"name\":\"Spinania\",\"description\":\"\",\"publisher\":{\"@id\":\"https:\/\/spin-ania.com\/pt-pt\/#organization\"},\"potentialAction\":[{\"@type\":\"SearchAction\",\"target\":{\"@type\":\"EntryPoint\",\"urlTemplate\":\"https:\/\/spin-ania.com\/pt-pt\/?s={search_term_string}\"},\"query-input\":{\"@type\":\"PropertyValueSpecification\",\"valueRequired\":true,\"valueName\":\"search_term_string\"}}],\"inLanguage\":\"pt-PT\"},{\"@type\":\"Organization\",\"@id\":\"https:\/\/spin-ania.com\/pt-pt\/#organization\",\"name\":\"Spinania\",\"url\":\"https:\/\/spin-ania.com\/pt-pt\/\",\"logo\":{\"@type\":\"ImageObject\",\"inLanguage\":\"pt-PT\",\"@id\":\"https:\/\/spin-ania.com\/pt-pt\/#\/schema\/logo\/image\/\",\"url\":\"https:\/\/spin-ania.com\/wp-content\/uploads\/2025\/08\/KeIS1eTvcSVRrxjd4vQx.png\",\"contentUrl\":\"https:\/\/spin-ania.com\/wp-content\/uploads\/2025\/08\/KeIS1eTvcSVRrxjd4vQx.png\",\"width\":106,\"height\":31,\"caption\":\"Spinania\"},\"image\":{\"@id\":\"https:\/\/spin-ania.com\/pt-pt\/#\/schema\/logo\/image\/\"}}]}<\/script>\n<!-- \/ Yoast SEO plugin. -->","yoast_head_json":{"title":"SpinAnia App para Telem\u00f3vel | iOS, Android","description":"SpinAnia App \u2013 jogue jogos de casino em qualquer lugar no iOS e Android. Desfrute de jogabilidade fluida, sincroniza\u00e7\u00e3o instant\u00e2nea e acesso a slots, mesas e dealers ao vivo com Spin Ania.","robots":{"index":"index","follow":"follow","max-snippet":"max-snippet:-1","max-image-preview":"max-image-preview:large","max-video-preview":"max-video-preview:-1"},"canonical":"https:\/\/spin-ania.com\/pt-pt\/aplicacao\/","og_locale":"pt_PT","og_type":"article","og_title":"SpinAnia App para Telem\u00f3vel | iOS, Android","og_description":"SpinAnia App \u2013 jogue jogos de casino em qualquer lugar no iOS e Android. Desfrute de jogabilidade fluida, sincroniza\u00e7\u00e3o instant\u00e2nea e acesso a slots, mesas e dealers ao vivo com Spin Ania.","og_url":"https:\/\/spin-ania.com\/pt-pt\/aplicacao\/","og_site_name":"spinania","article_modified_time":"2026-01-14T13:32:59+00:00","twitter_card":"summary_large_image","twitter_misc":{"Est. reading time":"2 minutes"},"schema":{"@context":"https:\/\/schema.org","@graph":[{"@type":"WebPage","@id":"https:\/\/spin-ania.com\/pt-pt\/aplicacao\/","url":"https:\/\/spin-ania.com\/pt-pt\/aplicacao\/","name":"SpinAnia App para Telem\u00f3vel | iOS, Android","isPartOf":{"@id":"https:\/\/spin-ania.com\/pt-pt\/#website"},"datePublished":"2026-01-14T09:17:54+00:00","dateModified":"2026-01-14T13:32:59+00:00","description":"SpinAnia App \u2013 jogue jogos de casino em qualquer lugar no iOS e Android. Desfrute de jogabilidade fluida, sincroniza\u00e7\u00e3o instant\u00e2nea e acesso a slots, mesas e dealers ao vivo com Spin Ania.","breadcrumb":{"@id":"https:\/\/spin-ania.com\/pt-pt\/aplicacao\/#breadcrumb"},"inLanguage":"pt-PT","potentialAction":[{"@type":"ReadAction","target":["https:\/\/spin-ania.com\/pt-pt\/aplicacao\/"]}]},{"@type":"BreadcrumbList","@id":"https:\/\/spin-ania.com\/pt-pt\/aplicacao\/#breadcrumb","itemListElement":[{"@type":"ListItem","position":1,"name":"Spinania","item":"https:\/\/spin-ania.com\/pt-pt\/"},{"@type":"ListItem","position":2,"name":"Aplica\u00e7\u00e3o"}]},{"@type":"WebSite","@id":"https:\/\/spin-ania.com\/pt-pt\/#website","url":"https:\/\/spin-ania.com\/pt-pt\/","name":"Spinania","description":"","publisher":{"@id":"https:\/\/spin-ania.com\/pt-pt\/#organization"},"potentialAction":[{"@type":"SearchAction","target":{"@type":"EntryPoint","urlTemplate":"https:\/\/spin-ania.com\/pt-pt\/?s={search_term_string}"},"query-input":{"@type":"PropertyValueSpecification","valueRequired":true,"valueName":"search_term_string"}}],"inLanguage":"pt-PT"},{"@type":"Organization","@id":"https:\/\/spin-ania.com\/pt-pt\/#organization","name":"Spinania","url":"https:\/\/spin-ania.com\/pt-pt\/","logo":{"@type":"ImageObject","inLanguage":"pt-PT","@id":"https:\/\/spin-ania.com\/pt-pt\/#\/schema\/logo\/image\/","url":"https:\/\/spin-ania.com\/wp-content\/uploads\/2025\/08\/KeIS1eTvcSVRrxjd4vQx.png","contentUrl":"https:\/\/spin-ania.com\/wp-content\/uploads\/2025\/08\/KeIS1eTvcSVRrxjd4vQx.png","width":106,"height":31,"caption":"Spinania"},"image":{"@id":"https:\/\/spin-ania.com\/pt-pt\/#\/schema\/logo\/image\/"}}]}},"_links":{"self":[{"href":"https:\/\/spin-ania.com\/pt-pt\/wp-json\/wp\/v2\/pages\/1987"}],"collection":[{"href":"https:\/\/spin-ania.com\/pt-pt\/wp-json\/wp\/v2\/pages"}],"about":[{"href":"https:\/\/spin-ania.com\/pt-pt\/wp-json\/wp\/v2\/types\/page"}],"author":[{"embeddable":true,"href":"https:\/\/spin-ania.com\/pt-pt\/wp-json\/wp\/v2\/users\/1"}],"replies":[{"embeddable":true,"href":"https:\/\/spin-ania.com\/pt-pt\/wp-json\/wp\/v2\/comments?post=1987"}],"version-history":[{"count":2,"href":"https:\/\/spin-ania.com\/pt-pt\/wp-json\/wp\/v2\/pages\/1987\/revisions"}],"predecessor-version":[{"id":2087,"href":"https:\/\/spin-ania.com\/pt-pt\/wp-json\/wp\/v2\/pages\/1987\/revisions\/2087"}],"wp:attachment":[{"href":"https:\/\/spin-ania.com\/pt-pt\/wp-json\/wp\/v2\/media?parent=1987"}],"curies":[{"name":"wp","href":"https:\/\/api.w.org\/{rel}","templated":true}]}}