{"id":1993,"date":"2026-01-14T09:20:23","date_gmt":"2026-01-14T09:20:23","guid":{"rendered":"https:\/\/spin-ania.com\/login-and-registration\/"},"modified":"2026-01-14T13:34:28","modified_gmt":"2026-01-14T13:34:28","slug":"inicio-de-sessao-e-registo","status":"publish","type":"page","link":"https:\/\/spin-ania.com\/pt-pt\/inicio-de-sessao-e-registo\/","title":{"rendered":"In\u00edcio de sess\u00e3o e registo"},"content":{"rendered":"<h1>Inicie sess\u00e3o no SpinAnia e inscreva-se<\/h1>\n<p>O procedimento de SpinAnia login \u00e9 uma forma simples de obter acesso a um amplo leque de funcionalidades de entretenimento do casino online. Os utilizadores podem jogar uma grande variedade de jogos, gerir os seus dados pessoais e participar facilmente em v\u00e1rias ofertas, fazendo login nas suas contas.<\/p>\n<p><div class=\"banner-wrap\" aria-label=\"Banner\"><img src=\"https:\/\/spin-ania.com\/wp-content\/uploads\/2026\/01\/Spinania-Banner-Desktop.webp\" class=\"w-100 d-none d-lg-block img-pc main-banner-img\" alt=\"spinania bonus desktop\" fetchpriority=\"high\" decoding=\"async\"><img src=\"https:\/\/spin-ania.com\/wp-content\/uploads\/2026\/01\/Spinania-mobile-banner.webp\" class=\"w-100 d-none d-md-block d-lg-none main-banner-img\" alt=\"spinania bonus mobile\" fetchpriority=\"high\" decoding=\"async\"><img src=\"https:\/\/spin-ania.com\/wp-content\/uploads\/2026\/01\/Spinania-mobile-banner.webp\" class=\"w-100 d-md-none\" alt=\"spinania bonus mobile\" fetchpriority=\"high\" decoding=\"async\"><div class=\"banner-description\">\n<div class=\"banner-title\">B\u00f3nus De Boas-Vindas<\/div>\n<p class=\"banner-header-title\">\u20ac1,500<\/p>\n<div class=\"banner-header-AdditionalText\">+ 250 rodadas gr\u00e1tis<\/div>\n<button data-item=\"homepage_banner_link\" class=\"goto m-button m-gradient-border m-button--primary m-button--large banner-button btn-orange\">\n            <div class=\"m-button-content\">\n                <span>Registe-se agora<\/span>\n                <span><\/span>\n            <\/div>\n        <\/button>\n<\/div>\n<div class=\"WelcomePack\">\n<p><img loading=\"lazy\" decoding=\"async\" class=\"alignnone size-full wp-image-1589\" src=\"https:\/\/spin-ania.com\/wp-content\/uploads\/2026\/01\/welcome-crown.svg\" alt=\"welcome crown\" width=\"25\" height=\"26\" \/><\/p>\n<div class=\"WelcomePack-Info\">Cashback semanal at\u00e9 25%<\/div>\n<p><img loading=\"lazy\" decoding=\"async\" class=\"alignnone size-full wp-image-1589\" src=\"https:\/\/spin-ania.com\/wp-content\/uploads\/2026\/01\/welcome-crown.svg\" alt=\"welcome crown\" width=\"25\" height=\"26\" \/><\/p>\n<\/div>\n<\/div><div class=\"scrollable-content-wrap my-5\"><div class=\"scrollable-content-inner\"><h2>Procedimento de inscri\u00e7\u00e3o no SpinAnia<\/h2>\n<p>O registo no SpinAnia Casino oferece-lhe todas as funcionalidades mais importantes da plataforma. Sabemos que o processo de registo deve ser r\u00e1pido e simples, e \u00e9 por isso que cri\u00e1mos o login do SpinAnia e o registo de forma a que, assim que o jogador criar uma conta, possa come\u00e7ar a desfrutar de todas as funcionalidades do casino.<\/p>\n<p>O registo de uma conta d\u00e1 acesso a v\u00e1rias bibliotecas com mais de 6.000 t\u00edtulos que atualizamos constantemente. Todos os dias, adicionamos novos jogos de cartas e t\u00edtulos de casino ao vivo, Drops &amp; Wins, cole\u00e7\u00f5es de livros e slots. Pode participar nas nossas promo\u00e7\u00f5es exclusivas, nos torneios e no programa de fidelidade, al\u00e9m de poder levantar os seus ganhos de forma segura.<\/p>\n<p>Para se registrar no SpinAnia Casino, solicitamos informa\u00e7\u00f5es pessoais b\u00e1sicas, incluindo endere\u00e7o de e-mail e palavra-passe \u2014 nada mais!<\/p>\n<p>Mas tenha em mente que temos uma regra que permite que jogadores com 18 anos ou mais se registrem, de acordo com os requisitos legais e os padr\u00f5es de jogo respons\u00e1vel. Os utilizadores podem ent\u00e3o desfrutar de outros servi\u00e7os, como definir limites de jogo ou implementar o jogo respons\u00e1vel, quando se registam.<\/p>\n<h3>Altera\u00e7\u00e3o de dados pessoais<\/h3>\n<p>Os jogadores do SpinAnia Casino podem alterar os seus dados individuais a qualquer momento no painel da sua conta. Por exemplo, se necess\u00e1rio, pode atualizar os seus dados pessoais, informa\u00e7\u00f5es de contacto, forma de pagamento ou medidas de seguran\u00e7a. \u00c9 importante garantir que todos os dados pessoais estejam corretos, especialmente para fins de verifica\u00e7\u00e3o e processamento tranquilo das transa\u00e7\u00f5es.<\/p>\n<p>O nosso sistema oferece um alto n\u00edvel de seguran\u00e7a e privacidade dos dados. Medidas rigorosas protegem todos os dados dos utilizadores durante as atualiza\u00e7\u00f5es.<\/p>\n<h2>Passos de SpinAnia Login<\/h2>\n<p>O nosso SpinAnia Casino utiliza um m\u00e9todo eficiente e seguro para o login no SpinAnia. Funciona assim:<\/p>\n<ol>\n<li>Procure a caixa SpinAnia login que se encontra no canto superior direito desta p\u00e1gina inicial.<\/li>\n<li>Digite o endere\u00e7o de e-mail e a palavra-passe registados. Certifique-se de que n\u00e3o cometeu erros.<\/li>\n<li>Clique no bot\u00e3o marcado com a palavra \u00abLogin\u00bb para aceder \u00e0 conta.<\/li>\n<li>Se n\u00e3o funcionou ou se esqueceu das suas credenciais, basta clicar no bot\u00e3o \u00abEsqueceu-se da palavra-passe?\u00bb e seguir as instru\u00e7\u00f5es para recuper\u00e1-las.<\/li>\n<\/ol>\n<p>Ap\u00f3s o login no SpinAnia ser feito com sucesso, poder\u00e1 fazer muitas coisas dentro da sua conta! Poder\u00e1 realizar muitas atividades, como dep\u00f3sitos, pedidos de b\u00f3nus, funcionalidades de jogo respons\u00e1vel e o seu hist\u00f3rico de atividades. A navega\u00e7\u00e3o f\u00e1cil do site est\u00e1 no formato de um painel intuitivo que permite uma f\u00e1cil gest\u00e3o da conta e navega\u00e7\u00e3o. Tudo pode ser rastreado! Os seus dep\u00f3sitos e levantamentos, hist\u00f3rico de jogo e muito mais.<\/p>\n<p>E sim, Spin Ania tem uma op\u00e7\u00e3o para fornecer autentica\u00e7\u00e3o de dois fatores, que pode ser usada para aumentar o n\u00edvel de seguran\u00e7a. Experimente; \u00e9 altamente recomendado.<\/p>\n<h3>Casino SpinAnia Verifica\u00e7\u00e3o<\/h3>\n<p>O SpinAnia Casino requer um processo de verifica\u00e7\u00e3o para manter o n\u00edvel de seguran\u00e7a antes do processamento de levantamentos. A verifica\u00e7\u00e3o implica o envio de documentos oficiais que comprovem a sua identidade, idade e morada. Alguns dos documentos que solicitamos s\u00e3o um documento de identifica\u00e7\u00e3o emitido pelo governo, uma fatura de servi\u00e7os p\u00fablicos e um extrato banc\u00e1rio. Quais s\u00e3o os requisitos para os documentos?<\/p>\n<ul>\n<li>Devem ser verdadeiras e n\u00e3o alteradas;<\/li>\n<li>Se os jogadores se preocupam com a privacidade, podem ocultar algumas transa\u00e7\u00f5es nos seus extratos banc\u00e1rios e no seu saldo.<\/li>\n<\/ul>\n<p>O processo de verifica\u00e7\u00e3o Spin Ania geralmente \u00e9 conclu\u00eddo em 48 horas ap\u00f3s o envio dos documentos. A nossa equipa de apoio multil\u00edngue est\u00e1 a tratar do assunto com toda a aten\u00e7\u00e3o. Se algo demorar mais tempo ou se estivermos com alguma dificuldade, basta escrever-nos atrav\u00e9s do chat ao vivo ou dos servi\u00e7os de e-mail e verificar o estado da sua candidatura. Mas n\u00e3o se preocupe, toda esta verifica\u00e7\u00e3o \u00e9 feita porque queremos garantir que as regras legais s\u00e3o cumpridas e melhorar a seguran\u00e7a da conta, reduzindo assim as hip\u00f3teses de acesso n\u00e3o autorizado.<\/p>\n<h2>Acesso \u00e0 conta<\/h2>\n<p>O jogo n\u00e3o pode ser ininterrupto e fluido sem o acesso adequado \u00e0 sua conta do SpinAnia Casino. Caso um jogador esteja enfrentando um bloqueio tempor\u00e1rio na sua conta Spin Ania, isso pode ser devido a precau\u00e7\u00f5es de seguran\u00e7a, como, por exemplo, algumas tentativas incomuns de iniciar sess\u00e3o mais de uma vez ou realizar login no SpinAnia in\u00fameras vezes. Se for esse o caso, recomendamos que contacte a nossa equipa de apoio para resolver o problema o mais rapidamente poss\u00edvel.<\/p>\n<p>Mas, para evitar o acesso n\u00e3o autorizado, os utilizadores devem:<\/p>\n<ul>\n<li>Ative a autentica\u00e7\u00e3o de dois fatores.<\/li>\n<li>Use palavras-passe fortes e \u00fanicas.<\/li>\n<li>N\u00e3o partilhe os seus dados de login com outras pessoas.<\/li>\n<li>Audite periodicamente as atividades da conta relacionadas a transa\u00e7\u00f5es que n\u00e3o lhe sejam familiares. Informe-nos se perceber algo suspeito.<\/li>\n<\/ul>\n<p>Assim, com estas precau\u00e7\u00f5es simples, pode garantir que ter\u00e1 sempre acesso. As novas contas requerem verifica\u00e7\u00f5es adequadas antes de efetuar login no SpinAnia. Desta forma, a identidade do utilizador \u00e9 confirmada e nenhum dado pessoal \u00e9 exposto.<\/p>\n<h2>Perguntas frequentes<\/h2>\n<h3>O que devo fazer se a minha conta da Spin Ania tiver sido temporariamente bloqueada?<\/h3>\n<p>Um bloqueio tempor\u00e1rio ocorre devido a medidas de seguran\u00e7a ou verifica\u00e7\u00e3o. Escreva-nos rapidamente atrav\u00e9s do chat ao vivo ou do e-mail. Verificaremos a sua identidade e autenticaremos a sua conta o mais r\u00e1pido poss\u00edvel. E ent\u00e3o o seu bloqueio ser\u00e1 desativado!<\/p>\n<h3>Como posso proteger a minha conta da Spin Ania contra acessos n\u00e3o autorizados?<\/h3>\n<p>Ative a autentica\u00e7\u00e3o de dois fatores, use uma palavra-passe forte e n\u00e3o partilhe os detalhes de login do SpinAnia com ningu\u00e9m! Verifique regularmente a atividade da sua conta e atualize as suas configura\u00e7\u00f5es de seguran\u00e7a conforme necess\u00e1rio.<\/p>\n<h3>Por que preciso verificar a minha conta antes de iniciar sess\u00e3o?<\/h3>\n<p>A confirma\u00e7\u00e3o garante que \u00e9 quem afirma ser e que tem idade legal \u2014 caso contr\u00e1rio, qualquer pessoa poderia fazer o login no SpinAnia! \u00c9 tamb\u00e9m uma prote\u00e7\u00e3o para que a sua conta n\u00e3o seja acedida por algu\u00e9m que n\u00e3o tem permiss\u00e3o para o fazer. Al\u00e9m disso, facilita os levantamentos e a gest\u00e3o da conta do SpinAnia Casino.<\/p>\n<\/div><\/div><\/p>\n","protected":false},"excerpt":{"rendered":"<p>Inicie sess\u00e3o no SpinAnia e inscreva-se O procedimento de SpinAnia login \u00e9 uma forma simples de obter acesso a um amplo leque de funcionalidades de entretenimento do casino online. Os utilizadores podem jogar uma grande variedade de jogos, gerir os seus dados pessoais e participar facilmente em v\u00e1rias ofertas, fazendo login nas suas contas.<\/p>\n","protected":false},"author":1,"featured_media":0,"parent":0,"menu_order":0,"comment_status":"closed","ping_status":"closed","template":"template-builder.php","meta":{"_acf_changed":false,"inline_featured_image":false,"footnotes":""},"class_list":["post-1993","page","type-page","status-publish","hentry"],"acf":[],"yoast_head":"<!-- This site is optimized with the Yoast SEO plugin v24.4 - https:\/\/yoast.com\/wordpress\/plugins\/seo\/ -->\n<title>SpinAnia Login \u2013 Registo e Acesso \u00e0 Conta<\/title>\n<meta name=\"description\" content=\"SpinAnia Login \u2013 inicie sess\u00e3o com seguran\u00e7a ou crie a sua conta em segundos. Gerencie verifica\u00e7\u00e3o, recupera\u00e7\u00e3o de palavra-passe e configura\u00e7\u00f5es da conta facilmente a qualquer momento no Spin Ania\" \/>\n<meta name=\"robots\" content=\"index, follow, max-snippet:-1, max-image-preview:large, max-video-preview:-1\" \/>\n<link rel=\"canonical\" href=\"https:\/\/spin-ania.com\/pt-pt\/inicio-de-sessao-e-registo\/\" \/>\n<meta property=\"og:locale\" content=\"pt_PT\" \/>\n<meta property=\"og:type\" content=\"article\" \/>\n<meta property=\"og:title\" content=\"SpinAnia Login \u2013 Registo e Acesso \u00e0 Conta\" \/>\n<meta property=\"og:description\" content=\"SpinAnia Login \u2013 inicie sess\u00e3o com seguran\u00e7a ou crie a sua conta em segundos. Gerencie verifica\u00e7\u00e3o, recupera\u00e7\u00e3o de palavra-passe e configura\u00e7\u00f5es da conta facilmente a qualquer momento no Spin Ania\" \/>\n<meta property=\"og:url\" content=\"https:\/\/spin-ania.com\/pt-pt\/inicio-de-sessao-e-registo\/\" \/>\n<meta property=\"og:site_name\" content=\"spinania\" \/>\n<meta property=\"article:modified_time\" content=\"2026-01-14T13:34:28+00:00\" \/>\n<meta name=\"twitter:card\" content=\"summary_large_image\" \/>\n<meta name=\"twitter:label1\" content=\"Est. reading time\" \/>\n\t<meta name=\"twitter:data1\" content=\"1 minute\" \/>\n<script type=\"application\/ld+json\" class=\"yoast-schema-graph\">{\"@context\":\"https:\/\/schema.org\",\"@graph\":[{\"@type\":\"WebPage\",\"@id\":\"https:\/\/spin-ania.com\/pt-pt\/inicio-de-sessao-e-registo\/\",\"url\":\"https:\/\/spin-ania.com\/pt-pt\/inicio-de-sessao-e-registo\/\",\"name\":\"SpinAnia Login \u2013 Registo e Acesso \u00e0 Conta\",\"isPartOf\":{\"@id\":\"https:\/\/spin-ania.com\/pt-pt\/#website\"},\"datePublished\":\"2026-01-14T09:20:23+00:00\",\"dateModified\":\"2026-01-14T13:34:28+00:00\",\"description\":\"SpinAnia Login \u2013 inicie sess\u00e3o com seguran\u00e7a ou crie a sua conta em segundos. Gerencie verifica\u00e7\u00e3o, recupera\u00e7\u00e3o de palavra-passe e configura\u00e7\u00f5es da conta facilmente a qualquer momento no Spin Ania\",\"breadcrumb\":{\"@id\":\"https:\/\/spin-ania.com\/pt-pt\/inicio-de-sessao-e-registo\/#breadcrumb\"},\"inLanguage\":\"pt-PT\",\"potentialAction\":[{\"@type\":\"ReadAction\",\"target\":[\"https:\/\/spin-ania.com\/pt-pt\/inicio-de-sessao-e-registo\/\"]}]},{\"@type\":\"BreadcrumbList\",\"@id\":\"https:\/\/spin-ania.com\/pt-pt\/inicio-de-sessao-e-registo\/#breadcrumb\",\"itemListElement\":[{\"@type\":\"ListItem\",\"position\":1,\"name\":\"Spinania\",\"item\":\"https:\/\/spin-ania.com\/pt-pt\/\"},{\"@type\":\"ListItem\",\"position\":2,\"name\":\"In\u00edcio de sess\u00e3o e registo\"}]},{\"@type\":\"WebSite\",\"@id\":\"https:\/\/spin-ania.com\/pt-pt\/#website\",\"url\":\"https:\/\/spin-ania.com\/pt-pt\/\",\"name\":\"Spinania\",\"description\":\"\",\"publisher\":{\"@id\":\"https:\/\/spin-ania.com\/pt-pt\/#organization\"},\"potentialAction\":[{\"@type\":\"SearchAction\",\"target\":{\"@type\":\"EntryPoint\",\"urlTemplate\":\"https:\/\/spin-ania.com\/pt-pt\/?s={search_term_string}\"},\"query-input\":{\"@type\":\"PropertyValueSpecification\",\"valueRequired\":true,\"valueName\":\"search_term_string\"}}],\"inLanguage\":\"pt-PT\"},{\"@type\":\"Organization\",\"@id\":\"https:\/\/spin-ania.com\/pt-pt\/#organization\",\"name\":\"Spinania\",\"url\":\"https:\/\/spin-ania.com\/pt-pt\/\",\"logo\":{\"@type\":\"ImageObject\",\"inLanguage\":\"pt-PT\",\"@id\":\"https:\/\/spin-ania.com\/pt-pt\/#\/schema\/logo\/image\/\",\"url\":\"https:\/\/spin-ania.com\/wp-content\/uploads\/2025\/08\/KeIS1eTvcSVRrxjd4vQx.png\",\"contentUrl\":\"https:\/\/spin-ania.com\/wp-content\/uploads\/2025\/08\/KeIS1eTvcSVRrxjd4vQx.png\",\"width\":106,\"height\":31,\"caption\":\"Spinania\"},\"image\":{\"@id\":\"https:\/\/spin-ania.com\/pt-pt\/#\/schema\/logo\/image\/\"}}]}<\/script>\n<!-- \/ Yoast SEO plugin. -->","yoast_head_json":{"title":"SpinAnia Login \u2013 Registo e Acesso \u00e0 Conta","description":"SpinAnia Login \u2013 inicie sess\u00e3o com seguran\u00e7a ou crie a sua conta em segundos. Gerencie verifica\u00e7\u00e3o, recupera\u00e7\u00e3o de palavra-passe e configura\u00e7\u00f5es da conta facilmente a qualquer momento no Spin Ania","robots":{"index":"index","follow":"follow","max-snippet":"max-snippet:-1","max-image-preview":"max-image-preview:large","max-video-preview":"max-video-preview:-1"},"canonical":"https:\/\/spin-ania.com\/pt-pt\/inicio-de-sessao-e-registo\/","og_locale":"pt_PT","og_type":"article","og_title":"SpinAnia Login \u2013 Registo e Acesso \u00e0 Conta","og_description":"SpinAnia Login \u2013 inicie sess\u00e3o com seguran\u00e7a ou crie a sua conta em segundos. Gerencie verifica\u00e7\u00e3o, recupera\u00e7\u00e3o de palavra-passe e configura\u00e7\u00f5es da conta facilmente a qualquer momento no Spin Ania","og_url":"https:\/\/spin-ania.com\/pt-pt\/inicio-de-sessao-e-registo\/","og_site_name":"spinania","article_modified_time":"2026-01-14T13:34:28+00:00","twitter_card":"summary_large_image","twitter_misc":{"Est. reading time":"1 minute"},"schema":{"@context":"https:\/\/schema.org","@graph":[{"@type":"WebPage","@id":"https:\/\/spin-ania.com\/pt-pt\/inicio-de-sessao-e-registo\/","url":"https:\/\/spin-ania.com\/pt-pt\/inicio-de-sessao-e-registo\/","name":"SpinAnia Login \u2013 Registo e Acesso \u00e0 Conta","isPartOf":{"@id":"https:\/\/spin-ania.com\/pt-pt\/#website"},"datePublished":"2026-01-14T09:20:23+00:00","dateModified":"2026-01-14T13:34:28+00:00","description":"SpinAnia Login \u2013 inicie sess\u00e3o com seguran\u00e7a ou crie a sua conta em segundos. Gerencie verifica\u00e7\u00e3o, recupera\u00e7\u00e3o de palavra-passe e configura\u00e7\u00f5es da conta facilmente a qualquer momento no Spin Ania","breadcrumb":{"@id":"https:\/\/spin-ania.com\/pt-pt\/inicio-de-sessao-e-registo\/#breadcrumb"},"inLanguage":"pt-PT","potentialAction":[{"@type":"ReadAction","target":["https:\/\/spin-ania.com\/pt-pt\/inicio-de-sessao-e-registo\/"]}]},{"@type":"BreadcrumbList","@id":"https:\/\/spin-ania.com\/pt-pt\/inicio-de-sessao-e-registo\/#breadcrumb","itemListElement":[{"@type":"ListItem","position":1,"name":"Spinania","item":"https:\/\/spin-ania.com\/pt-pt\/"},{"@type":"ListItem","position":2,"name":"In\u00edcio de sess\u00e3o e registo"}]},{"@type":"WebSite","@id":"https:\/\/spin-ania.com\/pt-pt\/#website","url":"https:\/\/spin-ania.com\/pt-pt\/","name":"Spinania","description":"","publisher":{"@id":"https:\/\/spin-ania.com\/pt-pt\/#organization"},"potentialAction":[{"@type":"SearchAction","target":{"@type":"EntryPoint","urlTemplate":"https:\/\/spin-ania.com\/pt-pt\/?s={search_term_string}"},"query-input":{"@type":"PropertyValueSpecification","valueRequired":true,"valueName":"search_term_string"}}],"inLanguage":"pt-PT"},{"@type":"Organization","@id":"https:\/\/spin-ania.com\/pt-pt\/#organization","name":"Spinania","url":"https:\/\/spin-ania.com\/pt-pt\/","logo":{"@type":"ImageObject","inLanguage":"pt-PT","@id":"https:\/\/spin-ania.com\/pt-pt\/#\/schema\/logo\/image\/","url":"https:\/\/spin-ania.com\/wp-content\/uploads\/2025\/08\/KeIS1eTvcSVRrxjd4vQx.png","contentUrl":"https:\/\/spin-ania.com\/wp-content\/uploads\/2025\/08\/KeIS1eTvcSVRrxjd4vQx.png","width":106,"height":31,"caption":"Spinania"},"image":{"@id":"https:\/\/spin-ania.com\/pt-pt\/#\/schema\/logo\/image\/"}}]}},"_links":{"self":[{"href":"https:\/\/spin-ania.com\/pt-pt\/wp-json\/wp\/v2\/pages\/1993"}],"collection":[{"href":"https:\/\/spin-ania.com\/pt-pt\/wp-json\/wp\/v2\/pages"}],"about":[{"href":"https:\/\/spin-ania.com\/pt-pt\/wp-json\/wp\/v2\/types\/page"}],"author":[{"embeddable":true,"href":"https:\/\/spin-ania.com\/pt-pt\/wp-json\/wp\/v2\/users\/1"}],"replies":[{"embeddable":true,"href":"https:\/\/spin-ania.com\/pt-pt\/wp-json\/wp\/v2\/comments?post=1993"}],"version-history":[{"count":2,"href":"https:\/\/spin-ania.com\/pt-pt\/wp-json\/wp\/v2\/pages\/1993\/revisions"}],"predecessor-version":[{"id":2089,"href":"https:\/\/spin-ania.com\/pt-pt\/wp-json\/wp\/v2\/pages\/1993\/revisions\/2089"}],"wp:attachment":[{"href":"https:\/\/spin-ania.com\/pt-pt\/wp-json\/wp\/v2\/media?parent=1993"}],"curies":[{"name":"wp","href":"https:\/\/api.w.org\/{rel}","templated":true}]}}